{"id":168,"date":"2022-03-10T08:04:25","date_gmt":"2022-03-10T07:04:25","guid":{"rendered":"https:\/\/wp.unil.ch\/preauxentousgenres\/?page_id=168"},"modified":"2023-02-13T09:32:56","modified_gmt":"2023-02-13T08:32:56","slug":"les-recherches","status":"publish","type":"page","link":"https:\/\/wp.unil.ch\/preauxentousgenres\/les-recherches\/","title":{"rendered":"Les recherches : Pr\u00e9aux en tous genres"},"content":{"rendered":"\n<p>Durant une ann\u00e9e, l&rsquo;\u00e9quipe de recherche s&rsquo;est affair\u00e9e \u00e0 documenter et analyses diverses relations de (au) genre dans les pr\u00e9aux lausannois. <\/p>\n\n\n\n<p>Ci-dessous, vous trouverez progressivement la page de chacun\u00b7e des chercheur\u00b7euse avec sa th\u00e9matique, ses questions de recherche et diff\u00e9rents articles qui en parlent. <\/p>\n\n\n\n<div class=\"wp-block-columns is-layout-flex wp-container-core-columns-is-layout-9d6595d7 wp-block-columns-is-layout-flex\">\n<div class=\"wp-block-column is-layout-flow wp-block-column-is-layout-flow\" style=\"flex-basis:66.66%\">\n<figure class=\"wp-block-image size-large\"><a href=\"https:\/\/wp.unil.ch\/preauxentousgenres\/observations-et-considerations-generales\/\"><img alt=\"\" loading=\"lazy\" decoding=\"async\" width=\"1024\" height=\"290\" src=\"https:\/\/wp.unil.ch\/preauxentousgenres\/files\/2023\/02\/Capture-decran-2023-02-10-a-14.41.17-1-1024x290.png\" alt=\"\" class=\"wp-image-665\" srcset=\"https:\/\/wp.unil.ch\/preauxentousgenres\/files\/2023\/02\/Capture-decran-2023-02-10-a-14.41.17-1-1024x290.png 1024w, https:\/\/wp.unil.ch\/preauxentousgenres\/files\/2023\/02\/Capture-decran-2023-02-10-a-14.41.17-1-300x85.png 300w, https:\/\/wp.unil.ch\/preauxentousgenres\/files\/2023\/02\/Capture-decran-2023-02-10-a-14.41.17-1-768x217.png 768w, https:\/\/wp.unil.ch\/preauxentousgenres\/files\/2023\/02\/Capture-decran-2023-02-10-a-14.41.17-1-540x153.png 540w, https:\/\/wp.unil.ch\/preauxentousgenres\/files\/2023\/02\/Capture-decran-2023-02-10-a-14.41.17-1-1080x305.png 1080w, https:\/\/wp.unil.ch\/preauxentousgenres\/files\/2023\/02\/Capture-decran-2023-02-10-a-14.41.17-1.png 1510w\" sizes=\"auto, (max-width: 1024px) 100vw, 1024px\" \/><\/a><\/figure>\n<\/div>\n\n\n\n<div class=\"wp-block-column is-layout-flow wp-block-column-is-layout-flow\" style=\"flex-basis:33.33%\">\n<div class=\"wp-block-buttons is-content-justification-center is-layout-flex wp-container-core-buttons-is-layout-16018d1d wp-block-buttons-is-layout-flex\">\n<div class=\"wp-block-button\"><a class=\"wp-block-button__link has-headings-background-color has-background wp-element-button\" href=\"https:\/\/wp.unil.ch\/preauxentousgenres\/observations-et-considerations-generales\/\">Aller sur la page de la recherche<\/a><\/div>\n<\/div>\n<\/div>\n<\/div>\n\n\n\n<div class=\"wp-block-columns is-layout-flex wp-container-core-columns-is-layout-9d6595d7 wp-block-columns-is-layout-flex\">\n<div class=\"wp-block-column is-layout-flow wp-block-column-is-layout-flow\" style=\"flex-basis:66.66%\">\n<figure class=\"wp-block-image size-large\"><a href=\"https:\/\/wp.unil.ch\/preauxentousgenres\/le-jeu-a-lepreuve-du-genre-vraiment-enfantin-etude-des-moments-de-recreation-denfants-de-5-a-6-ans\/\"><img alt=\"\" loading=\"lazy\" decoding=\"async\" width=\"1024\" height=\"277\" src=\"https:\/\/wp.unil.ch\/preauxentousgenres\/files\/2023\/02\/Capture-decran-2023-02-10-a-14.41.09-1-1024x277.png\" alt=\"\" class=\"wp-image-664\" srcset=\"https:\/\/wp.unil.ch\/preauxentousgenres\/files\/2023\/02\/Capture-decran-2023-02-10-a-14.41.09-1-1024x277.png 1024w, https:\/\/wp.unil.ch\/preauxentousgenres\/files\/2023\/02\/Capture-decran-2023-02-10-a-14.41.09-1-300x81.png 300w, https:\/\/wp.unil.ch\/preauxentousgenres\/files\/2023\/02\/Capture-decran-2023-02-10-a-14.41.09-1-768x208.png 768w, https:\/\/wp.unil.ch\/preauxentousgenres\/files\/2023\/02\/Capture-decran-2023-02-10-a-14.41.09-1-540x146.png 540w, https:\/\/wp.unil.ch\/preauxentousgenres\/files\/2023\/02\/Capture-decran-2023-02-10-a-14.41.09-1-1080x292.png 1080w, https:\/\/wp.unil.ch\/preauxentousgenres\/files\/2023\/02\/Capture-decran-2023-02-10-a-14.41.09-1.png 1508w\" sizes=\"auto, (max-width: 1024px) 100vw, 1024px\" \/><\/a><\/figure>\n<\/div>\n\n\n\n<div class=\"wp-block-column is-layout-flow wp-block-column-is-layout-flow\" style=\"flex-basis:33.33%\">\n<div class=\"wp-block-buttons is-content-justification-center is-layout-flex wp-container-core-buttons-is-layout-16018d1d wp-block-buttons-is-layout-flex\">\n<div class=\"wp-block-button aligncenter\"><a class=\"wp-block-button__link has-headings-background-color has-background wp-element-button\" href=\"https:\/\/wp.unil.ch\/preauxentousgenres\/le-jeu-a-lepreuve-du-genre-vraiment-enfantin-etude-des-moments-de-recreation-denfants-de-5-a-6-ans\/\">Aller sur la page de la recherche<\/a><\/div>\n<\/div>\n<\/div>\n<\/div>\n\n\n\n<div class=\"wp-block-columns is-layout-flex wp-container-core-columns-is-layout-9d6595d7 wp-block-columns-is-layout-flex\">\n<div class=\"wp-block-column is-layout-flow wp-block-column-is-layout-flow\" style=\"flex-basis:66.66%\">\n<figure class=\"wp-block-image size-large\"><a href=\"https:\/\/wp.unil.ch\/preauxentousgenres\/le-genre-des-relations-dans-la-cour-decole-entre-evitement-amitie-et-histoire-damour\/\"><img alt=\"\" loading=\"lazy\" decoding=\"async\" width=\"1024\" height=\"284\" src=\"https:\/\/wp.unil.ch\/preauxentousgenres\/files\/2023\/02\/Capture-decran-2023-02-10-a-14.40.56-1-1024x284.png\" alt=\"\" class=\"wp-image-661\" srcset=\"https:\/\/wp.unil.ch\/preauxentousgenres\/files\/2023\/02\/Capture-decran-2023-02-10-a-14.40.56-1-1024x284.png 1024w, https:\/\/wp.unil.ch\/preauxentousgenres\/files\/2023\/02\/Capture-decran-2023-02-10-a-14.40.56-1-300x83.png 300w, https:\/\/wp.unil.ch\/preauxentousgenres\/files\/2023\/02\/Capture-decran-2023-02-10-a-14.40.56-1-768x213.png 768w, https:\/\/wp.unil.ch\/preauxentousgenres\/files\/2023\/02\/Capture-decran-2023-02-10-a-14.40.56-1-540x150.png 540w, https:\/\/wp.unil.ch\/preauxentousgenres\/files\/2023\/02\/Capture-decran-2023-02-10-a-14.40.56-1-1080x300.png 1080w, https:\/\/wp.unil.ch\/preauxentousgenres\/files\/2023\/02\/Capture-decran-2023-02-10-a-14.40.56-1.png 1536w\" sizes=\"auto, (max-width: 1024px) 100vw, 1024px\" \/><\/a><\/figure>\n<\/div>\n\n\n\n<div class=\"wp-block-column is-layout-flow wp-block-column-is-layout-flow\" style=\"flex-basis:33.33%\">\n<div class=\"wp-block-buttons alignwide is-content-justification-center is-layout-flex wp-container-core-buttons-is-layout-16018d1d wp-block-buttons-is-layout-flex\">\n<div class=\"wp-block-button\"><a class=\"wp-block-button__link has-headings-background-color has-background wp-element-button\" href=\"https:\/\/wp.unil.ch\/preauxentousgenres\/le-genre-des-relations-dans-la-cour-decole-entre-evitement-amitie-et-histoire-damour\/\">Aller sur la page de la recherche<\/a><\/div>\n<\/div>\n<\/div>\n<\/div>\n\n\n\n<div class=\"wp-block-columns is-layout-flex wp-container-core-columns-is-layout-9d6595d7 wp-block-columns-is-layout-flex\">\n<div class=\"wp-block-column is-layout-flow wp-block-column-is-layout-flow\" style=\"flex-basis:66.66%\">\n<figure class=\"wp-block-image size-large\"><a href=\"https:\/\/wp.unil.ch\/preauxentousgenres\/une-approche-feministe-de-la-planification-des-preaux-comment-recreer-les-lieux-qui-nous-creent\/\"><img alt=\"\" loading=\"lazy\" decoding=\"async\" width=\"1024\" height=\"292\" src=\"https:\/\/wp.unil.ch\/preauxentousgenres\/files\/2023\/02\/Capture-decran-2023-02-10-a-14.40.48-1-1024x292.png\" alt=\"\" class=\"wp-image-662\" srcset=\"https:\/\/wp.unil.ch\/preauxentousgenres\/files\/2023\/02\/Capture-decran-2023-02-10-a-14.40.48-1-1024x292.png 1024w, https:\/\/wp.unil.ch\/preauxentousgenres\/files\/2023\/02\/Capture-decran-2023-02-10-a-14.40.48-1-300x86.png 300w, https:\/\/wp.unil.ch\/preauxentousgenres\/files\/2023\/02\/Capture-decran-2023-02-10-a-14.40.48-1-768x219.png 768w, https:\/\/wp.unil.ch\/preauxentousgenres\/files\/2023\/02\/Capture-decran-2023-02-10-a-14.40.48-1-540x154.png 540w, https:\/\/wp.unil.ch\/preauxentousgenres\/files\/2023\/02\/Capture-decran-2023-02-10-a-14.40.48-1-1080x308.png 1080w, https:\/\/wp.unil.ch\/preauxentousgenres\/files\/2023\/02\/Capture-decran-2023-02-10-a-14.40.48-1.png 1519w\" sizes=\"auto, (max-width: 1024px) 100vw, 1024px\" \/><\/a><\/figure>\n<\/div>\n\n\n\n<div class=\"wp-block-column is-layout-flow wp-block-column-is-layout-flow\" style=\"flex-basis:33.33%\">\n<div class=\"wp-block-buttons alignwide is-content-justification-center is-layout-flex wp-container-core-buttons-is-layout-16018d1d wp-block-buttons-is-layout-flex\">\n<div class=\"wp-block-button\"><a class=\"wp-block-button__link has-headings-background-color has-background wp-element-button\" href=\"https:\/\/wp.unil.ch\/preauxentousgenres\/une-approche-feministe-de-la-planification-des-preaux-comment-recreer-les-lieux-qui-nous-creent\/\">Aller sur la page de la recherche<\/a><\/div>\n<\/div>\n<\/div>\n<\/div>\n\n\n\n<div class=\"wp-block-columns is-layout-flex wp-container-core-columns-is-layout-9d6595d7 wp-block-columns-is-layout-flex\">\n<div class=\"wp-block-column is-layout-flow wp-block-column-is-layout-flow\" style=\"flex-basis:66.66%\">\n<figure class=\"wp-block-image size-large\"><a href=\"https:\/\/wp.unil.ch\/preauxentousgenres\/le-metier-de-concierge-scolaire-entretenir-les-preaux-une-tache-parmi-de-tres-nombreuses-autres\/\"><img alt=\"\" loading=\"lazy\" decoding=\"async\" width=\"1024\" height=\"291\" src=\"https:\/\/wp.unil.ch\/preauxentousgenres\/files\/2023\/02\/Capture-decran-2023-02-10-a-14.40.19-1-1024x291.png\" alt=\"\" class=\"wp-image-663\" srcset=\"https:\/\/wp.unil.ch\/preauxentousgenres\/files\/2023\/02\/Capture-decran-2023-02-10-a-14.40.19-1-1024x291.png 1024w, https:\/\/wp.unil.ch\/preauxentousgenres\/files\/2023\/02\/Capture-decran-2023-02-10-a-14.40.19-1-300x85.png 300w, https:\/\/wp.unil.ch\/preauxentousgenres\/files\/2023\/02\/Capture-decran-2023-02-10-a-14.40.19-1-768x218.png 768w, https:\/\/wp.unil.ch\/preauxentousgenres\/files\/2023\/02\/Capture-decran-2023-02-10-a-14.40.19-1-540x153.png 540w, https:\/\/wp.unil.ch\/preauxentousgenres\/files\/2023\/02\/Capture-decran-2023-02-10-a-14.40.19-1-1080x306.png 1080w, https:\/\/wp.unil.ch\/preauxentousgenres\/files\/2023\/02\/Capture-decran-2023-02-10-a-14.40.19-1.png 1519w\" sizes=\"auto, (max-width: 1024px) 100vw, 1024px\" \/><\/a><\/figure>\n<\/div>\n\n\n\n<div class=\"wp-block-column is-layout-flow wp-block-column-is-layout-flow\" style=\"flex-basis:33.33%\">\n<div class=\"wp-block-buttons alignwide is-content-justification-center is-layout-flex wp-container-core-buttons-is-layout-16018d1d wp-block-buttons-is-layout-flex\">\n<div class=\"wp-block-button\"><a class=\"wp-block-button__link has-headings-background-color has-background wp-element-button\" href=\"https:\/\/wp.unil.ch\/preauxentousgenres\/le-metier-de-concierge-scolaire-entretenir-les-preaux-une-tache-parmi-de-tres-nombreuses-autres\/\">Aller sur la page de la recherche<\/a><\/div>\n<\/div>\n<\/div>\n<\/div>\n\n\n\n<div class=\"wp-block-buttons is-layout-flex wp-block-buttons-is-layout-flex\"><\/div>\n\n\n\n<p><\/p>\n\n\n\n<p><\/p>\n","protected":false},"excerpt":{"rendered":"<p>Durant une ann\u00e9e, l&rsquo;\u00e9quipe de recherche s&rsquo;est affair\u00e9e \u00e0 documenter et analyses diverses relations de (au) genre dans les pr\u00e9aux lausannois. Ci-dessous, vous trouverez progressivement la page de&hellip;<\/p>\n","protected":false},"author":1002255,"featured_media":433,"parent":0,"menu_order":0,"comment_status":"closed","ping_status":"closed","template":"template-full-width-cover.php","meta":{"_seopress_robots_primary_cat":"","_seopress_titles_title":"","_seopress_titles_desc":"","_seopress_robots_index":"","footnotes":""},"class_list":["post-168","page","type-page","status-publish","has-post-thumbnail"],"_links":{"self":[{"href":"https:\/\/wp.unil.ch\/preauxentousgenres\/wp-json\/wp\/v2\/pages\/168","targetHints":{"allow":["GET"]}}],"collection":[{"href":"https:\/\/wp.unil.ch\/preauxentousgenres\/wp-json\/wp\/v2\/pages"}],"about":[{"href":"https:\/\/wp.unil.ch\/preauxentousgenres\/wp-json\/wp\/v2\/types\/page"}],"author":[{"embeddable":true,"href":"https:\/\/wp.unil.ch\/preauxentousgenres\/wp-json\/wp\/v2\/users\/1002255"}],"replies":[{"embeddable":true,"href":"https:\/\/wp.unil.ch\/preauxentousgenres\/wp-json\/wp\/v2\/comments?post=168"}],"version-history":[{"count":0,"href":"https:\/\/wp.unil.ch\/preauxentousgenres\/wp-json\/wp\/v2\/pages\/168\/revisions"}],"wp:featuredmedia":[{"embeddable":true,"href":"https:\/\/wp.unil.ch\/preauxentousgenres\/wp-json\/wp\/v2\/media\/433"}],"wp:attachment":[{"href":"https:\/\/wp.unil.ch\/preauxentousgenres\/wp-json\/wp\/v2\/media?parent=168"}],"curies":[{"name":"wp","href":"https:\/\/api.w.org\/{rel}","templated":true}]}}