{"id":6,"date":"2017-10-11T10:32:19","date_gmt":"2017-10-11T08:32:19","guid":{"rendered":"http:\/\/wp.unil.ch\/ppch\/?page_id=6"},"modified":"2020-11-10T14:58:03","modified_gmt":"2020-11-10T13:58:03","slug":"home","status":"publish","type":"page","link":"https:\/\/wp.unil.ch\/ppch\/","title":{"rendered":"Permanent.Plot.ch"},"content":{"rendered":"\n<div class=\"wp-block-columns is-layout-flex wp-container-core-columns-is-layout-9d6595d7 wp-block-columns-is-layout-flex\">\n<div class=\"wp-block-column is-layout-flow wp-block-column-is-layout-flow\" style=\"flex-basis:66.66%\">\n<h3 class=\"wp-block-heading\">Permanent.Plot.ch<\/h3>\n\n\n\n<h4 class=\"wp-block-heading\">A data bank for Swiss permanent vegetation plots<\/h4>\n\n\n\n<p>Conservation of historical and recent data about permanent plots and monitoring of the vegetation in Switzerland.These data are available to the scientific community for research projects. But supplementary existing data are welcome as well to complete the data bank.<\/p>\n\n\n\n<p>These data are available to the scientific community for research projects. But supplementary existing data are welcome as well to complete the data bank.<\/p>\n<\/div>\n\n\n\n<div class=\"wp-block-column is-layout-flow wp-block-column-is-layout-flow\" style=\"flex-basis:33.33%\">\n<div style=\"height:40px\" aria-hidden=\"true\" class=\"wp-block-spacer\"><\/div>\n\n\n\n<div class=\"wp-block-button aligncenter is-style-fill\"><a class=\"wp-block-button__link has-background\" href=\"https:\/\/wp.unil.ch\/ppch\/files\/2020\/02\/PermanentPlotCH-FR.pdf\" style=\"border-radius:3px;background-color:#00a650\" target=\"_blank\" rel=\"noreferrer noopener\">T\u00e9l\u00e9charger le r\u00e9sum\u00e9 en fran\u00e7ais<\/a><\/div>\n\n\n\n<div class=\"wp-block-button aligncenter is-style-fill\"><a class=\"wp-block-button__link has-background\" href=\"https:\/\/wp.unil.ch\/ppch\/files\/2020\/02\/PermanentPlotCH-DE.pdf\" style=\"border-radius:3px;background-color:#00a650\" target=\"_blank\" rel=\"noreferrer noopener\">Zusammenfassung Herunterladen<\/a><\/div>\n<\/div>\n<\/div>\n\n\n\n<hr class=\"wp-block-separator\" \/>\n\n\n\n<div class=\"wp-block-columns alignwide is-layout-flex wp-container-core-columns-is-layout-9d6595d7 wp-block-columns-is-layout-flex\">\n<div class=\"wp-block-column is-layout-flow wp-block-column-is-layout-flow\">\n<figure class=\"wp-block-image size-large\"><a href=\"https:\/\/wp.unil.ch\/ppch\/the-project\/\"><img alt=\"\" loading=\"lazy\" decoding=\"async\" width=\"360\" height=\"200\" src=\"https:\/\/wp.unil.ch\/ppch\/files\/2019\/12\/card-design-projet.jpg\" alt=\"\" class=\"wp-image-189\" srcset=\"https:\/\/wp.unil.ch\/ppch\/files\/2019\/12\/card-design-projet.jpg 360w, https:\/\/wp.unil.ch\/ppch\/files\/2019\/12\/card-design-projet-300x167.jpg 300w\" sizes=\"auto, (max-width: 360px) 100vw, 360px\" \/><\/a><figcaption>Presentation of the project<\/figcaption><\/figure>\n<\/div>\n\n\n\n<div class=\"wp-block-column is-layout-flow wp-block-column-is-layout-flow\">\n<figure class=\"wp-block-image size-large\"><a href=\"https:\/\/wp.unil.ch\/ppch\/permanent-plots\/\"><img alt=\"\" loading=\"lazy\" decoding=\"async\" width=\"360\" height=\"200\" src=\"https:\/\/wp.unil.ch\/ppch\/files\/2020\/02\/card-design-pp.jpg\" alt=\"\" class=\"wp-image-244\" srcset=\"https:\/\/wp.unil.ch\/ppch\/files\/2020\/02\/card-design-pp.jpg 360w, https:\/\/wp.unil.ch\/ppch\/files\/2020\/02\/card-design-pp-300x167.jpg 300w\" sizes=\"auto, (max-width: 360px) 100vw, 360px\" \/><\/a><figcaption>What is a permanent plot ?<\/figcaption><\/figure>\n<\/div>\n\n\n\n<div class=\"wp-block-column is-layout-flow wp-block-column-is-layout-flow\">\n<figure class=\"wp-block-image size-large\"><a href=\"https:\/\/wp.unil.ch\/ppch\/data-bank\/\"><img alt=\"\" loading=\"lazy\" decoding=\"async\" width=\"360\" height=\"200\" src=\"https:\/\/wp.unil.ch\/ppch\/files\/2020\/02\/card-design-data.jpg\" alt=\"\" class=\"wp-image-248\" srcset=\"https:\/\/wp.unil.ch\/ppch\/files\/2020\/02\/card-design-data.jpg 360w, https:\/\/wp.unil.ch\/ppch\/files\/2020\/02\/card-design-data-300x167.jpg 300w\" sizes=\"auto, (max-width: 360px) 100vw, 360px\" \/><\/a><figcaption>A data bank for permanent plots<\/figcaption><\/figure>\n<\/div>\n\n\n\n<div class=\"wp-block-column is-layout-flow wp-block-column-is-layout-flow\">\n<figure class=\"wp-block-image size-large\"><a href=\"https:\/\/wp.unil.ch\/ppch\/data-forwarding\/\"><img alt=\"\" loading=\"lazy\" decoding=\"async\" width=\"360\" height=\"200\" src=\"https:\/\/wp.unil.ch\/ppch\/files\/2020\/02\/card-design-sharing.jpg\" alt=\"\" class=\"wp-image-246\" srcset=\"https:\/\/wp.unil.ch\/ppch\/files\/2020\/02\/card-design-sharing.jpg 360w, https:\/\/wp.unil.ch\/ppch\/files\/2020\/02\/card-design-sharing-300x167.jpg 300w\" sizes=\"auto, (max-width: 360px) 100vw, 360px\" \/><\/a><figcaption>Data sharing<\/figcaption><\/figure>\n<\/div>\n<\/div>\n","protected":false},"excerpt":{"rendered":"<p>Permanent.Plot.ch A data bank for Swiss permanent vegetation plots Conservation of historical and recent data about permanent plots and monitoring of the vegetation in Switzerland.These data are available&hellip;<\/p>\n","protected":false},"author":108,"featured_media":165,"parent":0,"menu_order":3,"comment_status":"closed","ping_status":"closed","template":"template-full-width-cover.php","meta":{"_seopress_robots_primary_cat":"","_seopress_titles_title":"","_seopress_titles_desc":"","_seopress_robots_index":"","footnotes":""},"class_list":["post-6","page","type-page","status-publish","has-post-thumbnail"],"_links":{"self":[{"href":"https:\/\/wp.unil.ch\/ppch\/wp-json\/wp\/v2\/pages\/6","targetHints":{"allow":["GET"]}}],"collection":[{"href":"https:\/\/wp.unil.ch\/ppch\/wp-json\/wp\/v2\/pages"}],"about":[{"href":"https:\/\/wp.unil.ch\/ppch\/wp-json\/wp\/v2\/types\/page"}],"author":[{"embeddable":true,"href":"https:\/\/wp.unil.ch\/ppch\/wp-json\/wp\/v2\/users\/108"}],"replies":[{"embeddable":true,"href":"https:\/\/wp.unil.ch\/ppch\/wp-json\/wp\/v2\/comments?post=6"}],"version-history":[{"count":0,"href":"https:\/\/wp.unil.ch\/ppch\/wp-json\/wp\/v2\/pages\/6\/revisions"}],"wp:featuredmedia":[{"embeddable":true,"href":"https:\/\/wp.unil.ch\/ppch\/wp-json\/wp\/v2\/media\/165"}],"wp:attachment":[{"href":"https:\/\/wp.unil.ch\/ppch\/wp-json\/wp\/v2\/media?parent=6"}],"curies":[{"name":"wp","href":"https:\/\/api.w.org\/{rel}","templated":true}]}}