{"id":240,"date":"2020-02-10T10:59:42","date_gmt":"2020-02-10T09:59:42","guid":{"rendered":"http:\/\/wp.unil.ch\/ppch\/?page_id=240"},"modified":"2020-11-10T15:29:00","modified_gmt":"2020-11-10T14:29:00","slug":"dr-pascal-vittoz","status":"publish","type":"page","link":"https:\/\/wp.unil.ch\/ppch\/the-project\/dr-pascal-vittoz\/","title":{"rendered":"Dr Pascal Vittoz"},"content":{"rendered":"\n<h4 class=\"wp-block-heading\">Curriculum vitae<\/h4>\n\n\n\n<div class=\"wp-block-columns is-layout-flex wp-container-core-columns-is-layout-9d6595d7 wp-block-columns-is-layout-flex\">\n<div class=\"wp-block-column is-layout-flow wp-block-column-is-layout-flow\">\n<figure class=\"wp-block-image size-large\"><img alt=\"\" loading=\"lazy\" decoding=\"async\" width=\"200\" height=\"246\" src=\"https:\/\/wp.unil.ch\/ppch\/files\/2020\/02\/vittoz.jpg\" alt=\"\" class=\"wp-image-289\" \/><figcaption>Pascal Vittoz<\/figcaption><\/figure>\n<\/div>\n\n\n\n<div class=\"wp-block-column is-layout-flow wp-block-column-is-layout-flow\">\n<p class=\"has-text-color has-background has-secondary-color has-light-background-background-color\">Dr Pascal Vittoz<br><a href=\"https:\/\/www.unil.ch\/idyst\">Institut des dynamiques de la surface terrestre<\/a><br>Universit\u00e9 de Lausanne<br>B\u00e2timent G\u00e9opolis<br>CH &#8211; 1015 Lausanne<br>Tel : + 41 (0)21 692 43 67<br>E-mail : <a href=\"mailto:pascal.vittoz@unil.ch\">pascal.vittoz@unil.ch<\/a><br>ORCID ID : <a href=\"https:\/\/orcid.org\/0000-0003-4218-4517\">orcid.org\/0000-0003-4218-4517<\/a><\/p>\n<\/div>\n<\/div>\n\n\n\n<p><a href=\"https:\/\/wp.unil.ch\/biogeoresearch\/phytosociology\/\" target=\"_blank\" rel=\"noreferrer noopener\">Personal page<\/a>&nbsp;and&nbsp;<a rel=\"noreferrer noopener\" href=\"https:\/\/applicationspub.unil.ch\/interpub\/noauth\/php\/Un\/UnPers.php?PerNum=871021&amp;LanCode=37&amp;menu=pub\" target=\"_blank\">publications<\/a><\/p>\n\n\n\n<p>Coordinator of the&nbsp;PERMANENT.PLOT.CH project<\/p>\n\n\n\n<p>Married, one child<\/p>\n\n\n\n<hr class=\"wp-block-separator\" \/>\n\n\n\n<h5 class=\"wp-block-heading\">2015-<\/h5>\n\n\n\n<p>Senior lecturer (Ma\u00eetre d&rsquo;enseignement et de recherche), in Faculty of geosciences and environment, University of Lausanne<\/p>\n\n\n\n<h5 class=\"wp-block-heading\">2009-2014<\/h5>\n\n\n\n<p>Senior lecturer (Ma\u00eetre d&rsquo;enseignement et de recherche), in Faculty of biology and medicine, University of Lausanne<\/p>\n\n\n\n<h5 class=\"wp-block-heading\">2000-2009<\/h5>\n\n\n\n<p>Different, successive employments (junior lecturer, lecturer) in Faculty of geosciences and environment and Faculty of biology and medicine, University of Lausanne<\/p>\n\n\n\n<h5 class=\"wp-block-heading\">1999-2000<\/h5>\n\n\n\n<p>Post-doctorate in dendrochronology and forest dynamics, Lincoln University (New Zealand)<\/p>\n\n\n\n<h5 class=\"wp-block-heading\">1992-1998<\/h5>\n\n\n\n<p>PhD in botany and vegetation ecology, University of Lausanne; teaching assistant in botany and vegetation ecology<\/p>\n\n\n\n<h5 class=\"wp-block-heading\">1991-1992<\/h5>\n\n\n\n<p>Studies on models in ecology in University of Osnabr\u00fcck (Germany)<\/p>\n\n\n\n<h5 class=\"wp-block-heading\">1987-1991<\/h5>\n\n\n\n<p>Studies in biology (University of Lausanne), with specialisation in botany and plant physiology<\/p>\n\n\n\n<h4 class=\"wp-block-heading\">Teaching<\/h4>\n\n\n\n<div class=\"wp-block-columns is-layout-flex wp-container-core-columns-is-layout-9d6595d7 wp-block-columns-is-layout-flex\">\n<div class=\"wp-block-column is-layout-flow wp-block-column-is-layout-flow\">\n<p><strong>Ecologie v\u00e9g\u00e9tale :<\/strong> lectures in Bachelor G\u00e9osciences et environnement (3rd semester) ; introduction to vegetation ecology and the main plant communities in Switzerland.<\/p>\n\n\n\n<p><strong>Floristique th\u00e9orique : <\/strong>lectures and practicals in Bachelor Biologie (6th semester) ; introduction to plant taxonomy.<\/p>\n\n\n\n<p><strong>Analyse des habitats : <\/strong>lectures in Bachelor Biologie (6th semester) ; methods for studying plant communities and vegetation, main problems in biodiversity conservation.<\/p>\n\n\n\n<p><strong>Relations sols-v\u00e9g\u00e9tation : <\/strong>excursions in&nbsp;<a href=\"https:\/\/unil.ch\/biogeosciences\/home.html\">Master in Biogeoscie<\/a><a href=\"https:\/\/unil.ch\/biogeosciences\/home.html\" target=\"_blank\" rel=\"noreferrer noopener\">nces<\/a>&nbsp;(8th semester) ; description of vegetation and soils, relationships between these two components of the ecosystems (in collaboration with&nbsp;<a href=\"https:\/\/www.unine.ch\/lef\/en\/home\/Collaborators\/Le-Bayon_Claire.html\" target=\"_blank\" rel=\"noreferrer noopener\">Claire Le Bayon<\/a>).<\/p>\n\n\n\n<p><strong>Analyse du paysage naturel &#8211; cartographie :<\/strong> excursion in&nbsp;<a href=\"https:\/\/unil.ch\/biogeosciences\/home.html\" target=\"_blank\" rel=\"noreferrer noopener\">Master in Biogeosciences<\/a>&nbsp;(8th semester) ; maps of vegetation, soil et geology of the same area (in collaboration with&nbsp;<a href=\"https:\/\/applicationspub.unil.ch\/interpub\/noauth\/php\/Un\/UnPers.php?PerNum=1054665\" target=\"_blank\" rel=\"noreferrer noopener\">Eric Verrecchia&nbsp;<\/a>and&nbsp;<a href=\"https:\/\/applicationspub.unil.ch\/interpub\/noauth\/php\/Un\/UnPers.php?PerNum=1175035&amp;LanCode=37&amp;menu=coord\" target=\"_blank\" rel=\"noreferrer noopener\">St\u00e9phanie Grand<\/a>).<br>&nbsp;<\/p>\n<\/div>\n\n\n\n<div class=\"wp-block-column is-layout-flow wp-block-column-is-layout-flow\">\n<p><strong>Biologie :<\/strong>&nbsp;lectures in&nbsp;Bachelor G\u00e9osciences et environnement (3rd semester) ; introduction to biology for students in geosciences.<\/p>\n\n\n\n<p><strong>Travaux pratiques int\u00e9gr\u00e9s : <\/strong>excursions in Bachelor Biologie (6th semester) ; introduction to botany, entomology and vertebrate studies in the field (in collaboration with&nbsp;<a href=\"https:\/\/www.unil.ch\/dee\/home\/menuinst\/people\/group-leaders\/prof-tanja-schwander.html\" target=\"_blank\" rel=\"noreferrer noopener\">Tanja Schwander<\/a>&nbsp;and&nbsp;<a href=\"https:\/\/www.unil.ch\/dee\/home\/menuinst\/people\/group-leaders\/prof-philippe-christe.html\" target=\"_blank\" rel=\"noreferrer noopener\">Philippe Christe<\/a>).<\/p>\n\n\n\n<p><strong>Phytosociologie et synsyst\u00e9matique : <\/strong>lectures in&nbsp;<a href=\"https:\/\/unil.ch\/biogeosciences\/home.html\">Master in Biogeos<\/a><a href=\"https:\/\/unil.ch\/biogeosciences\/home.html\" target=\"_blank\" rel=\"noreferrer noopener\">cience<\/a><a href=\"https:\/\/unil.ch\/biogeosciences\/home.html\">s<\/a>&nbsp;(8th semester) ; historical development and modern use of central European phytosociology, other important methods for the description of plant communities.<\/p>\n\n\n\n<p><strong>Sols et v\u00e9g\u00e9tation des Alpes :<\/strong> excursion in&nbsp;<a href=\"https:\/\/unil.ch\/biogeosciences\/home.html\">Master in Bio<\/a><a href=\"https:\/\/unil.ch\/biogeosciences\/home.html\" target=\"_blank\" rel=\"noreferrer noopener\">geosciences<\/a>&nbsp;(8th semester); description of vegetation and soils in the Alps (in collaboration with&nbsp;<a href=\"https:\/\/applicationspub.unil.ch\/interpub\/noauth\/php\/Un\/UnPers.php?PerNum=1175035&amp;LanCode=37&amp;menu=coord\" target=\"_blank\" rel=\"noreferrer noopener\">St\u00e9phanie Grand<\/a>).<\/p>\n<\/div>\n<\/div>\n\n\n\n<h4 class=\"wp-block-heading\">Main research interests<\/h4>\n\n\n\n<ul class=\"wp-block-list\"><li>Methodology for vegetation samplings<\/li><li>Impact of climate change on vegetation (projects&nbsp;PERMANENT.PLOT.CH&nbsp;and&nbsp;<a rel=\"noreferrer noopener\" href=\"https:\/\/www.gloria.ac.at\/\" target=\"_blank\">GLORIA<\/a>&nbsp;)<\/li><li><a href=\"https:\/\/wp.unil.ch\/biogeoresearch\/forest-dynamics-in-grande-caricaie\/\" target=\"_blank\" rel=\"noreferrer noopener\">Forest dynamics<\/a><\/li><li><a href=\"https:\/\/wp.unil.ch\/biogeoresearch\/phytosuisse\/\" target=\"_blank\" rel=\"noreferrer noopener\">Classification <\/a>and changes of plant communities<\/li><li>Ecology and conservation of <em>Saxifraga hirculus<\/em> in the Jura Mountains<\/li><li>Pasture management in Jura Mountains<\/li><li>Protection and management plans of wetlands, ecological management plans<\/li><li>Scientific popularization by teaching or booklets<\/li><\/ul>\n\n\n\n<h4 class=\"wp-block-heading\">Memberships<\/h4>\n\n\n\n<ul class=\"wp-block-list\"><li><a href=\"https:\/\/biodiversite.scnat.ch\/\" target=\"_blank\" rel=\"noreferrer noopener\">Forum biodiversit\u00e9 suisse<\/a>\u00a0<\/li><li>Scientific committee of\u00a0<a rel=\"noreferrer noopener\" href=\"https:\/\/www.infoflora.ch\/\" target=\"_blank\">Info Flora<\/a>\u00a0<\/li><li>Scientific committee of the\u00a0<a rel=\"noreferrer noopener\" href=\"https:\/\/www.jorat.org\/\" target=\"_blank\">Parc naturel p\u00e9riurbain du Jorat<\/a>\u00a0<\/li><li><a href=\"https:\/\/www.iavs.org\/\" target=\"_blank\" rel=\"noreferrer noopener\">International Association for Vegetation Science<\/a>\u00a0<\/li><li><a rel=\"noreferrer noopener\" href=\"https:\/\/www.botanica-helvetica.ch\/\" target=\"_blank\">Swiss Botanical Society<\/a>\u00a0, member of the committee for\u00a0<a rel=\"noreferrer noopener\" href=\"https:\/\/sciencesnaturelles.ch\/organisations\/botanical_society\/vegetatio_helvetica\" target=\"_blank\">VEGETATIO HELVETICA<\/a>\u00a0<\/li><li><a rel=\"noreferrer noopener\" href=\"https:\/\/www.bryolich.ch\/index_de.html\" target=\"_blank\">Bryolich<\/a>\u00a0\u00a0(Swiss association for bryology and lichenology)<\/li><li><a rel=\"noreferrer noopener\" href=\"https:\/\/www.cvbot.ch\/\" target=\"_blank\">Cercle vaudois de botanique<\/a>\u00a0, member of the scientific committee<\/li><\/ul>\n\n\n\n<p><\/p>\n","protected":false},"excerpt":{"rendered":"<p>Curriculum vitae Personal page&nbsp;and&nbsp;publications Coordinator of the&nbsp;PERMANENT.PLOT.CH project Married, one child 2015- Senior lecturer (Ma\u00eetre d&rsquo;enseignement et de recherche), in Faculty of geosciences and environment, University of Lausanne&hellip;<\/p>\n","protected":false},"author":108,"featured_media":0,"parent":170,"menu_order":0,"comment_status":"closed","ping_status":"closed","template":"template-full-width.php","meta":{"_seopress_robots_primary_cat":"","_seopress_titles_title":"","_seopress_titles_desc":"","_seopress_robots_index":"","footnotes":""},"class_list":["post-240","page","type-page","status-publish","has-post-thumbnail"],"_links":{"self":[{"href":"https:\/\/wp.unil.ch\/ppch\/wp-json\/wp\/v2\/pages\/240","targetHints":{"allow":["GET"]}}],"collection":[{"href":"https:\/\/wp.unil.ch\/ppch\/wp-json\/wp\/v2\/pages"}],"about":[{"href":"https:\/\/wp.unil.ch\/ppch\/wp-json\/wp\/v2\/types\/page"}],"author":[{"embeddable":true,"href":"https:\/\/wp.unil.ch\/ppch\/wp-json\/wp\/v2\/users\/108"}],"replies":[{"embeddable":true,"href":"https:\/\/wp.unil.ch\/ppch\/wp-json\/wp\/v2\/comments?post=240"}],"version-history":[{"count":0,"href":"https:\/\/wp.unil.ch\/ppch\/wp-json\/wp\/v2\/pages\/240\/revisions"}],"up":[{"embeddable":true,"href":"https:\/\/wp.unil.ch\/ppch\/wp-json\/wp\/v2\/pages\/170"}],"wp:attachment":[{"href":"https:\/\/wp.unil.ch\/ppch\/wp-json\/wp\/v2\/media?parent=240"}],"curies":[{"name":"wp","href":"https:\/\/api.w.org\/{rel}","templated":true}]}}