{"id":184,"date":"2019-12-10T14:15:34","date_gmt":"2019-12-10T13:15:34","guid":{"rendered":"http:\/\/wp.unil.ch\/ppch\/?page_id=184"},"modified":"2020-11-10T15:17:32","modified_gmt":"2020-11-10T14:17:32","slug":"bibliography","status":"publish","type":"page","link":"https:\/\/wp.unil.ch\/ppch\/bibliography\/","title":{"rendered":"Bibliography"},"content":{"rendered":"\n<p>Data collected in the project PERMANENT.PLOT.CH were mainly analysed in the context of climate change. But some data were exploited for other projects (ecological gradients, trait distribution, &#8230;).<\/p>\n\n\n\n<div class=\"wp-block-columns alignwide is-layout-flex wp-container-core-columns-is-layout-9d6595d7 wp-block-columns-is-layout-flex\">\n<div class=\"wp-block-column is-layout-flow wp-block-column-is-layout-flow\">\n<h4 class=\"wp-block-heading\">2018<\/h4>\n\n\n\n<p>Rion V., Gallandat J.-D., Gobat J.-M. &amp; Vittoz P. (2018). Recent changes in the plant composition of wetlands in the Jura Mountains<em>.&nbsp;<\/em><strong>Applied Vegetation Science<\/strong><em>,&nbsp;<\/em>21, 121-131.<\/p>\n\n\n\n<p>Rogora M., Frate L., Carranza M.L., Freppaz M., Stanisci A., Bertani I., Bottarin R., Brambilla A., Canullo R., Carbognani M., Cerrato C., Chelli S., Cremonese E., Cutini M., Di Musciano M., Erschbamer B., Godone D., Iocchi M., Isabellon M., Magnani A., Mazzola L., Morra di Cella U., Pauli H., Petey M., Petriccione B., Porro F., Psenner R., Rossetti G., Scotti A., Sommaruga R., Tappeiner U., Theurillat J.-P., Tomaselli M., Viglietti D., Viterbi R., Vittoz P., Winkler M., Matteucci G. (2018). Assessment of climate change effects on mountain ecosystems through a cross-site analysis in the Alps and Apennines.&nbsp;<strong>Science of the Total Environment<\/strong>,&nbsp;624, 1429-1442.<\/p>\n<\/div>\n\n\n\n<div class=\"wp-block-column is-layout-flow wp-block-column-is-layout-flow\">\n<h4 class=\"wp-block-heading\">2019<\/h4>\n\n\n\n<p>Liberati L., Messerli S., Matteodo M. &amp; Vittoz P. (2019). Contrasting impacts of climate change on the vegetation of windy ridges and snowbeds in the Swiss Alps. <strong>Alpine Botany<\/strong>, 129, 95-105.<\/p>\n\n\n\n<h4 class=\"wp-block-heading\">2017<\/h4>\n\n\n\n<p>Callis-Duehl K., Vittoz P., Defossez E. &amp; Rasmann S. (2017). Community-level relaxation of plant defenses against herbivores at high elevation.\u00a0<strong>Plant Ecology<\/strong>,\u00a0218, 291-304.<\/p>\n\n\n\n<p>Favre B., Wietlisbach W. &amp; Vittoz P. (2017). Auf den Spuren von Josias Braun-Blanquet auf Macun.\u00a0<strong>Cratschla<\/strong>, 2\/17, 14-15.<\/p>\n\n\n\n<p>Scherrer D., Massy S., Meier S., Vittoz P. &amp; Guisan A. (2017). Assessing and predicting shifts in mountain forest composition across 25 years of climate change.\u00a0<strong>Diversity and Distributions,<\/strong> 23, 517-528.<\/p>\n<\/div>\n<\/div>\n\n\n\n<div class=\"wp-block-columns alignwide is-layout-flex wp-container-core-columns-is-layout-9d6595d7 wp-block-columns-is-layout-flex\">\n<div class=\"wp-block-column is-layout-flow wp-block-column-is-layout-flow\">\n<h4 class=\"wp-block-heading\">2016<\/h4>\n\n\n\n<p>Kergunteuil, A., Campos-Herrera, R., S\u00e1nchez-Moreno, S., Vittoz, P. &amp; Rasmann, S. (2016). The abundance, diversity and metabolic footprint of soil nematodes is highest in high elevation alpine grasslands.&nbsp;<strong>Frontiers in Ecology and Evolution<\/strong>, 4, 84.<\/p>\n\n\n\n<p>Kirchheimer, B., Schinkel, C.C.F., Dellinger, A.S., Klatt, S., Moser, D., Winkler, M. et al. (2016). A matter of scale: apparent niche differentiation of diploid and tetraploid plants may depend on extent and grain of analysis.&nbsp;<strong>Journal of Biogeography,<\/strong> 43, 716-726.<\/p>\n\n\n\n<p>Lane, S.N., Borgeaud, L. &amp; Vittoz, P. (2016). Emergent geomorphic-vegetation interactions on a subalpine alluvial fan.&nbsp;<strong>Earth Surface Processes and Landforms<\/strong>, 41, 72-86.<\/p>\n\n\n\n<p>Matteodo, M., Ammann, K., Verrecchia, E.P. &amp; Vittoz , P. (2016). Snowbeds are more affected than other subalpine-alpine plant communities by climate change in the Swiss Alps.&nbsp;<strong>Ecology and Evolution<\/strong>, 6, 6969-6982.<\/p>\n\n\n\n<p>Winkler, M., Lamprecht, A., Steinbauer, K., H\u00fclber, K., Theurillat, J.-P. et al. (2016). The rich sides of mountain summits, a pan-European view on aspect preferences of alpine plants.&nbsp;<strong>Journal of Biogeography<\/strong>&nbsp;43: 2261-2273.<\/p>\n<\/div>\n\n\n\n<div class=\"wp-block-column is-layout-flow wp-block-column-is-layout-flow\">\n<h4 class=\"wp-block-heading\">2015<\/h4>\n\n\n\n<p>Nieto-Lugilde, D., Lenoir, J., Abdulhak, S., Aeschimann, D., Dullinger, S., Gegout, J.C. et al. (2015). Tree cover at fine and coarse spatial grains interacts with shade tolerance to shape plant species distributions across the Alps.&nbsp;<strong>Ecography<\/strong>, 38, 578-589.<\/p>\n\n\n\n<p>Wasof, S., Lenoir, J., Aarrestad, P.A., Alsos, I.G., Armbruster, W.S., Austrheim, G. et al. (2015). Disjunct populations of European vascular plant species keep the same climatic niches.&nbsp;<strong>Global Ecology and Biogeography<\/strong>, 24, 1401-1412.<\/p>\n\n\n\n<h4 class=\"wp-block-heading\">2014<\/h4>\n\n\n\n<p>M\u00fcnkem\u00fcller, T., Gallien, L., Lavergne, S., Renaud, J., Roquet, C., Abdulhak, S. et al. (2014). Scale decisions can reverse conclusions on community assembly processes.&nbsp;<strong>Global Ecology and Biogeography<\/strong>, 23, 620-632.<\/p>\n\n\n\n<h4 class=\"wp-block-heading\">2013<\/h4>\n\n\n\n<p>Matteodo, M., Wipf, S., St\u00f6ckli, V., Rixen, C. &amp; Vittoz, P. (2013) Elevation gradient of successful plant traits for colonizing alpine summits under climate change.&nbsp;<strong>Environmental Research Letters<\/strong>, 8, 024043.<\/p>\n\n\n\n<p>Vittoz, P., Cherix, D., Gonseth, Y., Lubini, V., Maggini, R., Zbinden, N. &amp; Zumbach, S. (2013) Climate change impact on biodiversity in Switzerland: a review.&nbsp;<strong>Journal for Nature Conservation<\/strong>, 21, 154-162.<\/p>\n<\/div>\n<\/div>\n\n\n\n<div class=\"wp-block-columns alignwide is-layout-flex wp-container-core-columns-is-layout-9d6595d7 wp-block-columns-is-layout-flex\">\n<div class=\"wp-block-column is-layout-flow wp-block-column-is-layout-flow\">\n<h4 class=\"wp-block-heading\">2012<\/h4>\n\n\n\n<p>Dullinger, S., Gattringer, A., Thuiller, W., Moser, D., Zimmermann, N.E., Guisan, A., Willner, W., Plutzar, C., Leitner, M., Mang, T., Caccianiga, M., Dirnb\u00f6ck, T., Ertl, S., Fischer, A., Lenoir, J., Svenning, J.-C., Psomas, A., Schmatz, D.-R., Silc, U., Vittoz, P. &amp; H\u00fclber, K. (2012). Climate warming, dispersal limitation and extinction debt of European mountain plants.&nbsp;<strong>Nature Climate Change<\/strong>, 2, 619-622.<\/p>\n\n\n\n<p>Lenoir, J., Svenning, J.-C., Dullinger, S., Pauli, H., Willner, W., Guisan, A., Vittoz, P., Wohlgemuth, T., Zimmermann, N. &amp; G\u00e9gout, J.-C. (2012) The Alps Vegetation Database \u2013 a geo-referenced community-level archive of all terrestrial plants occurring in the Alps.&nbsp;<strong>Biodiversity &amp; Ecology<\/strong>, 4, 331-332.<a href=\"https:\/\/www.biodiversity-plants.de\/biodivers_ecol\/article_meta.php?DOI=10.7809\/b-e.00124&amp;art_volume=4&amp;lang=en\">&nbsp;<\/a><\/p>\n\n\n\n<p>Vittoz, P. (2012) Permanent.Plot.ch \u2013 a database for Swiss permanent vegetation plots.&nbsp;<strong>Biodiversity &amp; Ecology<\/strong>, 4, 337.<\/p>\n<\/div>\n\n\n\n<div class=\"wp-block-column is-layout-flow wp-block-column-is-layout-flow\">\n<h4 class=\"wp-block-heading\">2011<\/h4>\n\n\n\n<p>Engler, R., Randin, C.F., Thuiller, W., Dullinger, S., Zimmermann, N.E., Araujo, M.B., Pearman, P.B., Le Lay, G., Piedallu, C., Albert, C.H., Choler, P., Coldea, G., De Lamo, X., Dirnbock, T., Gegout, J.C., Gomez-Garcia, D., Grytnes, J.A., Heegaard, E., Hoistad, F., Nogues-Bravo, D., Normand, S., Puscas, M., Sebastia, M.T., Stanisci, A., Theurillat, J.P., Trivedi, M.R., Vittoz, P. &amp; Guisan, A. (2011) 21st century climate change threatens mountain flora unequally across Europe.&nbsp;<strong>Global Change Biology<\/strong>, 17, 2330-2341.<\/p>\n\n\n\n<p>Vittoz, P., Cherix, D., Gonseth, Y., Lubini, V., Maggini, R., Zbinden, N. &amp; Zumbach, S. (2011) Les changements climatiques. In: T. Lachat, D. Pauli, Y. Gonseth, G. Klaus, C. Scheidegger, P. Vittoz &amp; T. Walter (eds)&nbsp;<strong>Evolution de la biodiversit\u00e9 en Suisse depuis 1900. Avons-nous touch\u00e9 le fond ?<\/strong>, pp. 348-375. Bristol-Stiftung, Z\u00fcrich, Haupt Verlag, Bern.<\/p>\n<\/div>\n<\/div>\n\n\n\n<div class=\"wp-block-columns alignwide is-layout-flex wp-container-core-columns-is-layout-9d6595d7 wp-block-columns-is-layout-flex\">\n<div class=\"wp-block-column is-layout-flow wp-block-column-is-layout-flow\">\n<h4 class=\"wp-block-heading\">2010<\/h4>\n\n\n\n<p>Gottfried, M., Pauli, H., Futschik, A., Akhalkatsi, M., Baran\u010dok, P., Alonso, J.B., Coldea, G., Dick, J., Erschbamer, B., Fern\u00e1ndez Calzado, M.R., Kazakis, G., Kraj\u010di, J., Larsson, P., Mallaun, M., Michelsen, O., Moiseev, D., Moiseev, P., Molau, U., Merzouki, A., Nagy, L., Nakhutsrishvili, G., Pedersen, B., Pelino, G., Puscas, M., Rossi, G., Stanisci, A., Theurillat, J.-P., Tomaselli, M., Villar, L., Vittoz, P., Vogiatzakis, I. &amp; Grabherr, G. (2012) Continent wide response of mountain vegetation to climate change.&nbsp;<strong>Nature Climate Change<\/strong>, 2, 111-115.<\/p>\n\n\n\n<p>Fournier, B., Pellissier, L., Guisan, A. &amp; Vittoz , P. (2010) Morphologie et reproduction des plantes le long de gradients altitudinaux.&nbsp;<strong>Bulletin de la Murithienne<\/strong>, 127\/2009, 45-52.<\/p>\n\n\n\n<p>Lenoir, J., G\u00e9gout, J.C., Guisan, A., Vittoz, P., Wohlgemuth, T., Zimmermann, N.E., Dullinger, S., Pauli, H., Willner, W., Grytnes, J.A., Virtanen, R. &amp; Svenning, J.C. (2010) Cross-scale analysis of the region effect on vascular plant species diversity in Southern and Northern European mountain ranges. <strong>PLoS ONE<\/strong>, 5, e15734.<\/p>\n\n\n\n<p>Lenoir, J., G\u00e9gout, J.-C., Guisan, A., Vittoz , P., Wohlgemuth, T., Zimmermann, N.E., Dullinger, S., Pauli, H., Willner, W. &amp; Svenning, J.-C. (2010) Going against the flow: potential mechanisms for unexpected downslope range shifts in a warming climate.&nbsp;<strong>Ecography<\/strong>, 33, 295-303.<\/p>\n\n\n\n<p>Pauli H., Gottfried M., Dullinger S., Abdaladze O., Akhalkatsi M., Alonso J.L.B., Coldea G., Dick J., Erschbamer B., Fern\u00e1ndez Calzado R., Ghosn D., Holten J.I., Kanka R., Kazakis G., Koll\u00e1r J., Larsson P., Moiseev P., Moiseev D., Molau U., Mesa J.M., Nagy L., Pelino G., Pu\u015fca\u015f M., Rossi G., Stanisci A., Syverhuset A.O., Theurillat J.-P., Tomaselli M., Unterluggauer P., Villar L., Vittoz P. &amp; Grabherr G. (2012). Recent plant diversity changes on Europe\u2019s mountain summits.&nbsp;<strong>Science<\/strong>, 336, 353-355.<\/p>\n\n\n\n<p>Pellissier, L., Fournier, B., Guisan, A. &amp; Vittoz , P. (2010) Plant traits co-vary with altitude in grasslands and forests in the European Alps.&nbsp;<strong>Plant Ecology<\/strong>, 211, 351-365.<\/p>\n\n\n\n<p>Randin, C., Vittoz, P., Engler, R. &amp; Guisan, A. (2010) Past and future developments in plant populations in the Alps linked to climate change. In: G. Plassmann &amp; E. Maselli (eds)&nbsp;<strong>Biodiversity in time of climate change: management or wilderness ?<\/strong>, pp. 33-37. ALPARC, Chamb\u00e9ry.<\/p>\n\n\n\n<p>Vittoz, P., Cherix, D., Gonseth, Y., Lubini, V., Maggini, R., Zbinden, N. &amp; Zumbach, S. (2010) Klimawandel. In: T. Lachat, D. Pauli, Y. Gonseth, G. Klaus, C. Scheidegger, P. Vittoz &amp; T. Walter (eds)&nbsp;<strong>Wandel der Biodiversit\u00e4t in der Schwiez seit 1900. Ist die Talsohle erreicht ?<\/strong>,&nbsp;pp. 350-377. Bristol-Stiftung, Z\u00fcrich, Haupt Verlag, Bern.<\/p>\n<\/div>\n\n\n\n<div class=\"wp-block-column is-layout-flow wp-block-column-is-layout-flow\">\n<h4 class=\"wp-block-heading\">2009<\/h4>\n\n\n\n<p>Randin, C., Engler, R., Le Lay, G., Pearman, P.B., Vittoz , P. &amp; Guisan, A. (2009) Ongoing and future vegetation changes in the Western Swiss Alps.&nbsp;<strong>Mountain Research Initiative Newsletter<\/strong>, 2 avril 2009, 18-21.<\/p>\n\n\n\n<p>Vittoz, P., Dussex, N., Wassef, J. &amp; Guisan, A. (2009) Diaspore traits discriminate good from weak colonisers on high-elevation summits.&nbsp;<strong>Basic and Applied Ecology<\/strong>, 10, 508-515.<\/p>\n\n\n\n<p>Vittoz, P., Randin, C.F., Dutoit, A., Bonnet, F. &amp; Hegg, O. (2009) Low impact of climate change on subalpine grasslands in the Swiss Northern Alps.&nbsp;<strong>Global Change Biology<\/strong>, 15, 209-220.<\/p>\n\n\n\n<h4 class=\"wp-block-heading\">2008<\/h4>\n\n\n\n<p>Vittoz, P., Bodin, J., Ungricht, S., Burga, C. &amp; Walther, G.R. (2008) One century of vegetation change on Isla Persa, a nunatak in the Bernina massif in the Swiss Alps.&nbsp;<strong>Journal of Vegetation Science<\/strong>, 19, 671-680.<\/p>\n\n\n\n<h4 class=\"wp-block-heading\">2007<\/h4>\n\n\n\n<p>Dullinger, S., Kleinbauer, I., Pauli, H., Gottfried, M., Brooker, R., Nagy, L., Theurillat, J.-P., Holten, J.I., Abdaladze, O., Benito, J.-L., Borel, J.-L., Coldea, G., Ghosn, D., Kanka, R., Merzouki, A., Klettner, C., Moiseev, P., Molau, U., Reiter, K., Rossi, G., Stancisi, A., Tomaselli, M., Unterlugauer, P., Vittoz, P. &amp; Grabherr, G. (2007) Weak and variable relationships between environmental severity and small-scale co-occurrence in alpine plant communities.&nbsp;<strong>Journal of Ecology<\/strong>, 95, 1284-1295.<\/p>\n\n\n\n<p>Guisan, A. &amp; Vittoz, P. (2007) Evolution du climat et flore alpine. Faits et pr\u00e9visions.&nbsp;<strong>Hotspot<\/strong>, 16, 10.<\/p>\n\n\n\n<p>Vittoz, P. &amp; Guisan, A. (2007) How reliable is the monitoring of permanent vegetation plots? A test with multiple observers.&nbsp;<strong>Journal of Vegetation Science<\/strong>, 18, 413-422.<\/p>\n<\/div>\n<\/div>\n\n\n\n<h4 class=\"wp-block-heading\">2006 and before<\/h4>\n\n\n\n<p>Vittoz, P., Jutzeler, S. &amp; Guisan, A. (2006) Flore alpine et r\u00e9chauffement climatique: observation de trois sommets valaisans \u00e0 travers le XXe si\u00e8cle.&nbsp;<strong>Bulletin de la Murithienne<\/strong>, 123\/2005, 49-59.<\/p>\n\n\n\n<p>Vittoz, P. &amp; Guisan, A. (2003) Le projet PERMANENT.PLOT.CH demande votre collaboration. Das Projekt PERMANENT.PLOT.CH bittet um Ihre Mithilfe.&nbsp;<strong>Botanica Helvetica<\/strong>, 113, 105-110.<\/p>\n\n\n\n<p>Vittoz, P., Guisan, A., Rebetez, M., Buttler, A. &amp; Kl\u00f6tzli, F. (2003) Vegetations-Dauerbeobachtungsfl\u00e4chen als Zeiger f\u00fcr Umweltver\u00e4nderungen. Das Projekt PERMANENT.PLOT.CH bittet um Ihre Mithilfe.&nbsp;<strong>Vierteljahrsschrift der Naturforschenden Gesellschaft in Z\u00fcrich<\/strong>, 148, 97-99.<\/p>\n\n\n\n<p>Vittoz, P. &amp; Hainard, P. (2002) Impact of free-range pigs on mountain pastures in the Swiss Jura.&nbsp;<strong>Applied Vegetation Science<\/strong>, 5, 247-254.<\/p>\n\n\n\n<p><\/p>\n","protected":false},"excerpt":{"rendered":"<p>Data collected in the project PERMANENT.PLOT.CH were mainly analysed in the context of climate change. But some data were exploited for other projects (ecological gradients, trait distribution, &#8230;).&hellip;<\/p>\n","protected":false},"author":108,"featured_media":0,"parent":0,"menu_order":5,"comment_status":"closed","ping_status":"closed","template":"","meta":{"_seopress_robots_primary_cat":"","_seopress_titles_title":"","_seopress_titles_desc":"","_seopress_robots_index":"","footnotes":""},"class_list":["post-184","page","type-page","status-publish","has-post-thumbnail"],"_links":{"self":[{"href":"https:\/\/wp.unil.ch\/ppch\/wp-json\/wp\/v2\/pages\/184","targetHints":{"allow":["GET"]}}],"collection":[{"href":"https:\/\/wp.unil.ch\/ppch\/wp-json\/wp\/v2\/pages"}],"about":[{"href":"https:\/\/wp.unil.ch\/ppch\/wp-json\/wp\/v2\/types\/page"}],"author":[{"embeddable":true,"href":"https:\/\/wp.unil.ch\/ppch\/wp-json\/wp\/v2\/users\/108"}],"replies":[{"embeddable":true,"href":"https:\/\/wp.unil.ch\/ppch\/wp-json\/wp\/v2\/comments?post=184"}],"version-history":[{"count":0,"href":"https:\/\/wp.unil.ch\/ppch\/wp-json\/wp\/v2\/pages\/184\/revisions"}],"wp:attachment":[{"href":"https:\/\/wp.unil.ch\/ppch\/wp-json\/wp\/v2\/media?parent=184"}],"curies":[{"name":"wp","href":"https:\/\/api.w.org\/{rel}","templated":true}]}}