{"id":170,"date":"2019-12-10T14:14:14","date_gmt":"2019-12-10T13:14:14","guid":{"rendered":"http:\/\/wp.unil.ch\/ppch\/?page_id=170"},"modified":"2020-04-08T12:49:01","modified_gmt":"2020-04-08T10:49:01","slug":"the-project","status":"publish","type":"page","link":"https:\/\/wp.unil.ch\/ppch\/the-project\/","title":{"rendered":"The project"},"content":{"rendered":"\n<div class=\"wp-block-cover alignwide has-background-dim-10 has-buttons-text-background-color has-background-dim has-parallax\" style=\"background-image:url(https:\/\/wp.unil.ch\/ppch\/files\/2020\/02\/project.jpg);min-height:250px;aspect-ratio:unset;\"><div class=\"wp-block-cover__inner-container is-layout-flow wp-block-cover-is-layout-flow\">\n<h4 class=\"wp-block-heading\">This project aims the conservation of historical data about permanent plots in Switzerland and monitoring of vegetation in a context of environmental changes (mainly climate and land use).<\/h4>\n<\/div><\/div>\n\n\n\n<div class=\"wp-block-columns is-layout-flex wp-container-core-columns-is-layout-9d6595d7 wp-block-columns-is-layout-flex\">\n<div class=\"wp-block-column is-layout-flow wp-block-column-is-layout-flow\">\n<p>Permanent plots are currently being recognized as valuable tools to monitor long-term effects of environmental changes on vegetation. Often used in short-term studies (3 to 5 years), they are generally abandoned at the end of projects. However, their full potential might only be revealed after 10 or more years, once the location is lost. For instance, the oldest permanent plots in Switzerland, established by Braun-Blanquet in Swiss National Park or by L\u00fcdi along the Altesch Glacier and on the Schynige Platte were almost lost, although they are now very valuable data. The PPch national data bank that we propose here will allow to ensuring future access to permanent vegetation plots.<\/p>\n\n\n\n<p>At its beginning, the project was granted by the Swiss Federal Office for the Environment (OFEV \/ BAFU), the University of Lausanne and the services of nature conservation of the Vaud and Valais cantons. It is now fully linked to the position of Dr Pascal Vittoz&nbsp;at University of Lausanne. There are strong collaborations with the&nbsp;<a href=\"https:\/\/www.unil.ch\/dee\/home\/menuinst\/research--education\/research\/research-groups\/guisan-group.html\">Spatial Ecology&nbsp;group<\/a> (Prof. Antoine Guisan) for data analyses.<\/p>\n<\/div>\n\n\n\n<div class=\"wp-block-column is-layout-flow wp-block-column-is-layout-flow\">\n<p><a href=\"https:\/\/wp.unil.ch\/ppch\/data-bank\/\">A&nbsp;data bank<\/a>&nbsp;of both historical and recent&nbsp;<a href=\"https:\/\/wp.unil.ch\/ppch\/permanent-plots\/\">permanent plots&nbsp;<\/a>in Switzerland was created. Simultaneously, the reliability of different sampling methods for vegetation were tested (see&nbsp;<a href=\"https:\/\/wp.unil.ch\/ppch\/bibliography\/\">bibliography&nbsp;<\/a>Vittoz &amp; Guisan 2007 ; Vittoz et al. 2010) and a standardised method was developed. This one was used to set new permanent plots and to create a coherent network to monitor influences of environmental changes on vegetation.<\/p>\n\n\n\n<p>With the help of this data bank, new projects can thus be set up on the basis of these historical data. In the next decades the PPch data bank should prove a useful tool to monitor Swiss vegetation, to test hypothesis, management trials, etc. However, the efficiency of the data bank will depend of the number of plots that it will contain. Do not hesitate to collaborate by sending your data to&nbsp;Dr Pascal Vittoz.<\/p>\n<\/div>\n<\/div>\n\n\n\n<hr class=\"wp-block-separator\" \/>\n\n\n\n<h2 class=\"wp-block-heading\">Contacts<\/h2>\n\n\n\n<div class=\"wp-block-columns is-layout-flex wp-container-core-columns-is-layout-9d6595d7 wp-block-columns-is-layout-flex\">\n<div class=\"wp-block-column is-layout-flow wp-block-column-is-layout-flow\">\n<p>The project was initiated by Dr Pascal Vittoz and Prof. Antoine Guisan. It is now directed by Dr&nbsp;Pascal Vittoz.<\/p>\n\n\n\n<p>Do not hesitate to contact me if you have&nbsp;enquiry or want to communicate supplementary available data ! Data protection is warranted by our&nbsp;<a href=\"https:\/\/www.unil.ch\/ppch\/home\/menuinst\/data-forwarding.html\">deontology<\/a>&nbsp;and will follow your wishes.<\/p>\n<\/div>\n\n\n\n<div class=\"wp-block-column is-layout-flow wp-block-column-is-layout-flow\">\n<p class=\"has-text-color has-background has-secondary-color has-light-background-background-color\">Dr Pascal Vittoz<br><a href=\"https:\/\/www.unil.ch\/idyst\">Institut des dynamiques de la surface terrestre<\/a><br>Universit\u00e9 de Lausanne<br>B\u00e2timent G\u00e9opolis<br>CH &#8211; 1015 Lausanne<br>Tel : + 41 (0)21 692 43 67<br>E-mail : <a href=\"mailto:pascal.vittoz@unil.ch\">pascal.vittoz@unil.ch<\/a><br>ORCID ID : <a href=\"https:\/\/orcid.org\/0000-0003-4218-4517\">orcid.org\/0000-0003-4218-4517<\/a><\/p>\n<\/div>\n<\/div>\n\n\n\n<p><\/p>\n","protected":false},"excerpt":{"rendered":"<p>Permanent plots are currently being recognized as valuable tools to monitor long-term effects of environmental changes on vegetation. Often used in short-term studies (3 to 5 years), they&hellip;<\/p>\n","protected":false},"author":108,"featured_media":0,"parent":0,"menu_order":1,"comment_status":"closed","ping_status":"closed","template":"template-full-width.php","meta":{"_seopress_robots_primary_cat":"","_seopress_titles_title":"","_seopress_titles_desc":"","_seopress_robots_index":"","footnotes":""},"class_list":["post-170","page","type-page","status-publish","has-post-thumbnail"],"_links":{"self":[{"href":"https:\/\/wp.unil.ch\/ppch\/wp-json\/wp\/v2\/pages\/170","targetHints":{"allow":["GET"]}}],"collection":[{"href":"https:\/\/wp.unil.ch\/ppch\/wp-json\/wp\/v2\/pages"}],"about":[{"href":"https:\/\/wp.unil.ch\/ppch\/wp-json\/wp\/v2\/types\/page"}],"author":[{"embeddable":true,"href":"https:\/\/wp.unil.ch\/ppch\/wp-json\/wp\/v2\/users\/108"}],"replies":[{"embeddable":true,"href":"https:\/\/wp.unil.ch\/ppch\/wp-json\/wp\/v2\/comments?post=170"}],"version-history":[{"count":0,"href":"https:\/\/wp.unil.ch\/ppch\/wp-json\/wp\/v2\/pages\/170\/revisions"}],"wp:attachment":[{"href":"https:\/\/wp.unil.ch\/ppch\/wp-json\/wp\/v2\/media?parent=170"}],"curies":[{"name":"wp","href":"https:\/\/api.w.org\/{rel}","templated":true}]}}