{"id":93,"date":"2014-03-31T15:21:13","date_gmt":"2014-03-31T13:21:13","guid":{"rendered":"http:\/\/wp.unil.ch\/pmp\/?page_id=93"},"modified":"2016-01-26T10:30:46","modified_gmt":"2016-01-26T09:30:46","slug":"accueil","status":"publish","type":"page","link":"https:\/\/wp.unil.ch\/pmp\/fr\/","title":{"rendered":"Accueil"},"content":{"rendered":"<div id=\"metaslider-id-828\" style=\"max-width: 700px;\" class=\"ml-slider-3-107-0 metaslider metaslider-nivo metaslider-828 ml-slider has-dots-nav ms-theme-default\" role=\"region\" aria-label=\"homepage\" data-height=\"300\" data-width=\"700\">\n    <div id=\"metaslider_container_828\">\n        <div class='slider-wrapper theme-default'><div class='ribbon'><\/div><div id='metaslider_828' class='nivoSlider'><img loading=\"lazy\" decoding=\"async\" src=\"https:\/\/wp.unil.ch\/pmp\/files\/2014\/02\/Palestine-700x300.jpg\" height=\"300\" width=\"700\" alt=\"\" class=\"slider-828 slide-378 msDefaultImage\" \/><img loading=\"lazy\" decoding=\"async\" src=\"https:\/\/wp.unil.ch\/pmp\/files\/2014\/02\/DSC03288-700x300.jpg\" height=\"300\" width=\"700\" alt=\"\" class=\"slider-828 slide-83 msDefaultImage\" \/><img loading=\"lazy\" decoding=\"async\" src=\"https:\/\/wp.unil.ch\/pmp\/files\/2014\/02\/DSC03235-700x300.jpg\" height=\"300\" width=\"700\" alt=\"\" class=\"slider-828 slide-84 msDefaultImage\" \/><img loading=\"lazy\" decoding=\"async\" src=\"https:\/\/wp.unil.ch\/pmp\/files\/2014\/02\/DSC03316-700x300.jpg\" height=\"300\" width=\"700\" alt=\"\" class=\"slider-828 slide-81 msDefaultImage\" \/><img loading=\"lazy\" decoding=\"async\" src=\"https:\/\/wp.unil.ch\/pmp\/files\/2014\/02\/Sri_Lanka-700x300.jpg\" height=\"300\" width=\"700\" alt=\"\" class=\"slider-828 slide-379 msDefaultImage\" \/><\/div><\/div>\n        \n    <\/div>\n<\/div>\n<p>&nbsp;<\/p>\n<p style=\"text-align: justify\">Le Projet M\u00e9moires Plurielles vise \u00e0 documenter la pluralit\u00e9 des m\u00e9moires sur des pass\u00e9s conflictuels, \u00e0 d\u00e9cortiquer les processus au travers desquels des r\u00e9cits de guerre deviennent officiels ou tombent dans l\u2019oubli et \u00e0 soutenir des scientifiques locaux qui \u00e9tudient les m\u00e9moires vivantes dans des soci\u00e9t\u00e9s marqu\u00e9es par des conflits. Le projet r\u00e9unit, en partenariat, des chercheurs burundais, sri-lankais, palestiniens, suisses et d&rsquo;autres chercheurs internationaux, provenant de diff\u00e9rentes disciplines scientifiques et motiv\u00e9s par une question commune : La pr\u00e9servation d\u2019une pluralit\u00e9 de m\u00e9moires vivantes peut-elle rendre les communaut\u00e9s plus r\u00e9silientes face \u00e0 l\u2019exploitation des traumatismes d\u2019hier par les bellicistes de demain ?<\/p>\n","protected":false},"excerpt":{"rendered":"<p>&nbsp; Le Projet M\u00e9moires Plurielles vise \u00e0 documenter la pluralit\u00e9 des m\u00e9moires sur des pass\u00e9s conflictuels, \u00e0 d\u00e9cortiquer les processus au travers desquels des r\u00e9cits de guerre deviennent officiels ou tombent dans l\u2019oubli et \u00e0 soutenir des scientifiques locaux qui \u00e9tudient les m\u00e9moires vivantes dans des soci\u00e9t\u00e9s marqu\u00e9es par des conflits. Le projet r\u00e9unit, en &hellip; <a href=\"https:\/\/wp.unil.ch\/pmp\/fr\/\" class=\"more-link\">Continuer la lecture de <span class=\"screen-reader-text\">Accueil<\/span> <span class=\"meta-nav\">&rarr;<\/span><\/a><\/p>\n","protected":false},"author":1528,"featured_media":0,"parent":0,"menu_order":1,"comment_status":"closed","ping_status":"open","template":"","meta":{"_seopress_robots_primary_cat":"","_seopress_titles_title":"","_seopress_titles_desc":"","_seopress_robots_index":"","footnotes":""},"class_list":["post-93","page","type-page","status-publish"],"_links":{"self":[{"href":"https:\/\/wp.unil.ch\/pmp\/fr\/wp-json\/wp\/v2\/pages\/93","targetHints":{"allow":["GET"]}}],"collection":[{"href":"https:\/\/wp.unil.ch\/pmp\/fr\/wp-json\/wp\/v2\/pages"}],"about":[{"href":"https:\/\/wp.unil.ch\/pmp\/fr\/wp-json\/wp\/v2\/types\/page"}],"author":[{"embeddable":true,"href":"https:\/\/wp.unil.ch\/pmp\/fr\/wp-json\/wp\/v2\/users\/1528"}],"replies":[{"embeddable":true,"href":"https:\/\/wp.unil.ch\/pmp\/fr\/wp-json\/wp\/v2\/comments?post=93"}],"version-history":[{"count":0,"href":"https:\/\/wp.unil.ch\/pmp\/fr\/wp-json\/wp\/v2\/pages\/93\/revisions"}],"wp:attachment":[{"href":"https:\/\/wp.unil.ch\/pmp\/fr\/wp-json\/wp\/v2\/media?parent=93"}],"curies":[{"name":"wp","href":"https:\/\/api.w.org\/{rel}","templated":true}]}}