{"id":738,"date":"2015-03-19T16:44:16","date_gmt":"2015-03-19T15:44:16","guid":{"rendered":"http:\/\/wp.unil.ch\/pmp\/?page_id=738"},"modified":"2015-03-19T16:44:16","modified_gmt":"2015-03-19T15:44:16","slug":"cours-doctoraux-2015","status":"publish","type":"page","link":"https:\/\/wp.unil.ch\/pmp\/fr\/summer_schools\/cours-doctoraux-2015\/","title":{"rendered":"Cours doctoraux 2015"},"content":{"rendered":"<p>Le projet M\u00e9moires Plurielles organise les 4 cours doctoraux suivants:<\/p>\n<p><strong>C1. Collective memory and colonial past<\/strong><br \/>\nLaurent Licata, Free University of Brussels (ULB), Belgium<br \/>\n27-28 avril<\/p>\n<p><strong>C2. Dealing with the past and the role of archives<\/strong><br \/>\nBriony Jones, Swisspeace, Switzerland<br \/>\n29-30 avril<\/p>\n<p><strong>C3. Crowds, collective resilience and empowerment<\/strong><br \/>\nJohn Drury, University of Sussex, UK<br \/>\n4-5 mai<\/p>\n<p><strong>C4. Transitional Justice Processes<\/strong><br \/>\nStephan Parmentier, KU Leuven, Belgium<br \/>\n6-7 mai<\/p>\n<p>Vous trouverez plus d\u2019information sur le contenu et l\u2019organisation des cours <a href=\"https:\/\/wp.unil.ch\/pmp\/files\/2015\/03\/PMP_Doctoral_Courses.pdf\">ici<\/a><\/p>\n<p style=\"text-align: justify\">Pour s\u2019inscrire \u00e0 un ou plusieurs cours, merci d\u2019envoyer une d\u00e9claration de motivation (3-4 lignes) ainsi qu\u2019un CV (court) \u00e0 <a href=\"mailto:sandra.penic@unil.ch\">sandra.penic@unil.ch<\/a> jusqu\u2019au 15 avril. Les participants admis recevront une confirmation ainsi que le programme d\u00e9finitif peu apr\u00e8s l\u2019inscription. Afin d\u2019optimiser l\u2019interaction au sein du cours, le nombre de participants est limit\u00e9 \u00e0 15 par classe, et chaque cours doit \u00eatre suivi dans son int\u00e9gralit\u00e9, c.-\u00e0-d. sur 2 demi-journ\u00e9es. En cas d\u2019inscriptions surnum\u00e9raires, la priorit\u00e9 sera donn\u00e9e 1) aux doctorants de l\u2019ISS et aux chercheurs associ\u00e9s au projet M\u00e9moires Plurielles, et 2) aux doctorants qui travaillent sur des th\u00e9matiques li\u00e9es \u00e0 celles du projet M\u00e9moires Plurielles.<\/p>\n","protected":false},"excerpt":{"rendered":"<p>Le projet M\u00e9moires Plurielles organise les 4 cours doctoraux suivants: C1. Collective memory and colonial past Laurent Licata, Free University of Brussels (ULB), Belgium 27-28 avril C2. Dealing with the past and the role of archives Briony Jones, Swisspeace, Switzerland 29-30 avril C3. Crowds, collective resilience and empowerment John Drury, University of Sussex, UK 4-5 &hellip; <a href=\"https:\/\/wp.unil.ch\/pmp\/fr\/summer_schools\/cours-doctoraux-2015\/\" class=\"more-link\">Continuer la lecture de <span class=\"screen-reader-text\">Cours doctoraux 2015<\/span> <span class=\"meta-nav\">&rarr;<\/span><\/a><\/p>\n","protected":false},"author":1528,"featured_media":0,"parent":556,"menu_order":4,"comment_status":"closed","ping_status":"closed","template":"","meta":{"_seopress_robots_primary_cat":"","_seopress_titles_title":"","_seopress_titles_desc":"","_seopress_robots_index":"","footnotes":""},"class_list":["post-738","page","type-page","status-publish"],"_links":{"self":[{"href":"https:\/\/wp.unil.ch\/pmp\/fr\/wp-json\/wp\/v2\/pages\/738","targetHints":{"allow":["GET"]}}],"collection":[{"href":"https:\/\/wp.unil.ch\/pmp\/fr\/wp-json\/wp\/v2\/pages"}],"about":[{"href":"https:\/\/wp.unil.ch\/pmp\/fr\/wp-json\/wp\/v2\/types\/page"}],"author":[{"embeddable":true,"href":"https:\/\/wp.unil.ch\/pmp\/fr\/wp-json\/wp\/v2\/users\/1528"}],"replies":[{"embeddable":true,"href":"https:\/\/wp.unil.ch\/pmp\/fr\/wp-json\/wp\/v2\/comments?post=738"}],"version-history":[{"count":0,"href":"https:\/\/wp.unil.ch\/pmp\/fr\/wp-json\/wp\/v2\/pages\/738\/revisions"}],"up":[{"embeddable":true,"href":"https:\/\/wp.unil.ch\/pmp\/fr\/wp-json\/wp\/v2\/pages\/556"}],"wp:attachment":[{"href":"https:\/\/wp.unil.ch\/pmp\/fr\/wp-json\/wp\/v2\/media?parent=738"}],"curies":[{"name":"wp","href":"https:\/\/api.w.org\/{rel}","templated":true}]}}