{"id":704,"date":"2014-10-23T15:57:32","date_gmt":"2014-10-23T13:57:32","guid":{"rendered":"http:\/\/wp.unil.ch\/pmp\/?page_id=704"},"modified":"2014-10-23T15:58:21","modified_gmt":"2014-10-23T13:58:21","slug":"charte-scientifique","status":"publish","type":"page","link":"https:\/\/wp.unil.ch\/pmp\/fr\/organisation-2\/charte-scientifique\/","title":{"rendered":"Charte Scientifique"},"content":{"rendered":"<p style=\"text-align: justify\">La Charte Scientifique d\u00e9finit les principes fondamentaux de la coop\u00e9ration scientifique dans le cadre du Projet M\u00e9moires Plurielles. La Charte vise \u00e0 \u00e9tablir un cadre coh\u00e9rent pour le travail de recherche en partenariat. Elle devrait \u00eatre utilis\u00e9e comme guide dans les discussions et les d\u00e9cisions du Comit\u00e9 de Pilotage, et partag\u00e9e avec tous les chercheurs associ\u00e9s afin de faciliter une lecture transparente des valeurs et des objectifs scientifiques du projet, et d\u2019encourager la communication sur ces valeurs et objectifs.<\/p>\n<p><strong><a href=\"https:\/\/wp.unil.ch\/pmp\/files\/2014\/04\/Scientific-charter.pdf\">Charte Scientifique<\/a><\/strong><\/p>\n","protected":false},"excerpt":{"rendered":"<p>La Charte Scientifique d\u00e9finit les principes fondamentaux de la coop\u00e9ration scientifique dans le cadre du Projet M\u00e9moires Plurielles. La Charte vise \u00e0 \u00e9tablir un cadre coh\u00e9rent pour le travail de recherche en partenariat. Elle devrait \u00eatre utilis\u00e9e comme guide dans les discussions et les d\u00e9cisions du Comit\u00e9 de Pilotage, et partag\u00e9e avec tous les chercheurs &hellip; <a href=\"https:\/\/wp.unil.ch\/pmp\/fr\/organisation-2\/charte-scientifique\/\" class=\"more-link\">Continuer la lecture de <span class=\"screen-reader-text\">Charte Scientifique<\/span> <span class=\"meta-nav\">&rarr;<\/span><\/a><\/p>\n","protected":false},"author":1528,"featured_media":0,"parent":509,"menu_order":5,"comment_status":"closed","ping_status":"closed","template":"","meta":{"_seopress_robots_primary_cat":"","_seopress_titles_title":"","_seopress_titles_desc":"","_seopress_robots_index":"","footnotes":""},"class_list":["post-704","page","type-page","status-publish"],"_links":{"self":[{"href":"https:\/\/wp.unil.ch\/pmp\/fr\/wp-json\/wp\/v2\/pages\/704","targetHints":{"allow":["GET"]}}],"collection":[{"href":"https:\/\/wp.unil.ch\/pmp\/fr\/wp-json\/wp\/v2\/pages"}],"about":[{"href":"https:\/\/wp.unil.ch\/pmp\/fr\/wp-json\/wp\/v2\/types\/page"}],"author":[{"embeddable":true,"href":"https:\/\/wp.unil.ch\/pmp\/fr\/wp-json\/wp\/v2\/users\/1528"}],"replies":[{"embeddable":true,"href":"https:\/\/wp.unil.ch\/pmp\/fr\/wp-json\/wp\/v2\/comments?post=704"}],"version-history":[{"count":0,"href":"https:\/\/wp.unil.ch\/pmp\/fr\/wp-json\/wp\/v2\/pages\/704\/revisions"}],"up":[{"embeddable":true,"href":"https:\/\/wp.unil.ch\/pmp\/fr\/wp-json\/wp\/v2\/pages\/509"}],"wp:attachment":[{"href":"https:\/\/wp.unil.ch\/pmp\/fr\/wp-json\/wp\/v2\/media?parent=704"}],"curies":[{"name":"wp","href":"https:\/\/api.w.org\/{rel}","templated":true}]}}