{"id":596,"date":"2014-04-24T17:09:38","date_gmt":"2014-04-24T15:09:38","guid":{"rendered":"http:\/\/wp.unil.ch\/pmp\/?page_id=596"},"modified":"2014-04-28T10:36:52","modified_gmt":"2014-04-28T08:36:52","slug":"financement","status":"publish","type":"page","link":"https:\/\/wp.unil.ch\/pmp\/fr\/organisation-2\/financement\/","title":{"rendered":"Financement"},"content":{"rendered":"<p style=\"text-align: justify\">Le Projet M\u00e9moires Plurielles est financ\u00e9 par le programme suisse pour la recherche sur des questions globales dans et avec les pays en d\u00e9veloppement (<strong><a href=\"https:\/\/www.r4d.ch\/E\/Pages\/home.aspx\" target=\"_blank\">programme r4d<\/a><\/strong>), mis en place conjointement par le Fonds National Suisse de la Recherche Scientifique (<strong><a href=\"https:\/\/www.snf.ch\/fr\/Pages\/default.aspx\" target=\"_blank\">FNS<\/a><\/strong>) et la Direction du D\u00e9veloppement et de la Coop\u00e9ration (<strong><a href=\"https:\/\/www.ddc.admin.ch\/\" target=\"_blank\">DDC<\/a><\/strong>).<br \/>\nEn tant qu\u2019institution h\u00f4te, l\u2019<strong><a href=\"https:\/\/www.unil.ch\/index.html\" target=\"_blank\">Universit\u00e9 de Lausanne<\/a><\/strong> apporte son soutien \u00e0 la gestion, l\u2019administration, et la communication n\u00e9cessaires au projet.<\/p>\n","protected":false},"excerpt":{"rendered":"<p>Le Projet M\u00e9moires Plurielles est financ\u00e9 par le programme suisse pour la recherche sur des questions globales dans et avec les pays en d\u00e9veloppement (programme r4d), mis en place conjointement par le Fonds National Suisse de la Recherche Scientifique (FNS) et la Direction du D\u00e9veloppement et de la Coop\u00e9ration (DDC). En tant qu\u2019institution h\u00f4te, l\u2019Universit\u00e9 &hellip; <a href=\"https:\/\/wp.unil.ch\/pmp\/fr\/organisation-2\/financement\/\" class=\"more-link\">Continuer la lecture de <span class=\"screen-reader-text\">Financement<\/span> <span class=\"meta-nav\">&rarr;<\/span><\/a><\/p>\n","protected":false},"author":1528,"featured_media":0,"parent":509,"menu_order":4,"comment_status":"closed","ping_status":"closed","template":"","meta":{"_seopress_robots_primary_cat":"","_seopress_titles_title":"","_seopress_titles_desc":"","_seopress_robots_index":"","footnotes":""},"class_list":["post-596","page","type-page","status-publish"],"_links":{"self":[{"href":"https:\/\/wp.unil.ch\/pmp\/fr\/wp-json\/wp\/v2\/pages\/596","targetHints":{"allow":["GET"]}}],"collection":[{"href":"https:\/\/wp.unil.ch\/pmp\/fr\/wp-json\/wp\/v2\/pages"}],"about":[{"href":"https:\/\/wp.unil.ch\/pmp\/fr\/wp-json\/wp\/v2\/types\/page"}],"author":[{"embeddable":true,"href":"https:\/\/wp.unil.ch\/pmp\/fr\/wp-json\/wp\/v2\/users\/1528"}],"replies":[{"embeddable":true,"href":"https:\/\/wp.unil.ch\/pmp\/fr\/wp-json\/wp\/v2\/comments?post=596"}],"version-history":[{"count":0,"href":"https:\/\/wp.unil.ch\/pmp\/fr\/wp-json\/wp\/v2\/pages\/596\/revisions"}],"up":[{"embeddable":true,"href":"https:\/\/wp.unil.ch\/pmp\/fr\/wp-json\/wp\/v2\/pages\/509"}],"wp:attachment":[{"href":"https:\/\/wp.unil.ch\/pmp\/fr\/wp-json\/wp\/v2\/media?parent=596"}],"curies":[{"name":"wp","href":"https:\/\/api.w.org\/{rel}","templated":true}]}}