{"id":526,"date":"2014-04-22T16:39:51","date_gmt":"2014-04-22T14:39:51","guid":{"rendered":"http:\/\/wp.unil.ch\/pmp\/?page_id=526"},"modified":"2019-05-14T09:21:13","modified_gmt":"2019-05-14T07:21:13","slug":"groupes-de-recherche","status":"publish","type":"page","link":"https:\/\/wp.unil.ch\/pmp\/fr\/groupes-de-recherche\/","title":{"rendered":"Groupes de recherche"},"content":{"rendered":"<p>Le consortium de recherche est compos\u00e9 de quatre groupes de recherche: une \u00e9quipe de coordination situ\u00e9e \u00e0 Lausanne et des groupes partenaires \u00e0 Bujumbura, Colombo et Birzeit.<\/p>\n<p>&nbsp;<\/p>\n<p><img loading=\"lazy\" decoding=\"async\" class=\"size-full wp-image-453 aligncenter\" src=\"https:\/\/wp.unil.ch\/pmp\/files\/2014\/03\/carte_monde3.png\" alt=\"Research Groups\" usemap=\"#carte\" width=\"643\" height=\"402\" srcset=\"https:\/\/wp.unil.ch\/pmp\/files\/2014\/03\/carte_monde3.png 643w, https:\/\/wp.unil.ch\/pmp\/files\/2014\/03\/carte_monde3-300x187.png 300w\" sizes=\"auto, (max-width: 643px) 100vw, 643px\" \/><\/p>\n","protected":false},"excerpt":{"rendered":"<p>Le consortium de recherche est compos\u00e9 de quatre groupes de recherche: une \u00e9quipe de coordination situ\u00e9e \u00e0 Lausanne et des groupes partenaires \u00e0 Bujumbura, Colombo et Birzeit. &nbsp;<\/p>\n","protected":false},"author":1528,"featured_media":0,"parent":0,"menu_order":4,"comment_status":"closed","ping_status":"closed","template":"","meta":{"_seopress_robots_primary_cat":"","_seopress_titles_title":"","_seopress_titles_desc":"","_seopress_robots_index":"","footnotes":""},"class_list":["post-526","page","type-page","status-publish"],"_links":{"self":[{"href":"https:\/\/wp.unil.ch\/pmp\/fr\/wp-json\/wp\/v2\/pages\/526","targetHints":{"allow":["GET"]}}],"collection":[{"href":"https:\/\/wp.unil.ch\/pmp\/fr\/wp-json\/wp\/v2\/pages"}],"about":[{"href":"https:\/\/wp.unil.ch\/pmp\/fr\/wp-json\/wp\/v2\/types\/page"}],"author":[{"embeddable":true,"href":"https:\/\/wp.unil.ch\/pmp\/fr\/wp-json\/wp\/v2\/users\/1528"}],"replies":[{"embeddable":true,"href":"https:\/\/wp.unil.ch\/pmp\/fr\/wp-json\/wp\/v2\/comments?post=526"}],"version-history":[{"count":0,"href":"https:\/\/wp.unil.ch\/pmp\/fr\/wp-json\/wp\/v2\/pages\/526\/revisions"}],"wp:attachment":[{"href":"https:\/\/wp.unil.ch\/pmp\/fr\/wp-json\/wp\/v2\/media?parent=526"}],"curies":[{"name":"wp","href":"https:\/\/api.w.org\/{rel}","templated":true}]}}