{"id":518,"date":"2014-04-22T16:31:14","date_gmt":"2014-04-22T14:31:14","guid":{"rendered":"http:\/\/wp.unil.ch\/pmp\/?page_id=518"},"modified":"2018-04-30T06:21:07","modified_gmt":"2018-04-30T04:21:07","slug":"conseil-consultatif","status":"publish","type":"page","link":"https:\/\/wp.unil.ch\/pmp\/fr\/organisation-2\/conseil-consultatif\/","title":{"rendered":"Conseil consultatif"},"content":{"rendered":"<p style=\"text-align: justify\">Les membres du <strong>Conseil consultatif<\/strong> international soutiennent le travail du <strong>groupe de pilotage<\/strong> en lui fournissant des conseils ou en participant \u00e0 des \u00e9changes scientifiques ou des collaborations avec des partenaires de recherche sur des sujets sp\u00e9cifiques. Ils mettent en \u0153uvre, par ailleurs, des missions ad hoc d\u2019expertise et de formation qui leurs sont confi\u00e9es par le <strong>groupe de pilotage<\/strong>.<\/p>\n<h5>Membres (ordre alphabetique)<\/h5>\n<ul>\n<li><a href=\"https:\/\/www.uclouvain.be\/en-perso-bernard-rime.html\" target=\"_blank\" rel=\"noopener\">Bernard Rim\u00e9<\/a>, Catholic University of Louvain?la?Neuve (UCL), Belgium<\/li>\n<li><a href=\"https:\/\/www.labenevolencija.org\/contact\/burundi\/\" target=\"_blank\" rel=\"noopener\">Johan Deflander<\/a>, NGO La Benevolencija Burundi, Burundi<\/li>\n<li><a href=\"https:\/\/www.labenevolencija.org\/contact\/burundi\/\" target=\"_blank\" rel=\"noopener\">John Drury<\/a>, University of Sussex, England, UK<\/li>\n<li><a href=\"https:\/\/www.psycho-psysoc.site.ulb.ac.be\/equipe\/olivier-klein\" target=\"_blank\" rel=\"noopener\">Ivana Macek<\/a>, Uppsala University, Sweden<\/li>\n<li><a href=\"https:\/\/www.york.ac.uk\/politics\/centres\/prdu\/our-people\/kenneth-david\/\" target=\"_blank\" rel=\"noopener\">Kenneth Bush<\/a>, University of York, UK<\/li>\n<li><a href=\"https:\/\/www.psycho-psysoc.site.ulb.ac.be\/equipe\/olivier-klein\" target=\"_blank\" rel=\"noopener\">Laurent Licata<\/a>, Free University of Brussels (ULB), Belgium<\/li>\n<li><a href=\"https:\/\/www.psycho-psysoc.site.ulb.ac.be\/equipe\/olivier-klein\" target=\"_blank\" rel=\"noopener\">Olivier Klein<\/a>, Free University of Brussels (ULB), Belgium<\/li>\n<li>Rajmohan Ramanathapillai, Gettysburg College, USA, and Red Cross, Australia<\/li>\n<li><a href=\"https:\/\/www.psycho-psysoc.site.ulb.ac.be\/equipe\/olivier-klein\" target=\"_blank\" rel=\"noopener\">Stephan Parmentier<\/a>, Catholic University of Leuven (KUL), Belgium<\/li>\n<li><a href=\"https:\/\/www.svetlanabroz.org\/\" target=\"_blank\" rel=\"noopener\">Svetlana Broz<\/a>, NGO Gariwo in Sarajevo, Bosnia and Herzegovina<!-- \/* Font Definitions *\/ @font-face {font-family:Cambria; panose-1:2 4 5 3 5 4 6 3 2 4; mso-font-charset:0; mso-generic-font-family:auto; mso-font-pitch:variable; mso-font-signature:3 0 0 0 1 0;} \/* Style Definitions *\/ p.MsoNormal, li.MsoNormal, div.MsoNormal {mso-style-parent:\"\"; margin:0cm; margin-bottom:.0001pt; mso-pagination:widow-orphan; font-size:12.0pt; font-family:\"Times New Roman\"; mso-ascii-font-family:Cambria; mso-ascii-theme-font:minor-latin; mso-fareast-font-family:Cambria; mso-fareast-theme-font:minor-latin; mso-hansi-font-family:Cambria; mso-hansi-theme-font:minor-latin; mso-bidi-font-family:\"Times New Roman\"; mso-bidi-theme-font:minor-bidi; mso-ansi-language:FR; mso-fareast-language:EN-US;} p {mso-margin-top-alt:auto; margin-right:0cm; mso-margin-bottom-alt:auto; margin-left:0cm; mso-pagination:widow-orphan; font-size:12.0pt; font-family:\"Times New Roman\"; mso-fareast-font-family:\"Times New Roman\"; mso-bidi-font-family:\"Times New Roman\"; mso-ansi-language:FR-CH; mso-fareast-language:FR-CH;} @page Section1 {size:612.0pt 792.0pt; margin:72.0pt 90.0pt 72.0pt 90.0pt; mso-header-margin:36.0pt; mso-footer-margin:36.0pt; mso-paper-source:0;} div.Section1 {page:Section1;} --><\/li>\n<li><a href=\"https:\/\/www.labenevolencija.org\/contact\/burundi\/\" target=\"_blank\" rel=\"noopener\">Ugo Fabietti<\/a>, Bocconi University Milano, Italy<\/li>\n<\/ul>\n","protected":false},"excerpt":{"rendered":"<p>Les membres du Conseil consultatif international soutiennent le travail du groupe de pilotage en lui fournissant des conseils ou en participant \u00e0 des \u00e9changes scientifiques ou des collaborations avec des partenaires de recherche sur des sujets sp\u00e9cifiques. Ils mettent en \u0153uvre, par ailleurs, des missions ad hoc d\u2019expertise et de formation qui leurs sont confi\u00e9es &hellip; <a href=\"https:\/\/wp.unil.ch\/pmp\/fr\/organisation-2\/conseil-consultatif\/\" class=\"more-link\">Continuer la lecture de <span class=\"screen-reader-text\">Conseil consultatif<\/span> <span class=\"meta-nav\">&rarr;<\/span><\/a><\/p>\n","protected":false},"author":1528,"featured_media":0,"parent":509,"menu_order":3,"comment_status":"closed","ping_status":"closed","template":"","meta":{"_seopress_robots_primary_cat":"","_seopress_titles_title":"","_seopress_titles_desc":"","_seopress_robots_index":"","footnotes":""},"class_list":["post-518","page","type-page","status-publish"],"_links":{"self":[{"href":"https:\/\/wp.unil.ch\/pmp\/fr\/wp-json\/wp\/v2\/pages\/518","targetHints":{"allow":["GET"]}}],"collection":[{"href":"https:\/\/wp.unil.ch\/pmp\/fr\/wp-json\/wp\/v2\/pages"}],"about":[{"href":"https:\/\/wp.unil.ch\/pmp\/fr\/wp-json\/wp\/v2\/types\/page"}],"author":[{"embeddable":true,"href":"https:\/\/wp.unil.ch\/pmp\/fr\/wp-json\/wp\/v2\/users\/1528"}],"replies":[{"embeddable":true,"href":"https:\/\/wp.unil.ch\/pmp\/fr\/wp-json\/wp\/v2\/comments?post=518"}],"version-history":[{"count":0,"href":"https:\/\/wp.unil.ch\/pmp\/fr\/wp-json\/wp\/v2\/pages\/518\/revisions"}],"up":[{"embeddable":true,"href":"https:\/\/wp.unil.ch\/pmp\/fr\/wp-json\/wp\/v2\/pages\/509"}],"wp:attachment":[{"href":"https:\/\/wp.unil.ch\/pmp\/fr\/wp-json\/wp\/v2\/media?parent=518"}],"curies":[{"name":"wp","href":"https:\/\/api.w.org\/{rel}","templated":true}]}}