{"id":513,"date":"2014-04-22T16:28:06","date_gmt":"2014-04-22T14:28:06","guid":{"rendered":"http:\/\/wp.unil.ch\/pmp\/?page_id=513"},"modified":"2020-03-04T17:08:58","modified_gmt":"2020-03-04T16:08:58","slug":"conseil-de-gestion","status":"publish","type":"page","link":"https:\/\/wp.unil.ch\/pmp\/fr\/organisation-2\/conseil-de-gestion\/","title":{"rendered":"Conseil de gestion"},"content":{"rendered":"<p style=\"text-align: justify\"><strong>Le conseil de gestion et de valorisation<\/strong> suit et fournit un retour sur la gestion du projet quant \u00e0 l\u2019investissement des fonds de la recherche par les chercheurs responsables et les diff\u00e9rents partenaires de recherche, ainsi que leurs politiques envers les collaborateurs de recherche et leur respect de la d\u00e9ontologie de la recherche. De plus, ce conseil soutient la strat\u00e9gie de communication et de diffusion du r\u00e9seau de recherche.<\/p>\n<p>Il est compos\u00e9 de:<\/p>\n<ul>\n<li>Fran\u00e7ois Bussy, Vice Recteur \u00ab\u00a0Recherche et Relations Internationales\u00a0\u00bb, UNIL.<\/li>\n<li>Fabien Ohl, ancien Doyen, Facult\u00e9 de Sciences Sociales et Politiques (SSP), UNIL.<\/li>\n<li>Brian Kleiner, Chef de l&rsquo;unit\u00e9 \u00ab\u00a0Data and Research Information Services\u00a0\u00bb (DARIS), Centre de Comp\u00e9tence Suisse en Sciences Sociales (FORS).<\/li>\n<li>Philippe Moreillon, ancien Vice Recteur \u00ab\u00a0Recherche et Relations Internationales\u00a0\u00bb, UNIL.<\/li>\n<li>Nicky Le Feuvre, Vice-doyenne \u00ab\u00a0Rel\u00e8ve acad\u00e9mique et Egalit\u00e9\u00a0\u00bb, Facult\u00e9 de Sciences Sociales et Politiques (SSP), UNIL.<\/li>\n<\/ul>\n","protected":false},"excerpt":{"rendered":"<p>Le conseil de gestion et de valorisation suit et fournit un retour sur la gestion du projet quant \u00e0 l\u2019investissement des fonds de la recherche par les chercheurs responsables et les diff\u00e9rents partenaires de recherche, ainsi que leurs politiques envers les collaborateurs de recherche et leur respect de la d\u00e9ontologie de la recherche. De plus, &hellip; <a href=\"https:\/\/wp.unil.ch\/pmp\/fr\/organisation-2\/conseil-de-gestion\/\" class=\"more-link\">Continuer la lecture de <span class=\"screen-reader-text\">Conseil de gestion<\/span> <span class=\"meta-nav\">&rarr;<\/span><\/a><\/p>\n","protected":false},"author":1528,"featured_media":0,"parent":509,"menu_order":2,"comment_status":"closed","ping_status":"closed","template":"","meta":{"_seopress_robots_primary_cat":"","_seopress_titles_title":"","_seopress_titles_desc":"","_seopress_robots_index":"","footnotes":""},"class_list":["post-513","page","type-page","status-publish"],"_links":{"self":[{"href":"https:\/\/wp.unil.ch\/pmp\/fr\/wp-json\/wp\/v2\/pages\/513","targetHints":{"allow":["GET"]}}],"collection":[{"href":"https:\/\/wp.unil.ch\/pmp\/fr\/wp-json\/wp\/v2\/pages"}],"about":[{"href":"https:\/\/wp.unil.ch\/pmp\/fr\/wp-json\/wp\/v2\/types\/page"}],"author":[{"embeddable":true,"href":"https:\/\/wp.unil.ch\/pmp\/fr\/wp-json\/wp\/v2\/users\/1528"}],"replies":[{"embeddable":true,"href":"https:\/\/wp.unil.ch\/pmp\/fr\/wp-json\/wp\/v2\/comments?post=513"}],"version-history":[{"count":0,"href":"https:\/\/wp.unil.ch\/pmp\/fr\/wp-json\/wp\/v2\/pages\/513\/revisions"}],"up":[{"embeddable":true,"href":"https:\/\/wp.unil.ch\/pmp\/fr\/wp-json\/wp\/v2\/pages\/509"}],"wp:attachment":[{"href":"https:\/\/wp.unil.ch\/pmp\/fr\/wp-json\/wp\/v2\/media?parent=513"}],"curies":[{"name":"wp","href":"https:\/\/api.w.org\/{rel}","templated":true}]}}