{"id":509,"date":"2014-04-22T16:24:40","date_gmt":"2014-04-22T14:24:40","guid":{"rendered":"http:\/\/wp.unil.ch\/pmp\/?page_id=509"},"modified":"2014-04-22T16:24:40","modified_gmt":"2014-04-22T14:24:40","slug":"organisation-2","status":"publish","type":"page","link":"https:\/\/wp.unil.ch\/pmp\/fr\/organisation-2\/","title":{"rendered":"Organisation"},"content":{"rendered":"<p style=\"text-align: justify\">La gestion du consortium de recherche est organis\u00e9e autour de trois entit\u00e9s compl\u00e9mentaires: un groupe de pilotage scientifique, un conseil de gestion et de valorisation et un conseil consultatif international.<\/p>\n","protected":false},"excerpt":{"rendered":"<p>La gestion du consortium de recherche est organis\u00e9e autour de trois entit\u00e9s compl\u00e9mentaires: un groupe de pilotage scientifique, un conseil de gestion et de valorisation et un conseil consultatif international.<\/p>\n","protected":false},"author":1528,"featured_media":0,"parent":0,"menu_order":3,"comment_status":"closed","ping_status":"closed","template":"","meta":{"_seopress_robots_primary_cat":"","_seopress_titles_title":"","_seopress_titles_desc":"","_seopress_robots_index":"","footnotes":""},"class_list":["post-509","page","type-page","status-publish"],"_links":{"self":[{"href":"https:\/\/wp.unil.ch\/pmp\/fr\/wp-json\/wp\/v2\/pages\/509","targetHints":{"allow":["GET"]}}],"collection":[{"href":"https:\/\/wp.unil.ch\/pmp\/fr\/wp-json\/wp\/v2\/pages"}],"about":[{"href":"https:\/\/wp.unil.ch\/pmp\/fr\/wp-json\/wp\/v2\/types\/page"}],"author":[{"embeddable":true,"href":"https:\/\/wp.unil.ch\/pmp\/fr\/wp-json\/wp\/v2\/users\/1528"}],"replies":[{"embeddable":true,"href":"https:\/\/wp.unil.ch\/pmp\/fr\/wp-json\/wp\/v2\/comments?post=509"}],"version-history":[{"count":0,"href":"https:\/\/wp.unil.ch\/pmp\/fr\/wp-json\/wp\/v2\/pages\/509\/revisions"}],"wp:attachment":[{"href":"https:\/\/wp.unil.ch\/pmp\/fr\/wp-json\/wp\/v2\/media?parent=509"}],"curies":[{"name":"wp","href":"https:\/\/api.w.org\/{rel}","templated":true}]}}