{"id":505,"date":"2014-04-22T16:21:58","date_gmt":"2014-04-22T14:21:58","guid":{"rendered":"http:\/\/wp.unil.ch\/pmp\/?page_id=505"},"modified":"2014-05-07T14:37:48","modified_gmt":"2014-05-07T12:37:48","slug":"archiver-des-memoires","status":"publish","type":"page","link":"https:\/\/wp.unil.ch\/pmp\/fr\/projet\/archiver-des-memoires\/","title":{"rendered":"Archiver des m\u00e9moires"},"content":{"rendered":"<p style=\"text-align: justify\">Le projet a pour but de soutenir le d\u00e9veloppement et l&rsquo;usage d\u2019archives locales dans les soci\u00e9t\u00e9s touch\u00e9es par des conflits, de s\u00e9curiser l&rsquo;archivage des t\u00e9moignages, des notes de terrain et des donn\u00e9es de sondage, ainsi que d&rsquo;en faciliter l&rsquo;usage scientifique. Pour atteindre ces objectifs, les groupes de recherche travaillent en collaboration \u00e9troite avec FORS, le Centre de comp\u00e9tences suisse en sciences sociales. FORS conseille et soutient le d\u00e9veloppement d&rsquo;archives locales, stocke et s\u00e9curise les copies des t\u00e9moignages collect\u00e9s \u00e0 travers les diff\u00e9rents sites, fonctionne comme d\u00e9p\u00f4t pour les traductions anglaises et contribue \u00e0 une politique de diffusion proactive des donn\u00e9es au sein de la communaut\u00e9 scientifique internationale afin de stimuler des analyses secondaires du mat\u00e9riel et des donn\u00e9es r\u00e9colt\u00e9es.<\/p>\n","protected":false},"excerpt":{"rendered":"<p>Le projet a pour but de soutenir le d\u00e9veloppement et l&rsquo;usage d\u2019archives locales dans les soci\u00e9t\u00e9s touch\u00e9es par des conflits, de s\u00e9curiser l&rsquo;archivage des t\u00e9moignages, des notes de terrain et des donn\u00e9es de sondage, ainsi que d&rsquo;en faciliter l&rsquo;usage scientifique. Pour atteindre ces objectifs, les groupes de recherche travaillent en collaboration \u00e9troite avec FORS, le &hellip; <a href=\"https:\/\/wp.unil.ch\/pmp\/fr\/projet\/archiver-des-memoires\/\" class=\"more-link\">Continuer la lecture de <span class=\"screen-reader-text\">Archiver des m\u00e9moires<\/span> <span class=\"meta-nav\">&rarr;<\/span><\/a><\/p>\n","protected":false},"author":1528,"featured_media":0,"parent":493,"menu_order":6,"comment_status":"closed","ping_status":"closed","template":"","meta":{"_seopress_robots_primary_cat":"","_seopress_titles_title":"","_seopress_titles_desc":"","_seopress_robots_index":"","footnotes":""},"class_list":["post-505","page","type-page","status-publish"],"_links":{"self":[{"href":"https:\/\/wp.unil.ch\/pmp\/fr\/wp-json\/wp\/v2\/pages\/505","targetHints":{"allow":["GET"]}}],"collection":[{"href":"https:\/\/wp.unil.ch\/pmp\/fr\/wp-json\/wp\/v2\/pages"}],"about":[{"href":"https:\/\/wp.unil.ch\/pmp\/fr\/wp-json\/wp\/v2\/types\/page"}],"author":[{"embeddable":true,"href":"https:\/\/wp.unil.ch\/pmp\/fr\/wp-json\/wp\/v2\/users\/1528"}],"replies":[{"embeddable":true,"href":"https:\/\/wp.unil.ch\/pmp\/fr\/wp-json\/wp\/v2\/comments?post=505"}],"version-history":[{"count":0,"href":"https:\/\/wp.unil.ch\/pmp\/fr\/wp-json\/wp\/v2\/pages\/505\/revisions"}],"up":[{"embeddable":true,"href":"https:\/\/wp.unil.ch\/pmp\/fr\/wp-json\/wp\/v2\/pages\/493"}],"wp:attachment":[{"href":"https:\/\/wp.unil.ch\/pmp\/fr\/wp-json\/wp\/v2\/media?parent=505"}],"curies":[{"name":"wp","href":"https:\/\/api.w.org\/{rel}","templated":true}]}}