{"id":503,"date":"2014-04-22T16:21:25","date_gmt":"2014-04-22T14:21:25","guid":{"rendered":"http:\/\/wp.unil.ch\/pmp\/?page_id=503"},"modified":"2014-04-22T16:21:25","modified_gmt":"2014-04-22T14:21:25","slug":"former-des-chercheurs","status":"publish","type":"page","link":"https:\/\/wp.unil.ch\/pmp\/fr\/projet\/former-des-chercheurs\/","title":{"rendered":"Former des chercheurs"},"content":{"rendered":"<p style=\"text-align: justify\">Afin de transmettre des comp\u00e9tences clefs, de promouvoir une culture de recherche commune et de faciliter l&rsquo;int\u00e9gration de jeunes chercheurs dans un r\u00e9seau de recherche international, tous les doctorants financ\u00e9s par le projet participent au programme de formation propre au projet. Ils sont inscrits en tant que doctorants \u00e0 l&rsquo;Universit\u00e9 de Lausanne et sont conjointement supervis\u00e9s par un chercheur suisse et un chercheur bas\u00e9 sur leur site de recherche. Ils participent chaque ann\u00e9e \u00e0 des cours intensifs ad hoc de deux \u00e0 trois semaines. De plus, ils b\u00e9n\u00e9ficient d&rsquo;un mentorat de la part d&rsquo;un membre du groupe de pilotage international.<\/p>\n","protected":false},"excerpt":{"rendered":"<p>Afin de transmettre des comp\u00e9tences clefs, de promouvoir une culture de recherche commune et de faciliter l&rsquo;int\u00e9gration de jeunes chercheurs dans un r\u00e9seau de recherche international, tous les doctorants financ\u00e9s par le projet participent au programme de formation propre au projet. Ils sont inscrits en tant que doctorants \u00e0 l&rsquo;Universit\u00e9 de Lausanne et sont conjointement &hellip; <a href=\"https:\/\/wp.unil.ch\/pmp\/fr\/projet\/former-des-chercheurs\/\" class=\"more-link\">Continuer la lecture de <span class=\"screen-reader-text\">Former des chercheurs<\/span> <span class=\"meta-nav\">&rarr;<\/span><\/a><\/p>\n","protected":false},"author":1528,"featured_media":0,"parent":493,"menu_order":5,"comment_status":"closed","ping_status":"closed","template":"","meta":{"_seopress_robots_primary_cat":"","_seopress_titles_title":"","_seopress_titles_desc":"","_seopress_robots_index":"","footnotes":""},"class_list":["post-503","page","type-page","status-publish"],"_links":{"self":[{"href":"https:\/\/wp.unil.ch\/pmp\/fr\/wp-json\/wp\/v2\/pages\/503","targetHints":{"allow":["GET"]}}],"collection":[{"href":"https:\/\/wp.unil.ch\/pmp\/fr\/wp-json\/wp\/v2\/pages"}],"about":[{"href":"https:\/\/wp.unil.ch\/pmp\/fr\/wp-json\/wp\/v2\/types\/page"}],"author":[{"embeddable":true,"href":"https:\/\/wp.unil.ch\/pmp\/fr\/wp-json\/wp\/v2\/users\/1528"}],"replies":[{"embeddable":true,"href":"https:\/\/wp.unil.ch\/pmp\/fr\/wp-json\/wp\/v2\/comments?post=503"}],"version-history":[{"count":0,"href":"https:\/\/wp.unil.ch\/pmp\/fr\/wp-json\/wp\/v2\/pages\/503\/revisions"}],"up":[{"embeddable":true,"href":"https:\/\/wp.unil.ch\/pmp\/fr\/wp-json\/wp\/v2\/pages\/493"}],"wp:attachment":[{"href":"https:\/\/wp.unil.ch\/pmp\/fr\/wp-json\/wp\/v2\/media?parent=503"}],"curies":[{"name":"wp","href":"https:\/\/api.w.org\/{rel}","templated":true}]}}