{"id":501,"date":"2014-04-22T16:20:52","date_gmt":"2014-04-22T14:20:52","guid":{"rendered":"http:\/\/wp.unil.ch\/pmp\/?page_id=501"},"modified":"2014-04-24T16:32:41","modified_gmt":"2014-04-24T14:32:41","slug":"documenter-le-changement","status":"publish","type":"page","link":"https:\/\/wp.unil.ch\/pmp\/fr\/projet\/documenter-le-changement\/","title":{"rendered":"Documenter le changement"},"content":{"rendered":"<p style=\"text-align: justify\">Pour documenter l&rsquo;\u00e9volution des modes de reconnaissance de m\u00e9moires diversifi\u00e9es, une enqu\u00eate longitudinale sera effectu\u00e9e sur chacun des sites de recherche. Un \u00e9chantillon repr\u00e9sentatif de la population adulte sera interrog\u00e9 sur l&rsquo;exposition au conflit, les \u00e9v\u00e9nements v\u00e9cus, les r\u00e9actions \u00e0 diff\u00e9rents souvenirs, les attitudes par rapport au conflit ainsi que les climats communautaires. L\u2019enqu\u00eate sera organis\u00e9 de mani\u00e8re \u00e0 ce que les populations qui sont plus diversifi\u00e9es quant \u00e0 leurs exp\u00e9riences du conflit, mais aussi les populations qui vivent pr\u00e8s des lieux o\u00f9 les ateliers communautaires auront lieu, soient sur-\u00e9chantillonn\u00e9es.<\/p>\n","protected":false},"excerpt":{"rendered":"<p>Pour documenter l&rsquo;\u00e9volution des modes de reconnaissance de m\u00e9moires diversifi\u00e9es, une enqu\u00eate longitudinale sera effectu\u00e9e sur chacun des sites de recherche. Un \u00e9chantillon repr\u00e9sentatif de la population adulte sera interrog\u00e9 sur l&rsquo;exposition au conflit, les \u00e9v\u00e9nements v\u00e9cus, les r\u00e9actions \u00e0 diff\u00e9rents souvenirs, les attitudes par rapport au conflit ainsi que les climats communautaires. L\u2019enqu\u00eate sera &hellip; <a href=\"https:\/\/wp.unil.ch\/pmp\/fr\/projet\/documenter-le-changement\/\" class=\"more-link\">Continuer la lecture de <span class=\"screen-reader-text\">Documenter le changement<\/span> <span class=\"meta-nav\">&rarr;<\/span><\/a><\/p>\n","protected":false},"author":1528,"featured_media":0,"parent":493,"menu_order":4,"comment_status":"closed","ping_status":"closed","template":"","meta":{"_seopress_robots_primary_cat":"","_seopress_titles_title":"","_seopress_titles_desc":"","_seopress_robots_index":"","footnotes":""},"class_list":["post-501","page","type-page","status-publish"],"_links":{"self":[{"href":"https:\/\/wp.unil.ch\/pmp\/fr\/wp-json\/wp\/v2\/pages\/501","targetHints":{"allow":["GET"]}}],"collection":[{"href":"https:\/\/wp.unil.ch\/pmp\/fr\/wp-json\/wp\/v2\/pages"}],"about":[{"href":"https:\/\/wp.unil.ch\/pmp\/fr\/wp-json\/wp\/v2\/types\/page"}],"author":[{"embeddable":true,"href":"https:\/\/wp.unil.ch\/pmp\/fr\/wp-json\/wp\/v2\/users\/1528"}],"replies":[{"embeddable":true,"href":"https:\/\/wp.unil.ch\/pmp\/fr\/wp-json\/wp\/v2\/comments?post=501"}],"version-history":[{"count":0,"href":"https:\/\/wp.unil.ch\/pmp\/fr\/wp-json\/wp\/v2\/pages\/501\/revisions"}],"up":[{"embeddable":true,"href":"https:\/\/wp.unil.ch\/pmp\/fr\/wp-json\/wp\/v2\/pages\/493"}],"wp:attachment":[{"href":"https:\/\/wp.unil.ch\/pmp\/fr\/wp-json\/wp\/v2\/media?parent=501"}],"curies":[{"name":"wp","href":"https:\/\/api.w.org\/{rel}","templated":true}]}}