{"id":499,"date":"2014-04-22T16:20:20","date_gmt":"2014-04-22T14:20:20","guid":{"rendered":"http:\/\/wp.unil.ch\/pmp\/?page_id=499"},"modified":"2014-05-07T14:31:11","modified_gmt":"2014-05-07T12:31:11","slug":"promouvoir-la-resilience","status":"publish","type":"page","link":"https:\/\/wp.unil.ch\/pmp\/fr\/projet\/promouvoir-la-resilience\/","title":{"rendered":"Promouvoir la r\u00e9silience"},"content":{"rendered":"<p style=\"text-align: justify\">Afin de faciliter le partage de m\u00e9moires au sein de communaut\u00e9s locales, des ateliers ad hoc seront organis\u00e9s, en collaboration avec des organisations locales de la soci\u00e9t\u00e9 civile, dans des lieux sp\u00e9cifiques. Durant ces ateliers, une s\u00e9lection de t\u00e9moignages sera pr\u00e9sent\u00e9e aux participants. Ils seront ensuite invit\u00e9s \u00e0 travailler ensemble afin de planifier un \u00e9v\u00e9nement public autour duquel certains de ces t\u00e9moignages seront partag\u00e9s avec une audience locale plus large.<\/p>\n","protected":false},"excerpt":{"rendered":"<p>Afin de faciliter le partage de m\u00e9moires au sein de communaut\u00e9s locales, des ateliers ad hoc seront organis\u00e9s, en collaboration avec des organisations locales de la soci\u00e9t\u00e9 civile, dans des lieux sp\u00e9cifiques. Durant ces ateliers, une s\u00e9lection de t\u00e9moignages sera pr\u00e9sent\u00e9e aux participants. Ils seront ensuite invit\u00e9s \u00e0 travailler ensemble afin de planifier un \u00e9v\u00e9nement &hellip; <a href=\"https:\/\/wp.unil.ch\/pmp\/fr\/projet\/promouvoir-la-resilience\/\" class=\"more-link\">Continuer la lecture de <span class=\"screen-reader-text\">Promouvoir la r\u00e9silience<\/span> <span class=\"meta-nav\">&rarr;<\/span><\/a><\/p>\n","protected":false},"author":1528,"featured_media":0,"parent":493,"menu_order":3,"comment_status":"closed","ping_status":"closed","template":"","meta":{"_seopress_robots_primary_cat":"","_seopress_titles_title":"","_seopress_titles_desc":"","_seopress_robots_index":"","footnotes":""},"class_list":["post-499","page","type-page","status-publish"],"_links":{"self":[{"href":"https:\/\/wp.unil.ch\/pmp\/fr\/wp-json\/wp\/v2\/pages\/499","targetHints":{"allow":["GET"]}}],"collection":[{"href":"https:\/\/wp.unil.ch\/pmp\/fr\/wp-json\/wp\/v2\/pages"}],"about":[{"href":"https:\/\/wp.unil.ch\/pmp\/fr\/wp-json\/wp\/v2\/types\/page"}],"author":[{"embeddable":true,"href":"https:\/\/wp.unil.ch\/pmp\/fr\/wp-json\/wp\/v2\/users\/1528"}],"replies":[{"embeddable":true,"href":"https:\/\/wp.unil.ch\/pmp\/fr\/wp-json\/wp\/v2\/comments?post=499"}],"version-history":[{"count":0,"href":"https:\/\/wp.unil.ch\/pmp\/fr\/wp-json\/wp\/v2\/pages\/499\/revisions"}],"up":[{"embeddable":true,"href":"https:\/\/wp.unil.ch\/pmp\/fr\/wp-json\/wp\/v2\/pages\/493"}],"wp:attachment":[{"href":"https:\/\/wp.unil.ch\/pmp\/fr\/wp-json\/wp\/v2\/media?parent=499"}],"curies":[{"name":"wp","href":"https:\/\/api.w.org\/{rel}","templated":true}]}}