{"id":497,"date":"2014-04-22T16:19:49","date_gmt":"2014-04-22T14:19:49","guid":{"rendered":"http:\/\/wp.unil.ch\/pmp\/?page_id=497"},"modified":"2014-04-28T10:12:01","modified_gmt":"2014-04-28T08:12:01","slug":"observation-la-transmission","status":"publish","type":"page","link":"https:\/\/wp.unil.ch\/pmp\/fr\/projet\/observation-la-transmission\/","title":{"rendered":"Observer la transmission"},"content":{"rendered":"<p style=\"text-align: justify\">Des analyses ethnographiques se concentrent sur la mani\u00e8re dont les m\u00e9moires d\u2019un conflit sont produites, utilis\u00e9es et circulent au sein de communaut\u00e9s marqu\u00e9es par des conflits. La strat\u00e9gie de recherche va permettre aux chercheurs d\u2019examiner les processus par lesquels les personnes se r\u00e9f\u00e8rent aux narrations du pass\u00e9 dans leurs interactions sociales quotidiennes, mais aussi dans des campagnes politiques ou lors de rituels comm\u00e9moratifs. Les interpr\u00e9tations et les motivations des acteurs impliqu\u00e9s dans la pr\u00e9servation, circulation, l\u00e9gitimation ou marginalisation des t\u00e9moignages ou autres sources indirectes de savoir historique seront aussi questionn\u00e9es.<\/p>\n","protected":false},"excerpt":{"rendered":"<p>Des analyses ethnographiques se concentrent sur la mani\u00e8re dont les m\u00e9moires d\u2019un conflit sont produites, utilis\u00e9es et circulent au sein de communaut\u00e9s marqu\u00e9es par des conflits. La strat\u00e9gie de recherche va permettre aux chercheurs d\u2019examiner les processus par lesquels les personnes se r\u00e9f\u00e8rent aux narrations du pass\u00e9 dans leurs interactions sociales quotidiennes, mais aussi dans &hellip; <a href=\"https:\/\/wp.unil.ch\/pmp\/fr\/projet\/observation-la-transmission\/\" class=\"more-link\">Continuer la lecture de <span class=\"screen-reader-text\">Observer la transmission<\/span> <span class=\"meta-nav\">&rarr;<\/span><\/a><\/p>\n","protected":false},"author":1528,"featured_media":0,"parent":493,"menu_order":2,"comment_status":"closed","ping_status":"closed","template":"","meta":{"_seopress_robots_primary_cat":"","_seopress_titles_title":"","_seopress_titles_desc":"","_seopress_robots_index":"","footnotes":""},"class_list":["post-497","page","type-page","status-publish"],"_links":{"self":[{"href":"https:\/\/wp.unil.ch\/pmp\/fr\/wp-json\/wp\/v2\/pages\/497","targetHints":{"allow":["GET"]}}],"collection":[{"href":"https:\/\/wp.unil.ch\/pmp\/fr\/wp-json\/wp\/v2\/pages"}],"about":[{"href":"https:\/\/wp.unil.ch\/pmp\/fr\/wp-json\/wp\/v2\/types\/page"}],"author":[{"embeddable":true,"href":"https:\/\/wp.unil.ch\/pmp\/fr\/wp-json\/wp\/v2\/users\/1528"}],"replies":[{"embeddable":true,"href":"https:\/\/wp.unil.ch\/pmp\/fr\/wp-json\/wp\/v2\/comments?post=497"}],"version-history":[{"count":0,"href":"https:\/\/wp.unil.ch\/pmp\/fr\/wp-json\/wp\/v2\/pages\/497\/revisions"}],"up":[{"embeddable":true,"href":"https:\/\/wp.unil.ch\/pmp\/fr\/wp-json\/wp\/v2\/pages\/493"}],"wp:attachment":[{"href":"https:\/\/wp.unil.ch\/pmp\/fr\/wp-json\/wp\/v2\/media?parent=497"}],"curies":[{"name":"wp","href":"https:\/\/api.w.org\/{rel}","templated":true}]}}