{"id":495,"date":"2014-04-22T16:19:02","date_gmt":"2014-04-22T14:19:02","guid":{"rendered":"http:\/\/wp.unil.ch\/pmp\/?page_id=495"},"modified":"2016-08-12T13:08:50","modified_gmt":"2016-08-12T11:08:50","slug":"recueillir-des-temoignages","status":"publish","type":"page","link":"https:\/\/wp.unil.ch\/pmp\/fr\/projet\/recueillir-des-temoignages\/","title":{"rendered":"Recueillir des t\u00e9moignages"},"content":{"rendered":"<p style=\"text-align: justify\">Dans le but de pr\u00e9server des m\u00e9moires, de nouveaux t\u00e9moignages sont recueillis sur chaque site de recherche, \u00e0 travers des entretiens semi-directifs avec des personnes dispos\u00e9es \u00e0 partager leurs souvenirs personnels d\u2019\u00e9v\u00e9nements li\u00e9s aux conflits. Un effort particulier sera fait pour interviewer des personnes diff\u00e9rentes \u00e0 la fois en termes de marqueurs identitaires ayant \u00e9t\u00e9 politis\u00e9s pendant le conflit \u2013 tels que la langue ou encore la religion \u2013 mais aussi de g\u00e9n\u00e9ration, de genre et d\u2019origine sociale. Les t\u00e9moignages seront enregistr\u00e9s, retranscrits, anonymis\u00e9s, traduits et archiv\u00e9s. Afin de permettre \u00e0 de futurs usagers de comprendre les sp\u00e9cificit\u00e9s de ce nouveau corpus de t\u00e9moignages, le contexte et les conditions de leur production seront document\u00e9es avec soin du d\u00e9tail.<\/p>\n","protected":false},"excerpt":{"rendered":"<p>Dans le but de pr\u00e9server des m\u00e9moires, de nouveaux t\u00e9moignages sont recueillis sur chaque site de recherche, \u00e0 travers des entretiens semi-directifs avec des personnes dispos\u00e9es \u00e0 partager leurs souvenirs personnels d\u2019\u00e9v\u00e9nements li\u00e9s aux conflits. Un effort particulier sera fait pour interviewer des personnes diff\u00e9rentes \u00e0 la fois en termes de marqueurs identitaires ayant \u00e9t\u00e9 &hellip; <a href=\"https:\/\/wp.unil.ch\/pmp\/fr\/projet\/recueillir-des-temoignages\/\" class=\"more-link\">Continuer la lecture de <span class=\"screen-reader-text\">Recueillir des t\u00e9moignages<\/span> <span class=\"meta-nav\">&rarr;<\/span><\/a><\/p>\n","protected":false},"author":1528,"featured_media":0,"parent":493,"menu_order":1,"comment_status":"closed","ping_status":"closed","template":"","meta":{"_seopress_robots_primary_cat":"","_seopress_titles_title":"","_seopress_titles_desc":"","_seopress_robots_index":"","footnotes":""},"class_list":["post-495","page","type-page","status-publish"],"_links":{"self":[{"href":"https:\/\/wp.unil.ch\/pmp\/fr\/wp-json\/wp\/v2\/pages\/495","targetHints":{"allow":["GET"]}}],"collection":[{"href":"https:\/\/wp.unil.ch\/pmp\/fr\/wp-json\/wp\/v2\/pages"}],"about":[{"href":"https:\/\/wp.unil.ch\/pmp\/fr\/wp-json\/wp\/v2\/types\/page"}],"author":[{"embeddable":true,"href":"https:\/\/wp.unil.ch\/pmp\/fr\/wp-json\/wp\/v2\/users\/1528"}],"replies":[{"embeddable":true,"href":"https:\/\/wp.unil.ch\/pmp\/fr\/wp-json\/wp\/v2\/comments?post=495"}],"version-history":[{"count":0,"href":"https:\/\/wp.unil.ch\/pmp\/fr\/wp-json\/wp\/v2\/pages\/495\/revisions"}],"up":[{"embeddable":true,"href":"https:\/\/wp.unil.ch\/pmp\/fr\/wp-json\/wp\/v2\/pages\/493"}],"wp:attachment":[{"href":"https:\/\/wp.unil.ch\/pmp\/fr\/wp-json\/wp\/v2\/media?parent=495"}],"curies":[{"name":"wp","href":"https:\/\/api.w.org\/{rel}","templated":true}]}}