{"id":493,"date":"2014-04-22T16:17:58","date_gmt":"2014-04-22T14:17:58","guid":{"rendered":"http:\/\/wp.unil.ch\/pmp\/?page_id=493"},"modified":"2014-04-22T16:23:53","modified_gmt":"2014-04-22T14:23:53","slug":"projet","status":"publish","type":"page","link":"https:\/\/wp.unil.ch\/pmp\/fr\/projet\/","title":{"rendered":"Projet"},"content":{"rendered":"<p>Le Projet des M\u00e9moires Plurielles est centr\u00e9 autour de six activit\u00e9s principales:<\/p>\n<p><a title=\"Recueillir des t\u00e9moignages\" href=\"https:\/\/wp.unil.ch\/pmp\/fr\/projet\/recueillir-des-temoignages\/\">Recueillir des t\u00e9moignages<\/a><\/p>\n<p><a title=\"Observation la transmission\" href=\"https:\/\/wp.unil.ch\/pmp\/fr\/projet\/observation-la-transmission\/\">Observer la transmission<\/a><\/p>\n<p><a title=\"Promouvoir la r\u00e9silience\" href=\"https:\/\/wp.unil.ch\/pmp\/fr\/projet\/promouvoir-la-resilience\/\">Promouvoir la r\u00e9silience<\/a><\/p>\n<p><a title=\"Documenter le changement\" href=\"https:\/\/wp.unil.ch\/pmp\/fr\/projet\/documenter-le-changement\/\">Documenter le changement<\/a><\/p>\n<p><a title=\"Former des chercheurs\" href=\"https:\/\/wp.unil.ch\/pmp\/fr\/projet\/former-des-chercheurs\/\">Former des chercheurs<\/a><\/p>\n<p><a title=\"Archiver des m\u00e9moires\" href=\"https:\/\/wp.unil.ch\/pmp\/fr\/projet\/archiver-des-memoires\/\">Archiver des m\u00e9moires<\/a><\/p>\n","protected":false},"excerpt":{"rendered":"<p>Le Projet des M\u00e9moires Plurielles est centr\u00e9 autour de six activit\u00e9s principales: Recueillir des t\u00e9moignages Observer la transmission Promouvoir la r\u00e9silience Documenter le changement Former des chercheurs Archiver des m\u00e9moires<\/p>\n","protected":false},"author":1528,"featured_media":0,"parent":0,"menu_order":2,"comment_status":"closed","ping_status":"closed","template":"","meta":{"_seopress_robots_primary_cat":"","_seopress_titles_title":"","_seopress_titles_desc":"","_seopress_robots_index":"","footnotes":""},"class_list":["post-493","page","type-page","status-publish"],"_links":{"self":[{"href":"https:\/\/wp.unil.ch\/pmp\/fr\/wp-json\/wp\/v2\/pages\/493","targetHints":{"allow":["GET"]}}],"collection":[{"href":"https:\/\/wp.unil.ch\/pmp\/fr\/wp-json\/wp\/v2\/pages"}],"about":[{"href":"https:\/\/wp.unil.ch\/pmp\/fr\/wp-json\/wp\/v2\/types\/page"}],"author":[{"embeddable":true,"href":"https:\/\/wp.unil.ch\/pmp\/fr\/wp-json\/wp\/v2\/users\/1528"}],"replies":[{"embeddable":true,"href":"https:\/\/wp.unil.ch\/pmp\/fr\/wp-json\/wp\/v2\/comments?post=493"}],"version-history":[{"count":0,"href":"https:\/\/wp.unil.ch\/pmp\/fr\/wp-json\/wp\/v2\/pages\/493\/revisions"}],"wp:attachment":[{"href":"https:\/\/wp.unil.ch\/pmp\/fr\/wp-json\/wp\/v2\/media?parent=493"}],"curies":[{"name":"wp","href":"https:\/\/api.w.org\/{rel}","templated":true}]}}