{"id":1217,"date":"2020-02-28T16:28:59","date_gmt":"2020-02-28T15:28:59","guid":{"rendered":"http:\/\/wp.unil.ch\/pmp\/news\/"},"modified":"2020-04-11T09:38:53","modified_gmt":"2020-04-11T07:38:53","slug":"news","status":"publish","type":"page","link":"https:\/\/wp.unil.ch\/pmp\/fr\/news\/","title":{"rendered":"News"},"content":{"rendered":"<p><strong>Pluralistic memories project&rsquo;s data has been published!<\/strong> 25 published datasets can be find in <a href=\"https:\/\/forsbase.unil.ch\/project\/study-public-overview\/16859\/2\/\">FORS base<\/a><\/p>\n<p><strong>Project publications<\/strong> are available at: <a href=\"https:\/\/p3.snf.ch\/Project-171188\">P3 SNSF<\/a><\/p>\n<p>Special Thematic Section on \u00ab\u00a0<strong>Multiple Perspectives in Conflict Settings: From Diversity to Pluralism<\/strong>\u00a0\u00bb in the <em>Journal of Social and Political Psychology<\/em><\/p>\n<p><a href=\"https:\/\/jspp.psychopen.eu\/article\/view\/1333\">Multiple Perspectives in Conflict Settings: An Introduction<\/a><br \/>\nGuy Elcheroth, Sandra Penic, Ramila Usoof, Steve Reicher <\/p>\n<p><a href=\"https:\/\/jspp.psychopen.eu\/article\/view\/854\">Village Guards as \u201cIn Between\u201d in the Turkish-Kurdish Conflict: Re-Examining Identity and Position in Intergroup Conflict<\/a><br \/>\nYasemin G\u00fcls\u00fcm Acar <\/p>\n<p><a href=\"https:\/\/jspp.psychopen.eu\/article\/view\/864\">Concealing Former Identity to Be Accepted After the Demobilization Process in Colombia: A Real Reintegration in a Post Conflict Scenario?<\/a><br \/>\nOdile Cu\u00e9noud Gonz\u00e1lez, Alain Cl\u00e9mence <\/p>\n<p><a href=\"https:\/\/jspp.psychopen.eu\/article\/view\/852\">Working Together, Living Together: Jewish and Palestinian Citizens of Israel Crossing Imagined Group Boundaries<\/a><br \/>\nCathy Nicholson <\/p>\n<p><a href=\"https:\/\/jspp.psychopen.eu\/article\/view\/877\">Support for \u00ab\u00a0Normalization\u00a0\u00bb of Relations Between Palestinians and Israelis, and how It Relates to Contact and Resistance in the West Bank<\/a><br \/>\nMai Albzour, Sandra Penic, Randa Nasser, Eva G. T. Green <\/p>\n<p><a href=\"https:\/\/jspp.psychopen.eu\/article\/view\/869\">Leadership Strategies of Mobilisation and Demobilisation in Sudan<\/a><br \/>\nSigrun Marie Moss<\/p>\n<p><a href=\"https:\/\/jspp.psychopen.eu\/article\/view\/865\">The Role of Identity Transformations in Comparative Victim Beliefs? Evidence From South Sudanese Diaspora<\/a><br \/>\nMichelle Sinayobye Twali<\/p>\n<p><a href=\"https:\/\/jspp.psychopen.eu\/article\/view\/850\">\u2018Two Homes, Refugees in Both\u2019: Contesting Frameworks \u2013 The Case of the Northern Muslims of Sri Lanka<\/a><br \/>\nEsther Surenthiraraj, Neloufer De Mel<\/p>\n<p><a href=\"https:\/\/jspp.psychopen.eu\/article\/view\/867\">Preferences for Different Representations of Colonial History in a Canadian Urban Indigenous Community<\/a><br \/>\nScott D. Neufeld, Michael T. Schmitt <\/p>\n","protected":false},"excerpt":{"rendered":"<p>Pluralistic memories project&rsquo;s data has been published! 25 published datasets can be find in FORS base Project publications are available at: P3 SNSF Special Thematic Section on \u00ab\u00a0Multiple Perspectives in Conflict Settings: From Diversity to Pluralism\u00a0\u00bb in the Journal of Social and Political Psychology Multiple Perspectives in Conflict Settings: An Introduction Guy Elcheroth, Sandra Penic, &hellip; <a href=\"https:\/\/wp.unil.ch\/pmp\/fr\/news\/\" class=\"more-link\">Continuer la lecture de <span class=\"screen-reader-text\">News<\/span> <span class=\"meta-nav\">&rarr;<\/span><\/a><\/p>\n","protected":false},"author":1528,"featured_media":0,"parent":0,"menu_order":0,"comment_status":"closed","ping_status":"closed","template":"","meta":{"_seopress_robots_primary_cat":"","_seopress_titles_title":"","_seopress_titles_desc":"","_seopress_robots_index":"","footnotes":""},"class_list":["post-1217","page","type-page","status-publish"],"_links":{"self":[{"href":"https:\/\/wp.unil.ch\/pmp\/fr\/wp-json\/wp\/v2\/pages\/1217","targetHints":{"allow":["GET"]}}],"collection":[{"href":"https:\/\/wp.unil.ch\/pmp\/fr\/wp-json\/wp\/v2\/pages"}],"about":[{"href":"https:\/\/wp.unil.ch\/pmp\/fr\/wp-json\/wp\/v2\/types\/page"}],"author":[{"embeddable":true,"href":"https:\/\/wp.unil.ch\/pmp\/fr\/wp-json\/wp\/v2\/users\/1528"}],"replies":[{"embeddable":true,"href":"https:\/\/wp.unil.ch\/pmp\/fr\/wp-json\/wp\/v2\/comments?post=1217"}],"version-history":[{"count":0,"href":"https:\/\/wp.unil.ch\/pmp\/fr\/wp-json\/wp\/v2\/pages\/1217\/revisions"}],"wp:attachment":[{"href":"https:\/\/wp.unil.ch\/pmp\/fr\/wp-json\/wp\/v2\/media?parent=1217"}],"curies":[{"name":"wp","href":"https:\/\/api.w.org\/{rel}","templated":true}]}}