{"id":6,"date":"2019-11-28T16:00:19","date_gmt":"2019-11-28T15:00:19","guid":{"rendered":"http:\/\/wp.unil.ch\/modele\/?page_id=6"},"modified":"2025-06-21T18:04:28","modified_gmt":"2025-06-21T16:04:28","slug":"home","status":"publish","type":"page","link":"https:\/\/wp.unil.ch\/plateforme-paysage\/","title":{"rendered":"Plateforme Paysage"},"content":{"rendered":"\n<div class=\"wp-block-columns alignwide is-layout-flex wp-container-core-columns-is-layout-9d6595d7 wp-block-columns-is-layout-flex\">\n<div class=\"wp-block-column is-layout-flow wp-block-column-is-layout-flow\" style=\"flex-basis:100%\">\n<p>Le paysage, dont le terme \u2013 \u00e9minemment polys\u00e9mique \u2013 recouvre des champs d\u2019\u00e9tudes tr\u00e8s divers, est depuis une vingtaine d\u2019ann\u00e9es l\u2019objet de nombreux travaux au sein de l\u2019Universit\u00e9 de Lausanne. Interdisciplinaire et touchant plusieurs facult\u00e9s, le paysage et ses diff\u00e9rentes acceptions int\u00e9ressent des chercheuses et chercheurs qui probl\u00e9matisent entre autres certains enjeux soci\u00e9taux, politiques et environnementaux devenus cruciaux ces derni\u00e8res ann\u00e9es.<\/p>\n\n\n\n<p>Sous l&rsquo;impulsion des professeurs Philippe Kaenel (Lettres, Histoire de l\u2019art), Nelly Valsangiacomo (Lettres, Histoire) et Emmanuel Reynard (FGSE, G\u00e9ographie), le <a href=\"https:\/\/www.unil.ch\/shc\/home.html\" target=\"_blank\" rel=\"noreferrer noopener\">Centre des Sciences historiques de la culture<\/a> et le <a href=\"https:\/\/www.unil.ch\/centre-montagne\/fr\/home.html\" target=\"_blank\" rel=\"noreferrer noopener\">Centre interdisciplinaire de recherche sur la montagne<\/a> souhaitent donner aujourd\u2019hui davantage de visibilit\u00e9 \u00e0 ces initiatives, cr\u00e9er des synergies et susciter de nouveaux projets de recherche sur la th\u00e9matique (<a href=\"https:\/\/www.unil.ch\/news\/1750408189192\">d\u00e9couvrir les projets interfacultaires chapeaut\u00e9s par le CIRM<\/a>). Cette Plateforme Paysage est aujourd&rsquo;hui coordonn\u00e9e par B\u00e9atrice Lovis, chercheuse SHC, et La\u00efla Houlmann, assistante-doctorante SHC.<\/p>\n\n\n\n<h4 class=\"wp-block-heading\">La recherche jusqu\u2019\u00e0 ce jour<\/h4>\n\n\n\n<p>Depuis les ann\u00e9es 2000, un p\u00f4le de recherche important s\u2019est d\u00e9velopp\u00e9 \u00e0 l&rsquo;Universit\u00e9 de Lausanne sur le th\u00e8me de la montagne, un \u00e9l\u00e9ment constitutif du territoire suisse. Soutenu par le Fonds national suisse, puis h\u00e9berg\u00e9 en Facult\u00e9 des lettres au sein du Centre des Sciences historiques de la culture (ci-apr\u00e8s SHC), le projet de recherche <a href=\"https:\/\/www.unil.ch\/viaticalpes\/home.html\" target=\"_blank\" rel=\"noreferrer noopener\">Viaticalpes<\/a> s\u2019est centr\u00e9 sur l\u2019histoire culturelle des voyages en Suisse et dans les Alpes. Dirig\u00e9 par Claude Reichler, professeur de litt\u00e9rature fran\u00e7aise, et l&rsquo;historienne Daniela Vaj jusqu\u2019\u00e0 son terme en 2020, ce projet a recens\u00e9 les livres illustr\u00e9s de voyages dans les Alpes, parus entre le XVI<sup>e<\/sup>&nbsp;et le d\u00e9but du XX<sup>e<\/sup>&nbsp;si\u00e8cle. La cr\u00e9ation d&rsquo;une base de donn\u00e9es d\u2019images viatiques a entre autres permis de recenser et de num\u00e9riser plus de 3000 gravures et photographies (d\u00e9crites, index\u00e9es et g\u00e9olocalis\u00e9es). <a href=\"https:\/\/catima.unil.ch\/viatimages\/fr\" target=\"_blank\" rel=\"noreferrer noopener\">Viatimages<\/a> est aujourd\u2019hui l\u2019une des plus importantes bases en Lettres et l\u2019une de ses vitrines les plus visit\u00e9es. D\u2019autre part, la Facult\u00e9 des g\u00e9osciences et de l\u2019environnement a \u00e9t\u00e9 tr\u00e8s active par le biais de ses instituts et observatoires (Institut de g\u00e9ographie et durabilit\u00e9&nbsp;; Observatoire universitaire de la ville et du d\u00e9veloppement durable&nbsp;; Institut des dynamiques de la surface terrestre, notamment). En 2018, le Centre interdisciplinaire de recherche sur la montagne (ci-apr\u00e8s CIRM) a \u00e9t\u00e9 cr\u00e9\u00e9 afin de renforcer les connaissances sur les probl\u00e9matiques sp\u00e9cifiques aux r\u00e9gions de montagne (r\u00e9chauffement climatique, vuln\u00e9rabilit\u00e9 \u00e9conomique, am\u00e9nagement du territoire, etc.). H\u00e9berg\u00e9 en FGSE, mais rattach\u00e9 \u00e0 cinq facult\u00e9s, ce centre est dirig\u00e9 par le Prof. Emmanuel Reynard.<\/p>\n\n\n\n<h4 class=\"wp-block-heading\">Une plateforme consacr\u00e9e \u00e0 la question du paysage<\/h4>\n\n\n\n<p>Afin de prolonger le projet Viaticalpes et pour ouvrir plus largement la th\u00e9matique \u00e0 d\u2019autres champs de recherche, cette plateforme a \u00e9t\u00e9 cr\u00e9\u00e9e au printemps 2022. Elle vise, d&rsquo;une part, \u00e0 valoriser les initiatives individuelles sur la th\u00e9matique du paysage au sein de l&rsquo;UNIL en les r\u00e9unissant sur un portail commun ainsi qu&rsquo;\u00e0 mettre \u00e0 disposition des chercheuses et des chercheurs des bases de donn\u00e9es relatives au paysage. D&rsquo;autre part, ce projet d\u00e9veloppe des activit\u00e9s d&rsquo;enseignement et met sur pied divers \u00e9v\u00e9nements sur le paysage (colloques, conf\u00e9rences, etc.). Des collaborations pourront \u00eatre nourries avec d\u2019autres institutions du canton de Vaud ou de la Suisse romande (EPFL, universit\u00e9s, \u00e9coles professionnelles, \u00e9coles d\u2019art, mus\u00e9es) et des associations de protection du paysage, \u00e0 l&rsquo;exemple de <a href=\"https:\/\/www.patrimoinesuisse.ch\/\" target=\"_blank\" rel=\"noreferrer noopener\">Patrimoine suisse<\/a> et de la <a href=\"https:\/\/www.sl-fp.ch\/fr\/fondation-suisse-pour-la-protection-et-lramenagement-du-paysage-2.html\" target=\"_blank\" rel=\"noreferrer noopener\">Fondation suisse pour la protection et l\u2019am\u00e9nagement du paysage<\/a>.<\/p>\n\n\n\n<p class=\"has-small-font-size\" id=\"block-c6c6fcbc-4144-42c9-ad18-a74c58759e61\">Cr\u00e9dits de la photo: Fran\u00e7ois Bocion, <em><a href=\"https:\/\/www.mcba.ch\/collection\/bocion-et-sa-famille-a-la-peche-1877-2\/\" target=\"_blank\" rel=\"noreferrer noopener\">Bocion et sa famille \u00e0 la p\u00eache (sur le L\u00e9man)<\/a><\/em>, huile sur bois, 1877. Mus\u00e9e cantonal des Beaux-Arts, Lausanne.<\/p>\n<\/div>\n<\/div>\n\n\n\n<div class=\"wp-block-group\"><div class=\"wp-block-group__inner-container is-layout-flow wp-block-group-is-layout-flow\"><ul class=\"wp-block-latest-posts__list is-grid columns-3 has-dates alignwide wp-block-latest-posts\"><li><div class=\"wp-block-latest-posts__featured-image\"><a href=\"https:\/\/wp.unil.ch\/plateforme-paysage\/actualites\/2025\/1893\/\" aria-label=\"\u00ab\u00a0In Luftiger H\u00f6he &#8211; L&rsquo;air des Alpes\u00a0\u00bb. Journ\u00e9e internationale de la montagne, 11 d\u00e9cembre 2025, Berne\"><img loading=\"lazy\" decoding=\"async\" width=\"300\" height=\"180\" src=\"https:\/\/wp.unil.ch\/plateforme-paysage\/files\/2025\/12\/2025-actualite-lair-des-alpes-300x180.png\" class=\"attachment-medium size-medium wp-post-image\" alt=\"2025 actualite\u0301 l&#039;air des alpes\" style=\"\" srcset=\"https:\/\/wp.unil.ch\/plateforme-paysage\/files\/2025\/12\/2025-actualite-lair-des-alpes-300x180.png 300w, https:\/\/wp.unil.ch\/plateforme-paysage\/files\/2025\/12\/2025-actualite-lair-des-alpes-768x462.png 768w, https:\/\/wp.unil.ch\/plateforme-paysage\/files\/2025\/12\/2025-actualite-lair-des-alpes-540x325.png 540w, https:\/\/wp.unil.ch\/plateforme-paysage\/files\/2025\/12\/2025-actualite-lair-des-alpes.png 908w\" sizes=\"auto, (max-width: 300px) 100vw, 300px\" \/><\/a><\/div><a class=\"wp-block-latest-posts__post-title\" href=\"https:\/\/wp.unil.ch\/plateforme-paysage\/actualites\/2025\/1893\/\">\u00ab\u00a0In Luftiger H\u00f6he &#8211; L&rsquo;air des Alpes\u00a0\u00bb. Journ\u00e9e internationale de la montagne, 11 d\u00e9cembre 2025, Berne<\/a><time datetime=\"2025-12-09T09:06:12+01:00\" class=\"wp-block-latest-posts__post-date\">9 d\u00e9cembre 2025<\/time><div class=\"wp-block-latest-posts__post-excerpt\">ALPS Mus\u00e9e Alpin Suisse, Helvetiaplatz 4, Berne. Pr\u00e9sentations en images fulgurantes \u00e0 l&rsquo;occasion de la Journ\u00e9e internationale de la montagne Qu&rsquo;il soit doux, curatif ou temp\u00eatueux, l&rsquo;air est invisible et pourtant omnipr\u00e9sent. Dans de courtes&hellip;<\/div><\/li>\n<li><div class=\"wp-block-latest-posts__featured-image\"><a href=\"https:\/\/wp.unil.ch\/plateforme-paysage\/actualites\/2025\/1884\/\" aria-label=\"Conf\u00e9rence de Lorette Coen, 10 d\u00e9cembre 2025\"><img loading=\"lazy\" decoding=\"async\" width=\"300\" height=\"225\" src=\"https:\/\/wp.unil.ch\/plateforme-paysage\/files\/2025\/11\/2025.12.10-conference-lorette-coen-300x225.jpeg\" class=\"attachment-medium size-medium wp-post-image\" alt=\"2025.12.10 conference lorette coen\" style=\"\" srcset=\"https:\/\/wp.unil.ch\/plateforme-paysage\/files\/2025\/11\/2025.12.10-conference-lorette-coen-300x225.jpeg 300w, https:\/\/wp.unil.ch\/plateforme-paysage\/files\/2025\/11\/2025.12.10-conference-lorette-coen-1024x768.jpeg 1024w, https:\/\/wp.unil.ch\/plateforme-paysage\/files\/2025\/11\/2025.12.10-conference-lorette-coen-768x576.jpeg 768w, https:\/\/wp.unil.ch\/plateforme-paysage\/files\/2025\/11\/2025.12.10-conference-lorette-coen-1536x1152.jpeg 1536w, https:\/\/wp.unil.ch\/plateforme-paysage\/files\/2025\/11\/2025.12.10-conference-lorette-coen-1120x840.jpeg 1120w, https:\/\/wp.unil.ch\/plateforme-paysage\/files\/2025\/11\/2025.12.10-conference-lorette-coen-540x405.jpeg 540w, https:\/\/wp.unil.ch\/plateforme-paysage\/files\/2025\/11\/2025.12.10-conference-lorette-coen-1080x810.jpeg 1080w, https:\/\/wp.unil.ch\/plateforme-paysage\/files\/2025\/11\/2025.12.10-conference-lorette-coen.jpeg 1600w\" sizes=\"auto, (max-width: 300px) 100vw, 300px\" \/><\/a><\/div><a class=\"wp-block-latest-posts__post-title\" href=\"https:\/\/wp.unil.ch\/plateforme-paysage\/actualites\/2025\/1884\/\">Conf\u00e9rence de Lorette Coen, 10 d\u00e9cembre 2025<\/a><time datetime=\"2025-11-17T14:17:12+01:00\" class=\"wp-block-latest-posts__post-date\">17 novembre 2025<\/time><div class=\"wp-block-latest-posts__post-excerpt\">\u00ab\u00a0Interroger le monde par le jardin\u00a0\u00bb A la fois journaliste, auteure, critique d\u2019art et commissaire d\u2019exposition, Lorette Coen a cofond\u00e9 la manifestation Lausanne Jardins et assum\u00e9 le commissariat des deux premi\u00e8res \u00e9ditions (1997, 2000). Elle&hellip;<\/div><\/li>\n<li><div class=\"wp-block-latest-posts__featured-image\"><a href=\"https:\/\/wp.unil.ch\/plateforme-paysage\/actualites\/2025\/1824\/\" aria-label=\"Colloque \u00ab\u00a0Les glaciers. Un bien culturel dans un contexte de changement climatique\u00a0\u00bb, 6 novembre 2025, Arsenaux, Sion\"><img loading=\"lazy\" decoding=\"async\" width=\"300\" height=\"211\" src=\"https:\/\/wp.unil.ch\/plateforme-paysage\/files\/2025\/09\/glacier-du-rhone-1895-eth-library-zurich-300x211.png\" class=\"attachment-medium size-medium wp-post-image\" alt=\"ACTUALITE 2025 - glacier du Rho\u0302ne, 1895, eth library zu\u0308rich\" style=\"\" srcset=\"https:\/\/wp.unil.ch\/plateforme-paysage\/files\/2025\/09\/glacier-du-rhone-1895-eth-library-zurich-300x211.png 300w, https:\/\/wp.unil.ch\/plateforme-paysage\/files\/2025\/09\/glacier-du-rhone-1895-eth-library-zurich-768x541.png 768w, https:\/\/wp.unil.ch\/plateforme-paysage\/files\/2025\/09\/glacier-du-rhone-1895-eth-library-zurich-540x381.png 540w, https:\/\/wp.unil.ch\/plateforme-paysage\/files\/2025\/09\/glacier-du-rhone-1895-eth-library-zurich.png 908w\" sizes=\"auto, (max-width: 300px) 100vw, 300px\" \/><\/a><\/div><a class=\"wp-block-latest-posts__post-title\" href=\"https:\/\/wp.unil.ch\/plateforme-paysage\/actualites\/2025\/1824\/\">Colloque \u00ab\u00a0Les glaciers. Un bien culturel dans un contexte de changement climatique\u00a0\u00bb, 6 novembre 2025, Arsenaux, Sion<\/a><time datetime=\"2025-09-02T09:26:00+02:00\" class=\"wp-block-latest-posts__post-date\">2 septembre 2025<\/time><div class=\"wp-block-latest-posts__post-excerpt\">\u00ab Les Nations Unies ont d\u00e9sign\u00e9 2025 comme l&rsquo;Ann\u00e9e internationale de la pr\u00e9servation des glaciers pour souligner l&rsquo;importance des glaciers et veiller \u00e0 ce que ceux qui en d\u00e9pendent, ainsi que ceux touch\u00e9s par les&hellip;<\/div><\/li>\n<\/ul><\/div><\/div>\n","protected":false},"excerpt":{"rendered":"<p>Le paysage, dont le terme \u2013 \u00e9minemment polys\u00e9mique \u2013 recouvre des champs d\u2019\u00e9tudes tr\u00e8s divers, est depuis une vingtaine d\u2019ann\u00e9es l\u2019objet de nombreux travaux au sein de l\u2019Universit\u00e9&hellip;<\/p>\n","protected":false},"author":108,"featured_media":1329,"parent":0,"menu_order":0,"comment_status":"closed","ping_status":"closed","template":"template-full-width-cover.php","meta":{"_seopress_robots_primary_cat":"","_seopress_titles_title":"","_seopress_titles_desc":"","_seopress_robots_index":"","footnotes":""},"class_list":["post-6","page","type-page","status-publish","has-post-thumbnail"],"_links":{"self":[{"href":"https:\/\/wp.unil.ch\/plateforme-paysage\/wp-json\/wp\/v2\/pages\/6","targetHints":{"allow":["GET"]}}],"collection":[{"href":"https:\/\/wp.unil.ch\/plateforme-paysage\/wp-json\/wp\/v2\/pages"}],"about":[{"href":"https:\/\/wp.unil.ch\/plateforme-paysage\/wp-json\/wp\/v2\/types\/page"}],"author":[{"embeddable":true,"href":"https:\/\/wp.unil.ch\/plateforme-paysage\/wp-json\/wp\/v2\/users\/108"}],"replies":[{"embeddable":true,"href":"https:\/\/wp.unil.ch\/plateforme-paysage\/wp-json\/wp\/v2\/comments?post=6"}],"version-history":[{"count":4,"href":"https:\/\/wp.unil.ch\/plateforme-paysage\/wp-json\/wp\/v2\/pages\/6\/revisions"}],"predecessor-version":[{"id":1762,"href":"https:\/\/wp.unil.ch\/plateforme-paysage\/wp-json\/wp\/v2\/pages\/6\/revisions\/1762"}],"wp:featuredmedia":[{"embeddable":true,"href":"https:\/\/wp.unil.ch\/plateforme-paysage\/wp-json\/wp\/v2\/media\/1329"}],"wp:attachment":[{"href":"https:\/\/wp.unil.ch\/plateforme-paysage\/wp-json\/wp\/v2\/media?parent=6"}],"curies":[{"name":"wp","href":"https:\/\/api.w.org\/{rel}","templated":true}]}}