{"id":250,"date":"2022-03-28T14:49:39","date_gmt":"2022-03-28T12:49:39","guid":{"rendered":"https:\/\/wp.unil.ch\/plateforme-paysage\/?page_id=250"},"modified":"2025-03-10T12:58:33","modified_gmt":"2025-03-10T11:58:33","slug":"equipe","status":"publish","type":"page","link":"https:\/\/wp.unil.ch\/plateforme-paysage\/equipe\/","title":{"rendered":"\u00c9quipe Paysage"},"content":{"rendered":"\n<div class=\"wp-block-columns alignwide is-layout-flex wp-container-core-columns-is-layout-9d6595d7 wp-block-columns-is-layout-flex\">\n<div class=\"wp-block-column is-layout-flow wp-block-column-is-layout-flow\"><div class=\"wp-block-image team-photo\">\n<figure class=\"aligncenter size-large is-resized\"><img alt=\"\" loading=\"lazy\" decoding=\"async\" width=\"513\" height=\"510\" src=\"https:\/\/wp.unil.ch\/plateforme-paysage\/files\/2022\/04\/Reynard-rond.jpg\" alt=\"\" class=\"wp-image-485\" style=\"width:250px;height:250px\" srcset=\"https:\/\/wp.unil.ch\/plateforme-paysage\/files\/2022\/04\/Reynard-rond.jpg 513w, https:\/\/wp.unil.ch\/plateforme-paysage\/files\/2022\/04\/Reynard-rond-300x298.jpg 300w, https:\/\/wp.unil.ch\/plateforme-paysage\/files\/2022\/04\/Reynard-rond-150x150.jpg 150w\" sizes=\"auto, (max-width: 513px) 100vw, 513px\" \/><\/figure>\n<\/div>\n\n\n<p class=\"has-text-align-center\"><strong>Emmanuel Reynard<\/strong> est professeur \u00e0 la Facult\u00e9 des g\u00e9osciences et de l&rsquo;environnement \u00e0 l&rsquo;Unil et membre du <a href=\"https:\/\/www.unil.ch\/centre-montagne\/fr\/home.html\" target=\"_blank\" rel=\"noreferrer noopener\">CIRM<\/a>. Il appr\u00e9hende le paysage sous diff\u00e9rents angles\u00a0: la g\u00e9omorphologie, les formes du relief constituant souvent l\u2019armature du paysage, notamment dans les r\u00e9gions de montagne\u00a0; les prestations paysag\u00e8res, les paysages de qualit\u00e9 \u00e9tant b\u00e9n\u00e9fiques pour la soci\u00e9t\u00e9\u00a0; la g\u00e9ohistoire, la reconstitution cartographique des transformations du paysage \u00e9tant utilis\u00e9e pour \u00ab\u00a0mesurer\u00a0\u00bb les changements.<\/p>\n<\/div>\n\n\n\n<div class=\"wp-block-column is-layout-flow wp-block-column-is-layout-flow\"><div class=\"wp-block-image team-photo\">\n<figure class=\"aligncenter size-large is-resized\"><img alt=\"\" loading=\"lazy\" decoding=\"async\" width=\"326\" height=\"328\" src=\"https:\/\/wp.unil.ch\/plateforme-paysage\/files\/2022\/04\/Valsangiacomo-rond.jpg\" alt=\"\" class=\"wp-image-484\" style=\"width:250px;height:250px\" srcset=\"https:\/\/wp.unil.ch\/plateforme-paysage\/files\/2022\/04\/Valsangiacomo-rond.jpg 326w, https:\/\/wp.unil.ch\/plateforme-paysage\/files\/2022\/04\/Valsangiacomo-rond-298x300.jpg 298w, https:\/\/wp.unil.ch\/plateforme-paysage\/files\/2022\/04\/Valsangiacomo-rond-150x150.jpg 150w\" sizes=\"auto, (max-width: 326px) 100vw, 326px\" \/><\/figure>\n<\/div>\n\n\n<p class=\"has-text-align-center\"><strong>Nelly Valsangiacomo<\/strong> est professeure d\u2019histoire contemporaine \u00e0 la Facult\u00e9 des lettres de l\u2019Unil et membre du bureau du\u00a0<a href=\"https:\/\/www.unil.ch\/shc\/fr\/home.html\" target=\"_blank\" rel=\"noreferrer noopener\">Centre SHC<\/a>. Ses domaines de pr\u00e9dilection sont l\u2019histoire sociale et culturelle suisses et du territoire alpin, l\u2019italianit\u00e9, les m\u00e9dias et les sources audiovisuelles, ainsi que l\u2019histoire des sonorit\u00e9s. Ses recherches actuelles portent sur les sonorit\u00e9s dans l\u2019espace alpin. Elle a coordonn\u00e9 deux ouvrages \u00e0 ce sujet. Dans le cadre du projet <em><a href=\"https:\/\/wp.unil.ch\/herens\/\" target=\"_blank\" rel=\"noreferrer noopener\">Val d&rsquo;H\u00e9rens 1950-2050<\/a><\/em>, elle collabore \u00e0 l&rsquo;\u00e9tude <a href=\"https:\/\/wp.unil.ch\/herens\/herison\/\" target=\"_blank\" rel=\"noreferrer noopener\">H\u00e9rISon<\/a> et r\u00e9fl\u00e9chit sur les environnements sonores.<\/p>\n<\/div>\n\n\n\n<div class=\"wp-block-column is-layout-flow wp-block-column-is-layout-flow\"><div class=\"wp-block-image team-photo\">\n<figure class=\"aligncenter size-full is-resized\"><img alt=\"\" loading=\"lazy\" decoding=\"async\" width=\"336\" height=\"336\" src=\"https:\/\/wp.unil.ch\/plateforme-paysage\/files\/2022\/04\/Kaenel-rond.png\" alt=\"\" class=\"wp-image-482\" style=\"width:250px;height:250px\" srcset=\"https:\/\/wp.unil.ch\/plateforme-paysage\/files\/2022\/04\/Kaenel-rond.png 336w, https:\/\/wp.unil.ch\/plateforme-paysage\/files\/2022\/04\/Kaenel-rond-300x300.png 300w, https:\/\/wp.unil.ch\/plateforme-paysage\/files\/2022\/04\/Kaenel-rond-150x150.png 150w\" sizes=\"auto, (max-width: 336px) 100vw, 336px\" \/><\/figure>\n<\/div>\n\n\n<p class=\"has-text-align-center\"><strong>Philippe Kaenel<\/strong> est professeur d&rsquo;histoire de l&rsquo;art \u00e0 la Facult\u00e9 des lettres de l&rsquo;Unil. Ses travaux portent sur les arts graphiques (illustration, caricature, bande dessin\u00e9e, affiche, photographie) ainsi que sur la th\u00e9orie de l\u2019art, la critique et sur l\u2019art contemporain, notamment l\u2019art religieux et l&rsquo;art suisse (Rodolphe T\u00f6pffer, Eug\u00e8ne Burnand, Th\u00e9ophile-Alexandre Steinlen, Marius Borgeaud, etc.). Il a publi\u00e9 une <em>Histoire de la caricature en Suisse<\/em> (Lausanne, PPUR, coll. \u00ab Le Savoir suisse \u00bb, 2018). Il est notamment membre du conseil de la Fondation Ateliers d&rsquo;artiste.<\/p>\n<\/div>\n<\/div>\n\n\n\n<div class=\"wp-block-columns alignwide is-layout-flex wp-container-core-columns-is-layout-9d6595d7 wp-block-columns-is-layout-flex\">\n<div class=\"wp-block-column is-layout-flow wp-block-column-is-layout-flow\"><div class=\"wp-block-image team-photo\">\n<figure class=\"aligncenter size-large is-resized\"><img alt=\"\" loading=\"lazy\" decoding=\"async\" width=\"450\" height=\"450\" src=\"https:\/\/wp.unil.ch\/plateforme-paysage\/files\/2022\/04\/Lovis-rond.png\" alt=\"\" class=\"wp-image-486\" style=\"width:250px;height:250px\" srcset=\"https:\/\/wp.unil.ch\/plateforme-paysage\/files\/2022\/04\/Lovis-rond.png 450w, https:\/\/wp.unil.ch\/plateforme-paysage\/files\/2022\/04\/Lovis-rond-300x300.png 300w, https:\/\/wp.unil.ch\/plateforme-paysage\/files\/2022\/04\/Lovis-rond-150x150.png 150w\" sizes=\"auto, (max-width: 450px) 100vw, 450px\" \/><\/figure>\n<\/div>\n\n\n<p class=\"has-text-align-center\"><strong><strong>B\u00e9atrice Lovis<\/strong> <\/strong>est licenci\u00e9e en histoire de l&rsquo;art et docteure en litt\u00e9rature fran\u00e7aise. Charg\u00e9e de recherche au sein du Centre SHC, elle coordonne la base de donn\u00e9es Lumi\u00e8res.Lausanne et la plateforme Paysage. Ses recherches portent sur le th\u00e9\u00e2tre dans le Pays de Vaud, sur l&rsquo;\u00e9criture f\u00e9minine et les \u00e9crits personnels au XVIIIe si\u00e8cle. De 2017 \u00e0 2023, elle a pr\u00e9sid\u00e9 la section vaudoise de Patrimoine suisse ; elle en assure actuellement la vice-pr\u00e9sidence.<\/p>\n<\/div>\n\n\n\n<div class=\"wp-block-column is-layout-flow wp-block-column-is-layout-flow\"><div class=\"wp-block-image team-photo\">\n<figure class=\"aligncenter size-large is-resized\"><img alt=\"\" decoding=\"async\" src=\"https:\/\/wp.unil.ch\/plateforme-paysage\/files\/2022\/04\/Lai\u0308la-rond.png\" alt=\"\" class=\"wp-image-487\" style=\"width:250px;height:250px\" \/><\/figure>\n<\/div>\n\n\n<p class=\"has-text-align-center\"><strong>La\u00efla Houlmann<\/strong> est licenci\u00e9e en histoire. Aussi bien dans le cadre de son m\u00e9moire que dans l\u2019\u00e9tude <a href=\"https:\/\/wp.unil.ch\/herens\/herison\/\" target=\"_blank\" rel=\"noreferrer noopener\">H\u00e9rISon<\/a><em>, <\/em>dans laquelle elle a collabor\u00e9, elle appr\u00e9hende la transformation des paysages sonores en r\u00e9gion alpine. Son projet de doctorat s&rsquo;aligne \u00e0 ses pr\u00e9c\u00e9dentes recherches en d\u00e9veloppant une analyse de l&rsquo;\u00e9volution des sensibilit\u00e9s li\u00e9e aux transformations de l&rsquo;agriculture au tournant du XXe si\u00e8cle.<\/p>\n<\/div>\n<\/div>\n\n\n\n<div class=\"wp-block-group alignwide\"><div class=\"wp-block-group__inner-container is-layout-flow wp-block-group-is-layout-flow\">\n<h2 class=\"wp-block-heading\">Contact<\/h2>\n\n\n\n<p class=\"has-normal-font-size\">Universit\u00e9 de Lausanne<br>B\u00e9atrice Lovis<br>Centre des Sciences historiques de la culture<br>B\u00e2timent Anthropole 5180<br>CH-1015 Lausanne<\/p>\n\n\n\n<p class=\"has-normal-font-size\">beatrice.lovis@unil.ch<\/p>\n<\/div><\/div>\n\n\n\n<figure class=\"wp-block-image alignwide size-full\"><img alt=\"\" loading=\"lazy\" decoding=\"async\" width=\"1024\" height=\"683\" src=\"https:\/\/wp.unil.ch\/plateforme-paysage\/files\/2022\/06\/2017-11-18-Glacier_de_Ferpecle-00315_L.Piaget-Dubuis.jpg\" alt=\"\" class=\"wp-image-1023\" srcset=\"https:\/\/wp.unil.ch\/plateforme-paysage\/files\/2022\/06\/2017-11-18-Glacier_de_Ferpecle-00315_L.Piaget-Dubuis.jpg 1024w, https:\/\/wp.unil.ch\/plateforme-paysage\/files\/2022\/06\/2017-11-18-Glacier_de_Ferpecle-00315_L.Piaget-Dubuis-300x200.jpg 300w, https:\/\/wp.unil.ch\/plateforme-paysage\/files\/2022\/06\/2017-11-18-Glacier_de_Ferpecle-00315_L.Piaget-Dubuis-768x512.jpg 768w, https:\/\/wp.unil.ch\/plateforme-paysage\/files\/2022\/06\/2017-11-18-Glacier_de_Ferpecle-00315_L.Piaget-Dubuis-540x360.jpg 540w\" sizes=\"auto, (max-width: 1024px) 100vw, 1024px\" \/><figcaption class=\"wp-element-caption\">Glacier de Ferp\u00e8cle, 2017 \u00a9 Laurence Piaget-Dubuis<\/figcaption><\/figure>\n","protected":false},"excerpt":{"rendered":"<p>Emmanuel Reynard est professeur \u00e0 la Facult\u00e9 des g\u00e9osciences et de l&rsquo;environnement \u00e0 l&rsquo;Unil et membre du CIRM. Il appr\u00e9hende le paysage sous diff\u00e9rents angles\u00a0: la g\u00e9omorphologie, les&hellip;<\/p>\n","protected":false},"author":1002345,"featured_media":0,"parent":0,"menu_order":0,"comment_status":"closed","ping_status":"closed","template":"","meta":{"_seopress_robots_primary_cat":"","_seopress_titles_title":"","_seopress_titles_desc":"","_seopress_robots_index":"","footnotes":""},"class_list":["post-250","page","type-page","status-publish","has-post-thumbnail"],"_links":{"self":[{"href":"https:\/\/wp.unil.ch\/plateforme-paysage\/wp-json\/wp\/v2\/pages\/250","targetHints":{"allow":["GET"]}}],"collection":[{"href":"https:\/\/wp.unil.ch\/plateforme-paysage\/wp-json\/wp\/v2\/pages"}],"about":[{"href":"https:\/\/wp.unil.ch\/plateforme-paysage\/wp-json\/wp\/v2\/types\/page"}],"author":[{"embeddable":true,"href":"https:\/\/wp.unil.ch\/plateforme-paysage\/wp-json\/wp\/v2\/users\/1002345"}],"replies":[{"embeddable":true,"href":"https:\/\/wp.unil.ch\/plateforme-paysage\/wp-json\/wp\/v2\/comments?post=250"}],"version-history":[{"count":1,"href":"https:\/\/wp.unil.ch\/plateforme-paysage\/wp-json\/wp\/v2\/pages\/250\/revisions"}],"predecessor-version":[{"id":1696,"href":"https:\/\/wp.unil.ch\/plateforme-paysage\/wp-json\/wp\/v2\/pages\/250\/revisions\/1696"}],"wp:attachment":[{"href":"https:\/\/wp.unil.ch\/plateforme-paysage\/wp-json\/wp\/v2\/media?parent=250"}],"curies":[{"name":"wp","href":"https:\/\/api.w.org\/{rel}","templated":true}]}}