{"id":1784,"date":"2025-08-26T16:23:47","date_gmt":"2025-08-26T14:23:47","guid":{"rendered":"https:\/\/wp.unil.ch\/plateforme-paysage\/?page_id=1784"},"modified":"2026-03-20T12:28:05","modified_gmt":"2026-03-20T11:28:05","slug":"bibliotheque-de-lorette-coen","status":"publish","type":"page","link":"https:\/\/wp.unil.ch\/plateforme-paysage\/bibliotheque-de-lorette-coen\/","title":{"rendered":"Biblioth\u00e8que de Lorette Coen"},"content":{"rendered":"\n<p>En 2025, la Plateforme Paysage a eu le privil\u00e8ge de recevoir de Lorette Coen sa vaste biblioth\u00e8que portant sur le paysage et l&rsquo;art des jardins, soit plus de 460 ouvrages. T\u00e9moins de la grande curiosit\u00e9 et du cosmopolitisme de son ancienne propri\u00e9taire, ces livres portent principalement sur les jardins europ\u00e9ens, historiques ou contemporains, avec des \u00e9chapp\u00e9es sur le Br\u00e9sil, l&rsquo;Afrique du Nord et l&rsquo;Orient. Ils ont \u00e9t\u00e9 regroup\u00e9s en 20 cat\u00e9gories:<\/p>\n\n\n\n<ul class=\"wp-block-list\">\n<li>Dictionnaires sur l&rsquo;art des jardins<\/li>\n\n\n\n<li>Th\u00e9orie du jardin<\/li>\n\n\n\n<li>Histoire g\u00e9n\u00e9rale des jardins<\/li>\n\n\n\n<li>Jardins italiens, espagnols et portugais<\/li>\n\n\n\n<li>Jardins fran\u00e7ais<\/li>\n\n\n\n<li>Jardins anglais et allemands<\/li>\n\n\n\n<li>Jardins non-europ\u00e9ens<\/li>\n\n\n\n<li>Jardins suisses \/ Lausanne Jardins<\/li>\n\n\n\n<li>Prix Schulthess (Patrimoine suisse)<\/li>\n\n\n\n<li>Prix et biennales<\/li>\n\n\n\n<li>Paysage urbain<\/li>\n\n\n\n<li>Paysage et territoire<\/li>\n\n\n\n<li>Land Art \/ art et jardin<\/li>\n\n\n\n<li>Litt\u00e9rature et jardin<\/li>\n\n\n\n<li>Biodiversit\u00e9<\/li>\n\n\n\n<li>Jardins contemporains<\/li>\n\n\n\n<li>Concepteurs contemporains &#8211; architectes paysagistes (dont Gilles Cl\u00e9ment et Roberto Burle Marx)<\/li>\n\n\n\n<li>Concepteurs contemporains suisses<\/li>\n\n\n\n<li>Actes de colloques<\/li>\n\n\n\n<li>Revues (dont les <em>Carnets du paysage<\/em>)<\/li>\n<\/ul>\n\n\n\n<p>Consulter la <a href=\"https:\/\/wp.unil.ch\/plateforme-paysage\/files\/2026\/03\/bibliotheque-coen_inventaire_19.03.2026.pdf\" target=\"_blank\" rel=\"noreferrer noopener\">liste d\u00e9taill\u00e9e des titres<\/a>.<\/p>\n\n\n\n<p>Les livres sont \u00e0 la disposition des chercheurs et des \u00e9tudiants, et consultables sur place sur rendez-vous (beatrice.lovis@unil.ch).<\/p>\n\n\n\n<p>A la fois journaliste, auteure, critique d&rsquo;art et commissaire d&rsquo;exposition, Lorette Coen a cofond\u00e9 la manifestation Lausanne Jardins et a assum\u00e9 le commissariat des deux premi\u00e8res \u00e9ditions, en 1997 (Jardins faisant) et en 2000 (<a href=\"https:\/\/2000.lausannejardins.ch\/\" target=\"_blank\" rel=\"noreferrer noopener\">Jardins la ville<\/a>). Lausanne Jardins est un \u00e9v\u00e9nement culturel associant architecture du paysage et r\u00e9flexion sur la ville. Le temps d\u2019un \u00e9t\u00e9, la manifestation propose une quarantaine de jardins \u00e9ph\u00e9m\u00e8res diss\u00e9min\u00e9s sur le territoire lausannois, dont certains sont amen\u00e9s \u00e0 pr\u00e9figurer les transformations urbanistiques et paysag\u00e8res de la ville.<\/p>\n\n\n\n<p><\/p>\n\n\n\n<blockquote class=\"wp-block-quote is-layout-flow wp-block-quote-is-layout-flow\">\n<h4 class=\"wp-block-heading\"><strong>Biblioth\u00e8que de jardins<\/strong><\/h4>\n\n\n\n<p><strong>Lorette Coen<\/strong><\/p>\n\n\n\n<p>D\u2019abord dire ma reconnaissance. Que les livres de ma biblioth\u00e8que de jardins soient accueillis avec plaisir par le Centre des Sciences historiques de la culture, \u00e0 la Facult\u00e9 des lettres de l\u2019Universit\u00e9 de Lausanne, me remplit de joie. Je les remets entre les meilleures mains.<\/p>\n\n\n\n<p>Me pla\u00eet aussi l\u2019id\u00e9e que des lectrices et lecteurs inconnus se prom\u00e8neront avec moi, sans le savoir. Et que, comme moi, ils emprunteront des chemins labyrinthiques pour trouver ce qu\u2019ils ignoraient chercher.<\/p>\n\n\n\n<p>Mais comment en suis-je venue aux jardins et \u00e0 leurs livres? N\u2019\u00e9tant ni architecte paysagiste ni botaniste et encore moins \u00e9cologue, rien ne m\u2019y conduisait. En revanche, mes int\u00e9r\u00eats primordiaux et ma formation en Lettres, \u00e0 Lausanne, m\u2019y pr\u00e9disposaient. La chance m\u2019y a plong\u00e9e.<\/p>\n\n\n\n<p>Le Mus\u00e9e des arts d\u00e9coratifs de la ville de Lausanne (l\u2019anc\u00eatre du MUDAC) m\u2019a associ\u00e9e \u00e0 une exposition en pr\u00e9paration sur l\u2019art des jardins. Pendant plusieurs mois, je me suis promen\u00e9e&nbsp;\u00e0 travers les \u00e9poques et les civilisations, dans le Sussex et le Kent, en Toscane et dans les Pays de la Loire, \u00e0 Paris et dans l\u2019Oberland bernois, et dans bien d\u2019autres r\u00e9gions encore. De ch\u00e2teaux en fermes, de conservatoires botaniques en promenades publiques, de parcs classiques ou romantiques en am\u00e9nagements hyper contemporains, j\u2019ai \u00e9tudi\u00e9 leurs histoires et leur pr\u00e9sent, j\u2019ai rencontr\u00e9 leurs jardiniers et, pour les r\u00e9alisations r\u00e9centes, j\u2019ai interrog\u00e9 leurs auteurs. Il en a r\u00e9sult\u00e9 un livre, \u00abOdeurs de jardins\u00bb, paru en 1988.<\/p>\n\n\n\n<p>Ce travail est devenu l\u2019introduction \u00e0 une recherche qui m\u2019a occup\u00e9e durant plusieurs d\u00e9cennies. Articles, publications, films s&rsquo;en sont suivis. \u00c9changes avec des paysagistes et des sp\u00e9cialistes aussi. La manifestation Lausanne Jardins, laboratoire du paysage urbain, a pris naturellement place dans ce parcours. Et c\u2019est ainsi que ma biblioth\u00e8que s\u2019est progressivement constitu\u00e9e, sans autre syst\u00e9matique que le besoin et le plaisir d\u2019apprendre.<\/p>\n\n\n\n<p>Mes d\u00e9buts en jardins se sont d\u00e9roul\u00e9s sur un terrain fertile, dans l\u2019\u00e9lan <em>de <\/em>renouveau de la pens\u00e9e paysag\u00e8re dont l\u2019\u00c9cole <em>nationale sup\u00e9rieure<\/em> de<em> paysage de Versailles a \u00e9t\u00e9 le creuset <\/em>dans la seconde partie du XX<sup>e<\/sup> si\u00e8cle<em>. Beaucoup des livres des protagonistes de ce mouvement, les monographies qui leur sont consacr\u00e9es, les ouvrages qui<\/em> font \u00e9cho aux d\u00e9bats et controverses du moment<em> <\/em>figurent \u00e9videmment <em>dans les rayons de cette biblioth\u00e8que. <\/em>Laquelle, constitu\u00e9e au fil des besoins et des d\u00e9couvertes, emporte dans toutes les directions.<\/p>\n\n\n\n<p>Il me pla\u00eet d\u2019en signaler quelques-unes, p\u00eale-m\u00eale. Le myst\u00e9rieux <em>Songe de Poliphile<\/em> (1467), dont l\u2019influence a impr\u00e9gn\u00e9 l\u2019art jardinier de la Renaissance; l\u2019essai d\u00e9j\u00e0 ancien de Diethelm Fretz sur le c\u00e9l\u00e8bre naturaliste zurichois du XVI<sup>e<\/sup> si\u00e8cle, <em>Konrad Gessner als G\u00e4rtner<\/em>; ce vieil ami \u00e9rudit qu\u2019est l\u2019<em>Oxford Companion to Gardens<\/em>; le gros livre devenu rare de Hans-Rudolf Heyer sur les jardins historiques suisses; les monographies d\u2019Udo Weilacher sur Ernst Cramer, Dieter Kienast, G\u00fcnther Vogt, paysagistes al\u00e9maniques de premier plan des XX<sup>e<\/sup> et XXI<sup>e<\/sup> si\u00e8cles. Et aussi, du m\u00eame sp\u00e9cialiste, une \u00e9tude sur l\u2019\u0153uvre de Peter Latz, l\u2019un des plus merveilleux architectes du paysage de notre temps, laur\u00e9at du prestigieux prix Europa Nostra 2025, auquel on doit l\u2019extraordinaire parc paysager sur le site industriel de Duisbourg-Nord.<\/p>\n\n\n\n<p>A c\u00f4t\u00e9 des livres de jardiniers-auteurs, tels que Gilles Cl\u00e9ment ou Roberto Burle Marx, et des ouvrages consacr\u00e9s \u00e0 leurs \u0153uvres, \u00e0 c\u00f4t\u00e9 des pr\u00e9sentations de paysagistes contemporains d\u2019importance significative, on trouvera des textes philosophiques, tels ceux d\u2019Henry David Thoreau, Rosario Assunto, Augustin Berque, Alain Roger, entre autres. Ou encore les trois livres, particuli\u00e8rement pr\u00e9cieux \u00e0 mes yeux, du sociologue b\u00e2lois Lucius Burckhardt, p\u00e8re subversif de la promenadologie, que j\u2019ai eu le privil\u00e8ge de c\u00f4toyer et d\u2019aimer.<\/p>\n\n\n\n<p>On notera la pr\u00e9sence de plusieurs in-folio pr\u00e9sentant des jardins de diff\u00e9rentes civilisations et aussi contemporains: Portugal, Marrakech, Val-de-Loire, monde, etc., r\u00e9unis pour leur utilit\u00e9 principalement documentaire. Et au titre des curiosit\u00e9s, on tombera sur des livres d\u00e9nich\u00e9s en bouquinant; par exemple, un petit trait\u00e9 ancien sur l\u2019art de la rocaille d\u2019un membre de la famille d\u2019Henry Correvon, le pionnier du jardin alpin. Ou cet autre, sur les <em>Jardins de la Sociale<\/em>, qui rappelle que le droit au jardin fut aussi un aspect de la cause du peuple!<\/p>\n\n\n\n<p>Enfin, si l\u2019on veut d\u00e9celer dans cette biblioth\u00e8que un accent particulier, on remarquera une pr\u00e9sence accentu\u00e9e de livres consacr\u00e9s au jardin en tant qu\u2019\u00e9criture, expression, vision et projet de monde. C\u2019est ainsi qu\u2019\u00e0 la crois\u00e9e de tous les arts et connaissances, il n\u2019en finit pas de m\u2019\u00e9blouir.<\/p>\n\n\n\n<p>Aujourd\u2019hui, j\u2019ai craqu\u00e9: je me suis offerte un livre. Un ouvrage litt\u00e9raire tr\u00e8s \u00e9rudit sur les jardins de Sicile. J\u2019ai voulu me d\u00e9faire d\u2019une biblioth\u00e8que de jardins et voici qu\u2019il m\u2019en repousse une autre! <\/p>\n\n\n\n<p>Ao\u00fbt 2025.<\/p>\n<\/blockquote>\n\n\n\n<figure class=\"wp-block-gallery has-nested-images columns-default is-cropped wp-block-gallery-1 is-layout-flex wp-block-gallery-is-layout-flex\">\n<figure class=\"wp-block-image size-large is-style-default\"><img loading=\"lazy\" decoding=\"async\" width=\"741\" height=\"1024\" data-id=\"1859\" src=\"https:\/\/wp.unil.ch\/plateforme-paysage\/files\/2025\/09\/couv-blc-alain-corbin-e1757959294853-741x1024.jpg\" alt=\"couv blc alain corbin\" class=\"wp-image-1859\" srcset=\"https:\/\/wp.unil.ch\/plateforme-paysage\/files\/2025\/09\/couv-blc-alain-corbin-e1757959294853-741x1024.jpg 741w, https:\/\/wp.unil.ch\/plateforme-paysage\/files\/2025\/09\/couv-blc-alain-corbin-e1757959294853-217x300.jpg 217w, https:\/\/wp.unil.ch\/plateforme-paysage\/files\/2025\/09\/couv-blc-alain-corbin-e1757959294853-768x1062.jpg 768w, https:\/\/wp.unil.ch\/plateforme-paysage\/files\/2025\/09\/couv-blc-alain-corbin-e1757959294853-540x747.jpg 540w, https:\/\/wp.unil.ch\/plateforme-paysage\/files\/2025\/09\/couv-blc-alain-corbin-e1757959294853.jpg 868w\" sizes=\"auto, (max-width: 741px) 100vw, 741px\" \/><\/figure>\n\n\n\n<figure class=\"wp-block-image size-large\"><img loading=\"lazy\" decoding=\"async\" width=\"709\" height=\"1024\" data-id=\"1861\" src=\"https:\/\/wp.unil.ch\/plateforme-paysage\/files\/2025\/09\/couv-blc-el-espectaculo-del-mundo-una-historia-cultural-del-paisaje-1-709x1024.jpg\" alt=\"couv blc el espectaculo del mundo una historia cultural del paisaje 1\" class=\"wp-image-1861\" srcset=\"https:\/\/wp.unil.ch\/plateforme-paysage\/files\/2025\/09\/couv-blc-el-espectaculo-del-mundo-una-historia-cultural-del-paisaje-1-709x1024.jpg 709w, https:\/\/wp.unil.ch\/plateforme-paysage\/files\/2025\/09\/couv-blc-el-espectaculo-del-mundo-una-historia-cultural-del-paisaje-1-208x300.jpg 208w, https:\/\/wp.unil.ch\/plateforme-paysage\/files\/2025\/09\/couv-blc-el-espectaculo-del-mundo-una-historia-cultural-del-paisaje-1-768x1109.jpg 768w, https:\/\/wp.unil.ch\/plateforme-paysage\/files\/2025\/09\/couv-blc-el-espectaculo-del-mundo-una-historia-cultural-del-paisaje-1-540x780.jpg 540w, https:\/\/wp.unil.ch\/plateforme-paysage\/files\/2025\/09\/couv-blc-el-espectaculo-del-mundo-una-historia-cultural-del-paisaje-1.jpg 831w\" sizes=\"auto, (max-width: 709px) 100vw, 709px\" \/><\/figure>\n\n\n\n<figure class=\"wp-block-image size-large\"><img loading=\"lazy\" decoding=\"async\" width=\"655\" height=\"1024\" data-id=\"1862\" src=\"https:\/\/wp.unil.ch\/plateforme-paysage\/files\/2025\/09\/couv-blc-warum-ist-landschaft-schoen-taschenbuch-lucius-burckhardt-655x1024.jpeg\" alt=\"couv blc warum ist landschaft schoen taschenbuch lucius burckhardt\" class=\"wp-image-1862\" srcset=\"https:\/\/wp.unil.ch\/plateforme-paysage\/files\/2025\/09\/couv-blc-warum-ist-landschaft-schoen-taschenbuch-lucius-burckhardt-655x1024.jpeg 655w, https:\/\/wp.unil.ch\/plateforme-paysage\/files\/2025\/09\/couv-blc-warum-ist-landschaft-schoen-taschenbuch-lucius-burckhardt-192x300.jpeg 192w, https:\/\/wp.unil.ch\/plateforme-paysage\/files\/2025\/09\/couv-blc-warum-ist-landschaft-schoen-taschenbuch-lucius-burckhardt-540x845.jpeg 540w, https:\/\/wp.unil.ch\/plateforme-paysage\/files\/2025\/09\/couv-blc-warum-ist-landschaft-schoen-taschenbuch-lucius-burckhardt.jpeg 767w\" sizes=\"auto, (max-width: 655px) 100vw, 655px\" \/><\/figure>\n<\/figure>\n\n\n\n<p><\/p>\n","protected":false},"excerpt":{"rendered":"<p>En 2025, la Plateforme Paysage a eu le privil\u00e8ge de recevoir de Lorette Coen sa vaste biblioth\u00e8que portant sur le paysage et l&rsquo;art des jardins, soit plus de&hellip;<\/p>\n","protected":false},"author":1002346,"featured_media":1850,"parent":0,"menu_order":0,"comment_status":"closed","ping_status":"closed","template":"template-full-width.php","meta":{"_seopress_robots_primary_cat":"","_seopress_titles_title":"","_seopress_titles_desc":"","_seopress_robots_index":"","footnotes":""},"class_list":["post-1784","page","type-page","status-publish","has-post-thumbnail"],"_links":{"self":[{"href":"https:\/\/wp.unil.ch\/plateforme-paysage\/wp-json\/wp\/v2\/pages\/1784","targetHints":{"allow":["GET"]}}],"collection":[{"href":"https:\/\/wp.unil.ch\/plateforme-paysage\/wp-json\/wp\/v2\/pages"}],"about":[{"href":"https:\/\/wp.unil.ch\/plateforme-paysage\/wp-json\/wp\/v2\/types\/page"}],"author":[{"embeddable":true,"href":"https:\/\/wp.unil.ch\/plateforme-paysage\/wp-json\/wp\/v2\/users\/1002346"}],"replies":[{"embeddable":true,"href":"https:\/\/wp.unil.ch\/plateforme-paysage\/wp-json\/wp\/v2\/comments?post=1784"}],"version-history":[{"count":5,"href":"https:\/\/wp.unil.ch\/plateforme-paysage\/wp-json\/wp\/v2\/pages\/1784\/revisions"}],"predecessor-version":[{"id":1927,"href":"https:\/\/wp.unil.ch\/plateforme-paysage\/wp-json\/wp\/v2\/pages\/1784\/revisions\/1927"}],"wp:featuredmedia":[{"embeddable":true,"href":"https:\/\/wp.unil.ch\/plateforme-paysage\/wp-json\/wp\/v2\/media\/1850"}],"wp:attachment":[{"href":"https:\/\/wp.unil.ch\/plateforme-paysage\/wp-json\/wp\/v2\/media?parent=1784"}],"curies":[{"name":"wp","href":"https:\/\/api.w.org\/{rel}","templated":true}]}}