{"id":165,"date":"2025-09-15T10:35:48","date_gmt":"2025-09-15T08:35:48","guid":{"rendered":"https:\/\/wp.unil.ch\/planh\/?page_id=165"},"modified":"2026-02-18T11:10:00","modified_gmt":"2026-02-18T10:10:00","slug":"team","status":"publish","type":"page","link":"https:\/\/wp.unil.ch\/planh\/fr\/team\/","title":{"rendered":"L'\u00e9quipe"},"content":{"rendered":"<div class=\"wp-block-image\">\n<figure class=\"aligncenter size-large is-resized\"><img loading=\"lazy\" decoding=\"async\" width=\"1024\" height=\"683\" src=\"https:\/\/wp.unil.ch\/planh\/files\/2026\/01\/groupe_variante_6-1024x683.jpg\" alt=\"groupe variante 6\" class=\"wp-image-242\" style=\"aspect-ratio:1.499292364990689;width:611px;height:auto\" srcset=\"https:\/\/wp.unil.ch\/planh\/files\/2026\/01\/groupe_variante_6-1024x683.jpg 1024w, https:\/\/wp.unil.ch\/planh\/files\/2026\/01\/groupe_variante_6-300x200.jpg 300w, https:\/\/wp.unil.ch\/planh\/files\/2026\/01\/groupe_variante_6-768x512.jpg 768w, https:\/\/wp.unil.ch\/planh\/files\/2026\/01\/groupe_variante_6-1536x1024.jpg 1536w, https:\/\/wp.unil.ch\/planh\/files\/2026\/01\/groupe_variante_6-540x360.jpg 540w, https:\/\/wp.unil.ch\/planh\/files\/2026\/01\/groupe_variante_6-1080x720.jpg 1080w, https:\/\/wp.unil.ch\/planh\/files\/2026\/01\/groupe_variante_6.jpg 1800w\" sizes=\"auto, (max-width: 1024px) 100vw, 1024px\" \/><\/figure>\n<\/div>\n\n\n<p class=\"has-text-align-center\">Le groupe de recherche PLANH a commenc\u00e9 ses travaux \u00e0 l'Universit\u00e9 de Lausanne, \u00e0 l'Institut de g\u00e9ographie et de durabilit\u00e9, en ao\u00fbt 2025.<\/p>\n\n\n\n<p><\/p>\n\n\n\n<p><\/p>\n\n\n\n<p class=\"has-text-align-center has-primary-color has-text-color has-background has-link-color has-larger-font-size wp-elements-1b852a32814c5519801e95efa3643f7a\" style=\"background-color:#0d9be55c\"><strong>Membres de l'\u00e9quipe PLANH <\/strong><\/p>\n\n\n\n<div class=\"wp-block-columns is-layout-flex wp-container-core-columns-is-layout-9d6595d7 wp-block-columns-is-layout-flex\">\n<div class=\"wp-block-column is-layout-flow wp-block-column-is-layout-flow\">\n<div class=\"wp-block-media-text is-stacked-on-mobile is-vertically-aligned-center\" style=\"grid-template-columns:32% auto\"><figure class=\"wp-block-media-text__media\"><img loading=\"lazy\" decoding=\"async\" width=\"819\" height=\"1024\" src=\"https:\/\/wp.unil.ch\/planh\/files\/2026\/01\/gabriela_debrunner_variante_5b-819x1024.jpg\" alt=\"gabriela debrunner variante 5b\" class=\"wp-image-226 size-full\" srcset=\"https:\/\/wp.unil.ch\/planh\/files\/2026\/01\/gabriela_debrunner_variante_5b-819x1024.jpg 819w, https:\/\/wp.unil.ch\/planh\/files\/2026\/01\/gabriela_debrunner_variante_5b-240x300.jpg 240w, https:\/\/wp.unil.ch\/planh\/files\/2026\/01\/gabriela_debrunner_variante_5b-768x960.jpg 768w, https:\/\/wp.unil.ch\/planh\/files\/2026\/01\/gabriela_debrunner_variante_5b-540x675.jpg 540w, https:\/\/wp.unil.ch\/planh\/files\/2026\/01\/gabriela_debrunner_variante_5b.jpg 960w\" sizes=\"auto, (max-width: 819px) 100vw, 819px\" \/><\/figure><div class=\"wp-block-media-text__content\">\n<p class=\"has-small-font-size\"><strong>Prof. Gabriela Debrunner<\/strong><\/p>\n\n\n\n<p class=\"has-small-font-size\"><em>Professeur assistant (Tenure Track)<\/em><\/p>\n\n\n\n<p class=\"has-text-align-left has-primary-color has-text-color has-link-color has-small-font-size wp-elements-e20f134aacbbc238b3b11fc1ba372c24\">Gabriela Debrunner a \u00e9t\u00e9 nomm\u00e9e et \u00e9lue professeur adjoint de\u00a0<em>G\u00e9ographie humaine et am\u00e9nagement urbain et r\u00e9gional durable<\/em>\u00a0(tenure track) en ao\u00fbt 2025. Elle est g\u00e9ographe humaine de formation, avec une sp\u00e9cialisation en am\u00e9nagement du territoire et en sciences sociales de l'environnement. Auparavant, elle a travaill\u00e9 comme chercheuse postdoctorale \u00e0 l'ETH Z\u00fcrich (<a href=\"https:\/\/spur.ethz.ch\" data-type=\"link\" data-id=\"https:\/\/spur.ethz.ch\">SPUR<\/a>) et a obtenu son doctorat \u00e0 l'universit\u00e9 de Berne, <a href=\"https:\/\/www.geography.unibe.ch\/index_eng.html\" data-type=\"link\" data-id=\"https:\/\/www.geography.unibe.ch\/index_eng.html\">Institut de g\u00e9ographie.<\/a> Elle a \u00e9galement travaill\u00e9 en tant que praticienne de la planification dans un bureau priv\u00e9 d'am\u00e9nagement du territoire \u00e0 Zurich et \u00e0 Lucerne de 2020 \u00e0 2022.<\/p>\n\n\n\n<p class=\"has-primary-color has-text-color has-background has-link-color wp-elements-b15375525b8ab3d923ef9537cf78f36a\" style=\"background-color:#f1f1f3\"><em><a href=\"https:\/\/igd.unil.ch\/debrunner\/en\/presentation\/\" data-type=\"link\" data-id=\"https:\/\/igd.unil.ch\/debrunner\/en\/presentation\/\">Profil personnel et CV<\/a><\/em><\/p>\n<\/div><\/div>\n<\/div>\n\n\n\n<div class=\"wp-block-column is-layout-flow wp-block-column-is-layout-flow\">\n<div class=\"wp-block-media-text is-stacked-on-mobile is-vertically-aligned-center\" style=\"grid-template-columns:29% auto\"><figure class=\"wp-block-media-text__media\"><img loading=\"lazy\" decoding=\"async\" width=\"683\" height=\"1024\" src=\"https:\/\/wp.unil.ch\/planh\/files\/2026\/02\/jessica_verheij_variante_1a-683x1024.jpg\" alt=\"jessica verheij variante 1a\" class=\"wp-image-663 size-full\" srcset=\"https:\/\/wp.unil.ch\/planh\/files\/2026\/02\/jessica_verheij_variante_1a-683x1024.jpg 683w, https:\/\/wp.unil.ch\/planh\/files\/2026\/02\/jessica_verheij_variante_1a-200x300.jpg 200w, https:\/\/wp.unil.ch\/planh\/files\/2026\/02\/jessica_verheij_variante_1a-768x1152.jpg 768w, https:\/\/wp.unil.ch\/planh\/files\/2026\/02\/jessica_verheij_variante_1a-8x12.jpg 8w, https:\/\/wp.unil.ch\/planh\/files\/2026\/02\/jessica_verheij_variante_1a-540x810.jpg 540w, https:\/\/wp.unil.ch\/planh\/files\/2026\/02\/jessica_verheij_variante_1a.jpg 800w\" sizes=\"auto, (max-width: 683px) 100vw, 683px\" \/><\/figure><div class=\"wp-block-media-text__content\">\n<p class=\"has-small-font-size\"><strong>Dr. Jessica Verheij<\/strong><\/p>\n\n\n\n<p class=\"has-small-font-size\"><em>Chercheur postdoctoral<\/em><\/p>\n\n\n\n<p class=\"has-small-font-size\">Jessica Verheij a rejoint le PLAN<em>H<\/em> en tant que chercheuse postdoctorale en septembre 2025. Elle est titulaire d'un doctorat en g\u00e9ographie et am\u00e9nagement du territoire de l'universit\u00e9 de Berne, de deux masters - l'un en planification et conception urbaines durables de l'Institut royal de technologie KTH (Stockholm) et l'autre en g\u00e9ographie humaine de l'universit\u00e9 d'Amsterdam - et d'une licence en relations internationales de l'universit\u00e9 de Lisbonne.<\/p>\n\n\n\n<p class=\"has-primary-color has-text-color has-background has-link-color wp-elements-3f3ee4e25bc50d97d30acb5d5377d109\" style=\"background-color:#f1f1f3\"><a href=\"https:\/\/igd.unil.ch\/jverheij\/en\/presentation\/\" data-type=\"link\" data-id=\"https:\/\/igd.unil.ch\/jverheij\/en\/presentation\/\"><em>Profil personnel et CV<\/em><\/a><\/p>\n<\/div><\/div>\n<\/div>\n<\/div>\n\n\n\n<div class=\"wp-block-columns is-layout-flex wp-container-core-columns-is-layout-9d6595d7 wp-block-columns-is-layout-flex\">\n<div class=\"wp-block-column is-layout-flow wp-block-column-is-layout-flow\"><\/div>\n\n\n\n<div class=\"wp-block-column is-layout-flow wp-block-column-is-layout-flow\"><\/div>\n<\/div>\n\n\n\n<div class=\"wp-block-columns is-layout-flex wp-container-core-columns-is-layout-9d6595d7 wp-block-columns-is-layout-flex\">\n<div class=\"wp-block-column is-layout-flow wp-block-column-is-layout-flow\">\n<div class=\"wp-block-media-text is-stacked-on-mobile is-vertically-aligned-center\" style=\"grid-template-columns:29% auto\"><figure class=\"wp-block-media-text__media\"><img loading=\"lazy\" decoding=\"async\" width=\"683\" height=\"1024\" src=\"https:\/\/wp.unil.ch\/planh\/files\/2026\/01\/anne-sophie_spinaci_variante_3a-1-683x1024.jpg\" alt=\"anne sophie spinaci variante 3a\" class=\"wp-image-238 size-full\" srcset=\"https:\/\/wp.unil.ch\/planh\/files\/2026\/01\/anne-sophie_spinaci_variante_3a-1-683x1024.jpg 683w, https:\/\/wp.unil.ch\/planh\/files\/2026\/01\/anne-sophie_spinaci_variante_3a-1-200x300.jpg 200w, https:\/\/wp.unil.ch\/planh\/files\/2026\/01\/anne-sophie_spinaci_variante_3a-1-768x1152.jpg 768w, https:\/\/wp.unil.ch\/planh\/files\/2026\/01\/anne-sophie_spinaci_variante_3a-1-540x810.jpg 540w, https:\/\/wp.unil.ch\/planh\/files\/2026\/01\/anne-sophie_spinaci_variante_3a-1.jpg 800w\" sizes=\"auto, (max-width: 683px) 100vw, 683px\" \/><\/figure><div class=\"wp-block-media-text__content\">\n<p class=\"has-small-font-size\"><strong>Anne-Sophie Spinaci<\/strong><\/p>\n\n\n\n<p class=\"has-small-font-size\"><em>Candidat au doctorat<\/em><\/p>\n\n\n\n<p class=\"has-small-font-size\">Anne-Sophie Spinaci a commenc\u00e9 son doctorat dans le cadre du PLAN<em>H<\/em> Elle a rejoint le groupe de recherche en ao\u00fbt 2025. Elle est titulaire d'une ma\u00eetrise en \u00e9tudes urbaines de l'University College London (UCL) et d'une licence en \u00e9conomie et \u00e9tudes du d\u00e9veloppement de la SOAS, Universit\u00e9 de Londres. Ses recherches portent principalement sur les politiques spatiales, les \u00e9tudes sur l'informalit\u00e9 et les projets men\u00e9s par les communaut\u00e9s.<\/p>\n\n\n\n<p class=\"has-primary-color has-text-color has-background has-link-color has-small-font-size wp-elements-bbe332152cb545ec2ec5ce1b1254e86d\" style=\"background-color:#f1f1f3\"><em><a href=\"https:\/\/igd.unil.ch\/asspinaci\/en\/presentation\/\" data-type=\"link\" data-id=\"https:\/\/igd.unil.ch\/asspinaci\/en\/presentation\/\">Profil personnel et CV<\/a><\/em><\/p>\n<\/div><\/div>\n<\/div>\n\n\n\n<div class=\"wp-block-column is-layout-flow wp-block-column-is-layout-flow\">\n<div class=\"wp-block-media-text is-stacked-on-mobile is-vertically-aligned-center\" style=\"grid-template-columns:34% auto\"><figure class=\"wp-block-media-text__media\"><img loading=\"lazy\" decoding=\"async\" width=\"819\" height=\"1024\" src=\"https:\/\/wp.unil.ch\/planh\/files\/2026\/01\/florence_testorelli_variante_1b-819x1024.jpg\" alt=\"florence testorelli variante 1b\" class=\"wp-image-383 size-full\" srcset=\"https:\/\/wp.unil.ch\/planh\/files\/2026\/01\/florence_testorelli_variante_1b-819x1024.jpg 819w, https:\/\/wp.unil.ch\/planh\/files\/2026\/01\/florence_testorelli_variante_1b-240x300.jpg 240w, https:\/\/wp.unil.ch\/planh\/files\/2026\/01\/florence_testorelli_variante_1b-768x960.jpg 768w, https:\/\/wp.unil.ch\/planh\/files\/2026\/01\/florence_testorelli_variante_1b-540x675.jpg 540w, https:\/\/wp.unil.ch\/planh\/files\/2026\/01\/florence_testorelli_variante_1b.jpg 960w\" sizes=\"auto, (max-width: 819px) 100vw, 819px\" \/><\/figure><div class=\"wp-block-media-text__content\">\n<p class=\"has-small-font-size\"><strong>Florence Testorelli<\/strong><\/p>\n\n\n\n<p class=\"has-small-font-size\"><em>Candidat au doctorat<\/em><\/p>\n\n\n\n<p class=\"has-small-font-size\">Florence Testorelli a commenc\u00e9 son doctorat dans le cadre du PLAN<em>H&nbsp;<\/em>en janvier 2026. Elle est titulaire d'un master en g\u00e9ographie de l'Universit\u00e9 de Lausanne (UNIL) et d'un bachelor en relations internationales de l'Universit\u00e9 de Gen\u00e8ve (UNIGE). Ses principaux domaines de recherche sont l'\u00e9cologie politique, l'agriculture (urbaine), les syst\u00e8mes alimentaires, ainsi que l'am\u00e9nagement et le logement en dehors des zones constructibles.<\/p>\n\n\n\n<p class=\"has-primary-color has-text-color has-background has-link-color wp-elements-a1ea028c1d824475ffcef6084cd1f8bf\" style=\"background-color:#f1f1f3\"><a href=\"https:\/\/applicationspub.unil.ch\/interpub\/noauth\/php\/Un\/UnPers.php?PerNum=1262425&amp;LanCode=8\" data-type=\"link\" data-id=\"https:\/\/applicationspub.unil.ch\/interpub\/noauth\/php\/Un\/UnPers.php?PerNum=1262425&amp;LanCode=8\">P<em>Profil personnel et CV<\/em><\/a><\/p>\n<\/div><\/div>\n<\/div>\n<\/div>\n\n\n\n<div class=\"wp-block-columns is-layout-flex wp-container-core-columns-is-layout-9d6595d7 wp-block-columns-is-layout-flex\">\n<div class=\"wp-block-column is-layout-flow wp-block-column-is-layout-flow\" style=\"flex-basis:100%\">\n<div class=\"wp-block-columns is-layout-flex wp-container-core-columns-is-layout-9d6595d7 wp-block-columns-is-layout-flex\">\n<div class=\"wp-block-column is-layout-flow wp-block-column-is-layout-flow\">\n<div class=\"wp-block-media-text is-stacked-on-mobile\" style=\"grid-template-columns:31% auto\"><figure class=\"wp-block-media-text__media\"><img loading=\"lazy\" decoding=\"async\" width=\"683\" height=\"1024\" src=\"https:\/\/wp.unil.ch\/planh\/files\/2026\/02\/florence_testorelli_variante_1a-683x1024.jpg\" alt=\"florence testorelli variante 1a\" class=\"wp-image-706 size-full\" srcset=\"https:\/\/wp.unil.ch\/planh\/files\/2026\/02\/florence_testorelli_variante_1a-683x1024.jpg 683w, https:\/\/wp.unil.ch\/planh\/files\/2026\/02\/florence_testorelli_variante_1a-200x300.jpg 200w, https:\/\/wp.unil.ch\/planh\/files\/2026\/02\/florence_testorelli_variante_1a-768x1152.jpg 768w, https:\/\/wp.unil.ch\/planh\/files\/2026\/02\/florence_testorelli_variante_1a-8x12.jpg 8w, https:\/\/wp.unil.ch\/planh\/files\/2026\/02\/florence_testorelli_variante_1a-540x810.jpg 540w, https:\/\/wp.unil.ch\/planh\/files\/2026\/02\/florence_testorelli_variante_1a.jpg 800w\" sizes=\"auto, (max-width: 683px) 100vw, 683px\" \/><\/figure><div class=\"wp-block-media-text__content\">\n<p><strong>Carla Jaboyedoff<\/strong><\/p>\n\n\n\n<p><em>Candidat au doctorat<\/em><\/p>\n\n\n\n<p>Carla Jaboyedoff a commenc\u00e9 son doctorat dans le cadre du PLAN<em>H <\/em>en f\u00e9vrier 2026. Elle est titulaire d'une licence et d'un master en architecture de l'\u00c9cole polytechnique f\u00e9d\u00e9rale de Lausanne (EPFL). Ses principaux domaines de recherche sont la planification et la conception urbaines, la gouvernance urbaine, la justice sociale et les approches communautaires. Elle est affili\u00e9e \u00e0 la Haute \u00c9cole de Gen\u00e8ve et \u00e0 l'Universit\u00e9 de Lausanne.<\/p>\n<\/div><\/div>\n<\/div>\n\n\n\n<div class=\"wp-block-column is-layout-flow wp-block-column-is-layout-flow\">\n<div class=\"wp-block-media-text is-stacked-on-mobile\" style=\"grid-template-columns:29% auto\"><figure class=\"wp-block-media-text__media\"><img loading=\"lazy\" decoding=\"async\" width=\"683\" height=\"1024\" src=\"https:\/\/wp.unil.ch\/planh\/files\/2026\/02\/sasha_variante_1a-683x1024.jpg\" alt=\"sasha variante 1a\" class=\"wp-image-776 size-full\" srcset=\"https:\/\/wp.unil.ch\/planh\/files\/2026\/02\/sasha_variante_1a-683x1024.jpg 683w, https:\/\/wp.unil.ch\/planh\/files\/2026\/02\/sasha_variante_1a-200x300.jpg 200w, https:\/\/wp.unil.ch\/planh\/files\/2026\/02\/sasha_variante_1a-768x1152.jpg 768w, https:\/\/wp.unil.ch\/planh\/files\/2026\/02\/sasha_variante_1a-8x12.jpg 8w, https:\/\/wp.unil.ch\/planh\/files\/2026\/02\/sasha_variante_1a-540x810.jpg 540w, https:\/\/wp.unil.ch\/planh\/files\/2026\/02\/sasha_variante_1a.jpg 800w\" sizes=\"auto, (max-width: 683px) 100vw, 683px\" \/><\/figure><div class=\"wp-block-media-text__content\">\n<p><strong>Sasha Gex-Collet<\/strong><\/p>\n\n\n\n<p><em>Assistant(e) \u00e9tudiant(e)<\/em><\/p>\n\n\n\n<p>Sasha Gex-Collet a rejoint le PLAN<em>H<\/em> en tant qu'assistante \u00e9tudiante en ao\u00fbt 2025. Elle est actuellement \u00e9tudiante en master \u00e0 l'Institut de g\u00e9ographie et de durabilit\u00e9, sp\u00e9cialis\u00e9e dans le d\u00e9veloppement rural et montagnard durable. Elle est titulaire d'une licence en lettres, en anglais et en g\u00e9ographie de l'Universit\u00e9 de Lausanne.<\/p>\n\n\n\n<p>Ses int\u00e9r\u00eats acad\u00e9miques se concentrent sur les questions de justice sociale dans le domaine du logement et de l'urbanisme, ainsi que sur les approches d'\u00e9cologie politique.<\/p>\n<\/div><\/div>\n\n\n\n<p><\/p>\n<\/div>\n<\/div>\n<\/div>\n<\/div>","protected":false},"excerpt":{"rendered":"<p>The PLANH research group has begun its work at the University of Lausanne, Institute of Geography and Sustainability, in August 2025. Members of PLANH team Prof. Gabriela Debrunner&hellip;<\/p>","protected":false},"author":1003052,"featured_media":0,"parent":0,"menu_order":0,"comment_status":"closed","ping_status":"closed","template":"template-full-width.php","meta":{"_seopress_robots_primary_cat":"","_seopress_titles_title":"","_seopress_titles_desc":"","_seopress_robots_index":"","footnotes":""},"class_list":["post-165","page","type-page","status-publish","has-post-thumbnail"],"_links":{"self":[{"href":"https:\/\/wp.unil.ch\/planh\/fr\/wp-json\/wp\/v2\/pages\/165","targetHints":{"allow":["GET"]}}],"collection":[{"href":"https:\/\/wp.unil.ch\/planh\/fr\/wp-json\/wp\/v2\/pages"}],"about":[{"href":"https:\/\/wp.unil.ch\/planh\/fr\/wp-json\/wp\/v2\/types\/page"}],"author":[{"embeddable":true,"href":"https:\/\/wp.unil.ch\/planh\/fr\/wp-json\/wp\/v2\/users\/1003052"}],"replies":[{"embeddable":true,"href":"https:\/\/wp.unil.ch\/planh\/fr\/wp-json\/wp\/v2\/comments?post=165"}],"version-history":[{"count":5,"href":"https:\/\/wp.unil.ch\/planh\/fr\/wp-json\/wp\/v2\/pages\/165\/revisions"}],"predecessor-version":[{"id":827,"href":"https:\/\/wp.unil.ch\/planh\/fr\/wp-json\/wp\/v2\/pages\/165\/revisions\/827"}],"wp:attachment":[{"href":"https:\/\/wp.unil.ch\/planh\/fr\/wp-json\/wp\/v2\/media?parent=165"}],"curies":[{"name":"wp","href":"https:\/\/api.w.org\/{rel}","templated":true}]}}