{"id":90,"date":"2014-07-09T11:29:12","date_gmt":"2014-07-09T09:29:12","guid":{"rendered":"http:\/\/wp.unil.ch\/pictores-per-provincias\/?page_id=90"},"modified":"2015-03-26T11:43:40","modified_gmt":"2015-03-26T10:43:40","slug":"au-musee","status":"publish","type":"page","link":"https:\/\/wp.unil.ch\/pictores-per-provincias\/accueil\/au-musee\/","title":{"rendered":"&#8230;au mus\u00e9e"},"content":{"rendered":"<p>Le remontage est la phase primordiale de I&rsquo;\u00e9tude. Travail de Iongue haleine, il part de la recherche de collages entre fragments pour arriver \u00e0 la reconstitution de plaques sinon de pans entiers de parois ou de plafonds.<\/p>\n<figure id=\"attachment_184\" aria-describedby=\"caption-attachment-184\" style=\"width: 300px\" class=\"wp-caption alignnone\"><a href=\"https:\/\/wp.unil.ch\/pictores-per-provincias\/files\/2015\/01\/DSC_0224-copie.jpg\"><img alt=\"\" loading=\"lazy\" decoding=\"async\" class=\"wp-image-184 size-medium\" src=\"https:\/\/wp.unil.ch\/pictores-per-provincias\/files\/2015\/01\/DSC_0224-copie-300x200.jpg\" alt=\"\" width=\"300\" height=\"200\" srcset=\"https:\/\/wp.unil.ch\/pictores-per-provincias\/files\/2015\/01\/DSC_0224-copie-300x200.jpg 300w, https:\/\/wp.unil.ch\/pictores-per-provincias\/files\/2015\/01\/DSC_0224-copie-1024x683.jpg 1024w, https:\/\/wp.unil.ch\/pictores-per-provincias\/files\/2015\/01\/DSC_0224-copie.jpg 1200w\" sizes=\"auto, (max-width: 300px) 100vw, 300px\" \/><\/a><figcaption id=\"caption-attachment-184\" class=\"wp-caption-text\">Enduits muraux d&rsquo;Augusta Raurica en cours d&rsquo;\u00e9tude \u00e0 l&rsquo;Universit\u00e9 de Lausanne.<\/figcaption><\/figure>\n<p>&nbsp;<\/p>\n<p>Il exige une pratique confirm\u00e9e et de bonnes connaissances iconographiques. Les exp\u00e9riences men\u00e9es ces dix derni\u00e8res ann\u00e9es en Suisse et depuis plus de trente ans en France ont montr\u00e9 qu&rsquo;une \u00e9quipe rod\u00e9e obtient des r\u00e9sultats bien plus rapides et fructueux qu&rsquo;une personne seule, m\u00eame sp\u00e9cialiste. Une telle m\u00e9thode multiplie les regards neufs sur Ie mat\u00e9riel, rem\u00e9diant \u00e0 l&rsquo;habitude et \u00e0 la paresse visuelle qui s&rsquo;installe apr\u00e8s plusieurs jours de travail. Le travail de groupe permet aussi l&rsquo;\u00e9preuve directe des hypoth\u00e8ses avanc\u00e9es pour la compr\u00e9hension d&rsquo;un motif. Photos et dessins illustreront les \u00e9l\u00e9ments recompos\u00e9s. La restitution d&rsquo;ensemble fournira la synth\u00e8se graphique des observations faites autour d&rsquo;une peinture murale ou d&rsquo;un placage de marbre.<\/p>\n<p>Les fragments sont situ\u00e9s selon leur fonction dans la composition et leur \u00e9tat de conservation. Etay\u00e9e par des rapprochements avec des t\u00e9moins plus complets ou bien compris \u00e0 Rome, \u00e0 Pomp\u00e9i et dans les provinces de l\u2019Empire, la restitution reste cependant une hypoth\u00e8se. Elle ne sera jamais qu&rsquo;un reflet de la composition originale, mais qui en donnera le ton, qui sugg\u00e9rera Ie cadre de vie antique \u00e0 une p\u00e9riode d\u00e9termin\u00e9e. L\u2019\u00e9tude stylistique est le compl\u00e9ment indispensable \u00e0 l\u2019insertion du d\u00e9cor reconstitu\u00e9 dans l&rsquo;histoire de l\u2019art romain. Elle est souvent le seul moyen de dater non seulement la peinture murale mais aussi la structure qu&rsquo;elle recouvrait.<\/p>\n<p>La mise sur panneaux des fragments \u00e0 des fins de conservation et d&rsquo;exposition requiert Ie concours d&rsquo;un restaurateur. En collaboration avec l&rsquo;arch\u00e9ologue, il fera en sorte de pr\u00e9senter les peintures ou les placages sur un support qui soit Ie plus neutre possible, dans un rendu qui s&rsquo;appuie autant sur la composition d&rsquo;ensemble restitu\u00e9e que sur Ie contexte arch\u00e9ologique voire mus\u00e9ologique du mat\u00e9riel trait\u00e9. Fruits de la collaboration entre chercheurs, sp\u00e9cialistes et autorit\u00e9s, la publication et l&rsquo;exposition des rev\u00eatements muraux offrent un apport capital \u00e0 la connaissance du monde romain dans nos r\u00e9gions. La restitution des volumes d\u00e9cor\u00e9s permet d\u2019approcher une vision globale et coh\u00e9rente d&rsquo;ensembles architecturaux, reflets du quotidien et des aspirations de l&rsquo;homme antique.<\/p>\n<figure id=\"attachment_186\" aria-describedby=\"caption-attachment-186\" style=\"width: 200px\" class=\"wp-caption alignnone\"><a href=\"https:\/\/wp.unil.ch\/pictores-per-provincias\/files\/2015\/01\/IMG_0471-copie.jpg\"><img alt=\"\" loading=\"lazy\" decoding=\"async\" class=\"wp-image-186 size-medium\" src=\"https:\/\/wp.unil.ch\/pictores-per-provincias\/files\/2015\/01\/IMG_0471-copie-200x300.jpg\" alt=\"\" width=\"200\" height=\"300\" srcset=\"https:\/\/wp.unil.ch\/pictores-per-provincias\/files\/2015\/01\/IMG_0471-copie-200x300.jpg 200w, https:\/\/wp.unil.ch\/pictores-per-provincias\/files\/2015\/01\/IMG_0471-copie.jpg 533w\" sizes=\"auto, (max-width: 200px) 100vw, 200px\" \/><\/a><figcaption id=\"caption-attachment-186\" class=\"wp-caption-text\">Peinture murale remont\u00e9e et restitu\u00e9e sur le site de Massada.<\/figcaption><\/figure>\n<p>&nbsp;<\/p>\n","protected":false},"excerpt":{"rendered":"<p>Le remontage est la phase primordiale de I&rsquo;\u00e9tude. Travail de Iongue haleine, il part de la recherche de collages entre fragments pour arriver \u00e0 la reconstitution de plaques sinon de pans entiers de parois ou de plafonds. &nbsp; Il exige une pratique confirm\u00e9e et de bonnes connaissances iconographiques. Les exp\u00e9riences men\u00e9es ces dix derni\u00e8res ann\u00e9es &hellip; <a href=\"https:\/\/wp.unil.ch\/pictores-per-provincias\/accueil\/au-musee\/\" class=\"more-link\">Continuer la lecture de <span class=\"screen-reader-text\">&#8230;au mus\u00e9e<\/span> <span class=\"meta-nav\">&rarr;<\/span><\/a><\/p>\n","protected":false},"author":1793,"featured_media":0,"parent":34,"menu_order":1,"comment_status":"closed","ping_status":"closed","template":"","meta":{"_seopress_robots_primary_cat":"","_seopress_titles_title":"","_seopress_titles_desc":"","_seopress_robots_index":"","footnotes":""},"class_list":["post-90","page","type-page","status-publish"],"_links":{"self":[{"href":"https:\/\/wp.unil.ch\/pictores-per-provincias\/wp-json\/wp\/v2\/pages\/90","targetHints":{"allow":["GET"]}}],"collection":[{"href":"https:\/\/wp.unil.ch\/pictores-per-provincias\/wp-json\/wp\/v2\/pages"}],"about":[{"href":"https:\/\/wp.unil.ch\/pictores-per-provincias\/wp-json\/wp\/v2\/types\/page"}],"author":[{"embeddable":true,"href":"https:\/\/wp.unil.ch\/pictores-per-provincias\/wp-json\/wp\/v2\/users\/1793"}],"replies":[{"embeddable":true,"href":"https:\/\/wp.unil.ch\/pictores-per-provincias\/wp-json\/wp\/v2\/comments?post=90"}],"version-history":[{"count":0,"href":"https:\/\/wp.unil.ch\/pictores-per-provincias\/wp-json\/wp\/v2\/pages\/90\/revisions"}],"up":[{"embeddable":true,"href":"https:\/\/wp.unil.ch\/pictores-per-provincias\/wp-json\/wp\/v2\/pages\/34"}],"wp:attachment":[{"href":"https:\/\/wp.unil.ch\/pictores-per-provincias\/wp-json\/wp\/v2\/media?parent=90"}],"curies":[{"name":"wp","href":"https:\/\/api.w.org\/{rel}","templated":true}]}}