{"id":87,"date":"2014-07-09T11:28:47","date_gmt":"2014-07-09T09:28:47","guid":{"rendered":"http:\/\/wp.unil.ch\/pictores-per-provincias\/?page_id=87"},"modified":"2015-03-24T17:09:58","modified_gmt":"2015-03-24T16:09:58","slug":"de-la-fouille-2","status":"publish","type":"page","link":"https:\/\/wp.unil.ch\/pictores-per-provincias\/accueil\/de-la-fouille-2\/","title":{"rendered":"De la fouille&#8230;"},"content":{"rendered":"<p>Ecroul\u00e9s, dispers\u00e9s, fragmentaires. Voil\u00e0 le sort d&rsquo;une composante majeure de l&rsquo;architecture antique dans nos r\u00e9gions. Les rev\u00eatements muraux et leur conservation d\u00e9licate, cauchemar du fouilleur, requi\u00e8rent toute la patience de l&rsquo;arch\u00e9ologue, de leur pr\u00e9l\u00e8vement \u00e0 leur publication. Longtemps n\u00e9glig\u00e9s voire ignor\u00e9s, les fragments d&rsquo;enduits peints et de placages de marbres ont trop souvent fait l\u2019objet d&rsquo;un \u00e9chantillonnage, pr\u00e9tendu t\u00e9moin de la richesse d&rsquo;un habitat. Le cr\u00e9pissage des murs, peint ou rev\u00eatu de marbre, Ie <em>tectorium<\/em> des Anciens, est tout autrement r\u00e9v\u00e9lateur. Les travaux de ces derni\u00e8res ann\u00e9es prouvent que son \u00e9tude apporte souvent des r\u00e9sultats essentiels \u00e0 la compr\u00e9hension d&rsquo;une architecture: il montre des solutions techniques parfois insoup\u00e7onn\u00e9es, il restitue Ie cadre d\u00e9coratif des premiers si\u00e8cles de notre \u00e8re, il offre la troisi\u00e8me dimension des \u00e9difices aras\u00e9s.<\/p>\n<p>Pour un tel r\u00e9sultat, les rev\u00eatements n\u00e9cessitent un traitement adapt\u00e9 d\u00e8s leur apparition sur la fouille. Expertise et couverture photographique vont orienter Ie choix du pr\u00e9I\u00e8vement. Qu&rsquo;ils soient en remblai ou au pied des murs qu&rsquo;ils d\u00e9coraient, les enduits et les placages seront recueillis pi\u00e8ce par pi\u00e8ce, selon un carroyage serr\u00e9 (50 cm de c\u00f4t\u00e9), dispos\u00e9s en une couche dans des cagettes munies de sable ou de papier journal. Les plaques de peintures en connexion pourront \u00eatre pr\u00e9lev\u00e9es dans des coffrages ou des gangues de pl\u00e2tre, avec l&rsquo;aide d&rsquo;un restaurateur. Les gisements trop complexes pour \u00eatre fouill\u00e9s sur place seront segment\u00e9s et d\u00e9pos\u00e9s par blocs puis trait\u00e9s en laboratoire. Une documentation pr\u00e9cise, fiche descriptive et dessin \u00e0 l\u2019\u00e9chelle 1:1, accompagne Ie pr\u00e9l\u00e8vement.<\/p>\n<figure id=\"attachment_185\" aria-describedby=\"caption-attachment-185\" style=\"width: 200px\" class=\"wp-caption alignnone\"><a href=\"https:\/\/wp.unil.ch\/pictores-per-provincias\/files\/2015\/01\/IMG_0022-e1407231753315-200x300-copie.jpg\"><img alt=\"\" loading=\"lazy\" decoding=\"async\" class=\"wp-image-185 size-medium\" src=\"https:\/\/wp.unil.ch\/pictores-per-provincias\/files\/2015\/01\/IMG_0022-e1407231753315-200x300-copie-200x300.jpg\" alt=\"\" width=\"200\" height=\"300\" \/><\/a><figcaption id=\"caption-attachment-185\" class=\"wp-caption-text\">Rev\u00eatements muraux pr\u00e9lev\u00e9s, nettoy\u00e9s et conditionn\u00e9s en vue de leur \u00e9tude.<\/figcaption><\/figure>\n<p>&nbsp;<\/p>\n<p>Comme tout autre objet arch\u00e9ologique, les enduits et les placages prennent sens s&rsquo;ils sont ramass\u00e9s syst\u00e9matiquement, sans a priori li\u00e9s \u00e0 la beaut\u00e9 ou \u00e0 la taille des fragments. Ainsi seulement peuvent \u00eatre d\u00e9termin\u00e9es les teintes dominantes d&rsquo;un d\u00e9cor, la surface de ses composantes. M\u00eame longue, une intervention attentive sur Ie terrain aboutira \u00e0 une \u00e9laboration optimale, moins co\u00fbteuse en temps et en argent que s&rsquo;il s&rsquo;agit de reconstituer les informations manquantes. Etape d\u00e9licate, Ie nettoyage du mat\u00e9riel s&rsquo;effectue \u00e0 l&rsquo;aide de cotons-tiges humidifi\u00e9s, de pinceaux durs et d&rsquo;instruments de dentiste. Il s&rsquo;op\u00e8re sur toutes les faces des fragments, facilitant ainsi leur remontage.<\/p>\n<figure id=\"attachment_187\" aria-describedby=\"caption-attachment-187\" style=\"width: 300px\" class=\"wp-caption alignnone\"><a href=\"https:\/\/wp.unil.ch\/pictores-per-provincias\/files\/2015\/01\/IMG_0733.jpg\"><img alt=\"\" loading=\"lazy\" decoding=\"async\" class=\"wp-image-187 size-medium\" src=\"https:\/\/wp.unil.ch\/pictores-per-provincias\/files\/2015\/01\/IMG_0733-300x200.jpg\" alt=\"\" width=\"300\" height=\"200\" \/><\/a><figcaption id=\"caption-attachment-187\" class=\"wp-caption-text\">Enduits muraux en cours de nettoyage \u00e0 l&rsquo;Universit\u00e9 de Lausanne.<\/figcaption><\/figure>\n<p>&nbsp;<\/p>\n<p>La lecture des moindres traces d\u00e9gag\u00e9es donne des indications pr\u00e9cieuses sur Ie support de mortier et sur la surface, grav\u00e9e ou peinte. Des analyses physico-chimiques permettront de d\u00e9terminer la nature et la provenance des pigments, des roches ou des mortiers rencontr\u00e9s.<\/p>\n","protected":false},"excerpt":{"rendered":"<p>Ecroul\u00e9s, dispers\u00e9s, fragmentaires. Voil\u00e0 le sort d&rsquo;une composante majeure de l&rsquo;architecture antique dans nos r\u00e9gions. Les rev\u00eatements muraux et leur conservation d\u00e9licate, cauchemar du fouilleur, requi\u00e8rent toute la patience de l&rsquo;arch\u00e9ologue, de leur pr\u00e9l\u00e8vement \u00e0 leur publication. Longtemps n\u00e9glig\u00e9s voire ignor\u00e9s, les fragments d&rsquo;enduits peints et de placages de marbres ont trop souvent fait l\u2019objet &hellip; <a href=\"https:\/\/wp.unil.ch\/pictores-per-provincias\/accueil\/de-la-fouille-2\/\" class=\"more-link\">Continuer la lecture de <span class=\"screen-reader-text\">De la fouille&#8230;<\/span> <span class=\"meta-nav\">&rarr;<\/span><\/a><\/p>\n","protected":false},"author":1793,"featured_media":0,"parent":34,"menu_order":0,"comment_status":"closed","ping_status":"closed","template":"","meta":{"_seopress_robots_primary_cat":"","_seopress_titles_title":"","_seopress_titles_desc":"","_seopress_robots_index":"","footnotes":""},"class_list":["post-87","page","type-page","status-publish"],"_links":{"self":[{"href":"https:\/\/wp.unil.ch\/pictores-per-provincias\/wp-json\/wp\/v2\/pages\/87","targetHints":{"allow":["GET"]}}],"collection":[{"href":"https:\/\/wp.unil.ch\/pictores-per-provincias\/wp-json\/wp\/v2\/pages"}],"about":[{"href":"https:\/\/wp.unil.ch\/pictores-per-provincias\/wp-json\/wp\/v2\/types\/page"}],"author":[{"embeddable":true,"href":"https:\/\/wp.unil.ch\/pictores-per-provincias\/wp-json\/wp\/v2\/users\/1793"}],"replies":[{"embeddable":true,"href":"https:\/\/wp.unil.ch\/pictores-per-provincias\/wp-json\/wp\/v2\/comments?post=87"}],"version-history":[{"count":0,"href":"https:\/\/wp.unil.ch\/pictores-per-provincias\/wp-json\/wp\/v2\/pages\/87\/revisions"}],"up":[{"embeddable":true,"href":"https:\/\/wp.unil.ch\/pictores-per-provincias\/wp-json\/wp\/v2\/pages\/34"}],"wp:attachment":[{"href":"https:\/\/wp.unil.ch\/pictores-per-provincias\/wp-json\/wp\/v2\/media?parent=87"}],"curies":[{"name":"wp","href":"https:\/\/api.w.org\/{rel}","templated":true}]}}