{"id":585,"date":"2020-12-22T18:34:45","date_gmt":"2020-12-22T17:34:45","guid":{"rendered":"https:\/\/wp.unil.ch\/pictores-per-provincias\/?page_id=585"},"modified":"2025-03-21T09:55:48","modified_gmt":"2025-03-21T08:55:48","slug":"collaborateurs","status":"publish","type":"page","link":"https:\/\/wp.unil.ch\/pictores-per-provincias\/contact\/collaborateurs\/","title":{"rendered":"Collaborateurs"},"content":{"rendered":"\n<p><strong>Michel Fuchs<\/strong> &#8211; Professeur honoraire de la Facult\u00e9 des Lettres<\/p>\n\n\n\n<p>Professeur associ\u00e9 en arch\u00e9ologie, IASA-UNIL (2004-2023).<\/p>\n\n\n\n<p><strong>Yves Dubois<\/strong> &#8211; Privant-docent, IASA-UNIL.<\/p>\n\n\n\n<p><strong>Lionel Hofmann<\/strong> &#8211; Assistant dipl\u00f4m\u00e9 (2024 &#8211; ).<\/p>\n\n\n\n<p><strong>Alexandra Sp\u00fchler<\/strong> &#8211; Assistante dipl\u00f4m\u00e9e, IASA-UNIL (2014-2020).<\/p>\n\n\n\n<p><strong>Assistants-\u00e9tudiants:<\/strong><\/p>\n\n\n\n<p>Julien Fleischmann (2023)<\/p>\n\n\n\n<p>Chlo\u00e9 Chezeaux (2020)<\/p>\n\n\n\n<p>Aline Crotti (2020-2021)<\/p>\n\n\n\n<p>Allison Galimberti (2020-2021)<\/p>\n\n\n\n<p>Am\u00e9lie Mazzoni (2020)<\/p>\n\n\n\n<p><\/p>\n\n\n\n<p><\/p>\n","protected":false},"excerpt":{"rendered":"<p>Michel Fuchs &#8211; Professeur honoraire de la Facult\u00e9 des Lettres Professeur associ\u00e9 en arch\u00e9ologie, IASA-UNIL (2004-2023). Yves Dubois &#8211; Privant-docent, IASA-UNIL. Lionel Hofmann &#8211; Assistant dipl\u00f4m\u00e9 (2024 &#8211; ). Alexandra Sp\u00fchler &#8211; Assistante dipl\u00f4m\u00e9e, IASA-UNIL (2014-2020). Assistants-\u00e9tudiants: Julien Fleischmann (2023) Chlo\u00e9 Chezeaux (2020) Aline Crotti (2020-2021) Allison Galimberti (2020-2021) Am\u00e9lie Mazzoni (2020)<\/p>\n","protected":false},"author":1001646,"featured_media":0,"parent":27,"menu_order":0,"comment_status":"closed","ping_status":"closed","template":"","meta":{"_seopress_robots_primary_cat":"","_seopress_titles_title":"","_seopress_titles_desc":"","_seopress_robots_index":"","footnotes":""},"class_list":["post-585","page","type-page","status-publish"],"_links":{"self":[{"href":"https:\/\/wp.unil.ch\/pictores-per-provincias\/wp-json\/wp\/v2\/pages\/585","targetHints":{"allow":["GET"]}}],"collection":[{"href":"https:\/\/wp.unil.ch\/pictores-per-provincias\/wp-json\/wp\/v2\/pages"}],"about":[{"href":"https:\/\/wp.unil.ch\/pictores-per-provincias\/wp-json\/wp\/v2\/types\/page"}],"author":[{"embeddable":true,"href":"https:\/\/wp.unil.ch\/pictores-per-provincias\/wp-json\/wp\/v2\/users\/1001646"}],"replies":[{"embeddable":true,"href":"https:\/\/wp.unil.ch\/pictores-per-provincias\/wp-json\/wp\/v2\/comments?post=585"}],"version-history":[{"count":3,"href":"https:\/\/wp.unil.ch\/pictores-per-provincias\/wp-json\/wp\/v2\/pages\/585\/revisions"}],"predecessor-version":[{"id":619,"href":"https:\/\/wp.unil.ch\/pictores-per-provincias\/wp-json\/wp\/v2\/pages\/585\/revisions\/619"}],"up":[{"embeddable":true,"href":"https:\/\/wp.unil.ch\/pictores-per-provincias\/wp-json\/wp\/v2\/pages\/27"}],"wp:attachment":[{"href":"https:\/\/wp.unil.ch\/pictores-per-provincias\/wp-json\/wp\/v2\/media?parent=585"}],"curies":[{"name":"wp","href":"https:\/\/api.w.org\/{rel}","templated":true}]}}