{"id":559,"date":"2020-02-10T13:50:31","date_gmt":"2020-02-10T12:50:31","guid":{"rendered":"http:\/\/wp.unil.ch\/pictores-per-provincias\/?page_id=559"},"modified":"2020-02-20T13:33:05","modified_gmt":"2020-02-20T12:33:05","slug":"films-documentaires-et-interviews","status":"publish","type":"page","link":"https:\/\/wp.unil.ch\/pictores-per-provincias\/actualites\/films-documentaires-et-interviews\/","title":{"rendered":"Films documentaires et interviews"},"content":{"rendered":"<ul>\n<li>L&rsquo;Universit\u00e9 de Lausanne propose un stage de peinture murale sur le site de Pomp\u00e9i tous les \u00e9t\u00e9s depuis 2018. Le travail effectu\u00e9 par le professeur Michel Fuchs et son \u00e9quipe en 2019 a fait l\u2019objet de cette vid\u00e9o r\u00e9alis\u00e9e par la Surintendance en charge du site de Pomp\u00e9i.<div style=\"width: 400px;\" class=\"wp-video\"><video class=\"wp-video-shortcode\" id=\"video-559-1\" width=\"400\" height=\"224\" preload=\"metadata\" controls=\"controls\"><source type=\"video\/mp4\" src=\"https:\/\/wp.unil.ch\/pictores-per-provincias\/files\/2020\/02\/Pompeii-Parco-Archeologico-Universita\u0300-di-Losanna-Ricom.mp4?_=1\" \/><a href=\"https:\/\/wp.unil.ch\/pictores-per-provincias\/files\/2020\/02\/Pompeii-Parco-Archeologico-Universita\u0300-di-Losanna-Ricom.mp4\">https:\/\/wp.unil.ch\/pictores-per-provincias\/files\/2020\/02\/Pompeii-Parco-Archeologico-Universita\u0300-di-Losanna-Ricom.mp4<\/a><\/video><\/div><\/li>\n<li>Villa Adriana &#8211; Studio e ricomposizione delle pitture antiche (Malika Brigadoi, 2019)<br \/>\nR\u00e9alis\u00e9 dans le cadre d\u2019un stage en peinture murale \u00e0 la villa Adriana (Tivoli, Rome), ce reportage pr\u00e9sente les techniques de recherches et d\u2019\u00e9tude de la peinture murale antique. Il a \u00e9t\u00e9 projet\u00e9 lors de la 14e \u00e9dition du colloque international de l\u2019AIPMA (Association Internationale pour la Peinture Murale Antique) qui a eu lieu \u00e0 Naples.<br \/>\nMerci \u00e0 Kiljan Paris, Stella Falzone, Florence Monier, Mathilde Carrive, Paolo Tomassini, Andrea Kmetz-Sheehy et aux arch\u00e9ologues participants au stage. Pour en savoir, plus: https:\/\/vimeo.com\/malikabrigadoi<br \/>\n<div style=\"width: 604px;\" class=\"wp-video\"><video class=\"wp-video-shortcode\" id=\"video-559-2\" width=\"604\" height=\"403\" preload=\"metadata\" controls=\"controls\"><source type=\"video\/mp4\" src=\"https:\/\/wp.unil.ch\/pictores-per-provincias\/files\/2020\/02\/Villa-Adriana-Studio-e-ricomposizione-delle-pitture-antiche-Colloque-international-de-peinture-murale-Malika-Brigadoi4.mp4?_=2\" \/><a href=\"https:\/\/wp.unil.ch\/pictores-per-provincias\/files\/2020\/02\/Villa-Adriana-Studio-e-ricomposizione-delle-pitture-antiche-Colloque-international-de-peinture-murale-Malika-Brigadoi4.mp4\">https:\/\/wp.unil.ch\/pictores-per-provincias\/files\/2020\/02\/Villa-Adriana-Studio-e-ricomposizione-delle-pitture-antiche-Colloque-international-de-peinture-murale-Malika-Brigadoi4.mp4<\/a><\/video><\/div><\/li>\n<\/ul>\n","protected":false},"excerpt":{"rendered":"<p>L&rsquo;Universit\u00e9 de Lausanne propose un stage de peinture murale sur le site de Pomp\u00e9i tous les \u00e9t\u00e9s depuis 2018. Le travail effectu\u00e9 par le professeur Michel Fuchs et son \u00e9quipe en 2019 a fait l\u2019objet de cette vid\u00e9o r\u00e9alis\u00e9e par la Surintendance en charge du site de Pomp\u00e9i. Villa Adriana &#8211; Studio e ricomposizione delle &hellip; <a href=\"https:\/\/wp.unil.ch\/pictores-per-provincias\/actualites\/films-documentaires-et-interviews\/\" class=\"more-link\">Continuer la lecture de <span class=\"screen-reader-text\">Films documentaires et interviews<\/span> <span class=\"meta-nav\">&rarr;<\/span><\/a><\/p>\n","protected":false},"author":1793,"featured_media":0,"parent":161,"menu_order":1,"comment_status":"closed","ping_status":"closed","template":"","meta":{"_seopress_robots_primary_cat":"","_seopress_titles_title":"","_seopress_titles_desc":"","_seopress_robots_index":"","footnotes":""},"class_list":["post-559","page","type-page","status-publish"],"_links":{"self":[{"href":"https:\/\/wp.unil.ch\/pictores-per-provincias\/wp-json\/wp\/v2\/pages\/559","targetHints":{"allow":["GET"]}}],"collection":[{"href":"https:\/\/wp.unil.ch\/pictores-per-provincias\/wp-json\/wp\/v2\/pages"}],"about":[{"href":"https:\/\/wp.unil.ch\/pictores-per-provincias\/wp-json\/wp\/v2\/types\/page"}],"author":[{"embeddable":true,"href":"https:\/\/wp.unil.ch\/pictores-per-provincias\/wp-json\/wp\/v2\/users\/1793"}],"replies":[{"embeddable":true,"href":"https:\/\/wp.unil.ch\/pictores-per-provincias\/wp-json\/wp\/v2\/comments?post=559"}],"version-history":[{"count":0,"href":"https:\/\/wp.unil.ch\/pictores-per-provincias\/wp-json\/wp\/v2\/pages\/559\/revisions"}],"up":[{"embeddable":true,"href":"https:\/\/wp.unil.ch\/pictores-per-provincias\/wp-json\/wp\/v2\/pages\/161"}],"wp:attachment":[{"href":"https:\/\/wp.unil.ch\/pictores-per-provincias\/wp-json\/wp\/v2\/media?parent=559"}],"curies":[{"name":"wp","href":"https:\/\/api.w.org\/{rel}","templated":true}]}}