{"id":505,"date":"2019-07-23T11:55:31","date_gmt":"2019-07-23T09:55:31","guid":{"rendered":"http:\/\/wp.unil.ch\/pictores-per-provincias\/?page_id=505"},"modified":"2021-04-28T08:32:00","modified_gmt":"2021-04-28T06:32:00","slug":"stage-a-pompei","status":"publish","type":"page","link":"https:\/\/wp.unil.ch\/pictores-per-provincias\/stage-a-pompei\/","title":{"rendered":"Stage \u00e0 Pomp\u00e9i"},"content":{"rendered":"<p>Gr\u00e2ce \u00e0 un partenariat entre le <strong>Parco Archeologico di Pompei<\/strong> et l\u2019Universit\u00e9 de Lausanne sign\u00e9 en 2018, les \u00e9tudiants ont la possibilit\u00e9 de perfectionner leurs connaissances en peinture murale romaine en travaillant sur des fragments provenant de la <strong>Maison des peintres au travail<\/strong>. Ce stage est organis\u00e9 par le prof. Michel Fuchs et Alexandra Sp\u00fchler.<\/p>\n<p>Conditions de participation pour les \u00e9tudiants de l&rsquo;Unil :<br \/>\n-avoir suivi et valid\u00e9 le <strong>cours-TP<\/strong> <em>Traitement de la peinture romaine<\/em><br \/>\n-avoir suivi et valid\u00e9 le <strong>stage inter-semestriel<\/strong> <em>Traitement de la peinture romaine<\/em><\/p>\n<ul>\n<li><strong>Stage 2020 <\/strong>(du 10 au 28 ao\u00fbt)<br \/>\navec Aline Crotti, Allison Galimberti, Am\u00e9lie Mazzoni, Amandine Mochamps, Moana Muschietti, Elena Quintela Mimet, Sora Urfer et Francesca Virgillo.<\/li>\n<\/ul>\n<p>Article de l&rsquo;Actu UNIL(24.08.2020): \u00ab\u00a0Le projet Pomp\u00e9i de l&rsquo;Institut d&rsquo;arch\u00e9ologie et des sciences de l&rsquo;Antiquit\u00e9 de l&rsquo;UNIL se poursuit avec succ\u00e8s\u00a0\u00bb. <a href=\"https:\/\/news.unil.ch\/display\/1597845900142\">https:\/\/news.unil.ch\/display\/1597845900142<\/a><\/p>\n<ul>\n<li><strong>Stage 2019 <\/strong>(du 12 au 31 ao\u00fbt)<br \/>\navec Aline Crotti, Allison Galimberti, Am\u00e9lie Mazzoni, Moana Muschietti, Elena Quintela Mimet et Francesca Virgillo.<\/li>\n<\/ul>\n<p>Conf\u00e9rence du prof. Michel Fuchs, organis\u00e9e par l&rsquo;Association des Membres et Amis de l\u2019Institut Suisse de Rome et de la Societ\u00e0 Dante Alighieri Canton Vallese, le 28 mai 2020:<\/p>\n<p><iframe loading=\"lazy\" title=\"La recherche suisse \u00e0 Pomp\u00e9i - Les peintures de la Casa dei Pittori al lavoro (prof. Michel Fuchs)\" width=\"604\" height=\"453\" src=\"https:\/\/www.youtube.com\/embed\/EWPqPn-ihSI?feature=oembed\" frameborder=\"0\" allow=\"accelerometer; autoplay; clipboard-write; encrypted-media; gyroscope; picture-in-picture; web-share\" referrerpolicy=\"strict-origin-when-cross-origin\" allowfullscreen><\/iframe><\/p>\n<p>Le travail effectu\u00e9 par le professeur Michel Fuchs et son \u00e9quipe en 2019 a fait l\u2019objet d\u2019une vid\u00e9o r\u00e9alis\u00e9e par la Surintendance en charge du site de Pomp\u00e9i:<\/p>\n<div style=\"width: 400px;\" class=\"wp-video\"><video class=\"wp-video-shortcode\" id=\"video-505-1\" width=\"400\" height=\"224\" preload=\"metadata\" controls=\"controls\"><source type=\"video\/mp4\" src=\"https:\/\/wp.unil.ch\/pictores-per-provincias\/files\/2020\/02\/Pompeii-Parco-Archeologico-Universita\u0300-di-Losanna-Ricom.mp4?_=1\" \/><a href=\"https:\/\/wp.unil.ch\/pictores-per-provincias\/files\/2020\/02\/Pompeii-Parco-Archeologico-Universita\u0300-di-Losanna-Ricom.mp4\">https:\/\/wp.unil.ch\/pictores-per-provincias\/files\/2020\/02\/Pompeii-Parco-Archeologico-Universita\u0300-di-Losanna-Ricom.mp4<\/a><\/video><\/div>\n<ul>\n<li><strong>Stage 2018 <\/strong>(du 20 ao\u00fbt au 7 septembre)<br \/>\navec Allison Galimberti, Am\u00e9lie Mazzoni et Cindy Vaucher<\/li>\n<\/ul>\n<div id='gallery-1' class='gallery galleryid-505 gallery-columns-3 gallery-size-thumbnail'><figure class='gallery-item'>\n\t\t\t<div class='gallery-icon landscape'>\n\t\t\t\t<a href='https:\/\/wp.unil.ch\/pictores-per-provincias\/unil_pompei_groupe\/'><img loading=\"lazy\" decoding=\"async\" width=\"150\" height=\"150\" src=\"https:\/\/wp.unil.ch\/pictores-per-provincias\/files\/2019\/07\/unil_pompei_groupe-150x150.jpg\" class=\"attachment-thumbnail size-thumbnail\" alt=\"\" aria-describedby=\"gallery-1-513\" \/><\/a>\n\t\t\t<\/div>\n\t\t\t\t<figcaption class='wp-caption-text gallery-caption' id='gallery-1-513'>\n\t\t\t\t2018. L&rsquo;\u00e9quipe au complet\n\t\t\t\t<\/figcaption><\/figure><figure class='gallery-item'>\n\t\t\t<div class='gallery-icon landscape'>\n\t\t\t\t<a href='https:\/\/wp.unil.ch\/pictores-per-provincias\/unil_pompei_travail\/'><img loading=\"lazy\" decoding=\"async\" width=\"150\" height=\"150\" src=\"https:\/\/wp.unil.ch\/pictores-per-provincias\/files\/2019\/07\/unil_pompei_travail-150x150.jpg\" class=\"attachment-thumbnail size-thumbnail\" alt=\"\" aria-describedby=\"gallery-1-514\" \/><\/a>\n\t\t\t<\/div>\n\t\t\t\t<figcaption class='wp-caption-text gallery-caption' id='gallery-1-514'>\n\t\t\t\t2018. Travail sur les fragments\n\t\t\t\t<\/figcaption><\/figure><figure class='gallery-item'>\n\t\t\t<div class='gallery-icon landscape'>\n\t\t\t\t<a href='https:\/\/wp.unil.ch\/pictores-per-provincias\/pompei-venuscoquille-p1040034\/'><img loading=\"lazy\" decoding=\"async\" width=\"150\" height=\"150\" src=\"https:\/\/wp.unil.ch\/pictores-per-provincias\/files\/2019\/07\/Pomp\u00e9i-V\u00e9nusCoquille-P1040034-150x150.jpg\" class=\"attachment-thumbnail size-thumbnail\" alt=\"\" aria-describedby=\"gallery-1-515\" \/><\/a>\n\t\t\t<\/div>\n\t\t\t\t<figcaption class='wp-caption-text gallery-caption' id='gallery-1-515'>\n\t\t\t\t2018. Visite de Pomp\u00e9i\n\t\t\t\t<\/figcaption><\/figure>\n\t\t<\/div>\n\n<p>Contacts: michel.fuchs@unil.ch, alexandra.spuehler@unil.ch<\/p>\n","protected":false},"excerpt":{"rendered":"<p>Gr\u00e2ce \u00e0 un partenariat entre le Parco Archeologico di Pompei et l\u2019Universit\u00e9 de Lausanne sign\u00e9 en 2018, les \u00e9tudiants ont la possibilit\u00e9 de perfectionner leurs connaissances en peinture murale romaine en travaillant sur des fragments provenant de la Maison des peintres au travail. Ce stage est organis\u00e9 par le prof. Michel Fuchs et Alexandra Sp\u00fchler. &hellip; <a href=\"https:\/\/wp.unil.ch\/pictores-per-provincias\/stage-a-pompei\/\" class=\"more-link\">Continuer la lecture de <span class=\"screen-reader-text\">Stage \u00e0 Pomp\u00e9i<\/span> <span class=\"meta-nav\">&rarr;<\/span><\/a><\/p>\n","protected":false},"author":1001646,"featured_media":0,"parent":0,"menu_order":43,"comment_status":"closed","ping_status":"closed","template":"","meta":{"_seopress_robots_primary_cat":"","_seopress_titles_title":"","_seopress_titles_desc":"","_seopress_robots_index":"","footnotes":""},"class_list":["post-505","page","type-page","status-publish"],"_links":{"self":[{"href":"https:\/\/wp.unil.ch\/pictores-per-provincias\/wp-json\/wp\/v2\/pages\/505","targetHints":{"allow":["GET"]}}],"collection":[{"href":"https:\/\/wp.unil.ch\/pictores-per-provincias\/wp-json\/wp\/v2\/pages"}],"about":[{"href":"https:\/\/wp.unil.ch\/pictores-per-provincias\/wp-json\/wp\/v2\/types\/page"}],"author":[{"embeddable":true,"href":"https:\/\/wp.unil.ch\/pictores-per-provincias\/wp-json\/wp\/v2\/users\/1001646"}],"replies":[{"embeddable":true,"href":"https:\/\/wp.unil.ch\/pictores-per-provincias\/wp-json\/wp\/v2\/comments?post=505"}],"version-history":[{"count":0,"href":"https:\/\/wp.unil.ch\/pictores-per-provincias\/wp-json\/wp\/v2\/pages\/505\/revisions"}],"wp:attachment":[{"href":"https:\/\/wp.unil.ch\/pictores-per-provincias\/wp-json\/wp\/v2\/media?parent=505"}],"curies":[{"name":"wp","href":"https:\/\/api.w.org\/{rel}","templated":true}]}}