{"id":40,"date":"2014-06-23T09:53:57","date_gmt":"2014-06-23T07:53:57","guid":{"rendered":"http:\/\/wp.unil.ch\/pictores-per-provincias\/?page_id=40"},"modified":"2019-07-25T10:12:15","modified_gmt":"2019-07-25T08:12:15","slug":"nos-activites","status":"publish","type":"page","link":"https:\/\/wp.unil.ch\/pictores-per-provincias\/nos-activites\/","title":{"rendered":"Nos activit\u00e9s"},"content":{"rendered":"<p>Les activit\u00e9s conduites au sein de l&rsquo;Universit\u00e9 de Lausanne autour des peintures murales antiques sont concentr\u00e9es en deux p\u00f4les: l&rsquo;<strong>enseignement<\/strong> et la<strong> recherche<\/strong>.<\/p>\n<p><strong>Formation<\/strong><\/p>\n<p>L&rsquo;enseignement se d\u00e9roule sur une ann\u00e9e alternant th\u00e9orie et pratique afin de former les \u00e9tudiants tant aux aspects th\u00e9oriques, techniques et historiques des rev\u00eatements muraux qu&rsquo;\u00e0 la pratique du nettoyage et de l&rsquo;\u00e9tude de ces vestiges arch\u00e9ologiques:<\/p>\n<ul>\n<li>Semestre d&rsquo;automne: un\u00a0 cours th\u00e9orique est donn\u00e9 aux \u00e9tudiants en arch\u00e9ologie,\u00a0 le jeudi matin, de 8h30 \u00e0 10h, au laboratoire 1021 du b\u00e2timent Anthropole.<\/li>\n<li>Inter-semestre: un stage pratique de 3 semaines est li\u00e9 \u00e0 cet enseignement.\u00a0 Ci-joint un article \u00e9voquant le stage effectu\u00e9 en 2015: <a href=\"https:\/\/wp.unil.ch\/pictores-per-provincias\/files\/2014\/06\/aventicum_27_p13.pdf\" rel=\"\">aventicum_27_p13.<\/a><\/li>\n<li>Semestre de printemps: des travaux pratiques se d\u00e9roulent, le jeudi matin, de 8h30 \u00e0 10h.<\/li>\n<\/ul>\n<p><strong>Recherche<\/strong><\/p>\n<p>Plusieurs \u00e9tudes et th\u00e8ses de doctorats sont \u00e9galement en cours autour des enduits peints d\u00e9couverts sur sol suisse (Augst, Avenches, Orbe, Vidy) ou lors de fouilles arch\u00e9ologiques conduites par des \u00e9quipes suisses ( Mandeure en Franche-Comt\u00e9 ou Pomp\u00e9i en Campanie), autour du sens du d\u00e9cor romain et \u00e0 propos de l&rsquo;histoire de la discipline.<\/p>\n","protected":false},"excerpt":{"rendered":"<p>Les activit\u00e9s conduites au sein de l&rsquo;Universit\u00e9 de Lausanne autour des peintures murales antiques sont concentr\u00e9es en deux p\u00f4les: l&rsquo;enseignement et la recherche. Formation L&rsquo;enseignement se d\u00e9roule sur une ann\u00e9e alternant th\u00e9orie et pratique afin de former les \u00e9tudiants tant aux aspects th\u00e9oriques, techniques et historiques des rev\u00eatements muraux qu&rsquo;\u00e0 la pratique du nettoyage et &hellip; <a href=\"https:\/\/wp.unil.ch\/pictores-per-provincias\/nos-activites\/\" class=\"more-link\">Continuer la lecture de <span class=\"screen-reader-text\">Nos activit\u00e9s<\/span> <span class=\"meta-nav\">&rarr;<\/span><\/a><\/p>\n","protected":false},"author":1793,"featured_media":0,"parent":0,"menu_order":26,"comment_status":"closed","ping_status":"closed","template":"","meta":{"_seopress_robots_primary_cat":"","_seopress_titles_title":"","_seopress_titles_desc":"","_seopress_robots_index":"","footnotes":""},"class_list":["post-40","page","type-page","status-publish"],"_links":{"self":[{"href":"https:\/\/wp.unil.ch\/pictores-per-provincias\/wp-json\/wp\/v2\/pages\/40","targetHints":{"allow":["GET"]}}],"collection":[{"href":"https:\/\/wp.unil.ch\/pictores-per-provincias\/wp-json\/wp\/v2\/pages"}],"about":[{"href":"https:\/\/wp.unil.ch\/pictores-per-provincias\/wp-json\/wp\/v2\/types\/page"}],"author":[{"embeddable":true,"href":"https:\/\/wp.unil.ch\/pictores-per-provincias\/wp-json\/wp\/v2\/users\/1793"}],"replies":[{"embeddable":true,"href":"https:\/\/wp.unil.ch\/pictores-per-provincias\/wp-json\/wp\/v2\/comments?post=40"}],"version-history":[{"count":0,"href":"https:\/\/wp.unil.ch\/pictores-per-provincias\/wp-json\/wp\/v2\/pages\/40\/revisions"}],"wp:attachment":[{"href":"https:\/\/wp.unil.ch\/pictores-per-provincias\/wp-json\/wp\/v2\/media?parent=40"}],"curies":[{"name":"wp","href":"https:\/\/api.w.org\/{rel}","templated":true}]}}