{"id":34,"date":"2014-06-23T09:50:52","date_gmt":"2014-06-23T07:50:52","guid":{"rendered":"http:\/\/wp.unil.ch\/pictores-per-provincias\/?page_id=34"},"modified":"2015-03-17T15:53:23","modified_gmt":"2015-03-17T14:53:23","slug":"accueil","status":"publish","type":"page","link":"https:\/\/wp.unil.ch\/pictores-per-provincias\/","title":{"rendered":"Accueil"},"content":{"rendered":"<p>Pourquoi Pictores per provincias?<\/p>\n<p>Le groupe d&rsquo;\u00e9tudes des peintures murales de l&rsquo;Universit\u00e9 de Lausanne se concentre sur l&rsquo;\u00e9tude et la restitution des enduits muraux d\u00e9couverts sur des sites suisses ou fouill\u00e9s par des \u00e9quipes arch\u00e9ologiques helv\u00e9tiques.<\/p>\n<p>Form\u00e9 au sein de l&rsquo;Universit\u00e9 de Lausanne, il a \u00e9galement \u00e0 coeur de former les \u00e9tudiants \u00e0 l&rsquo;\u00e9tude de ce mat\u00e9riel d\u00e9couvert souvent \u00e0 l&rsquo;\u00e9tat fragmentaire et de sensibiliser le public int\u00e9ress\u00e9 aux r\u00e9alit\u00e9s du d\u00e9cor romain antique.<\/p>\n<p>Au gr\u00e9 de cours, conf\u00e9rences, stages et \u00e9tudes des vestiges d\u00e9couverts en amont et pr\u00e9lev\u00e9s minutieusement par les \u00e9quipes arch\u00e9ologiques suisses, il tend \u00e0 d\u00e9velopper cette discipline r\u00e9cente de l&rsquo;arch\u00e9ologie romaine et gallo-romaine ainsi qu&rsquo;\u00e0 mieux saisir les techniques picturales, la signification des d\u00e9cors et leurs diffusion afin d&rsquo;affiner notre compr\u00e9hension du <em>modus vivendi et decorandi<\/em> dans l&rsquo;Antiquit\u00e9.<\/p>\n","protected":false},"excerpt":{"rendered":"<p>Pourquoi Pictores per provincias? Le groupe d&rsquo;\u00e9tudes des peintures murales de l&rsquo;Universit\u00e9 de Lausanne se concentre sur l&rsquo;\u00e9tude et la restitution des enduits muraux d\u00e9couverts sur des sites suisses ou fouill\u00e9s par des \u00e9quipes arch\u00e9ologiques helv\u00e9tiques. Form\u00e9 au sein de l&rsquo;Universit\u00e9 de Lausanne, il a \u00e9galement \u00e0 coeur de former les \u00e9tudiants \u00e0 l&rsquo;\u00e9tude de &hellip; <a href=\"https:\/\/wp.unil.ch\/pictores-per-provincias\/\" class=\"more-link\">Continuer la lecture de <span class=\"screen-reader-text\">Accueil<\/span> <span class=\"meta-nav\">&rarr;<\/span><\/a><\/p>\n","protected":false},"author":1793,"featured_media":0,"parent":0,"menu_order":13,"comment_status":"closed","ping_status":"closed","template":"","meta":{"_seopress_robots_primary_cat":"","_seopress_titles_title":"","_seopress_titles_desc":"","_seopress_robots_index":"","footnotes":""},"class_list":["post-34","page","type-page","status-publish"],"_links":{"self":[{"href":"https:\/\/wp.unil.ch\/pictores-per-provincias\/wp-json\/wp\/v2\/pages\/34","targetHints":{"allow":["GET"]}}],"collection":[{"href":"https:\/\/wp.unil.ch\/pictores-per-provincias\/wp-json\/wp\/v2\/pages"}],"about":[{"href":"https:\/\/wp.unil.ch\/pictores-per-provincias\/wp-json\/wp\/v2\/types\/page"}],"author":[{"embeddable":true,"href":"https:\/\/wp.unil.ch\/pictores-per-provincias\/wp-json\/wp\/v2\/users\/1793"}],"replies":[{"embeddable":true,"href":"https:\/\/wp.unil.ch\/pictores-per-provincias\/wp-json\/wp\/v2\/comments?post=34"}],"version-history":[{"count":0,"href":"https:\/\/wp.unil.ch\/pictores-per-provincias\/wp-json\/wp\/v2\/pages\/34\/revisions"}],"wp:attachment":[{"href":"https:\/\/wp.unil.ch\/pictores-per-provincias\/wp-json\/wp\/v2\/media?parent=34"}],"curies":[{"name":"wp","href":"https:\/\/api.w.org\/{rel}","templated":true}]}}