{"id":236,"date":"2015-03-24T16:55:16","date_gmt":"2015-03-24T15:55:16","guid":{"rendered":"http:\/\/wp.unil.ch\/pictores-per-provincias\/?page_id=236"},"modified":"2016-12-21T16:43:57","modified_gmt":"2016-12-21T15:43:57","slug":"diatheque","status":"publish","type":"page","link":"https:\/\/wp.unil.ch\/pictores-per-provincias\/diatheque\/","title":{"rendered":"Diath\u00e8que"},"content":{"rendered":"<p>Les ressources iconographiques sont n\u00e9cessaires et particuli\u00e8rement nombreuses dans le domaine de la peinture antique. En particulier, quatre bases de donn\u00e9es iconographiques se distinguent:<\/p>\n<ul>\n<li>\u00a0la base iconographique \u00ab\u00a0d\u00e9cors antiques\u00a0\u00bb mont\u00e9e par Alix Barbet, disponible <a href=\"https:\/\/www.archeo.ens.fr\/spip.php?article439\" target=\"_blank\">ici<\/a>.<\/li>\n<li>la base iconographique PompeiiinPictures, disponible <a href=\"https:\/\/pompeiiinpictures.com\/pompeiiinpictures\/index.htm\">ici<\/a>.<\/li>\n<li>la base iconographique \u00ab\u00a0Tir\u00e9sias\u00a0\u00bb de l&rsquo;Universit\u00e9 de Lausanne, disponible<a href=\"https:\/\/dddtiresias.unil.ch\/tiresias\/\" target=\"_blank\"> ici<\/a>.<\/li>\n<li>la base \u00ab\u00a0D\u00e9cor in situ, Carte des d\u00e9couvertes de peintures murales et stucs\u00a0\u00bb d\u00e9di\u00e9e \u00e0 l&rsquo;inventaire des enduits peints et stucs en France et mont\u00e9e par Claude Vibert-Guigue. Demande de consultation \u00e0 adresser directement \u00e0 l&rsquo;<a href=\"https:\/\/www.archeo.ens.fr\/\" target=\"_blank\">AOROC UMR8546 CNRS\/ENS<\/a>.<\/li>\n<li>la base \u00ab\u00a0Fabulus, stucs et peinture murale du monde gr\u00e9co-romain\u00a0\u00bb r\u00e9unissant les enduits peints et stucs du monde romain \u00e0 l\u2019\u00e9chelle du bassin m\u00e9diterran\u00e9en du IVe s. av. au VIIe s. ap. J.-C. et mont\u00e9e par H\u00e9l\u00e8ne Eristov et Nicole Blanc. Demande de consultation \u00e0 adresser directement \u00e0 l&rsquo;<a href=\"https:\/\/www.archeo.ens.fr\/\" target=\"_blank\">AOROC UMR8546 CNRS\/ENS<\/a>.<\/li>\n<\/ul>\n","protected":false},"excerpt":{"rendered":"<p>Les ressources iconographiques sont n\u00e9cessaires et particuli\u00e8rement nombreuses dans le domaine de la peinture antique. En particulier, quatre bases de donn\u00e9es iconographiques se distinguent: \u00a0la base iconographique \u00ab\u00a0d\u00e9cors antiques\u00a0\u00bb mont\u00e9e par Alix Barbet, disponible ici. la base iconographique PompeiiinPictures, disponible ici. la base iconographique \u00ab\u00a0Tir\u00e9sias\u00a0\u00bb de l&rsquo;Universit\u00e9 de Lausanne, disponible ici. la base \u00ab\u00a0D\u00e9cor in &hellip; <a href=\"https:\/\/wp.unil.ch\/pictores-per-provincias\/diatheque\/\" class=\"more-link\">Continuer la lecture de <span class=\"screen-reader-text\">Diath\u00e8que<\/span> <span class=\"meta-nav\">&rarr;<\/span><\/a><\/p>\n","protected":false},"author":1793,"featured_media":0,"parent":0,"menu_order":47,"comment_status":"closed","ping_status":"closed","template":"","meta":{"_seopress_robots_primary_cat":"","_seopress_titles_title":"","_seopress_titles_desc":"","_seopress_robots_index":"","footnotes":""},"class_list":["post-236","page","type-page","status-publish"],"_links":{"self":[{"href":"https:\/\/wp.unil.ch\/pictores-per-provincias\/wp-json\/wp\/v2\/pages\/236","targetHints":{"allow":["GET"]}}],"collection":[{"href":"https:\/\/wp.unil.ch\/pictores-per-provincias\/wp-json\/wp\/v2\/pages"}],"about":[{"href":"https:\/\/wp.unil.ch\/pictores-per-provincias\/wp-json\/wp\/v2\/types\/page"}],"author":[{"embeddable":true,"href":"https:\/\/wp.unil.ch\/pictores-per-provincias\/wp-json\/wp\/v2\/users\/1793"}],"replies":[{"embeddable":true,"href":"https:\/\/wp.unil.ch\/pictores-per-provincias\/wp-json\/wp\/v2\/comments?post=236"}],"version-history":[{"count":0,"href":"https:\/\/wp.unil.ch\/pictores-per-provincias\/wp-json\/wp\/v2\/pages\/236\/revisions"}],"wp:attachment":[{"href":"https:\/\/wp.unil.ch\/pictores-per-provincias\/wp-json\/wp\/v2\/media?parent=236"}],"curies":[{"name":"wp","href":"https:\/\/api.w.org\/{rel}","templated":true}]}}