{"id":172,"date":"2015-01-08T18:16:48","date_gmt":"2015-01-08T17:16:48","guid":{"rendered":"http:\/\/wp.unil.ch\/pictores-per-provincias\/?page_id=172"},"modified":"2019-12-19T10:34:48","modified_gmt":"2019-12-19T09:34:48","slug":"stages","status":"publish","type":"page","link":"https:\/\/wp.unil.ch\/pictores-per-provincias\/actualites\/stages\/","title":{"rendered":"Conf\u00e9rences et autres formations"},"content":{"rendered":"<p>&nbsp;<\/p>\n<p>R\u00e9guli\u00e8rement, stages, conf\u00e9rences et formations sont propos\u00e9s et organis\u00e9s dans le domaine de la peinture murale antique. Actuellement,<\/p>\n<ul>\n<li>\n<pre>La conf\u00e9rence d'Alix Barbet\u00a0 \"Recomposer et restituer des peintures fragmentaires\" pr\u00e9sent\u00e9e le 8 novembre 2017 \u00e0 l'Universit\u00e9 Bordeaux Montaigne est disponible en ligne \u00e0 l'adresse: https:\/\/reainfo.hypotheses.org\/10763 et sur YouTube \u00e0 l'adresse: https:\/\/www.youtube.com\/watch?time_continue=1&amp;v=AoOWQcO-A8A&amp;feature=emb_logo.<\/pre>\n<\/li>\n<li>\n<pre>Le CEPMR de Soissons a organis\u00e9 plusieurs stages de formation \u00e0 l'\u00e9tude des enduits peints durant le mois de f\u00e9vrier. Pour en savoir plus, t\u00e9l\u00e9charger le descriptif ci-joint: <a href=\"https:\/\/wp.unil.ch\/pictores-per-provincias\/files\/2015\/01\/Formation-professionnelle-Enduits-peints-fragmentaires.pdf\">Formation professionnelle-Enduits peints fragmentaires<\/a>.<\/pre>\n<\/li>\n<li>\n<pre>L'IASA-Unil a organis\u00e9 un stage du 26 janvier au 13 f\u00e9vrier 2015 au Mus\u00e9e romain d'Avenches, sous la responsabilit\u00e9 d'Alexandra Sp\u00fchler, autour d'un ensemble peint de l'insula 13 de la cit\u00e9 antique.<\/pre>\n<\/li>\n<\/ul>\n<p><!--more--><\/p>\n<p><!--more--><\/p>\n","protected":false},"excerpt":{"rendered":"<p>&nbsp; R\u00e9guli\u00e8rement, stages, conf\u00e9rences et formations sont propos\u00e9s et organis\u00e9s dans le domaine de la peinture murale antique. Actuellement, La conf\u00e9rence d&rsquo;Alix Barbet\u00a0 \u00ab\u00a0Recomposer et restituer des peintures fragmentaires\u00a0\u00bb pr\u00e9sent\u00e9e le 8 novembre 2017 \u00e0 l&rsquo;Universit\u00e9 Bordeaux Montaigne est disponible en ligne \u00e0 l&rsquo;adresse: https:\/\/reainfo.hypotheses.org\/10763 et sur YouTube \u00e0 l&rsquo;adresse: https:\/\/www.youtube.com\/watch?time_continue=1&amp;v=AoOWQcO-A8A&amp;feature=emb_logo. Le CEPMR de Soissons &hellip; <a href=\"https:\/\/wp.unil.ch\/pictores-per-provincias\/actualites\/stages\/\" class=\"more-link\">Continuer la lecture de <span class=\"screen-reader-text\">Conf\u00e9rences et autres formations<\/span> <span class=\"meta-nav\">&rarr;<\/span><\/a><\/p>\n","protected":false},"author":1793,"featured_media":0,"parent":161,"menu_order":3,"comment_status":"closed","ping_status":"closed","template":"","meta":{"_seopress_robots_primary_cat":"","_seopress_titles_title":"","_seopress_titles_desc":"","_seopress_robots_index":"","footnotes":""},"class_list":["post-172","page","type-page","status-publish"],"_links":{"self":[{"href":"https:\/\/wp.unil.ch\/pictores-per-provincias\/wp-json\/wp\/v2\/pages\/172","targetHints":{"allow":["GET"]}}],"collection":[{"href":"https:\/\/wp.unil.ch\/pictores-per-provincias\/wp-json\/wp\/v2\/pages"}],"about":[{"href":"https:\/\/wp.unil.ch\/pictores-per-provincias\/wp-json\/wp\/v2\/types\/page"}],"author":[{"embeddable":true,"href":"https:\/\/wp.unil.ch\/pictores-per-provincias\/wp-json\/wp\/v2\/users\/1793"}],"replies":[{"embeddable":true,"href":"https:\/\/wp.unil.ch\/pictores-per-provincias\/wp-json\/wp\/v2\/comments?post=172"}],"version-history":[{"count":0,"href":"https:\/\/wp.unil.ch\/pictores-per-provincias\/wp-json\/wp\/v2\/pages\/172\/revisions"}],"up":[{"embeddable":true,"href":"https:\/\/wp.unil.ch\/pictores-per-provincias\/wp-json\/wp\/v2\/pages\/161"}],"wp:attachment":[{"href":"https:\/\/wp.unil.ch\/pictores-per-provincias\/wp-json\/wp\/v2\/media?parent=172"}],"curies":[{"name":"wp","href":"https:\/\/api.w.org\/{rel}","templated":true}]}}