{"id":164,"date":"2015-01-08T17:05:48","date_gmt":"2015-01-08T16:05:48","guid":{"rendered":"http:\/\/wp.unil.ch\/pictores-per-provincias\/?page_id=164"},"modified":"2025-03-21T09:59:48","modified_gmt":"2025-03-21T08:59:48","slug":"memoires-et-theses-2","status":"publish","type":"page","link":"https:\/\/wp.unil.ch\/pictores-per-provincias\/actualites\/memoires-et-theses-2\/","title":{"rendered":"M\u00e9moires et th\u00e8ses"},"content":{"rendered":"<ul>\n<li><strong><span style=\"text-decoration: underline\">Th\u00e8se en cours\u00a0:<\/span><\/strong><\/li>\n<\/ul>\n<p>Sp\u00fchler, Alexandra, <em>D\u00e9corer et peindre dans l&rsquo;Avenches romaine<\/em> (dir. Prof. M. Fuchs, Prof. H. Dessales)<\/p>\n<p>Tissot, Lucile, <em>La peinture murale de Kastelen-Augst BL <\/em>(dir. Prof. M. Fuchs).<\/p>\n<p>Schwab, Laurent, <em>Les mosa\u00efques figur\u00e9es trouv\u00e9es dans les provinces romaines du nord de la Gaule : miroirs des id\u00e9es religieuses et des conceptions philosophiques des propri\u00e9taires de domus et de villae<\/em> (dir. Prof. M. Fuchs, Universit\u00e9 de Lausanne et Prof. J.-P. Descoeudres, Universit\u00e9 de Gen\u00e8ve)<\/p>\n<ul>\n<li><strong><span style=\"text-decoration: underline\">Th\u00e8ses soutenues :<\/span><\/strong><\/li>\n<\/ul>\n<p>Dubois, Yves, <em>Ornementation et discours architectural de la \u00ab\u00a0villa\u00a0\u00bb gallo-romaine d&rsquo;Orbe-Bosc\u00e9az : l&rsquo;apport des peintures<\/em>, 2009, manuscrit d\u00e9pos\u00e9 \u00e0 la BCU. Publication disponible <a href=\"https:\/\/www.mcah.ch\/publications\/cahiers-darcheologie-romande\/\">ici<\/a>.<\/p>\n<p>Delbarre-B\u00e4rtschi, Sophie, <em>Les mosa\u00efques romaines en Suisse. Volume 1: Synth\u00e8se &#8211; Volume 2: Inventaire (Compl\u00e9ment de l&rsquo;inventaire de V. von Gonzenbach publi\u00e9 en 1961)<\/em>, 2007, manuscrit d\u00e9pos\u00e9 \u00e0 la BCU. Publication disponible <a href=\"https:\/\/www.archaeologie-schweiz.ch\/Antiqua.126.0.html?&amp;L=3\">ici<\/a>.<\/p>\n<p>Provenzale, Veronica, <em>Echi di propaganda imperiale in scene di coppia a Pompei. Immagini di coppie sedute nel repertorio pompeiano: Enea e Didone, Marte e Venere, Perseo e Andromeda, 2008, manuscrit d\u00e9pos\u00e9 \u00e0 la BCU. Publication disponible <a href=\"https:\/\/www.edizioniquasar.it\/sku.php?id_libro=1741\" target=\"_blank\" rel=\"noopener\">ici<\/a>.<br \/>\n<\/em><\/p>\n<p>Fuchs, Michel E., <em>La Maison d&rsquo;Amour et des Saisons. Construction et d\u00e9cor d&rsquo;un quartier d&rsquo;Avenches : L&rsquo;insula 10 Est et la peinture murale d&rsquo;\u00e9poque s\u00e9v\u00e9rienne, 2003, manuscrit d\u00e9pos\u00e9 \u00e0 la BCU.<\/em><\/p>\n<ul>\n<li><strong>\u00a0<span style=\"text-decoration: underline\">M\u00e9moires soutenus:<\/span><\/strong><\/li>\n<\/ul>\n<p>Devaux, Ana\u00efs, <em>La repr\u00e9sentation des instruments de musique sur les mosa\u00efques d&rsquo;Afrique du Nord entre le Ier et le d\u00e9but du IVe si\u00e8cle<\/em>, 2016 (dir. Prof. M. Fuchs).<\/p>\n<p>Napoli, Livio, <em>Spolia Basilicae Epomanduoduri. Etude d&rsquo;un programme ornemental de marbres<\/em>, 2016 (dir. Prof. M. Fuchs).<\/p>\n<p>K\u00fchner, Benjamin, <em>L&rsquo;iconographie navale antique en Suisse: des illustrations de chalands celtiques aux images de gal\u00e8res<\/em> romaines, 2015 (dir. Prof. M. Fuchs).<\/p>\n<p>Chauvy,\u00a0 Nicolas, <em>La\u00a0 mosa\u00efque\u00a0 de\u00a0 Corm\u00e9rod.\u00a0 Etude\u00a0 iconographique\u00a0 d&rsquo;une\u00a0 mosa\u00efque\u00a0 \u00e0\u00a0 labyrinthe\u00a0 du\u00a0 Haut-Empire<\/em>, 2015 (dir. Prof. M. Fuchs).<\/p>\n<p>D\u00e9fayes, Catherine, <em>Mise en valeur des peintures murales romaines dans les mus\u00e9es : une r\u00e9flexion<\/em>, 2013 (dir. Prof. M. Fuchs).<\/p>\n<p>Formica, Marie, <em>La mosa\u00efque du premier \u00e9tat de la basilique de Derecik<\/em>, 2013 (dir. Prof. M. Fuchs).<\/p>\n<p>Lehmann, Mirja, <em>Graffitis \u00e0 Augusta Raurica<\/em>, 2013 (dir. Prof. M. Fuchs).<\/p>\n<p>Nuoffer, Cindy, <em>L\u2019\u00e9gyptomanie dans la peinture romaine<\/em>, 2013 (dir. Prof. M. Fuchs).<\/p>\n<p>Pillet, Louise, <em>Graffitis \u00e0 Augusta Raurica,<\/em> 2013 (dir. Prof. M. Fuchs).<\/p>\n<p>Dao, Fanny, <em>Les peintures murales d&rsquo;Eburodunum<\/em>, 2011 (dir. Prof. M. Fuchs).<\/p>\n<p>Sp\u00fchler, Alexandra, <em>Cerfs, cygnes et monstres marins. Etude d&rsquo;un d\u00e9cor figur\u00e9 \u00e0 fond blanc de l&rsquo;insula 12a d&rsquo;Avenches, <\/em>2011 (dir. Prof. Michel Fuchs).<\/p>\n<p>Tissot, Lucile, <em>Les peintures murales de \u00ab\u00a0L&rsquo;<\/em>insula<em> 39&Prime; d&rsquo;Augst<\/em>, 2007 (dir. Prof. M. Fuchs).<\/p>\n<p>Roduit, Lorraine, <em>Les graffiti figuratifs sur peinture murale en Suisse<\/em> , 2006 (dir. Prof. M. Fuchs).<\/p>\n<p>Gerber,\u00a0 Claude-Olivier, <em>Les\u00a0 <\/em>exempla<em>\u00a0 d&rsquo;Echzell\u00a0 :\u00a0 essai\u00a0 d\u2019interpr\u00e9tation\u00a0 du\u00a0 programme\u00a0 iconographique\u00a0 de\u00a0 la\u00a0 peinture\u00a0 d\u2019Echzell<\/em>, 2003 (dir. Prof. C. B\u00e9rard).<\/p>\n<p>Vuichard Pigueron, Nathalie, <em>Les peintures murales des thermes de l&rsquo;<\/em>insula<em> 19 d&rsquo;Avenches<\/em>, 2001 (dir. Prof. D. Paunier).<\/p>\n<p>Dubois\u00a0 Yves, <em>Le\u00a0 d\u00e9cor\u00a0 mural\u00a0 d\u2019un\u00a0 portique\u00a0 de\u00a0 la\u00a0 <\/em>villa<em>\u00a0 gallo-romaine\u00a0 d\u2019Yvonand-Mordagne, 1995<\/em> (dir. Prof. D. Paunier).<\/p>\n<p>Peyrollaz\u00a0 Sylvie,<em> Le\u00a0 complexe\u00a0 thermal\u00a0 du\u00a0 \u00ab<\/em>temenos<em>\u00bb\u00a0 de\u00a0 Martigny\u00a0 :\u00a0 la\u00a0 peinture\u00a0 murale\u00a0 romaine\u00a0 de\u00a0 la\u00a0 salle\u00a0 M<\/em>, 1993 (dir. Prof. D. Paunier).<\/p>\n<p>Knuchel,\u00a0 Fran\u00e7ois, <em>Les\u00a0 peintures\u00a0 murales\u00a0 du\u00a0 complexe\u00a0 4675\u00a0 de\u00a0 l&rsquo;<\/em>insula<em>\u00a0 7\u00a0 \u00e0\u00a0 Avenches,\u00a0 fouilles\u00a0 de\u00a0 1977<\/em>, 1978 (dir. H. B\u00f6gli).<\/p>\n","protected":false},"excerpt":{"rendered":"<p>Th\u00e8se en cours\u00a0: Sp\u00fchler, Alexandra, D\u00e9corer et peindre dans l&rsquo;Avenches romaine (dir. Prof. M. Fuchs, Prof. H. Dessales) Tissot, Lucile, La peinture murale de Kastelen-Augst BL (dir. Prof. M. Fuchs). Schwab, Laurent, Les mosa\u00efques figur\u00e9es trouv\u00e9es dans les provinces romaines du nord de la Gaule : miroirs des id\u00e9es religieuses et des conceptions philosophiques des &hellip; <a href=\"https:\/\/wp.unil.ch\/pictores-per-provincias\/actualites\/memoires-et-theses-2\/\" class=\"more-link\">Continuer la lecture de <span class=\"screen-reader-text\">M\u00e9moires et th\u00e8ses<\/span> <span class=\"meta-nav\">&rarr;<\/span><\/a><\/p>\n","protected":false},"author":1793,"featured_media":0,"parent":161,"menu_order":4,"comment_status":"closed","ping_status":"closed","template":"","meta":{"_seopress_robots_primary_cat":"","_seopress_titles_title":"","_seopress_titles_desc":"","_seopress_robots_index":"","footnotes":""},"class_list":["post-164","page","type-page","status-publish"],"_links":{"self":[{"href":"https:\/\/wp.unil.ch\/pictores-per-provincias\/wp-json\/wp\/v2\/pages\/164","targetHints":{"allow":["GET"]}}],"collection":[{"href":"https:\/\/wp.unil.ch\/pictores-per-provincias\/wp-json\/wp\/v2\/pages"}],"about":[{"href":"https:\/\/wp.unil.ch\/pictores-per-provincias\/wp-json\/wp\/v2\/types\/page"}],"author":[{"embeddable":true,"href":"https:\/\/wp.unil.ch\/pictores-per-provincias\/wp-json\/wp\/v2\/users\/1793"}],"replies":[{"embeddable":true,"href":"https:\/\/wp.unil.ch\/pictores-per-provincias\/wp-json\/wp\/v2\/comments?post=164"}],"version-history":[{"count":4,"href":"https:\/\/wp.unil.ch\/pictores-per-provincias\/wp-json\/wp\/v2\/pages\/164\/revisions"}],"predecessor-version":[{"id":623,"href":"https:\/\/wp.unil.ch\/pictores-per-provincias\/wp-json\/wp\/v2\/pages\/164\/revisions\/623"}],"up":[{"embeddable":true,"href":"https:\/\/wp.unil.ch\/pictores-per-provincias\/wp-json\/wp\/v2\/pages\/161"}],"wp:attachment":[{"href":"https:\/\/wp.unil.ch\/pictores-per-provincias\/wp-json\/wp\/v2\/media?parent=164"}],"curies":[{"name":"wp","href":"https:\/\/api.w.org\/{rel}","templated":true}]}}