{"id":335,"date":"2019-01-17T07:56:35","date_gmt":"2019-01-17T06:56:35","guid":{"rendered":"http:\/\/wp.unil.ch\/phylo\/?page_id=335"},"modified":"2023-07-03T09:42:08","modified_gmt":"2023-07-03T07:42:08","slug":"introduction-a-la-programmation","status":"publish","type":"page","link":"https:\/\/wp.unil.ch\/phylo\/teaching\/introduction-a-la-programmation\/","title":{"rendered":"Introduction \u00e0 la programmation"},"content":{"rendered":"<p>Ce cours est donn\u00e9 au semestre d&#8217;automne du Bachelor 2\u00e8me ann\u00e9e de Biologie (6H cours; 12H exercices). Nous utilisons python pour apprendre les concepts de base de la programmation.<\/p>\n<p>Le but est de donner un introduction de base \u00e0 la programmation afin d&#8217;avoir les connaissances minimales pour commencer \u00e0 faire de l&#8217;analyse de donn\u00e9es, d&#8217;automatiser des t\u00e2ches et de conna\u00eetre le fonctionnement d&#8217;un ordinateur.<\/p>\n<p>Les documents de cours sont accessibles sur la plateforme Moodle et le canal Teams du cours.<\/p>\n","protected":false},"excerpt":{"rendered":"<p>Ce cours est donn\u00e9 au semestre d&#8217;automne du Bachelor 2\u00e8me ann\u00e9e de Biologie (6H cours; 12H exercices). Nous utilisons python pour apprendre les concepts de base de la programmation. Le but est de donner un introduction de base \u00e0 la<\/p>\n","protected":false},"author":1124,"featured_media":0,"parent":296,"menu_order":2,"comment_status":"closed","ping_status":"closed","template":"","meta":{"_seopress_robots_primary_cat":"","_seopress_titles_title":"","_seopress_titles_desc":"","_seopress_robots_index":"","footnotes":""},"class_list":["post-335","page","type-page","status-publish"],"_links":{"self":[{"href":"https:\/\/wp.unil.ch\/phylo\/wp-json\/wp\/v2\/pages\/335","targetHints":{"allow":["GET"]}}],"collection":[{"href":"https:\/\/wp.unil.ch\/phylo\/wp-json\/wp\/v2\/pages"}],"about":[{"href":"https:\/\/wp.unil.ch\/phylo\/wp-json\/wp\/v2\/types\/page"}],"author":[{"embeddable":true,"href":"https:\/\/wp.unil.ch\/phylo\/wp-json\/wp\/v2\/users\/1124"}],"replies":[{"embeddable":true,"href":"https:\/\/wp.unil.ch\/phylo\/wp-json\/wp\/v2\/comments?post=335"}],"version-history":[{"count":0,"href":"https:\/\/wp.unil.ch\/phylo\/wp-json\/wp\/v2\/pages\/335\/revisions"}],"up":[{"embeddable":true,"href":"https:\/\/wp.unil.ch\/phylo\/wp-json\/wp\/v2\/pages\/296"}],"wp:attachment":[{"href":"https:\/\/wp.unil.ch\/phylo\/wp-json\/wp\/v2\/media?parent=335"}],"curies":[{"name":"wp","href":"https:\/\/api.w.org\/{rel}","templated":true}]}}