{"id":64,"date":"2018-01-11T19:36:30","date_gmt":"2018-01-11T18:36:30","guid":{"rendered":"http:\/\/wp.unil.ch\/persuasivelab\/?page_id=64"},"modified":"2020-07-15T19:21:25","modified_gmt":"2020-07-15T17:21:25","slug":"64-2","status":"publish","type":"page","link":"https:\/\/wp.unil.ch\/persuasivelab\/64-2\/","title":{"rendered":"PErsuasive Tech Lab"},"content":{"rendered":"<p>PET Lab started in mid-2016 at the<a href=\"https:\/\/www.unil.ch\/desi\/en\/home.html\"> Department of Information Systems<\/a>\u00a0of HEC Lausanne,\u00a0University of Lausanne.<\/p>\n<p>We research technology that can improve people\u2019s lives. We focus on techniques that can help people adopt healthy behaviours (e.g. exercising, having quality time, meditating, etc.) and getting rid of negative behaviours (e.g., smoking, procrastinating essential tasks, etc.). Our approach is to design technological interventions that provoke a change. These might be embodied in mobile apps, interactive services or even take a physical form and shape. We see technology as a way to empower humans through new awarenesses and abilities. In our approach, interventions have a limited time span and do not create dependencies.<\/p>\n<p><img alt=\"\" loading=\"lazy\" decoding=\"async\" class=\"aligncenter size-large wp-image-402\" src=\"https:\/\/wp.unil.ch\/persuasivelab\/files\/2019\/12\/DSC_3295-1024x910.jpg\" alt=\"\" width=\"665\" height=\"591\" \/><\/p>\n<h4>News<\/h4>\n<p><strong>June 2020<\/strong> &#8211; Ana Davitkova, Agron Idrizi and Florian Cedric Terrier have successfully defended their MScIS theses. Congratulations and good luck on their next adventure!<\/p>\n<p><strong>May 2020<\/strong> &#8211; We presented at [Swiss] CHI&#8217;20. Check the <a href=\"https:\/\/t.co\/ZjzjOb2MEo\">slides<\/a> and <a href=\"https:\/\/youtu.be\/gxdtBs68gks\">recorded stream<\/a>.<\/p>\n<p><strong>May 2020<\/strong> &#8211; <a href=\"https:\/\/wp.unil.ch\/persuasivelab\/people\/\">Alessandro Silacci<\/a> joins our lab to conduct research on persuasive technology and physical activity. Alessandro is in co-supervision with <a href=\"https:\/\/www.heg-fr.ch\/en\/about-us\/people\/maurizio-caon\/\">Maurizio Caon<\/a> (School of Management &#8211; FR)<\/p>\n<p><strong>March 2020<\/strong> &#8211; <a href=\"https:\/\/wp.unil.ch\/persuasivelab\/people\/\">Lahari Goswami<\/a> started her PhD with out team. She will be focusing on learning technologies and how to design support for learning environments.<\/p>\n<p><strong>March 2020<\/strong> &#8211; Lucas Rodrigues leaves the lab to pursue his next adventure. Good luck!<\/p>\n<p><strong>February 2020<\/strong> &#8211; Welcome to\u00a0<a href=\"https:\/\/people.unil.ch\/kevinhuguenin\/members\/kavous-salehzadeh-niksirat\/\" rel=\"noopener\">Kavous<\/a>\u00a0who just started as a research scientist in the lab!<\/p>\n<p><strong>January 2020<\/strong> &#8211; Mil\u00e9na Engelhard has successfully defended her MScIS thesis. Congratulations and good luck with her next adventure.<\/p>\n<p><strong>November 2019<\/strong> &#8211; Together with\u00a0<a href=\"https:\/\/people.unil.ch\/kevinhuguenin\/members\/biography\/\">K\u00e9vin Huguenin<\/a>, we received funding for 1 year from the\u00a0<a href=\"https:\/\/www.snf.ch\/en\/Pages\/default.aspx\">Swiss National Science Foundation<\/a>\u00a0to work on addressing multi-party privacy conflicts (<a href=\"https:\/\/p3.snf.ch\/project-190762\" target=\"_blank\" rel=\"noopener noreferrer\">NudgeMPC<\/a>).<\/p>\n<p><strong>September 2019<\/strong> &#8211; Our lab director got a mention on September&#8217;s edition of ICTjournal. He gave his opinion on\u00a0 the role of technological nudges.<\/p>\n<p><strong>September 2019<\/strong> &#8211; James Tyler joins our lab as a PhD Student.<\/p>\n<p><strong>September 2019<\/strong> &#8211; Clarina Sierro has successfully defended her <a href=\"https:\/\/wp.unil.ch\/persuasivelab\/files\/2019\/09\/these_de_master_nudge_au_musee.pdf\">MScIS thesis<\/a>.<\/p>\n<p><strong>June 2019<\/strong> &#8211; Vanessa Morson and Giacomo Longhi have successfully defended their MScIS thesis.<\/p>\n<p><strong>May 2019<\/strong> &#8211; We have an open <a href=\"https:\/\/bit.ly\/30w0wKz\">Postdoc position<\/a> on Privacy and Human-Computer Interaction.<\/p>\n<p><strong>January 2019<\/strong> &#8211; Cl\u00e9ment Benkada has successfully defended his master&#8217;s thesis: Cr\u00e9ation d\u2019outils num\u00e9riques d\u00e9di\u00e9s \u00e0 la recherche d\u2019emploi : comprendre les ch\u00f4meurs pour les garder motiv\u00e9s.<\/p>\n<p><strong>December 2018<\/strong> &#8211; Lucas Siqueira Rodrigues joins our lab as a PhD Student researching on Persuasive Computing to support Job-seekers.<\/p>\n<p><span class=\"c12\"><span style=\"color: #000000\"><strong>November 2018<\/strong><\/span> &#8211; Our paper Towards Usable Checksums paper was featured in the <em>morning paper blog<\/em> (check the entry <a href=\"https:\/\/blog.acolyer.org\/2018\/11\/28\/towards-usable-checksums-automating-the-integrity-verification-of-web-downloads-for-the-masses\/\">here<\/a>)<\/span><\/p>\n<p><span class=\"c12\"><span style=\"color: #000000\"><strong>November 2018<\/strong><\/span> &#8211; We have an open\u00a0<a href=\"https:\/\/wp.unil.ch\/persuasivelab\/join-us\/\">PhD position<\/a> on \u00a0Learning Technologies<\/span><span class=\"c21 c23\">.<\/span><\/p>\n<p><span class=\"c12\"><span style=\"color: #000000\"><strong>August 2018 <\/strong>&#8211;\u00a0<\/span><\/span>Zied El Houki, Wilson Ngo, and Jonas Brun have defended their MScIS theses successfully.<\/p>\n<p><span class=\"c12\"><span style=\"color: #000000\"><strong>June 2018<\/strong><\/span>\u00a0 &#8211;\u00a0<\/span>Luca Reut, Tolulope Omuku,\u00a0and Zineb Hamdi have defended their MScIS theses successfully.<\/p>\n<p class=\"c18\"><span class=\"c12\"><span style=\"color: #000000\"><strong>May 2018<\/strong><\/span> &#8211; We have an open\u00a0<a href=\"https:\/\/wp.unil.ch\/persuasivelab\/join-us\/\">PhD position<\/a> on \u00a0Persuasive Computing <\/span><span class=\"c21 c23\">to support Job-seekers.<\/span><\/p>\n<p><strong><span style=\"color: #000000\">April 2018<\/span><\/strong> &#8211; Our research lab director featured in <a href=\"https:\/\/wp.unil.ch\/persuasivelab\/files\/2018\/04\/PME_Id\u00e9esBusiness_janvier2018.pdf\">PME Magazine January-February 2018 Edition<\/a>. Discussing\u00a0sharing economy and interactive services for older users.<\/p>\n<p><strong><span style=\"color: #000000\">February 2018<\/span><\/strong> &#8211; Khaled Lala is joining us this spring to work on his Master Thesis. He will be studying the reason behind the adoption of and adherence to healthy eating apps.<\/p>\n<p><strong>February 2018\u00a0<\/strong>&#8211; We got a short paper accepted for<a href=\"https:\/\/longtermtracking.offis.de\/\"> A Short Workshop on Next Steps Towards Long Term Self Tracking<\/a>\u00a0at <a href=\"https:\/\/chi2018.acm.org\/\">CHI&#8217;18<\/a>.<\/p>\n<p><strong>September 2017 &#8211;\u00a0<\/strong>Luca Reut joins our lab to begin his master thesis on the topic of Personality and social characteristics of non-technology users during life-changing events. Also, Tolulope Omuku joins our lab to begin her master thesis work on the topic surveying persuasive apps.<\/p>\n<p><strong>February 2017 &#8211;<\/strong> We got a short paper accepted for <a href=\"https:\/\/olderadultsmobileinterfaces.wordpress.com\/chi-2017\/\">Mobile Interface Design with Older Adults<\/a>\u00a0Workshop at <a href=\"https:\/\/chi2017.acm.org\">CHI&#8217;17<\/a>.<\/p>\n<p><strong>January 2017<\/strong> &#8211; Gabriela Villalobos-Z\u00fa\u00f1iga joins our lab as a PhD Student researching on persuasive applications for health and wellbeing.<\/p>\n<p>&nbsp;<\/p>\n<p>&nbsp;<\/p>\n","protected":false},"excerpt":{"rendered":"<p>PET Lab started in mid-2016 at the Department of Information Systems\u00a0of HEC Lausanne,\u00a0University of Lausanne. We research technology that can improve people\u2019s lives. We focus on techniques that can help &hellip; <\/p>\n","protected":false},"author":1001701,"featured_media":0,"parent":0,"menu_order":0,"comment_status":"closed","ping_status":"closed","template":"page-templates\/full-width-page.php","meta":{"_seopress_robots_primary_cat":"","_seopress_titles_title":"","_seopress_titles_desc":"","_seopress_robots_index":"","footnotes":""},"class_list":["post-64","page","type-page","status-publish"],"_links":{"self":[{"href":"https:\/\/wp.unil.ch\/persuasivelab\/wp-json\/wp\/v2\/pages\/64","targetHints":{"allow":["GET"]}}],"collection":[{"href":"https:\/\/wp.unil.ch\/persuasivelab\/wp-json\/wp\/v2\/pages"}],"about":[{"href":"https:\/\/wp.unil.ch\/persuasivelab\/wp-json\/wp\/v2\/types\/page"}],"author":[{"embeddable":true,"href":"https:\/\/wp.unil.ch\/persuasivelab\/wp-json\/wp\/v2\/users\/1001701"}],"replies":[{"embeddable":true,"href":"https:\/\/wp.unil.ch\/persuasivelab\/wp-json\/wp\/v2\/comments?post=64"}],"version-history":[{"count":0,"href":"https:\/\/wp.unil.ch\/persuasivelab\/wp-json\/wp\/v2\/pages\/64\/revisions"}],"wp:attachment":[{"href":"https:\/\/wp.unil.ch\/persuasivelab\/wp-json\/wp\/v2\/media?parent=64"}],"curies":[{"name":"wp","href":"https:\/\/api.w.org\/{rel}","templated":true}]}}