{"id":51,"date":"2023-10-06T18:19:57","date_gmt":"2023-10-06T16:19:57","guid":{"rendered":"http:\/\/wp.unil.ch\/persuasivelab\/?page_id=51"},"modified":"2025-11-21T11:27:52","modified_gmt":"2025-11-21T10:27:52","slug":"publications","status":"publish","type":"page","link":"https:\/\/wp.unil.ch\/persuasivelab\/publications\/","title":{"rendered":"Publications"},"content":{"rendered":"<h2>2025<\/h2>\n<p>Rao, P. S. B., \u0160\u0107epanovi\u0107, S., Jayagopi, D. B., Cherubini, M., &amp; Quercia, D. (2025). The AI Model Risk Catalog: What Developers and Researchers Miss About Real-World AI Harms.\u00a0<i>Proceedings of the AAAI\/ACM Conference on AI, Ethics, and Society<\/i>,\u00a0<i>8<\/i>(3), 2150-2163. <a href=\"https:\/\/doi.org\/10.1609\/aies.v8i3.36702\">https:\/\/doi.org\/10.1609\/aies.v8i3.36702<\/a> <span class=\"conf\">Conference<\/span><\/p>\n<p>Rao, P. S. B., Nagarajan Venkatesan, L., Cherubini, M., &amp; Jayagopi, D. B. (2025). Invisible Filters: Cultural Bias in Hiring Evaluations Using Large Language Models.\u00a0<i>Proceedings of the AAAI\/ACM Conference on AI, Ethics, and Society<\/i>,\u00a0<i>8<\/i>(3), 2164-2176. <a href=\"https:\/\/doi.org\/10.1609\/aies.v8i3.36703\">https:\/\/doi.org\/10.1609\/aies.v8i3.36703<\/a> <span class=\"conf\">Conference<\/span><\/p>\n<p>Aliyu, S., Shehu, A., Abdulwasiu, A., &amp; Cherubini, M. (2025). Disclosure-Based Cyberbullying Support App: Victims&#8217; Psychological Well-Being, Awareness, and Support Through Counseling.\u00a0<i>Proceedings of the ACM on Human-Computer Interaction<\/i>,\u00a0<i>9<\/i>(7), 1-23. \u00a0<a href=\"https:\/\/doi.org\/10.1145\/3757581\">https:\/\/doi.org\/10.1145\/3757581<\/a> <span class=\"conf\">Conference<\/span><\/p>\n<div>\n<p>Silacci, A., Cherubini, M., &amp; Caon, M. (2025). Navigating the design of simulated exercising peers : insights from a participatory design study. <i>Frontiers In Digital Health<\/i>, <i>7<\/i>. <a href=\"https:\/\/doi.org\/10.3389\/fdgth.2025.1551966\"><span class=\"url\">https:\/\/doi.org\/10.3389\/fdgth.2025.1551966<\/span><\/a> <span class=\"jour\">Journal<\/span><\/p>\n<\/div>\n<h2>2024<\/h2>\n<div>\n<div>\n<p>Arn\u00e9ra, J., Chan, C. H. M., &amp; Cherubini, M. (2024, July). Digital, Analog, or Hybrid: Comparing Strategies to Support Self-Reflection. In\u00a0<i>Proceedings of the 2024 ACM Designing Interactive Systems Conference<\/i>\u00a0(pp. 3435-3452). <a href=\"https:\/\/doi.org\/10.1145\/3643834.3661558\"><span class=\"url\">https:\/\/doi.org\/10.1145\/3643834.3661558<\/span><\/a>\u00a0 <span class=\"conf\">Conference<\/span><\/p>\n<\/div>\n<p>Rao, P. S. B., Renier, L., Boldi, M.-O., Mast, M. S., Jayagopi, D. B., &amp; Cherubini, M. (2024). On the potential of supporting autonomy in online video interview training platforms.\u00a0<i>International Journal of Human-Computer Studies<\/i>,\u00a0<i>191<\/i>, 103326.\u00a0 <a href=\"https:\/\/doi.org\/10.1016\/j.ijhcs.2024.103326\">https:\/\/doi.org\/10.1016\/j.ijhcs.2024.103326<\/a> <span class=\"jour\">Journal<\/span><\/p>\n<\/div>\n<p>Aliyu, S., Khan, S., Mbodj, A. N., Osho, O., Li, L., Knijnenburg, B., &amp; Cherubini, M. (2024, July). Participatory Design to Address Disclosure-Based Cyberbullying. In\u00a0<i>Proceedings of the 2024 ACM Designing Interactive Systems Conference<\/i> (pp. 1547-1565). <a href=\"https:\/\/doi.org\/10.1145\/3643834.3660716\">https:\/\/doi.org\/10.1145\/3643834.3660716<\/a> <span class=\"conf\">Conference<\/span><\/p>\n<p>Salehzadeh Niksirat, K., Velykoivanenko, L., Zufferey, N., Cherubini, M., Huguenin, K. &amp; Humbert, M. (2024) Wearable Activity Trackers: A Survey on Utility, Privacy, and Security. ACM Computing Surveys (ACM CSUR). Vol. 56, Issue. 7, Article 183 (April 2024), 40 pages. <a href=\"https:\/\/dx.doi.org\/10.1145\/3645091\">https:\/\/dx.doi.org\/10.1145\/3645091<\/a> <span class=\"jour\">Journal<\/span><\/p>\n<p>Niksirat, K. S., Korka, D., Jacquemin, Q., Vanini, C., Humbert, M., Cherubini, M., &#8230; &amp; Huguenin, K. (2024). Security and Privacy with Second-Hand Storage Devices: A User-Centric Perspective from Switzerland. Proceedings on Privacy Enhancing Technologies (PoPETs), 2024(2), 22.: <a href=\"https:\/\/serval.unil.ch\/en\/notice\/serval:BIB_B69A6B006D03\" target=\"_blank\" rel=\"noopener\">https:\/\/serval.unil.ch\/en\/notice\/serval:BIB_B69A6B006D03 <\/a>\u00a0<span class=\"conf\">Conference<\/span><\/p>\n<p>Maceiras, M., Salehzadeh Niksirat, K., Bernard, G., Garbinato, B., Cherubini, M., Humbert, M., &amp; Huguenin, K. (2024). Know their Customers: An Empirical Study of Online Account Enumeration Attacks. ACM Transactions on the Web. <a href=\"https:\/\/dx.doi.org\/10.1145\/3664201\">https:\/\/dx.doi.org\/10.1145\/3664201<\/a> <span class=\"jour\">Journal<\/span><\/p>\n<h2>2023<span class=\"overflow editable editable-click\">\u00a0<\/span><\/h2>\n<div>\n<p>Arianna Boldi, Alessandro Silacci, Marc-Olivier Boldi, Mauro Cherubini, Maurizio Caon, No\u00e9 Zufferey, K\u00e9vin Huguenin, &amp; Amon Rapp. (2023). Exploring the impact of commercial wearable activity trackers on body awareness and body representations : A mixed-methods study on self-tracking. <i>Computers in Human Behavior<\/i>, 108036. <a href=\"https:\/\/doi.org\/10.1016\/j.chb.2023.108036\">https:\/\/doi.org\/10.1016\/j.chb.2023.108036<\/a> <span class=\"jour\">Journal<\/span><\/p>\n<\/div>\n<p>Lahari Goswami, Alexandre Senges, Thibault Estier, and Mauro Cherubini. 2023. Supporting Co-Regulation and Motivation in Learning Programming in Online Classrooms. Proc. ACM Hum.-Comput. Interact. 7, CSCW2, Article 298 (October 2023), 29 pages. <a href=\"https:\/\/doi.org\/10.1145\/3610089\">https:\/\/doi.org\/10.1145\/3610089<\/a> <span class=\"conf\">Conference<\/span><\/p>\n<p>Lahari Goswami, Pegah Sadat Zeinoddin, Thibault Estier, and Mauro Cherubini. 2023. Supporting Collaboration in Introductory Programming Classes Taught in Hybrid Mode: A Participatory Design Study. In Designing Interactive Systems Conference (DIS \u201923), July 10\u201314, 2023, Pittsburgh, PA, USA. ACM, New York, NY, USA, 15 pages. <a href=\"https:\/\/doi.org\/10.1145\/3563657.3596042\">https:\/\/doi.org\/10.1145\/3563657.3596042<\/a> <span class=\"conf\">Conference<\/span><\/p>\n<p>Aliyu, S., Salehzadeh Niksirat, K., Huguenin, K. &amp; Cherubini, M. (2023) On the Extent to which Cyberbullying is Fueled by the Disclosure of Personal Information. Proceedings on Privacy Enhancing Technologies (PoPETs) 2023 (4) pages 468-483 (July 2023). <a href=\"https:\/\/doi.org\/10.56553\/popets-2023-0120\" target=\"_blank\" rel=\"noopener\">DOI: 10.56553\/popets-2023-0120<\/a> <span class=\"conf\">Conference<\/span><\/p>\n<p>Salehzadeh Niksirat, K., Goswami, L., S. B. Rao, P., Tyler, J., Silacci, A., Aliyu, S., Aebil, A., Wacharamanotham, C., &amp; Cherubini, M. (2023) Changes in Research Ethics, Openness, and Transparency in Empirical Studies between CHI 2017 and CHI 2022. In Proceedings of the 2023 CHI Conference on Human Factors in Computing Systems (CHI \u201923), April 23\u201328, 2023, Hamburg, Germany. ACM, New York, NY, USA, 23 pages. <a href=\"https:\/\/doi.org\/10.1145\/3544548.3580848\" target=\"_blank\" rel=\"noreferrer noopener\">DOI: 10.1145\/3544548.3580848<\/a> <strong>Best Paper <\/strong><strong>\ud83c\udfc6 <\/strong><span class=\"conf\">Conference<\/span><\/p>\n<p class=\"p1\"><span class=\"s1\">Salehzadeh Niksirat, K.,\u00a0 Korka, D., Harkous, H., Cherubini, M., &amp; Huguenin, K. (2023) On the Potential of Mediation Chatbots for Mitigating Online Multiparty Privacy Conflicts &#8211; A Wizard-of-Oz Study. Proc. ACM Hum.-Comput. Interact. 7, CSCW1, Article 142 (April 2023), 33 pages. [<a href=\"https:\/\/medium.com\/acm-cscw\/keeping-everyone-in-the-picture-how-chatbots-can-help-mediate-content-sharing-conflict-5a2b1e732931\" target=\"_blank\" rel=\"noopener\">BLOG<\/a>]. <a href=\"https:\/\/doi.org\/10.1145\/3579618\">DOI: 10.1145\/3579618\u00a0<\/a> <\/span><span class=\"conf\">Conference<\/span><\/p>\n<p class=\"p1\"><span class=\"s1\">Korka. D., Salehzadeh Niksirat, K., &amp; Cherubini, M. (2023) Revisiting the Design Agenda for Privacy Notices and Security Warnings. arXiv:2304.08780, Workshop on Privacy Interventions and Education (PIE): Encouraging Privacy Protective Behavioral Change Online at ACM CHI, 28 April 2023, Hamburg, Germany, 11 pages. <a href=\"https:\/\/doi.org\/10.48550\/arXiv.2304.08780\" target=\"_blank\" rel=\"noopener\">DOI: 10.48550\/arXiv.2304.08780<\/a> <\/span><span class=\"conf\">Conference<\/span><\/p>\n<p>Salehzadeh Niksirat, K., Goswami, L., S. B. Rao, P., Tyler, J., Silacci, A., Aliyu, S., Aebli, A., Wacharamanotham, C., &amp; Cherubini, M. (2023) Criteria Definition for Research Ethics, Openness, and Transparency. OSF preprint, 15 pages. <a href=\"https:\/\/doi.org\/10.31219\/osf.io\/jvuw8\">DOI: 10.31219\/osf.io\/jvuw8<\/a> <span class=\"preprint\">Preprint<\/span><\/p>\n<h2>2022<\/h2>\n<p>Tyler, J., Boldi, M.-O., &amp; Cherubini, M. (2022). Contemporary self-reflective practices: A large-scale survey. <i>Acta Psychologica<\/i>, <i>230<\/i>, 103768. <a href=\"https:\/\/doi.org\/10.1016\/j.actpsy.2022.103768\">https:\/\/doi.org\/10.1016\/j.actpsy.2022.103768<\/a> <span class=\"jour\">Journal<\/span><\/p>\n<p>Rao, P., Jayagopi, D. B., &amp; Cherubini, M. (2022, June 14). Explainability in Automated Training and Feedback Systems. In Human-Centered Explainable AI Workshop (HCXAI) CHI 2022 DOI: <a style=\"font-size: revert;background-color: white\" href=\"https:\/\/doi.org\/10.31219\/osf.io\/qd87c\">10.31219\/osf.io\/qd87c<\/a> <span class=\"conf\">Conference<\/span><\/p>\n<p>M. Humbert, I. D. Dupertuis,\u00a0M. Cherubini, K. Huguenin. KGP Meter: Communicating Kin Genomic Privacy to the Masses.\u00a0<em style=\"font-size: revert\">In Proceedings of the IEEE European Symposium on Security and Privacy (EuroS&amp;P), Genoa, Italy, p. 20, Jun 2022.<\/em><span style=\"font-size: revert\"> DOI: <a href=\"https:\/\/doi.org\/10.1109\/EuroSP53844.2022.00033\" target=\"_blank\" rel=\"noopener\">10.1109\/EuroSP53844.2022.00033<\/a> <\/span><span class=\"conf\">Conference<\/span><\/p>\n<p>Tawanna R Dillahunt, Lucas Siqueira Rodrigues, Joey Chiao-Yin Hsiao, Mauro Cherubini, Self-regulation and Autonomy in the Job Search: Key Factors to Support Job Search Among Swiss Job Seekers,\u00a0<em style=\"font-size: revert\">Interacting with Computers<\/em><span style=\"font-size: revert\">, 2022;, iwac008,\u00a0<\/span><a style=\"font-size: revert;background-color: white\" href=\"https:\/\/doi.org\/10.1093\/iwc\/iwac008\" data-google-interstitial=\"false\">DOI: 10.1093\/iwc\/iwac008<\/a> <span class=\"jour\">Journal<\/span><\/p>\n<p>Villalobos-Z\u00fa\u00f1iga, Gabriela. (2022). <em style=\"font-size: revert\">In the Quest for the Motivation App: Designing Effective Behavior Change Apps Through the Lens of the Self-Determination Theory<\/em><span style=\"font-size: revert\"> (Doctoral dissertation, University of Lausanne, Lausanne, Switzerland). Retrieved from <\/span><a style=\"font-size: revert;background-color: white\" href=\"https:\/\/serval.unil.ch\/en\/notice\/serval:BIB_8244DB29B6DA\">https:\/\/serval.unil.ch\/en\/notice\/serval:BIB_8244DB29B6DA<\/a> <span class=\"dissertation\">Dissertation<\/span><\/p>\n<h2><strong>2021<\/strong><\/h2>\n<div class=\"page\" title=\"Page 2\">\n<div class=\"section\">\n<div class=\"layoutArea\">\n<div class=\"column\">\n<p>Velykoivanenko, L., Salehzadeh Niksirat, K., Zufferey, N., Humbert, M., Huguenin, K., &amp; Cherubini, M. 2021. Are Those Steps Worth Your Privacy? Fitness-Tracker Users\u2019 Perceptions of Privacy and Utility. <em>Proceedings of the ACM on Interactive, Mobile, Wearable and Ubiquitous Technologies (IMWUT) 5, 4, Article 181 (December 2021), 41 pages.<\/em> DOI: <a href=\"https:\/\/doi.org\/10.1145\/3494960\">10.1145\/3494960<\/a> <span class=\"jour\">Journal<\/span><\/p>\n<p>G. Villalobos-Z\u00fa\u00f1iga, I. Rodr\u00edguez, A. Fedosov, M. Cherubini. &#8220;<span style=\"font-size: 1rem\">Informed Choices, Progress Monitoring and Comparison with Peers: Features to Support <\/span><span style=\"font-size: 1rem\">the Autonomy, Competence and Relatedness Needs, as suggested by the <\/span><span style=\"font-size: 1rem\">Self-Determination Theory&#8221;.\u00a0 <\/span><em style=\"font-size: 1rem\">Proceedings of The ACM International Conference on Mobile Human-Computer Interaction (MobileHCI) 2021.\u00a0<\/em>DOI: <a class=\"issue-item__doi\" href=\"https:\/\/doi.org\/10.1145\/3447526.3472039\">10.1145\/3447526.3472039 <\/a>[<a href=\"https:\/\/www.youtube.com\/watch?v=Bc-YJmfl1oU\">presentation video<\/a>] <span class=\"conf\">Conference<\/span><\/p>\n<p><span style=\"font-size: revert\">G. Villalobos-Z\u00fa\u00f1iga. Designing for Gender Role Differences Through the Lens of Self-Determination Theory.\u00a0 <\/span><em style=\"font-size: 1rem\">Proceedings of User Modeling, Adaptation and Personalization (UMAP) 2021<\/em><span style=\"font-size: revert\">. DOI: <\/span><a style=\"font-size: revert;background-color: white\" href=\"https:\/\/dl.acm.org\/doi\/10.1145\/3450614.3464622\">10.1145\/3450614.3464622<\/a> <span class=\"conf\">Conference<\/span><\/p>\n<p>Mauro Cherubini, Alex Jiahong Lu, Joey Chiao-Yin Hsiao, Muhan Zhao, Anandita Aggarwal, and Tawanna R. Dillahunt. 2021. Elucidating Skills for Job Seekers: Insights and Critical Concerns from a Field Deployment in Switzerland. In <em>Designing Interactive Systems Conference 2021<\/em> (DIS\u201921), June 28-July 2, 2021, Virtual Event, USA. ACM, New York, NY, USA, 25 pages. DOI: <a href=\"https:\/\/doi.org\/10.1145\/3461778.3462049\">10.1145\/3461778.3462049<\/a>, [<a href=\"https:\/\/youtu.be\/aQffPvvcJp0\">presentation video<\/a>] [<a href=\"https:\/\/youtu.be\/2qqY7WMRWBM\">teaser video<\/a>] <span class=\"conf\">Conference<\/span><\/p>\n<p><span style=\"font-size: 1rem\">K. Salehzadeh Niksirat, E. Anthoine-Milhomme, S. Randin, K. Huguenin, and M. Cherubini. 2021. \u201cI thought you were okay\u201d: Participatory Design with Young Adults to Fight Multiparty Privacy Conflicts in Online Social Networks. <\/span><em style=\"font-size: 1rem\">In Designing Interactive Systems Conference 2021 (DIS \u201921)<\/em><span style=\"font-size: 1rem\">, Virtual Event, USA. ACM, New York, NY, USA, 21 pages. <\/span><span style=\"font-size: 1rem\">DOI: <\/span><a style=\"background-color: white;font-size: 1rem\" href=\"https:\/\/doi.org\/10.1145\/3461778.3462040\">10.1145\/3461778.3462040<\/a> <span style=\"font-size: 1rem\"> [<a href=\"https:\/\/youtu.be\/cB06xGPhf84\">presentation video<\/a>] [<\/span><a href=\"https:\/\/youtu.be\/xbgvhJtAN18\">teaser video<\/a><span style=\"font-size: 1rem\">] <\/span><span class=\"conf\">Conference<\/span><\/p>\n<\/div>\n<\/div>\n<\/div>\n<\/div>\n<p>M. Cherubini, K. Salehzadeh Niksirat, M-O. Boldi, H. Keopraseuth, J. M. Such, K. Huguenin. 2021. When Forcing Collaboration is the Most Sensible Choice: Desirability of Precautionary and Dissuasive Mechanisms to Manage Multiparty Privacy Conflicts. <em>Proceedings of the ACM on Human-Computer Interaction<\/em>, CSCW edition, 35 pages. DOI: <a href=\"https:\/\/doi.org\/10.1145\/3449127\">10.1145\/3449127<\/a><span style=\"font-size: 1rem\">\u00a0[<a href=\"https:\/\/www.youtube.com\/watch?v=VWDbqzi0B-Q&amp;ab_channel=KavousSN\">presentation video<\/a>] <\/span><span class=\"conf\">Conference<\/span><\/p>\n<h2><strong>2020<\/strong><\/h2>\n<p>E. Erne, M. Cherubini, and O. Del\u00e9mont. 2020. How to share and utilise expertise in a police forensic department through externalisation and mutualisation. <em>Science &amp; Justice.<\/em> 60, 3, May 2020. Pages 225-233. DOI: <a href=\"https:\/\/doi.org\/10.1016\/j.scijus.2019.12.004\" target=\"_blank\" rel=\"noopener\">10.1016\/j.scijus.2019.12.004<\/a> <span class=\"jour\">Journal<\/span><\/p>\n<p>A. Meylan, M. Cherubini, B. Chapuis, M. Humbert, I. Bilogrevic, and K. Huguenin. 2020. A Study on the Use of Checksums for Integrity Verification of Web Downloads. <em>ACM Transasctions on Privacy and Security<\/em> (TOPS), 24, 1, Article 4 (September 2020), 36 pages. DOI: <a href=\"https:\/\/doi.org\/10.1145\/3410154\">10.1145\/3410154<\/a> <span class=\"jour\">Journal<\/span><\/p>\n<p>M. Cherubini, L. Reut, J. Tyler and M. Ortlieb. Inattentive, Imprudent and Inapt: Discovering Inadequacies of ICT During Life-Changing Events Through the Lens of Non-Users. <em>Behaviour &amp; Information Technology<\/em> (BIT). Accepted in May 2020, in press. DOI: <a href=\"https:\/\/doi.org\/10.1080\/0144929X.2020.1772879\">10.1080\/0144929X.2020.1772879<\/a> <span class=\"jour\">Journal<\/span><\/p>\n<p>G. Villalobos-Zu\u00f1iga, M. Cherubini. 2020. Apps That Motivate: a Taxonomy of App Features Based on Self-Determination Theory. <em>International Journal of Human-Computer Studies<\/em> (IJHCS). Volume 140, August 2020, 102449. DOI: <a href=\"https:\/\/doi.org\/10.1016\/j.ijhcs.2020.102449\">10.1016\/j.ijhcs.2020.102449<\/a> <span class=\"jour\">Journal<\/span><\/p>\n<p>B. Chapuis, O. Omolola, M. Cherubini, M. Humbert, K. Huguenin. An Empirical Study of the Use of Integrity Verification Mechanisms for Web Subresources. In <em>Proc. of the The Web Conference<\/em> (WWW&#8217;20), Taipei, Taiwan, Apr 2020. DOI:<a href=\"https:\/\/dx.doi.org\/10.1145\/3366423.3380092\">10.1145\/3366423.3380092<\/a> <span class=\"conf\">Conference<\/span><\/p>\n<p>M. Cherubini, G. Villalobos-Zu\u00f1iga, M.-O. Boldi, and R. Bonazzi. 2020. The Unexpected Downside of Paying or Sending Messages to People to Make Them Walk: Comparing Tangible Rewards and Motivational Messages to Improve Physical Activity. <em>ACM Trans. Comput.-Hum. Interact<\/em> (ToCHI). 27, 2, Article 8 (March 2020), 44 pages. DOI: <a href=\"https:\/\/doi.org\/10.1145\/3365665\">10.1145\/3365665<\/a> <span class=\"jour\">Journal<\/span><\/p>\n<h2><strong>2018<\/strong><\/h2>\n<p>M. Cherubini, A. Meylan, B. Chapuis, M. Humbert, I. Bilogrevic, K. Huguenin (2018). Towards Usable Checksums: Automating the Integrity Verification of Web Downloads for the Masses. In <em>Proc. of the 25th ACM Conference on Computer and Communications Security<\/em> (CCS&#8217;18), Toronto, ON, Canada, Oct 2018. DOI: <a href=\"https:\/\/dx.doi.org\/10.1145\/3243734.3243746\">10.1145\/3243734.3243746<\/a> <span class=\"conf\">Conference<\/span><\/p>\n<p>Jean Vanderdonckt, Bruno Dumas, and Mauro Cherubini (2018). Comparing Some Distances in Template-based 2D Gesture Recognition. In <em>Extended Abstracts of CHI Conference on Human Factors in Computing Systems<\/em> (CHI EA &#8217;18). ACM, New York, NY, USA, Paper LBW121, 6 pages. DOI: <a href=\"https:\/\/doi.org\/10.1145\/3170427.3188452\">10.1145\/3170427.3188452<\/a> <span class=\"conf\">Conference<\/span><\/p>\n<p>G. Villalobos-Zu\u00f1iga, M. Cherubini, Activity Self-Tracking with Smart Phones: How to Approach Odd Measurements?, <em>Proceedings of CHI&#8217;2018 Workshop on Long Term Self Tracking<\/em>, Montreal, Canada &#8211; May 2018. arXiv preprint: <a href=\"https:\/\/arxiv.org\/abs\/1804.04855\">arXiv:1804.04855<\/a> <span class=\"workshop\">Workshop<\/span><\/p>\n<h2><strong>2017<\/strong><\/h2>\n<p>G. Villalobos-Zu\u00f1iga, M. Cherubini, Not a Technology Person: Motivating Older Adults Toward the Use of Mobile Technology, <em>Proceedings of the CHI&#8217;2017 One Day Workshop on Designing Mobile Interactions for the Ageing Populations<\/em>, Denver, Colorado, USA \u2014 6 May 2017. arXiv preprint: <a href=\"https:\/\/arxiv.org\/abs\/1707.07887\">arXiv:1707.07887<\/a> <span class=\"workshop\">Workshop<\/span><\/p>\n<h2><strong>2015<\/strong><\/h2>\n<p>J. P. Carrascal, R. De Oliveira, and M. Cherubini. 2015. To Call or to Recall? That&#8217;s the Research Question. <em>ACM Trans. Comput.-Hum. Interact.<\/em> (ToCHI) 22, 1, Article 4 (March 2015), 30 pages. DOI: <a href=\"https:\/\/doi.org\/10.1145\/2656211\">10.1145\/2656211<\/a> <span class=\"jour\">Journal<\/span><\/p>\n<h2><strong>2013<\/strong><\/h2>\n<p>R. De Oliveira, M. Cherubini, and N. Oliver. 2013. Influence of personality on satisfaction with mobile phone services. <em>ACM Trans. Comput.-Hum. Interact.<\/em> (ToCHI) 20, 2, Article 10 (May 2013), 23 pages. DOI: <a href=\"https:\/\/doi.org\/10.1145\/2463579.2463581\">10.1145\/2463579.2463581<\/a> <span class=\"jour\">Journal<\/span><\/p>\n<p>De Oliveira, Rodrigo, Mauro Cherubini, and Nuria Oliver. <a href=\"https:\/\/patents.google.com\/patent\/US8439758B2\/en\" target=\"_blank\" rel=\"noopener noreferrer\">&#8220;Medication compliance using persuasive computing.&#8221;<\/a> U.S. Patent No. 8,439,758. 14 May 2013. <span class=\"patent\">Patent<\/span><\/p>\n<h2><strong>2010<\/strong><\/h2>\n<p>R. Oliveira, M. Cherubini, and N. Oliver (2010), MoviPill: Improving medication compliance for elders using a mobile persuasive social game, in <em>Proc. of the International Conference on Ubiquitous Computing <\/em>(UBICOMP\u201910), (Copenhagen, Denmark), ACM Press, September 26-29 2010.\u00a0DOI: <a href=\"https:\/\/doi.org\/10.1145\/1864349.1864371\">10.1145\/1864349.1864371<\/a> <span class=\"conf\">Conference<\/span><\/p>\n<p>M. Cherubini, A. Gutierrez, R. de Oliveira, and N. Oliver, Social tagging revamped: Supporting the users&#8217; need of self-promotion through persuasive techniques, in <em>Proceedings of the SIGCHI conference on Human factors in computing systems <\/em>(CHI&#8217;2010), (Atlanta, GA, USA), April 10-15 2010.\u00a0 DOI: <a href=\"https:\/\/doi.org\/10.1145\/1753326.1753473\">10.1145\/1753326.1753473<\/a> <i class=\"fas fa-award\"> Best paper nominee <\/i><span class=\"conf\">Conference<\/span><\/p>\n","protected":false},"excerpt":{"rendered":"<p>2025 Rao, P. S. B., \u0160\u0107epanovi\u0107, S., Jayagopi, D. B., Cherubini, M., &amp; Quercia, D. (2025). The AI Model Risk Catalog: What Developers and Researchers Miss About Real-World AI Harms.\u00a0Proceedings &hellip; <\/p>\n","protected":false},"author":1001701,"featured_media":0,"parent":0,"menu_order":0,"comment_status":"closed","ping_status":"closed","template":"","meta":{"_seopress_robots_primary_cat":"","_seopress_titles_title":"","_seopress_titles_desc":"","_seopress_robots_index":"","footnotes":""},"class_list":["post-51","page","type-page","status-publish"],"_links":{"self":[{"href":"https:\/\/wp.unil.ch\/persuasivelab\/wp-json\/wp\/v2\/pages\/51","targetHints":{"allow":["GET"]}}],"collection":[{"href":"https:\/\/wp.unil.ch\/persuasivelab\/wp-json\/wp\/v2\/pages"}],"about":[{"href":"https:\/\/wp.unil.ch\/persuasivelab\/wp-json\/wp\/v2\/types\/page"}],"author":[{"embeddable":true,"href":"https:\/\/wp.unil.ch\/persuasivelab\/wp-json\/wp\/v2\/users\/1001701"}],"replies":[{"embeddable":true,"href":"https:\/\/wp.unil.ch\/persuasivelab\/wp-json\/wp\/v2\/comments?post=51"}],"version-history":[{"count":5,"href":"https:\/\/wp.unil.ch\/persuasivelab\/wp-json\/wp\/v2\/pages\/51\/revisions"}],"predecessor-version":[{"id":2245,"href":"https:\/\/wp.unil.ch\/persuasivelab\/wp-json\/wp\/v2\/pages\/51\/revisions\/2245"}],"wp:attachment":[{"href":"https:\/\/wp.unil.ch\/persuasivelab\/wp-json\/wp\/v2\/media?parent=51"}],"curies":[{"name":"wp","href":"https:\/\/api.w.org\/{rel}","templated":true}]}}