{"id":774,"date":"2024-08-09T23:47:13","date_gmt":"2024-08-09T21:47:13","guid":{"rendered":"https:\/\/wp.unil.ch\/passesensible\/?page_id=774"},"modified":"2025-11-27T11:45:52","modified_gmt":"2025-11-27T10:45:52","slug":"dispositif-memoriel","status":"publish","type":"page","link":"https:\/\/wp.unil.ch\/passesensible\/dispositif-memoriel\/","title":{"rendered":"DISPOSITIF M\u00c9MORIEL"},"content":{"rendered":"\n<div class=\"wp-block-group alignwide\"><div class=\"wp-block-group__inner-container is-layout-constrained wp-block-group-is-layout-constrained\">\n<div class=\"wp-block-columns is-layout-flex wp-container-core-columns-is-layout-9d6595d7 wp-block-columns-is-layout-flex\">\n<div class=\"wp-block-column is-layout-flow wp-block-column-is-layout-flow\" style=\"flex-basis:100%\">\n<p class=\"txtregular\">En 1937, l\u2019Universit\u00e9 de Lausanne a d\u00e9cern\u00e9 un doctorat honoris causa (d.h.c.) \u00e0 Benito Mussolini. D\u00e8s le d\u00e9part, cette d\u00e9cision suscite de nombreuses interrogations au sein de la communaut\u00e9 universitaire et de la soci\u00e9t\u00e9 suisse. En 1987, et face \u00e0 l\u2019incompr\u00e9hension croissante quant aux raisons qui ont conduit \u00e0 honorer un dictateur, l\u2019UNIL commence un travail historique en publiant certaines pi\u00e8ces du dossier.&nbsp;<\/p>\n<\/div>\n<\/div>\n\n\n\n<p class=\"txtregular\">\u00c0 nouveau interpell\u00e9e en 2020, la Direction de l\u2019UNIL mandate le Centre interdisciplinaire de recherche en \u00e9thique (CIRE) pour qu\u2019il donne \u00e0 l\u2019UNIL les outils n\u00e9cessaires pour reconsid\u00e9rer sa posture relative \u00e0 l\u2019attribution du d.h.c \u00e0 Mussolini. S\u2019appuyant sur ces travaux, la Direction de l\u2019UNIL annonce vouloir engager l\u2019institution et sa communaut\u00e9 dans une politique m\u00e9morielle active comprenant plusieurs axes dans les domaines la recherche et de la m\u00e9diation scientifique.&nbsp;<\/p>\n<\/div><\/div>\n\n\n\n<div class=\"wp-block-columns alignwide is-layout-flex wp-container-core-columns-is-layout-9d6595d7 wp-block-columns-is-layout-flex\">\n<div class=\"wp-block-column is-layout-flow wp-block-column-is-layout-flow\" style=\"flex-basis:40%\">\n<figure class=\"wp-block-image size-full is-style-default max-height-img\"><img alt=\"\" loading=\"lazy\" decoding=\"async\" width=\"940\" height=\"940\" src=\"https:\/\/wp.unil.ch\/passesensible\/files\/2024\/08\/dispositif_memoriel_2.jpg\" alt=\"\" class=\"wp-image-912\" style=\"aspect-ratio:3\/4;object-fit:cover\" title=\"\" srcset=\"https:\/\/wp.unil.ch\/passesensible\/files\/2024\/08\/dispositif_memoriel_2.jpg 940w, https:\/\/wp.unil.ch\/passesensible\/files\/2024\/08\/dispositif_memoriel_2-300x300.jpg 300w, https:\/\/wp.unil.ch\/passesensible\/files\/2024\/08\/dispositif_memoriel_2-150x150.jpg 150w, https:\/\/wp.unil.ch\/passesensible\/files\/2024\/08\/dispositif_memoriel_2-768x768.jpg 768w, https:\/\/wp.unil.ch\/passesensible\/files\/2024\/08\/dispositif_memoriel_2-540x540.jpg 540w\" sizes=\"auto, (max-width: 940px) 100vw, 940px\" \/><figcaption class=\"wp-element-caption\">Carte postale de la Place de la Riponne, l&rsquo;Universit\u00e9 et la Cath\u00e9drale, 1937 \u00a9 Mus\u00e9e Historique de Lausanne<\/figcaption><\/figure>\n<\/div>\n\n\n\n<div class=\"wp-block-column is-layout-flow wp-block-column-is-layout-flow\" style=\"flex-basis:60%\">\n<div style=\"height:1.5em\" aria-hidden=\"true\" class=\"wp-block-spacer\"><\/div>\n\n\n\n<p class=\"txtregular\">En 2024, hormis l\u2019exposition <em>Docteur Mussolini. Un pass\u00e9 sensible.<\/em> auront eu lieu plusieurs actions qui visent \u00e0 <em>reconna\u00eetre <\/em>l\u2019importance du d\u00e9bat sur les risques et les cons\u00e9quences concr\u00e8tes et violentes que produisent les sympathies fascistes au sein de la communaut\u00e9 universitaire ainsi que les enjeux m\u00e9moriels li\u00e9s \u00e0 ces derni\u00e8res.<\/p>\n\n\n\n<ul class=\"wp-block-list txtregular\">\n<li class=\"txtregular\">La conf\u00e9rence <a href=\"https:\/\/www.labo-histoire.ch\/evenement\/pourquoi-de-commemorer\/#:~:text=Quand%20le%20monde%20d\u00e9boulonne%20des,politique%20mondiale%20de%20la%20m\u00e9moire.\">\u00ab&nbsp;Pourquoi d\u00e9-comm\u00e9morer&nbsp;?&nbsp;\u00bb<\/a> dans le cadre du Festival Histoire et Cit\u00e9<\/li>\n\n\n\n<li>Le colloque <a href=\"https:\/\/news.unil.ch\/display\/1702384819303\">\u00ab&nbsp;Pr\u00e9sences fascistes en Suisse. Autour du Doctorat honoris causa de Benito Mussolini (1937)&nbsp;\u00bb<\/a> suivi d\u2019une publication<\/li>\n\n\n\n<li class=\"txtregular\">Deux mandats accord\u00e9s \u00e0 des chercheur\u00b7es en lien avec la th\u00e9matique du d.h.c.<\/li>\n<\/ul>\n\n\n\n<p class=\"has-text-align-right txtregular\">Plus d&rsquo;informations <a href=\"https:\/\/www.unil.ch\/central\/fr\/home\/menuinst\/unil-en-bref\/hier-et-aujourdhui\/lunil-au-20e-siecle\/dhc-b-mussolini.html\">sur le site de l&rsquo;UNIL<\/a><\/p>\n\n\n\n<div style=\"height:2em\" aria-hidden=\"true\" class=\"wp-block-spacer\"><\/div>\n<\/div>\n<\/div>\n","protected":false},"excerpt":{"rendered":"<p>En 1937, l\u2019Universit\u00e9 de Lausanne a d\u00e9cern\u00e9 un doctorat honoris causa (d.h.c.) \u00e0 Benito Mussolini. D\u00e8s le d\u00e9part, cette d\u00e9cision suscite de nombreuses interrogations au sein de la&hellip;<\/p>\n","protected":false},"author":1002793,"featured_media":0,"parent":0,"menu_order":0,"comment_status":"closed","ping_status":"closed","template":"","meta":{"_seopress_robots_primary_cat":"","_seopress_titles_title":"","_seopress_titles_desc":"","_seopress_robots_index":"","footnotes":""},"class_list":["post-774","page","type-page","status-publish","has-post-thumbnail"],"publishpress_future_action":{"enabled":false,"date":"2026-04-14 12:45:37","action":"change-status","newStatus":"draft","terms":[],"taxonomy":"","extraData":[]},"publishpress_future_workflow_manual_trigger":{"enabledWorkflows":[]},"_links":{"self":[{"href":"https:\/\/wp.unil.ch\/passesensible\/wp-json\/wp\/v2\/pages\/774","targetHints":{"allow":["GET"]}}],"collection":[{"href":"https:\/\/wp.unil.ch\/passesensible\/wp-json\/wp\/v2\/pages"}],"about":[{"href":"https:\/\/wp.unil.ch\/passesensible\/wp-json\/wp\/v2\/types\/page"}],"author":[{"embeddable":true,"href":"https:\/\/wp.unil.ch\/passesensible\/wp-json\/wp\/v2\/users\/1002793"}],"replies":[{"embeddable":true,"href":"https:\/\/wp.unil.ch\/passesensible\/wp-json\/wp\/v2\/comments?post=774"}],"version-history":[{"count":5,"href":"https:\/\/wp.unil.ch\/passesensible\/wp-json\/wp\/v2\/pages\/774\/revisions"}],"predecessor-version":[{"id":2335,"href":"https:\/\/wp.unil.ch\/passesensible\/wp-json\/wp\/v2\/pages\/774\/revisions\/2335"}],"wp:attachment":[{"href":"https:\/\/wp.unil.ch\/passesensible\/wp-json\/wp\/v2\/media?parent=774"}],"curies":[{"name":"wp","href":"https:\/\/api.w.org\/{rel}","templated":true}]}}