{"id":771,"date":"2024-08-09T23:46:02","date_gmt":"2024-08-09T21:46:02","guid":{"rendered":"https:\/\/wp.unil.ch\/passesensible\/?page_id=771"},"modified":"2025-11-27T11:48:59","modified_gmt":"2025-11-27T10:48:59","slug":"exposition-participative","status":"publish","type":"page","link":"https:\/\/wp.unil.ch\/passesensible\/exposition-participative\/","title":{"rendered":"EXPOSITION PARTICIPATIVE"},"content":{"rendered":"\n<div class=\"wp-block-columns alignwide is-layout-flex wp-container-core-columns-is-layout-9d6595d7 wp-block-columns-is-layout-flex\">\n<div class=\"wp-block-column is-layout-flow wp-block-column-is-layout-flow\">\n<p class=\"txtregular\">Les questions m\u00e9morielles ne sont pas uniquement politiques ou institutionnelles. Elles ont aussi, et peut-\u00eatre surtout, une dimension citoyenne. L\u2019exposition a de ce fait privil\u00e9gi\u00e9 une d\u00e9marche collective. Le fil rouge et les contenus ont \u00e9t\u00e9 d\u00e9battus et d\u00e9cid\u00e9s par des chercheur\u00b7es, ainsi que par des repr\u00e9sentant\u00b7es des associations italiennes. Un groupe de gymnasien\u00b7nes a \u00e9galement \u00e9labor\u00e9 les contenus qui analysent d\u2019autres pass\u00e9s sensibles li\u00e9s \u00e0 la Suisse.&nbsp;<\/p>\n\n\n\n<div style=\"height:0.5em\" aria-hidden=\"true\" class=\"wp-block-spacer\"><\/div>\n<\/div>\n<\/div>\n\n\n\n<div class=\"wp-block-columns alignwide is-layout-flex wp-container-core-columns-is-layout-9d6595d7 wp-block-columns-is-layout-flex\">\n<div class=\"wp-block-column is-layout-flow wp-block-column-is-layout-flow\" style=\"flex-basis:40%\">\n<figure class=\"wp-block-image size-full is-style-default max-height-img\"><img alt=\"\" loading=\"lazy\" decoding=\"async\" width=\"800\" height=\"533\" src=\"https:\/\/wp.unil.ch\/passesensible\/files\/2024\/08\/expo_participative_01.jpg\" alt=\"\" class=\"wp-image-804\" style=\"aspect-ratio:3\/4;object-fit:cover\" title=\"\" srcset=\"https:\/\/wp.unil.ch\/passesensible\/files\/2024\/08\/expo_participative_01.jpg 800w, https:\/\/wp.unil.ch\/passesensible\/files\/2024\/08\/expo_participative_01-300x200.jpg 300w, https:\/\/wp.unil.ch\/passesensible\/files\/2024\/08\/expo_participative_01-768x512.jpg 768w, https:\/\/wp.unil.ch\/passesensible\/files\/2024\/08\/expo_participative_01-540x360.jpg 540w\" sizes=\"auto, (max-width: 800px) 100vw, 800px\" \/><\/figure>\n<\/div>\n\n\n\n<div class=\"wp-block-column is-layout-flow wp-block-column-is-layout-flow\" style=\"flex-basis:60%\">\n<h2 class=\"wp-block-heading sous-titre\" style=\"letter-spacing:-1px\">DES GYMNASIEN\u00b7NES R\u00c9ALISENT UNE PARTIE DE L&rsquo;EXPOSITION<\/h2>\n\n\n\n<p class=\"txtregular\">Une classe de 3<sup>\u00e8me<\/sup>&nbsp;ann\u00e9e de maturit\u00e9 du Gymnase de Burier a particip\u00e9 activement \u00e0 l\u2019\u00e9laboration de l\u2019exposition. Apr\u00e8s avoir \u00e9tudi\u00e9 les enjeux des d\u00e9boulonnages et d\u2019autres types de contestations, les \u00e9tudiant\u00b7e\u00b7s ont approfondi 7 conflits m\u00e9moriaux de l\u2019histoire contemporaine suisse. Recherches documentaires, lectures, synth\u00e8ses, r\u00e9dactions, adaptations de l\u2019\u00e9crit \u00e0 l\u2019audio, enregistrements, pr\u00e9paration des cartels et recherches d\u2019images illustratives : les \u00e9tudiant\u00b7e\u00b7s ont r\u00e9alis\u00e9 l\u2019ensemble de la partie de l\u2019exposition consacr\u00e9e \u00e0 d\u2019autres pass\u00e9s sensibles.&nbsp; <\/p>\n\n\n\n<p class=\"txtregular\">Une fois l\u2019exposition termin\u00e9e, les audios seront mis en ligne. D\u00e9couvrez <a href=\"https:\/\/wp.unil.ch\/passesensible\/credits-de-lexposition\/\">ici<\/a> les noms des personnes ayant particip\u00e9 \u00e0 l\u2019\u00e9laboration de l\u2019exposition.<\/p>\n<\/div>\n<\/div>\n\n\n\n<div class=\"wp-block-columns alignwide is-layout-flex wp-container-core-columns-is-layout-9d6595d7 wp-block-columns-is-layout-flex\">\n<div class=\"wp-block-column is-layout-flow wp-block-column-is-layout-flow\" style=\"flex-basis:60%\">\n<div style=\"height:0.5em\" aria-hidden=\"true\" class=\"wp-block-spacer\"><\/div>\n\n\n\n<h2 class=\"wp-block-heading sous-titre\" style=\"letter-spacing:-1px\">DES ASSOCIATIONS ITALIENNES R\u00c9FL\u00c9CHISSENT AU CONTENU DE L&rsquo;EXPOSITION<\/h2>\n\n\n\n<p class=\"txtregular\">L\u2019<a href=\"https:\/\/www.anpi.it\/node\/100300\" data-type=\"link\" data-id=\"https:\/\/www.anpi.it\/node\/100300\" target=\"_blank\" rel=\"noreferrer noopener\">Associazione Nazionale Partigiani d\u2019Italia<\/a> (ANPI), la <a href=\"https:\/\/traits-union.ch\/associations\/colonia-libera-italiana-di-losanna\/\" data-type=\"link\" data-id=\"https:\/\/traits-union.ch\/associations\/colonia-libera-italiana-di-losanna\/\" target=\"_blank\" rel=\"noreferrer noopener\">Colonia Libera Italiana di&nbsp;Losanna<\/a> et le <a href=\"https:\/\/www.facebook.com\/25AprileZH\/?locale=it_IT\" target=\"_blank\" rel=\"noreferrer noopener\">Comitato XXV Aprile di Zurigo<\/a> lancent en 2022 une p\u00e9tition pour le retrait du d.h.c \u00e0 Mussolini. L\u2019ANPI et la Colonia Libera ont rejoint le groupe de travail qui s\u2019est charg\u00e9 de d\u00e9finir les probl\u00e9matiques de l\u2019exposition et ont \u00e9t\u00e9 consult\u00e9es lors de toutes les \u00e9tapes d&rsquo;\u00e9laboration des contenus.<\/p>\n\n\n\n<h2 class=\"wp-block-heading sous-titre\" style=\"letter-spacing:-1px\">DES \u00c9TUDIANT\u00b7ES DE BACHELOR DE L&rsquo;UNIL CR\u00c9ENT UN SUPPORT INTERACTIF<\/h2>\n\n\n\n<p class=\"has-text-align-left txtregular\">Les \u00e9tudiant\u00b7es de l\u2019Unil suivant le cours de la Prof. Stefanie Prezioso \u00ab&nbsp;L\u2019invention du fascisme&nbsp;\u00bb ont con\u00e7u un dossier interactif autour du fascisme, disponible <a href=\"https:\/\/view.genially.com\/6835700d1b7becf2cfef364a\/interactive-content-notes-sur-le-fascisme\">ici<\/a>.&nbsp;<\/p>\n<\/div>\n\n\n\n<div class=\"wp-block-column is-layout-flow wp-block-column-is-layout-flow\" style=\"flex-basis:40%\">\n<div style=\"height:1.5em\" aria-hidden=\"true\" class=\"wp-block-spacer\"><\/div>\n\n\n\n<figure class=\"wp-block-image size-full is-style-default max-height-img\"><img alt=\"\" loading=\"lazy\" decoding=\"async\" width=\"800\" height=\"533\" src=\"https:\/\/wp.unil.ch\/passesensible\/files\/2024\/08\/expo_participative_02.jpg\" alt=\"\" class=\"wp-image-829\" style=\"aspect-ratio:3\/4;object-fit:cover\" title=\"\" srcset=\"https:\/\/wp.unil.ch\/passesensible\/files\/2024\/08\/expo_participative_02.jpg 800w, https:\/\/wp.unil.ch\/passesensible\/files\/2024\/08\/expo_participative_02-300x200.jpg 300w, https:\/\/wp.unil.ch\/passesensible\/files\/2024\/08\/expo_participative_02-768x512.jpg 768w, https:\/\/wp.unil.ch\/passesensible\/files\/2024\/08\/expo_participative_02-540x360.jpg 540w\" sizes=\"auto, (max-width: 800px) 100vw, 800px\" \/><\/figure>\n<\/div>\n<\/div>\n\n\n\n<div class=\"wp-block-columns is-layout-flex wp-container-core-columns-is-layout-9d6595d7 wp-block-columns-is-layout-flex\">\n<div class=\"wp-block-column is-layout-flow wp-block-column-is-layout-flow\"><\/div>\n<\/div>\n","protected":false},"excerpt":{"rendered":"<p>Les questions m\u00e9morielles ne sont pas uniquement politiques ou institutionnelles. Elles ont aussi, et peut-\u00eatre surtout, une dimension citoyenne. L\u2019exposition a de ce fait privil\u00e9gi\u00e9 une d\u00e9marche collective.&hellip;<\/p>\n","protected":false},"author":1002793,"featured_media":0,"parent":0,"menu_order":0,"comment_status":"closed","ping_status":"closed","template":"","meta":{"_seopress_robots_primary_cat":"","_seopress_titles_title":"","_seopress_titles_desc":"","_seopress_robots_index":"","footnotes":""},"class_list":["post-771","page","type-page","status-publish","has-post-thumbnail"],"publishpress_future_action":{"enabled":false,"date":"2026-04-16 05:14:41","action":"change-status","newStatus":"draft","terms":[],"taxonomy":"","extraData":[]},"publishpress_future_workflow_manual_trigger":{"enabledWorkflows":[]},"_links":{"self":[{"href":"https:\/\/wp.unil.ch\/passesensible\/wp-json\/wp\/v2\/pages\/771","targetHints":{"allow":["GET"]}}],"collection":[{"href":"https:\/\/wp.unil.ch\/passesensible\/wp-json\/wp\/v2\/pages"}],"about":[{"href":"https:\/\/wp.unil.ch\/passesensible\/wp-json\/wp\/v2\/types\/page"}],"author":[{"embeddable":true,"href":"https:\/\/wp.unil.ch\/passesensible\/wp-json\/wp\/v2\/users\/1002793"}],"replies":[{"embeddable":true,"href":"https:\/\/wp.unil.ch\/passesensible\/wp-json\/wp\/v2\/comments?post=771"}],"version-history":[{"count":5,"href":"https:\/\/wp.unil.ch\/passesensible\/wp-json\/wp\/v2\/pages\/771\/revisions"}],"predecessor-version":[{"id":2340,"href":"https:\/\/wp.unil.ch\/passesensible\/wp-json\/wp\/v2\/pages\/771\/revisions\/2340"}],"wp:attachment":[{"href":"https:\/\/wp.unil.ch\/passesensible\/wp-json\/wp\/v2\/media?parent=771"}],"curies":[{"name":"wp","href":"https:\/\/api.w.org\/{rel}","templated":true}]}}