{"id":173,"date":"2024-05-10T12:53:05","date_gmt":"2024-05-10T10:53:05","guid":{"rendered":"https:\/\/wp.unil.ch\/passesensible\/?page_id=173"},"modified":"2025-11-19T13:47:55","modified_gmt":"2025-11-19T12:47:55","slug":"exposition","status":"publish","type":"page","link":"https:\/\/wp.unil.ch\/passesensible\/exposition\/","title":{"rendered":"L&rsquo;exposition"},"content":{"rendered":"<div class=\"su-image-carousel  su-image-carousel-has-spacing su-image-carousel-crop su-image-carousel-crop-4-3 su-image-carousel-has-outline su-image-carousel-adaptive su-image-carousel-slides-style-default su-image-carousel-controls-style-dark su-image-carousel-align-none\" style=\"\" data-flickity-options='{\"groupCells\":true,\"cellSelector\":\".su-image-carousel-item\",\"adaptiveHeight\":false,\"cellAlign\":\"left\",\"prevNextButtons\":true,\"pageDots\":true,\"autoPlay\":5000,\"imagesLoaded\":true,\"contain\":true,\"selectedAttraction\":0.025,\"friction\":0.28}' id=\"su_image_carousel_69d4fac553772\"><div class=\"su-image-carousel-item\"><div class=\"su-image-carousel-item-content\"><img loading=\"lazy\" decoding=\"async\" width=\"580\" height=\"387\" src=\"https:\/\/wp.unil.ch\/passesensible\/files\/2025\/04\/expo_mussolini_14-1024x683.jpg\" class=\"\" alt=\"expo mussolini 14\" srcset=\"https:\/\/wp.unil.ch\/passesensible\/files\/2025\/04\/expo_mussolini_14-1024x683.jpg 1024w, https:\/\/wp.unil.ch\/passesensible\/files\/2025\/04\/expo_mussolini_14-300x200.jpg 300w, https:\/\/wp.unil.ch\/passesensible\/files\/2025\/04\/expo_mussolini_14-768x512.jpg 768w, https:\/\/wp.unil.ch\/passesensible\/files\/2025\/04\/expo_mussolini_14-1536x1025.jpg 1536w, https:\/\/wp.unil.ch\/passesensible\/files\/2025\/04\/expo_mussolini_14-540x360.jpg 540w, https:\/\/wp.unil.ch\/passesensible\/files\/2025\/04\/expo_mussolini_14-1080x720.jpg 1080w, https:\/\/wp.unil.ch\/passesensible\/files\/2025\/04\/expo_mussolini_14-1320x880.jpg 1320w, https:\/\/wp.unil.ch\/passesensible\/files\/2025\/04\/expo_mussolini_14.jpg 1799w\" sizes=\"auto, (max-width: 580px) 100vw, 580px\" \/><\/div><\/div><div class=\"su-image-carousel-item\"><div class=\"su-image-carousel-item-content\"><img loading=\"lazy\" decoding=\"async\" width=\"580\" height=\"387\" src=\"https:\/\/wp.unil.ch\/passesensible\/files\/2025\/04\/expo_mussolini_19-1024x683.jpg\" class=\"\" alt=\"expo mussolini 19\" srcset=\"https:\/\/wp.unil.ch\/passesensible\/files\/2025\/04\/expo_mussolini_19-1024x683.jpg 1024w, https:\/\/wp.unil.ch\/passesensible\/files\/2025\/04\/expo_mussolini_19-300x200.jpg 300w, https:\/\/wp.unil.ch\/passesensible\/files\/2025\/04\/expo_mussolini_19-768x512.jpg 768w, https:\/\/wp.unil.ch\/passesensible\/files\/2025\/04\/expo_mussolini_19-1536x1025.jpg 1536w, https:\/\/wp.unil.ch\/passesensible\/files\/2025\/04\/expo_mussolini_19-540x360.jpg 540w, https:\/\/wp.unil.ch\/passesensible\/files\/2025\/04\/expo_mussolini_19-1080x720.jpg 1080w, https:\/\/wp.unil.ch\/passesensible\/files\/2025\/04\/expo_mussolini_19-1320x880.jpg 1320w, https:\/\/wp.unil.ch\/passesensible\/files\/2025\/04\/expo_mussolini_19.jpg 1799w\" sizes=\"auto, (max-width: 580px) 100vw, 580px\" \/><\/div><\/div><div class=\"su-image-carousel-item\"><div class=\"su-image-carousel-item-content\"><img loading=\"lazy\" decoding=\"async\" width=\"580\" height=\"387\" src=\"https:\/\/wp.unil.ch\/passesensible\/files\/2025\/04\/expo_mussolini_4-1024x683.jpg\" class=\"\" alt=\"expo mussolini 4\" srcset=\"https:\/\/wp.unil.ch\/passesensible\/files\/2025\/04\/expo_mussolini_4-1024x683.jpg 1024w, https:\/\/wp.unil.ch\/passesensible\/files\/2025\/04\/expo_mussolini_4-300x200.jpg 300w, https:\/\/wp.unil.ch\/passesensible\/files\/2025\/04\/expo_mussolini_4-768x512.jpg 768w, https:\/\/wp.unil.ch\/passesensible\/files\/2025\/04\/expo_mussolini_4-1536x1025.jpg 1536w, https:\/\/wp.unil.ch\/passesensible\/files\/2025\/04\/expo_mussolini_4-540x360.jpg 540w, https:\/\/wp.unil.ch\/passesensible\/files\/2025\/04\/expo_mussolini_4-1080x720.jpg 1080w, https:\/\/wp.unil.ch\/passesensible\/files\/2025\/04\/expo_mussolini_4-1320x880.jpg 1320w, https:\/\/wp.unil.ch\/passesensible\/files\/2025\/04\/expo_mussolini_4.jpg 1799w\" sizes=\"auto, (max-width: 580px) 100vw, 580px\" \/><\/div><\/div><div class=\"su-image-carousel-item\"><div class=\"su-image-carousel-item-content\"><img loading=\"lazy\" decoding=\"async\" width=\"580\" height=\"387\" src=\"https:\/\/wp.unil.ch\/passesensible\/files\/2025\/04\/exposition-mussolini_14-1024x683.jpg\" class=\"\" alt=\"exposition mussolini 14\" srcset=\"https:\/\/wp.unil.ch\/passesensible\/files\/2025\/04\/exposition-mussolini_14-1024x683.jpg 1024w, https:\/\/wp.unil.ch\/passesensible\/files\/2025\/04\/exposition-mussolini_14-300x200.jpg 300w, https:\/\/wp.unil.ch\/passesensible\/files\/2025\/04\/exposition-mussolini_14-768x512.jpg 768w, https:\/\/wp.unil.ch\/passesensible\/files\/2025\/04\/exposition-mussolini_14-1536x1025.jpg 1536w, https:\/\/wp.unil.ch\/passesensible\/files\/2025\/04\/exposition-mussolini_14-540x360.jpg 540w, https:\/\/wp.unil.ch\/passesensible\/files\/2025\/04\/exposition-mussolini_14-1080x720.jpg 1080w, https:\/\/wp.unil.ch\/passesensible\/files\/2025\/04\/exposition-mussolini_14-1320x880.jpg 1320w, https:\/\/wp.unil.ch\/passesensible\/files\/2025\/04\/exposition-mussolini_14.jpg 1799w\" sizes=\"auto, (max-width: 580px) 100vw, 580px\" \/><\/div><\/div><div class=\"su-image-carousel-item\"><div class=\"su-image-carousel-item-content\"><img loading=\"lazy\" decoding=\"async\" width=\"580\" height=\"387\" src=\"https:\/\/wp.unil.ch\/passesensible\/files\/2025\/04\/expo_mussolini_18-1024x683.jpg\" class=\"\" alt=\"expo mussolini 18\" srcset=\"https:\/\/wp.unil.ch\/passesensible\/files\/2025\/04\/expo_mussolini_18-1024x683.jpg 1024w, https:\/\/wp.unil.ch\/passesensible\/files\/2025\/04\/expo_mussolini_18-300x200.jpg 300w, https:\/\/wp.unil.ch\/passesensible\/files\/2025\/04\/expo_mussolini_18-768x512.jpg 768w, https:\/\/wp.unil.ch\/passesensible\/files\/2025\/04\/expo_mussolini_18-1536x1025.jpg 1536w, https:\/\/wp.unil.ch\/passesensible\/files\/2025\/04\/expo_mussolini_18-540x360.jpg 540w, https:\/\/wp.unil.ch\/passesensible\/files\/2025\/04\/expo_mussolini_18-1080x720.jpg 1080w, https:\/\/wp.unil.ch\/passesensible\/files\/2025\/04\/expo_mussolini_18-1320x880.jpg 1320w, https:\/\/wp.unil.ch\/passesensible\/files\/2025\/04\/expo_mussolini_18.jpg 1799w\" sizes=\"auto, (max-width: 580px) 100vw, 580px\" \/><\/div><\/div><\/div><script id=\"su_image_carousel_69d4fac553772_script\">if(window.SUImageCarousel){setTimeout(function() {window.SUImageCarousel.initGallery(document.getElementById(\"su_image_carousel_69d4fac553772\"))}, 0);}var su_image_carousel_69d4fac553772_script=document.getElementById(\"su_image_carousel_69d4fac553772_script\");if(su_image_carousel_69d4fac553772_script){su_image_carousel_69d4fac553772_script.parentNode.removeChild(su_image_carousel_69d4fac553772_script);}<\/script>\n\n\n\n<div style=\"height:22px\" aria-hidden=\"true\" class=\"wp-block-spacer\"><\/div>\n\n\n\n<div class=\"wp-block-columns is-layout-flex wp-container-core-columns-is-layout-9d6595d7 wp-block-columns-is-layout-flex\">\n<div class=\"wp-block-column is-layout-flow wp-block-column-is-layout-flow\" style=\"flex-basis:50%\">\n<p class=\"sous-titre\" style=\"letter-spacing:-1px\">CONTEXTE<br><\/p>\n\n\n\n<p class=\"txtregular\"><br>L\u2019Universit\u00e9 de Lausanne (Unil) conf\u00e8re chaque ann\u00e9e des doctorats honoris causa (d.h.c.) \u00e0 des personnalit\u00e9s aux m\u00e9rites particuliers dans les sciences, les lettres ou les arts. En 1937, l\u2019Unil attribue ce titre au dictateur Benito Mussolini, \u00e0 une \u00e9poque o\u00f9 les exactions du r\u00e9gime fasciste sont bien connues.<\/p>\n\n\n\n<p class=\"txtregular\">D\u00e8s cette date, des lettres, des p\u00e9titions ou des interpellations issues de la soci\u00e9t\u00e9 civile et des milieux politiques ont r\u00e9guli\u00e8rement demand\u00e9 des explications \u00e0 l\u2019Unil et exig\u00e9 le retrait du titre honorifique.<\/p>\n\n\n\n<p class=\"txtregular\">En 2022, la Direction de l\u2019universit\u00e9 condamne la remise de ce titre et affirme qu\u2019en 1937 l\u2019Unil a failli \u00e0 sa mission et aux valeurs acad\u00e9miques fond\u00e9es sur le respect de l\u2019individu et la libert\u00e9 de pens\u00e9e. Elle n\u2019entre pas en mati\u00e8re sur le retrait du titre, mais d\u00e9cide d\u2019entreprendre des recherches historiques et des actions m\u00e9morielles dont cette exposition fait partie.<\/p>\n<\/div>\n\n\n\n<div class=\"wp-block-column is-layout-flow wp-block-column-is-layout-flow\" style=\"flex-basis:50%\">\n<p class=\"sous-titre\" style=\"letter-spacing:-1px\">QUE POUVONS-NOUS FAIRE FACE \u00c0 UN PASS\u00c9 SENSIBLE ET COMMENT COMPOSER AVEC LES ENJEUX DU TEMPS PR\u00c9SENT ?<\/p>\n\n\n\n<p class=\"txtregular\">L&rsquo;exposition a abord\u00e9 la question du m\u00e9moriel de mani\u00e8re large, tout en rendant visible et en interrogeant le pass\u00e9 sensible de l\u2019Universit\u00e9 de Lausanne. <br>Elle s\u2019est articul\u00e9e sur deux des grands piliers : le devoir de v\u00e9rit\u00e9 (conna\u00eetre les faits) et le devoir de vigilance (pour emp\u00eacher de les reproduire). L\u2019exposition a dress\u00e9 un \u00e9tat de la question sans pr\u00e9tendre \u00e0 l\u2019exhaustivit\u00e9, ceci afin de questionner et d\u2019interroger un ph\u00e9nom\u00e8ne autour duquel des nombreux chantiers restent encore ouverts. <br><br>Elle a \u00e9galement montr\u00e9 comment l\u2019octroi du titre a \u00e9t\u00e9 fortement marqu\u00e9 par la fascination et la connivence de certaines \u00e9lites intellectuelles, politiques et \u00e9conomiques de l\u2019\u00e9poque pour le fascisme. Enfin, l\u2019exposition a mis en lumi\u00e8re les m\u00e9canismes d\u2019acceptabilit\u00e9 du fascisme pr\u00e9sents encore aujourd\u2019hui. La derni\u00e8re partie du parcours a ouvert la r\u00e9flexion sur la diversit\u00e9 des conflits m\u00e9moriels en \u00e9voquant d\u2019autres pass\u00e9s sensibles li\u00e9s \u00e0 la Suisse.&nbsp;<\/p>\n<\/div>\n<\/div>\n\n\n<div class=\"su-custom-gallery su-custom-gallery-align-center su-custom-gallery-title-always\"><div class=\"su-custom-gallery-slide\" style=\"width:280px;height:280px\"><a href=\"https:\/\/wp.unil.ch\/passesensible\/exposition-participative\/\" title=\"Une exposition participative\"><img loading=\"lazy\" decoding=\"async\" src=\"https:\/\/wp.unil.ch\/passesensible\/files\/2024\/08\/exposition_participative-280x280.jpg\" alt=\"Une exposition participative\" width=\"280\" height=\"280\" \/><span class=\"su-custom-gallery-title\">Une exposition participative<\/span><\/a><\/div><div class=\"su-custom-gallery-slide\" style=\"width:280px;height:280px\"><a href=\"https:\/\/wp.unil.ch\/passesensible\/dispositif-memoriel\/\" title=\"Un dispositif m\u00e9moriel\"><img loading=\"lazy\" decoding=\"async\" src=\"https:\/\/wp.unil.ch\/passesensible\/files\/2024\/08\/dispositif_memoriel-280x280.jpg\" alt=\"Un dispositif m\u00e9moriel\" width=\"280\" height=\"280\" \/><span class=\"su-custom-gallery-title\">Un dispositif m\u00e9moriel<\/span><\/a><\/div><div class=\"su-custom-gallery-slide\" style=\"width:280px;height:280px\"><a href=\"https:\/\/wp.unil.ch\/passesensible\/credits-de-lexposition\/\" title=\"Cr\u00e9dits de l&rsquo;exposition\"><img loading=\"lazy\" decoding=\"async\" src=\"https:\/\/wp.unil.ch\/passesensible\/files\/2024\/08\/credits_exposition-280x280.jpg\" alt=\"Cr\u00e9dits de l&rsquo;exposition\" width=\"280\" height=\"280\" \/><span class=\"su-custom-gallery-title\">Cr\u00e9dits de l&rsquo;exposition<\/span><\/a><\/div><div class=\"su-clear\"><\/div><\/div>\n\n\n\n<p><\/p>\n","protected":false},"excerpt":{"rendered":"<p>CONTEXTE L\u2019Universit\u00e9 de Lausanne (Unil) conf\u00e8re chaque ann\u00e9e des doctorats honoris causa (d.h.c.) \u00e0 des personnalit\u00e9s aux m\u00e9rites particuliers dans les sciences, les lettres ou les arts. En&hellip;<\/p>\n","protected":false},"author":1002793,"featured_media":0,"parent":0,"menu_order":0,"comment_status":"closed","ping_status":"closed","template":"template-full-width.php","meta":{"_seopress_robots_primary_cat":"","_seopress_titles_title":"","_seopress_titles_desc":"","_seopress_robots_index":"","footnotes":""},"class_list":["post-173","page","type-page","status-publish","has-post-thumbnail"],"publishpress_future_action":{"enabled":false,"date":"2026-04-14 14:38:29","action":"change-status","newStatus":"draft","terms":[],"taxonomy":"","extraData":[]},"publishpress_future_workflow_manual_trigger":{"enabledWorkflows":[]},"_links":{"self":[{"href":"https:\/\/wp.unil.ch\/passesensible\/wp-json\/wp\/v2\/pages\/173","targetHints":{"allow":["GET"]}}],"collection":[{"href":"https:\/\/wp.unil.ch\/passesensible\/wp-json\/wp\/v2\/pages"}],"about":[{"href":"https:\/\/wp.unil.ch\/passesensible\/wp-json\/wp\/v2\/types\/page"}],"author":[{"embeddable":true,"href":"https:\/\/wp.unil.ch\/passesensible\/wp-json\/wp\/v2\/users\/1002793"}],"replies":[{"embeddable":true,"href":"https:\/\/wp.unil.ch\/passesensible\/wp-json\/wp\/v2\/comments?post=173"}],"version-history":[{"count":5,"href":"https:\/\/wp.unil.ch\/passesensible\/wp-json\/wp\/v2\/pages\/173\/revisions"}],"predecessor-version":[{"id":2265,"href":"https:\/\/wp.unil.ch\/passesensible\/wp-json\/wp\/v2\/pages\/173\/revisions\/2265"}],"wp:attachment":[{"href":"https:\/\/wp.unil.ch\/passesensible\/wp-json\/wp\/v2\/media?parent=173"}],"curies":[{"name":"wp","href":"https:\/\/api.w.org\/{rel}","templated":true}]}}