{"id":225,"date":"2018-08-23T08:58:22","date_gmt":"2018-08-23T06:58:22","guid":{"rendered":"http:\/\/wp.unil.ch\/party\/?page_id=225"},"modified":"2024-11-13T17:06:22","modified_gmt":"2024-11-13T16:06:22","slug":"logement","status":"publish","type":"page","link":"https:\/\/wp.unil.ch\/party\/organisation\/logement\/?lang=fr","title":{"rendered":"Logement"},"content":{"rendered":"<p>Ce workshop se d\u00e9roulera \u00e0:<\/p>\n<address>\n<address>\n<address><em>Liner Hotel<br \/>\n<\/em><em>Lord Nelson Street (Lime Street Station),<br \/>\nLiverpool,<br \/>\nMerseyside,<br \/>\nL3 5QB<\/em><\/address>\n<\/address>\n<\/address>\n<p>En vous enregistrant au workshop et en payant vos frais d&#8217;inscriptions, une chambre sera automatiquement r\u00e9serv\u00e9e pour vous. Vous n&#8217;avez donc pas besoin de r\u00e9server une chambre \u00e0 l&#8217;h\u00f4tel par vous-m\u00eame.<\/p>\n<p>Vous serez amen\u00e9 \u00e0 partager votre chambre avec un autre\u00a0jeune chercheur. Si vous souhaitez partager votre chambre\u00a0avec une personne bien d\u00e9finie, vous aurez la possibilit\u00e9 de le mentionner dans le formulaire d&#8217;inscription.<\/p>\n<p>Si vous souhaitez avoir des informations compl\u00e9mentaires sur l&#8217;h\u00f4tel, cliquez <span style=\"color: #3366ff\"><a style=\"color: #3366ff\" href=\"https:\/\/www.theliner.co.uk\/\" target=\"_blank\" rel=\"noopener\">ici<\/a>.<\/span><\/p>\n","protected":false},"excerpt":{"rendered":"<p>Ce workshop se d\u00e9roulera \u00e0: Liner Hotel Lord Nelson Street (Lime Street Station), Liverpool, Merseyside, L3 5QB En vous enregistrant au workshop et en payant vos frais d&#8217;inscriptions, une chambre sera automatiquement r\u00e9serv\u00e9e pour vous. Vous n&#8217;avez donc pas besoin de r\u00e9server une chambre \u00e0 l&#8217;h\u00f4tel par vous-m\u00eame. Vous serez amen\u00e9 \u00e0 partager votre chambre &hellip; <\/p>\n<p class=\"link-more\"><a href=\"https:\/\/wp.unil.ch\/party\/organisation\/logement\/?lang=fr\" class=\"more-link\">Continue reading<span class=\"screen-reader-text\"> &#8220;Logement&#8221;<\/span><\/a><\/p>\n","protected":false},"author":864,"featured_media":0,"parent":219,"menu_order":0,"comment_status":"closed","ping_status":"closed","template":"","meta":{"_seopress_robots_primary_cat":"","_seopress_titles_title":"","_seopress_titles_desc":"","_seopress_robots_index":"","footnotes":""},"class_list":["post-225","page","type-page","status-publish"],"_links":{"self":[{"href":"https:\/\/wp.unil.ch\/party\/wp-json\/wp\/v2\/pages\/225","targetHints":{"allow":["GET"]}}],"collection":[{"href":"https:\/\/wp.unil.ch\/party\/wp-json\/wp\/v2\/pages"}],"about":[{"href":"https:\/\/wp.unil.ch\/party\/wp-json\/wp\/v2\/types\/page"}],"author":[{"embeddable":true,"href":"https:\/\/wp.unil.ch\/party\/wp-json\/wp\/v2\/users\/864"}],"replies":[{"embeddable":true,"href":"https:\/\/wp.unil.ch\/party\/wp-json\/wp\/v2\/comments?post=225"}],"version-history":[{"count":2,"href":"https:\/\/wp.unil.ch\/party\/wp-json\/wp\/v2\/pages\/225\/revisions"}],"predecessor-version":[{"id":930,"href":"https:\/\/wp.unil.ch\/party\/wp-json\/wp\/v2\/pages\/225\/revisions\/930"}],"up":[{"embeddable":true,"href":"https:\/\/wp.unil.ch\/party\/wp-json\/wp\/v2\/pages\/219"}],"wp:attachment":[{"href":"https:\/\/wp.unil.ch\/party\/wp-json\/wp\/v2\/media?parent=225"}],"curies":[{"name":"wp","href":"https:\/\/api.w.org\/{rel}","templated":true}]}}