{"id":217,"date":"2018-08-23T08:46:51","date_gmt":"2018-08-23T06:46:51","guid":{"rendered":"http:\/\/wp.unil.ch\/party\/?page_id=217"},"modified":"2025-02-05T10:38:41","modified_gmt":"2025-02-05T09:38:41","slug":"inscription","status":"publish","type":"page","link":"https:\/\/wp.unil.ch\/party\/inscription\/?lang=fr","title":{"rendered":"Inscription"},"content":{"rendered":"<p><strong>Marche \u00e0 suivre:<\/strong><\/p>\n<p>1) Soumettre un abstract d\u2019ici le 28 f\u00e9vrier 2025, comme d\u00e9taill\u00e9 sur la page <a href=\"https:\/\/wp.unil.ch\/party\/call-for-abstracts\/?lang=fr\">Call for abstracts<\/a>;<\/p>\n<p>2) Un email confirmant votre participation vous sera envoy\u00e9 au d\u00e9but du mois de mars 2025;<\/p>\n<p>3) Cet email contiendra les informations vous permettant de vous inscrire.<\/p>\n<p><span style=\"color: #ff0000\" data-olk-copy-source=\"MessageBody\">Attention : A partir du 2 avril 2025, toutes les nationalit\u00e9s auront besoin d\u2019un visa ou d\u2019un ETA pour entrer sur le territoire anglais. De ce fait, les europ\u00e9ens, y compris les Suisses, auront en g\u00e9n\u00e9ral besoin de d\u00e9poser une demande pour un ETA. Comme les proc\u00e9dures peuvent \u00eatre longues, nous vous recommandons de commencer les d\u00e9marches au plus t\u00f4t. Veuillez v\u00e9rifier, s\u2019il vous plait, le <a href=\"https:\/\/www.gov.uk\/guidance\/apply-for-an-electronic-travel-authorisation-eta\" target=\"_blank\" rel=\"noopener\">site web du gouvernement anglais<\/a>.<\/span><\/p>\n<p><strong>En d\u00e9tails:<\/strong><\/p>\n<p>D\u00e8s que votre abstract aura \u00e9t\u00e9 accept\u00e9, nous vous\u00a0contacterons par email et vous fournirons tous les d\u00e9tails\u00a0n\u00e9cessaires \u00e0 votre inscription ainsi que <a href=\"https:\/\/wp.unil.ch\/party\/files\/2025\/01\/TermsConditions2025PARTY.pdf\" target=\"_blank\" rel=\"noopener\">nos\u00a0conditions<\/a>. Une fois que vous vous serez inscrit et que vous aurez pay\u00e9 vos frais d\u2019inscription, une chambre sera automatiquement r\u00e9serv\u00e9e pour vous au Liner Hotel, Liverpool, Royaume-Uni (voir <a href=\"https:\/\/wp.unil.ch\/party\/logement\/?lang=fr\">Logement<\/a>).<\/p>\n<p>Nous vous prions de vous acquitter du paiement demand\u00e9 le\u00a0plus rapidement possible, votre inscription au workshop\u00a0n\u2019\u00e9tant confirm\u00e9e que d\u00e8s la r\u00e9ception du paiement.\u00a0Le nombre de participants au workshop \u00e9tant limit\u00e9, la\u00a0priorit\u00e9 sera donn\u00e9e aux premiers ayant r\u00e9serv\u00e9 et pay\u00e9 leur frais d\u2019inscription.<\/p>\n<p>Si vous souhaitez participer sans pour autant donner de\u00a0pr\u00e9sentation, vous pouvez envoyer un email \u00e0\u00a0<a href=\"mailto:PARTY@unil.ch\">party@unil.ch<\/a> en indiquant votre int\u00e9r\u00eat. Vous serez mis en liste d\u2019attente. En effet, la priorit\u00e9 est donn\u00e9e aux jeunes chercheurs pr\u00e9sentant leurs travaux. Cependant, si le nombre d\u2019inscription est inf\u00e9rieur \u00e0 la capacit\u00e9 d\u2019accueil du workshop, nous vous contacterons d\u2019ici la fin du mois de mars 2025 pour vous inviter \u00e0 participer \u00e9galement.<\/p>\n","protected":false},"excerpt":{"rendered":"<p>Marche \u00e0 suivre: 1) Soumettre un abstract d\u2019ici le 28 f\u00e9vrier 2025, comme d\u00e9taill\u00e9 sur la page Call for abstracts; 2) Un email confirmant votre participation vous sera envoy\u00e9 au d\u00e9but du mois de mars 2025; 3) Cet email contiendra les informations vous permettant de vous inscrire. Attention : A partir du 2 avril 2025, &hellip; <\/p>\n<p class=\"link-more\"><a href=\"https:\/\/wp.unil.ch\/party\/inscription\/?lang=fr\" class=\"more-link\">Continue reading<span class=\"screen-reader-text\"> &#8220;Inscription&#8221;<\/span><\/a><\/p>\n","protected":false},"author":864,"featured_media":0,"parent":0,"menu_order":50,"comment_status":"closed","ping_status":"closed","template":"","meta":{"_seopress_robots_primary_cat":"","_seopress_titles_title":"","_seopress_titles_desc":"","_seopress_robots_index":"","footnotes":""},"class_list":["post-217","page","type-page","status-publish"],"_links":{"self":[{"href":"https:\/\/wp.unil.ch\/party\/wp-json\/wp\/v2\/pages\/217","targetHints":{"allow":["GET"]}}],"collection":[{"href":"https:\/\/wp.unil.ch\/party\/wp-json\/wp\/v2\/pages"}],"about":[{"href":"https:\/\/wp.unil.ch\/party\/wp-json\/wp\/v2\/types\/page"}],"author":[{"embeddable":true,"href":"https:\/\/wp.unil.ch\/party\/wp-json\/wp\/v2\/users\/864"}],"replies":[{"embeddable":true,"href":"https:\/\/wp.unil.ch\/party\/wp-json\/wp\/v2\/comments?post=217"}],"version-history":[{"count":5,"href":"https:\/\/wp.unil.ch\/party\/wp-json\/wp\/v2\/pages\/217\/revisions"}],"predecessor-version":[{"id":1028,"href":"https:\/\/wp.unil.ch\/party\/wp-json\/wp\/v2\/pages\/217\/revisions\/1028"}],"wp:attachment":[{"href":"https:\/\/wp.unil.ch\/party\/wp-json\/wp\/v2\/media?parent=217"}],"curies":[{"name":"wp","href":"https:\/\/api.w.org\/{rel}","templated":true}]}}