{"id":159,"date":"2018-08-22T09:24:45","date_gmt":"2018-08-22T07:24:45","guid":{"rendered":"http:\/\/wp.unil.ch\/party\/?page_id=159"},"modified":"2025-05-15T23:19:36","modified_gmt":"2025-05-15T21:19:36","slug":"horaire","status":"publish","type":"page","link":"https:\/\/wp.unil.ch\/party\/programme\/horaire\/?lang=fr","title":{"rendered":"Horaire"},"content":{"rendered":"<p>L&#8217;horaire de PARTY 2025 peut \u00eatre t\u00e9l\u00e9charg\u00e9e <a href=\"https:\/\/wp.unil.ch\/party\/files\/2025\/05\/party2025_schedule-v2.4.pdf\" target=\"_blank\" rel=\"noopener\">ici<\/a>.<\/p>\n\n\n<p><\/p>\n","protected":false},"excerpt":{"rendered":"<p>L&#8217;horaire de PARTY 2025 peut \u00eatre t\u00e9l\u00e9charg\u00e9e ici.<\/p>\n","protected":false},"author":864,"featured_media":0,"parent":152,"menu_order":0,"comment_status":"closed","ping_status":"closed","template":"","meta":{"_seopress_robots_primary_cat":"","_seopress_titles_title":"","_seopress_titles_desc":"","_seopress_robots_index":"","footnotes":""},"class_list":["post-159","page","type-page","status-publish"],"_links":{"self":[{"href":"https:\/\/wp.unil.ch\/party\/wp-json\/wp\/v2\/pages\/159","targetHints":{"allow":["GET"]}}],"collection":[{"href":"https:\/\/wp.unil.ch\/party\/wp-json\/wp\/v2\/pages"}],"about":[{"href":"https:\/\/wp.unil.ch\/party\/wp-json\/wp\/v2\/types\/page"}],"author":[{"embeddable":true,"href":"https:\/\/wp.unil.ch\/party\/wp-json\/wp\/v2\/users\/864"}],"replies":[{"embeddable":true,"href":"https:\/\/wp.unil.ch\/party\/wp-json\/wp\/v2\/comments?post=159"}],"version-history":[{"count":5,"href":"https:\/\/wp.unil.ch\/party\/wp-json\/wp\/v2\/pages\/159\/revisions"}],"predecessor-version":[{"id":1102,"href":"https:\/\/wp.unil.ch\/party\/wp-json\/wp\/v2\/pages\/159\/revisions\/1102"}],"up":[{"embeddable":true,"href":"https:\/\/wp.unil.ch\/party\/wp-json\/wp\/v2\/pages\/152"}],"wp:attachment":[{"href":"https:\/\/wp.unil.ch\/party\/wp-json\/wp\/v2\/media?parent=159"}],"curies":[{"name":"wp","href":"https:\/\/api.w.org\/{rel}","templated":true}]}}