{"id":137,"date":"2018-08-22T08:56:39","date_gmt":"2018-08-22T06:56:39","guid":{"rendered":"http:\/\/wp.unil.ch\/party\/?page_id=137"},"modified":"2025-03-04T09:13:28","modified_gmt":"2025-03-04T08:13:28","slug":"call-for-abstracts","status":"publish","type":"page","link":"https:\/\/wp.unil.ch\/party\/call-for-abstracts\/?lang=fr","title":{"rendered":"Call for abstracts"},"content":{"rendered":"<p>Nous invitons les jeunes chercheurs de diff\u00e9rentes disciplines, telles que les sciences actuarielles, la d\u00e9mographie, l\u2019assurance, les math\u00e9matiques, les statistiques, l\u2019\u00e9pid\u00e9miologie, la biologie et l\u2019\u00e9conomie, \u00e0 venir pr\u00e9senter leurs travaux en lien avec la gestion des risques et \u00e0 ses impacts soci\u00e9taux.<\/p>\n<p>Les abstracts doivent \u00eatre soumis d&#8217;ici au <strong>14 mars 2025 <\/strong>par le biais du site web suivant:<\/p>\n<p><a href=\"https:\/\/e-conferences.unil.ch\/party\/submission\" target=\"_blank\" rel=\"noopener\"><span style=\"color: #3366ff\">https:\/\/conferences.unil.ch\/party\/?target=submission<\/span><\/a><\/p>\n<p>Les abstracts doivent contenir uniquement les informations\u00a0suivantes:<\/p>\n<ol>\n<li style=\"list-style-type: none\">\n<ol>\n<li>Titre<\/li>\n<li>Orateur\/Auteur avec son affiliation<\/li>\n<li>R\u00e9sum\u00e9 des travaux de recherche<\/li>\n<\/ol>\n<\/li>\n<\/ol>\n","protected":false},"excerpt":{"rendered":"<p>Nous invitons les jeunes chercheurs de diff\u00e9rentes disciplines, telles que les sciences actuarielles, la d\u00e9mographie, l\u2019assurance, les math\u00e9matiques, les statistiques, l\u2019\u00e9pid\u00e9miologie, la biologie et l\u2019\u00e9conomie, \u00e0 venir pr\u00e9senter leurs travaux en lien avec la gestion des risques et \u00e0 ses impacts soci\u00e9taux. Les abstracts doivent \u00eatre soumis d&#8217;ici au 14 mars 2025 par le biais &hellip; <\/p>\n<p class=\"link-more\"><a href=\"https:\/\/wp.unil.ch\/party\/call-for-abstracts\/?lang=fr\" class=\"more-link\">Continue reading<span class=\"screen-reader-text\"> &#8220;Call for abstracts&#8221;<\/span><\/a><\/p>\n","protected":false},"author":864,"featured_media":0,"parent":0,"menu_order":20,"comment_status":"closed","ping_status":"closed","template":"","meta":{"_seopress_robots_primary_cat":"","_seopress_titles_title":"","_seopress_titles_desc":"","_seopress_robots_index":"","footnotes":""},"class_list":["post-137","page","type-page","status-publish"],"_links":{"self":[{"href":"https:\/\/wp.unil.ch\/party\/wp-json\/wp\/v2\/pages\/137","targetHints":{"allow":["GET"]}}],"collection":[{"href":"https:\/\/wp.unil.ch\/party\/wp-json\/wp\/v2\/pages"}],"about":[{"href":"https:\/\/wp.unil.ch\/party\/wp-json\/wp\/v2\/types\/page"}],"author":[{"embeddable":true,"href":"https:\/\/wp.unil.ch\/party\/wp-json\/wp\/v2\/users\/864"}],"replies":[{"embeddable":true,"href":"https:\/\/wp.unil.ch\/party\/wp-json\/wp\/v2\/comments?post=137"}],"version-history":[{"count":5,"href":"https:\/\/wp.unil.ch\/party\/wp-json\/wp\/v2\/pages\/137\/revisions"}],"predecessor-version":[{"id":1036,"href":"https:\/\/wp.unil.ch\/party\/wp-json\/wp\/v2\/pages\/137\/revisions\/1036"}],"wp:attachment":[{"href":"https:\/\/wp.unil.ch\/party\/wp-json\/wp\/v2\/media?parent=137"}],"curies":[{"name":"wp","href":"https:\/\/api.w.org\/{rel}","templated":true}]}}