{"id":122,"date":"2018-06-14T12:08:45","date_gmt":"2018-06-14T10:08:45","guid":{"rendered":"http:\/\/wp.unil.ch\/party\/?page_id=122"},"modified":"2024-11-14T12:16:18","modified_gmt":"2024-11-14T11:16:18","slug":"description","status":"publish","type":"page","link":"https:\/\/wp.unil.ch\/party\/description\/?lang=fr","title":{"rendered":"Description"},"content":{"rendered":"<p><strong>\u00c9cole de printemps pour jeunes chercheurs qui aura lieu du 18 au 23 mai 2025 \u00e0 Liverpool, <span data-olk-copy-source=\"MessageBody\">Royaume-Uni<\/span>.<\/strong><\/p>\n<div>\n<p><strong>But<\/strong><\/p>\n<p>Donner l&#8217;opportunit\u00e9 aux jeunes chercheurs de pr\u00e9senter leur recherche dans un environnement amical, de rencontrer et discuter avec des chercheurs provenant de divers horizons travaillant sur des th\u00e9matiques similaires et de recevoir un feedback de la part d&#8217;experts de renomm\u00e9e internationale en regard de la pertinence de leurs travaux tant du point de vue acad\u00e9mique que pratique.<\/p>\n<p><strong>Public-cible<\/strong><\/p>\n<p>Doctorants et chercheurs, acad\u00e9miciens ou praticiens\u00a0ayant fini leur doctorat durant ces 5 derni\u00e8res ann\u00e9es\u00a0et s&#8217;int\u00e9ressant \u00e0 des disciplines, telles que les\u00a0sciences actuarielles, la d\u00e9mographie, l\u2019assurance, les\u00a0math\u00e9matiques, les statistiques, l\u2019\u00e9pid\u00e9miologie, la\u00a0biologie et l\u2019\u00e9conomie.<\/p>\n<p><strong>Structure<\/strong><\/p>\n<p>L&#8217;\u00c9cole de printemps consistera en des pr\u00e9sentations de 45 minutes des diff\u00e9rents intervenants cl\u00e9s ainsi que de pr\u00e9sentations de 20 \u00e0 30 minutes des jeunes chercheurs inscrits.<\/p>\n<p><b>Comit\u00e9 Organisateur<\/b><\/p>\n<p><span style=\"color: #3366ff\"><a style=\"color: #3366ff\" href=\"https:\/\/www.liv.ac.uk\/mathematical-sciences\/staff\/dana-constantinescu\/\" target=\"_blank\" rel=\"noopener\">Corina Constantinescu<\/a>, <a style=\"color: #3366ff\" href=\"https:\/\/www.liv.ac.uk\/mathematical-sciences\/research\/institute-for-financial-and-actuarial-mathematics\/\" target=\"_blank\" rel=\"noopener\">Institute for Financial and Actuarial Mathematics (IFAM)<\/a>, <a style=\"color: #3366ff\" href=\"https:\/\/www.liv.ac.uk\/maths\/\" target=\"_blank\" rel=\"noopener\">Department\u00a0of Mathematical Sciences<\/a>, <a style=\"color: #3366ff\" href=\"https:\/\/www.liv.ac.uk\/\" target=\"_blank\" rel=\"noopener\">University of Liverpool<\/a><\/span><\/p>\n<p><a href=\"https:\/\/applicationspub.unil.ch\/interpub\/noauth\/php\/Un\/UnPers.php?PerNum=52161&amp;LanCode=37\" target=\"_blank\" rel=\"noopener\"><span style=\"color: #3366ff\">S\u00e9verine Arnold<\/span><\/a><span style=\"color: #3366ff\">, <a style=\"color: #3366ff\" title=\"Institute of Financial and Actuarial Mathematics\" href=\"https:\/\/www.unil.ch\/dsa\/fr\/home.html?set_language=en&amp;cl=en\" target=\"_blank\" rel=\"noopener\">Department of Actuarial Science (DSA)<\/a>,\u00a0<a style=\"color: #3366ff\" title=\"HEC\" href=\"https:\/\/www.unil.ch\/hec\/fr\/home.html?set_language=en&amp;cl=en\" target=\"_blank\" rel=\"noopener\">Faculty of Business and Economics (HEC Lausanne)<\/a>, <a style=\"color: #3366ff\" title=\"Unil\" href=\"https:\/\/www.unil.ch\/central\/fr\/home.html\" target=\"_blank\" rel=\"noopener\">University of Lausanne<\/a><\/span><\/p>\n<\/div>\n<div>\n<p><strong>Date<\/strong><\/p>\n<p>18 &#8211; 23 mai 2025<\/p>\n<p><strong>Situation<\/strong><\/p>\n<p>Liner Hotel \u00e0 Liverpool, Royaume-Uni (voir section <span style=\"color: #3366ff\"><a style=\"color: #3366ff\" href=\"https:\/\/wp.unil.ch\/party\/situation\/?lang=fr\">Situation<\/a><\/span> pour plus d&#8217;information)<\/p>\n<p><strong>Frais d&#8217;inscription<\/strong><\/p>\n<p>Gr\u00e2ce \u00e0 la g\u00e9n\u00e9rosit\u00e9 de nos sponsors, les frais d&#8217;inscription \u00e0 la conf\u00e9rence (et d&#8217;h\u00f4tel) se montent \u00e0 seulement \u00a3500 (Livre sterling) par personne et comprennent:<\/p>\n<ol>\n<li>Le logement du dimanche 18 mai au vendredi 23 mai 2025 (5 nuits)<\/li>\n<li>Le petit d\u00e9jeuner du lundi au vendredi<\/li>\n<li>Les repas de midi du lundi au vendredi<\/li>\n<li>Les repas du soir du dimanche au jeudi<\/li>\n<li>Une excursion le mercredi apr\u00e8s-midi<\/li>\n<\/ol>\n<\/div>\n","protected":false},"excerpt":{"rendered":"<p>\u00c9cole de printemps pour jeunes chercheurs qui aura lieu du 18 au 23 mai 2025 \u00e0 Liverpool, Royaume-Uni. But Donner l&#8217;opportunit\u00e9 aux jeunes chercheurs de pr\u00e9senter leur recherche dans un environnement amical, de rencontrer et discuter avec des chercheurs provenant de divers horizons travaillant sur des th\u00e9matiques similaires et de recevoir un feedback de la &hellip; <\/p>\n<p class=\"link-more\"><a href=\"https:\/\/wp.unil.ch\/party\/description\/?lang=fr\" class=\"more-link\">Continue reading<span class=\"screen-reader-text\"> &#8220;Description&#8221;<\/span><\/a><\/p>\n","protected":false},"author":864,"featured_media":0,"parent":0,"menu_order":10,"comment_status":"closed","ping_status":"closed","template":"","meta":{"_seopress_robots_primary_cat":"","_seopress_titles_title":"","_seopress_titles_desc":"","_seopress_robots_index":"","footnotes":""},"class_list":["post-122","page","type-page","status-publish"],"_links":{"self":[{"href":"https:\/\/wp.unil.ch\/party\/wp-json\/wp\/v2\/pages\/122","targetHints":{"allow":["GET"]}}],"collection":[{"href":"https:\/\/wp.unil.ch\/party\/wp-json\/wp\/v2\/pages"}],"about":[{"href":"https:\/\/wp.unil.ch\/party\/wp-json\/wp\/v2\/types\/page"}],"author":[{"embeddable":true,"href":"https:\/\/wp.unil.ch\/party\/wp-json\/wp\/v2\/users\/864"}],"replies":[{"embeddable":true,"href":"https:\/\/wp.unil.ch\/party\/wp-json\/wp\/v2\/comments?post=122"}],"version-history":[{"count":5,"href":"https:\/\/wp.unil.ch\/party\/wp-json\/wp\/v2\/pages\/122\/revisions"}],"predecessor-version":[{"id":956,"href":"https:\/\/wp.unil.ch\/party\/wp-json\/wp\/v2\/pages\/122\/revisions\/956"}],"wp:attachment":[{"href":"https:\/\/wp.unil.ch\/party\/wp-json\/wp\/v2\/media?parent=122"}],"curies":[{"name":"wp","href":"https:\/\/api.w.org\/{rel}","templated":true}]}}