{"id":119,"date":"2018-06-14T11:56:29","date_gmt":"2018-06-14T09:56:29","guid":{"rendered":"http:\/\/wp.unil.ch\/party\/?page_id=119"},"modified":"2024-11-14T10:02:26","modified_gmt":"2024-11-14T09:02:26","slug":"contact","status":"publish","type":"page","link":"https:\/\/wp.unil.ch\/party\/contact\/?lang=fr","title":{"rendered":"Contact"},"content":{"rendered":"<p>Si vous avez des questions, n&#8217;h\u00e9sitez pas \u00e0 nous contact sur <span style=\"color: #3366ff\"><a style=\"color: #3366ff\" href=\"mailto:party@unil.ch\">party@unil.ch<\/a><\/span>. Soyez assur\u00e9 que nous vous r\u00e9pondrons dans les plus brefs d\u00e9lais.<\/p>\n","protected":false},"excerpt":{"rendered":"<p>Si vous avez des questions, n&#8217;h\u00e9sitez pas \u00e0 nous contact sur party@unil.ch. Soyez assur\u00e9 que nous vous r\u00e9pondrons dans les plus brefs d\u00e9lais.<\/p>\n","protected":false},"author":864,"featured_media":0,"parent":0,"menu_order":60,"comment_status":"closed","ping_status":"closed","template":"","meta":{"_seopress_robots_primary_cat":"","_seopress_titles_title":"","_seopress_titles_desc":"","_seopress_robots_index":"","footnotes":""},"class_list":["post-119","page","type-page","status-publish"],"_links":{"self":[{"href":"https:\/\/wp.unil.ch\/party\/wp-json\/wp\/v2\/pages\/119","targetHints":{"allow":["GET"]}}],"collection":[{"href":"https:\/\/wp.unil.ch\/party\/wp-json\/wp\/v2\/pages"}],"about":[{"href":"https:\/\/wp.unil.ch\/party\/wp-json\/wp\/v2\/types\/page"}],"author":[{"embeddable":true,"href":"https:\/\/wp.unil.ch\/party\/wp-json\/wp\/v2\/users\/864"}],"replies":[{"embeddable":true,"href":"https:\/\/wp.unil.ch\/party\/wp-json\/wp\/v2\/comments?post=119"}],"version-history":[{"count":1,"href":"https:\/\/wp.unil.ch\/party\/wp-json\/wp\/v2\/pages\/119\/revisions"}],"predecessor-version":[{"id":946,"href":"https:\/\/wp.unil.ch\/party\/wp-json\/wp\/v2\/pages\/119\/revisions\/946"}],"wp:attachment":[{"href":"https:\/\/wp.unil.ch\/party\/wp-json\/wp\/v2\/media?parent=119"}],"curies":[{"name":"wp","href":"https:\/\/api.w.org\/{rel}","templated":true}]}}