{"id":110,"date":"2018-06-14T11:36:15","date_gmt":"2018-06-14T09:36:15","guid":{"rendered":"http:\/\/wp.unil.ch\/party\/?page_id=110"},"modified":"2025-06-02T14:46:14","modified_gmt":"2025-06-02T12:46:14","slug":"accueil","status":"publish","type":"page","link":"https:\/\/wp.unil.ch\/party\/accueil\/?lang=fr","title":{"rendered":"Accueil"},"content":{"rendered":"<p style=\"text-align: center\"><strong>\u00c9cole de printemps pour jeunes chercheurs qui aura lieu du 18 au 23 mai 2025 \u00e0 Liverpool, <span data-olk-copy-source=\"MessageBody\">Royaume-Uni<\/span>.<\/strong><\/p>\n<p><strong>Vous pouvez t\u00e9l\u00e9charger les pr\u00e9sentations des Keynote Speakers <\/strong><a href=\"https:\/\/unils-my.sharepoint.com\/:f:\/g\/personal\/dion_krisnadi_unil_ch\/EskanFnKc39FmorLZrNs7yQB0vqChQIPo_7bx3WdoXFQ2Q\" target=\"_blank\" rel=\"noopener\"><strong>ici<\/strong><\/a><strong>. De m\u00eame, les pr\u00e9sentations des Participants peuvent \u00eatre t\u00e9l\u00e9charg\u00e9es <\/strong><a href=\"https:\/\/unils-my.sharepoint.com\/:f:\/g\/personal\/dion_krisnadi_unil_ch\/Er4uyZkfQjdKu2OKcAktSrgBAvqpyLV3Bp3YDrCgJR6zPA?e=RrOqFv\" target=\"_blank\" rel=\"noopener\"><strong>ici<\/strong><\/a><strong>.<\/strong><\/p>\n<p><strong>Vous pouvez t\u00e9l\u00e9charger les photos de l&#8217;\u00e9v\u00e8nement <\/strong><a href=\"https:\/\/unils-my.sharepoint.com\/:f:\/g\/personal\/dion_krisnadi_unil_ch\/EgEiCS5WGHJJuTxNdeSZFngBkOKZRyemvMWyBRMkO9hKxA?e=NdhvEt\" target=\"_blank\" rel=\"noopener\"><strong>ici<\/strong><\/a><strong>.<\/strong><\/p>\n<p>Cette \u00e9cole de printemps internationale s\u2019adresse aux jeunes chercheurs (doctorants et chercheurs, universitaires, praticiens ayant obtenu leur doctorat dans les 5 derni\u00e8res ann\u00e9es) travaillant sur des sujets d\u2019actualit\u00e9 en actuariat. Cette nouvelle \u00e9dition a pour objectif de favoriser les r\u00e9flexions sur les<\/p>\n<p style=\"text-align: center\"><strong>Impacts Soci\u00e9taux de la Recherche Actuarielle<\/strong><\/p>\n<p>La crise climatique, les in\u00e9galit\u00e9s sociales, l\u2019allongement de l\u2019esp\u00e9rance de vie et l\u2019intelligence artificielle ne sont que quelques-uns des d\u00e9fis auxquels nos soci\u00e9t\u00e9s sont aujourd\u2019hui confront\u00e9es. Ces d\u00e9fis se multiplient sans cesse. Pour y faire face, il est essentiel de comprendre les risques qui nous entourent et leurs implications. Des solutions innovantes sont n\u00e9cessaires pour am\u00e9liorer la gestion de ces risques. C\u2019est pourquoi l\u2019\u00e9dition 2025 de PARTY souhaite encourager la recherche visant \u00e0 mieux g\u00e9rer certains de ces risques importants auxquels les soci\u00e9t\u00e9s actuelles sont confront\u00e9es.<\/p>\n<p>Les jeunes chercheurs de diverses disciplines, telles que l\u2019actuariat, la d\u00e9mographie, l\u2019assurance, les math\u00e9matiques, les statistiques, l\u2019\u00e9pid\u00e9miologie, la biologie et l\u2019\u00e9conomie, sont encourag\u00e9s \u00e0 participer, \u00e0 pr\u00e9senter et \u00e0 discuter librement entre eux des questions les plus pertinentes dans leurs domaines sp\u00e9cifiques. Des experts invit\u00e9s, issus du monde universitaire et de la pratique, seront disponibles pour \u00e9changer et formuleront des allocutions d\u2019ouverture et de cl\u00f4ture.<\/p>\n","protected":false},"excerpt":{"rendered":"<p>\u00c9cole de printemps pour jeunes chercheurs qui aura lieu du 18 au 23 mai 2025 \u00e0 Liverpool, Royaume-Uni. Vous pouvez t\u00e9l\u00e9charger les pr\u00e9sentations des Keynote Speakers ici. De m\u00eame, les pr\u00e9sentations des Participants peuvent \u00eatre t\u00e9l\u00e9charg\u00e9es ici. Vous pouvez t\u00e9l\u00e9charger les photos de l&#8217;\u00e9v\u00e8nement ici. Cette \u00e9cole de printemps internationale s\u2019adresse aux jeunes chercheurs (doctorants &hellip; <\/p>\n<p class=\"link-more\"><a href=\"https:\/\/wp.unil.ch\/party\/accueil\/?lang=fr\" class=\"more-link\">Continue reading<span class=\"screen-reader-text\"> &#8220;Accueil&#8221;<\/span><\/a><\/p>\n","protected":false},"author":864,"featured_media":0,"parent":0,"menu_order":0,"comment_status":"closed","ping_status":"closed","template":"","meta":{"_seopress_robots_primary_cat":"","_seopress_titles_title":"","_seopress_titles_desc":"","_seopress_robots_index":"","footnotes":""},"class_list":["post-110","page","type-page","status-publish"],"_links":{"self":[{"href":"https:\/\/wp.unil.ch\/party\/wp-json\/wp\/v2\/pages\/110","targetHints":{"allow":["GET"]}}],"collection":[{"href":"https:\/\/wp.unil.ch\/party\/wp-json\/wp\/v2\/pages"}],"about":[{"href":"https:\/\/wp.unil.ch\/party\/wp-json\/wp\/v2\/types\/page"}],"author":[{"embeddable":true,"href":"https:\/\/wp.unil.ch\/party\/wp-json\/wp\/v2\/users\/864"}],"replies":[{"embeddable":true,"href":"https:\/\/wp.unil.ch\/party\/wp-json\/wp\/v2\/comments?post=110"}],"version-history":[{"count":5,"href":"https:\/\/wp.unil.ch\/party\/wp-json\/wp\/v2\/pages\/110\/revisions"}],"predecessor-version":[{"id":1110,"href":"https:\/\/wp.unil.ch\/party\/wp-json\/wp\/v2\/pages\/110\/revisions\/1110"}],"wp:attachment":[{"href":"https:\/\/wp.unil.ch\/party\/wp-json\/wp\/v2\/media?parent=110"}],"curies":[{"name":"wp","href":"https:\/\/api.w.org\/{rel}","templated":true}]}}