{"id":46,"date":"2018-03-06T12:05:32","date_gmt":"2018-03-06T11:05:32","guid":{"rendered":"http:\/\/wp.unil.ch\/paleo\/?page_id=46"},"modified":"2025-02-07T17:52:14","modified_gmt":"2025-02-07T16:52:14","slug":"outreach","status":"publish","type":"page","link":"https:\/\/wp.unil.ch\/paleo\/outreach\/","title":{"rendered":"Outreach"},"content":{"rendered":"<h4>Science Communication and Museum Activities<\/h4>\n<p>The ANOM Lab actively contributes to science communication and outreach activities to disseminate our research widely. We have published articles in magazines and online, and have had our research featured in podcasts and videos. At science fairs and museum events, we developed numerous public engagement activities to communicate our research on the Cambrian Explosion.<\/p>\n<p><a href=\"https:\/\/wp.unil.ch\/paleo\/files\/2025\/02\/csm_Vignette_la_mer_avant_les_poissons_480x210px_e99d80ab34-1.jpg\"><img alt=\"\" loading=\"lazy\" decoding=\"async\" class=\"alignleft wp-image-1571 size-medium\" src=\"https:\/\/wp.unil.ch\/paleo\/files\/2025\/02\/csm_Vignette_la_mer_avant_les_poissons_480x210px_e99d80ab34-1-300x132.jpg\" alt=\"\" width=\"300\" height=\"132\" srcset=\"https:\/\/wp.unil.ch\/paleo\/files\/2025\/02\/csm_Vignette_la_mer_avant_les_poissons_480x210px_e99d80ab34-1-300x132.jpg 300w, https:\/\/wp.unil.ch\/paleo\/files\/2025\/02\/csm_Vignette_la_mer_avant_les_poissons_480x210px_e99d80ab34-1.jpg 458w\" sizes=\"auto, (max-width: 300px) 100vw, 300px\" \/><\/a><\/p>\n<h4>La Mer Avant les Poissons \/ The Oceans Before Fish:<\/h4>\n<p>Allison Daley and Pierre Gueriau of the ANOM Lab, together with Gilles Borel of the <a href=\"https:\/\/www.unil.ch\/mcg\/home.html\">Cantonal Museum of Natural History, Department of Geology<\/a>, created a temporary exhibit at the Palais de Rumine in Lausanne from 27 November 2024 to 27 April 2025. This exhibit invites you to dive in and explore some of the oldest known animals that lived in the ancient oceans through a selection of spectacular fossils from the Fezouata Shale of Morocco. This exhibit features research carried out by the ANOM Lab that revealed the diversity and paleoecology of arthropods from the Ordovician geological period. The bright yellow to red fossils on display are unique witnesses to life at the South Pole 480 million years ago, including the first \u201cgiants\u201d of the seas, ancestors of many of today&#8217;s groups, and a variety of other strange organisms.<\/p>\n<p>The english content of the exhibit can be view <a href=\"https:\/\/wp.unil.ch\/paleo\/en_the-sea-before-the-fish\/\">here.\u00a0<\/a><\/p>\n<h4>Cantonal Museum of Natural History, Department of Geology:<\/h4>\n<p>The ANOM Lab works with the <a href=\"https:\/\/www.unil.ch\/mcg\/home.html\">Cantonal Museum of Natural History, Department of Geology<\/a>, linked with research and teaching activities. The fossil collections located on UNIL campus are a focus of our current and future research projects, particularly associated with Fezouata Biota material. We also run undergraduate and masters teaching sessions in both the museum collections and the public exhibits at the Palais de Rumine.<\/p>\n<figure id=\"attachment_437\" aria-describedby=\"caption-attachment-437\" style=\"width: 300px\" class=\"wp-caption alignnone\"><a href=\"https:\/\/wp.unil.ch\/paleo\/files\/2018\/04\/IMG_9848-1.jpg\" target=\"_blank\" rel=\"noopener noreferrer\"><img alt=\"\" loading=\"lazy\" decoding=\"async\" class=\"wp-image-437 size-medium\" src=\"https:\/\/wp.unil.ch\/paleo\/files\/2018\/04\/IMG_9848-1-300x225.jpg\" alt=\"\" width=\"300\" height=\"225\" srcset=\"https:\/\/wp.unil.ch\/paleo\/files\/2018\/04\/IMG_9848-1-300x225.jpg 300w, https:\/\/wp.unil.ch\/paleo\/files\/2018\/04\/IMG_9848-1-768x576.jpg 768w, https:\/\/wp.unil.ch\/paleo\/files\/2018\/04\/IMG_9848-1-1024x768.jpg 1024w, https:\/\/wp.unil.ch\/paleo\/files\/2018\/04\/IMG_9848-1.jpg 1600w\" sizes=\"auto, (max-width: 300px) 100vw, 300px\" \/><\/a><figcaption id=\"caption-attachment-437\" class=\"wp-caption-text\">Teaching in the Palais de Rumine Paleontology exhibits<\/figcaption><\/figure>\n<p>\u00a0<\/p>\n<figure id=\"attachment_438\" aria-describedby=\"caption-attachment-438\" style=\"width: 300px\" class=\"wp-caption alignnone\"><img alt=\"\" loading=\"lazy\" decoding=\"async\" class=\"wp-image-438 size-medium\" src=\"https:\/\/wp.unil.ch\/paleo\/files\/2018\/04\/IMG_8093-300x225.jpg\" alt=\"\" width=\"300\" height=\"225\" srcset=\"https:\/\/wp.unil.ch\/paleo\/files\/2018\/04\/IMG_8093-300x225.jpg 300w, https:\/\/wp.unil.ch\/paleo\/files\/2018\/04\/IMG_8093-768x576.jpg 768w, https:\/\/wp.unil.ch\/paleo\/files\/2018\/04\/IMG_8093-1024x768.jpg 1024w, https:\/\/wp.unil.ch\/paleo\/files\/2018\/04\/IMG_8093.jpg 1600w\" sizes=\"auto, (max-width: 300px) 100vw, 300px\" \/><figcaption id=\"caption-attachment-438\" class=\"wp-caption-text\">Masters students in the collections of the Cantonal Museum of Natural History, Department of Geology<\/figcaption><\/figure>\n<h4>\u00a0<\/h4>\n<h4>Podcasts and Videos:<\/h4>\n<p>Hear all about the earliest predators of the Cambrian Explosion from Allison Daley in: <a href=\"https:\/\/www.palaeocast.com\/episode-31-anomalocaridids\/\" target=\"_blank\" rel=\"noopener noreferrer\">Palaeocast Episode 31: Anomalocaridids<\/a>.<\/p>\n<p>As part of the St. Edmund Hall (Oxford University) Research Expo, Allison Daley presents the surprises our recent research has revealed about the ecology of anomalocaridids in early animal communities: <a href=\"https:\/\/www.youtube.com\/watch?v=QClky0d5iIw&amp;feature=youtu.be\" target=\"_blank\" rel=\"noopener noreferrer\">Teddy Talks &#8211; Earth&#8217;s earliest super predators.<\/a><span id=\"eow-title\" class=\"watch-title\" dir=\"ltr\" title=\"Teddy Talks: Earth's earliest super predators - Dr Allison Daley\"><\/span><\/p>\n<p>As part of a series of podcasts on &#8220;Explosions&#8221;, Allison Daley describes what fossils can tell us about the Cambrian Explosion &#8211; a period of time 540 million years ago, when there was a vast increase in the different types of animals that existed: <a href=\"https:\/\/podcasts.ox.ac.uk\/explosions-part-2-origin-animal-diversity\" target=\"_blank\" rel=\"noopener noreferrer\">&#8216;Explosions&#8217; part 2 &#8211; The origin of animal diversity.<\/a><\/p>\n<p>Allison Daley <span id=\"result_box\" class=\"\" lang=\"fr\"><span class=\"\">d\u00e9crit l&#8217;\u00e9cologie des anomalocarides de l&#8217;explosion cambrienne dans cette ce<\/span><\/span>conf\u00e9rence, dans le cadre de la C\u00e9r\u00e9monie d\u2019ouverture des cours pour l\u2019ann\u00e9e acad\u00e9mique 2017-2018 (<span id=\"result_box\" class=\"short_text\" lang=\"fr\"><span class=\"\">en fran\u00e7ais<\/span><\/span>): <a href=\"https:\/\/wp.unil.ch\/geoblog\/2017\/09\/les-premiers-predateurs-fossiles-extraordinaires-de-lexplosion-cambrienne\/#more-2903\" target=\"_blank\" rel=\"noopener noreferrer\">Les premiers pr\u00e9dateurs : fossiles extraordinaires de l\u2019explosion cambrienne.<\/a><\/p>\n<p>The Emu Bay Shale is an important Cambrian fossil locality with exceptional preservation of soft-bodied fossils, including <a href=\"https:\/\/onlinelibrary.wiley.com\/doi\/full\/10.1111\/pala.12029\" target=\"_blank\" rel=\"noopener noreferrer\"><em>Anomalocaris<\/em><\/a>, and amazing <a href=\"https:\/\/onlinelibrary.wiley.com\/doi\/abs\/10.1111\/let.12266\" target=\"_blank\" rel=\"noopener noreferrer\">trilobite moulting assemblages<\/a> showing detailed behaviour. We love this Palaeocast featuring Prof. John Paterson from the University of New England, an ANOM Lab external collaborator: <a href=\"https:\/\/www.palaeocast.com\/episode-36-emu-bay-shale\/\" target=\"_blank\" rel=\"noopener noreferrer\">Episode 36: Emu Bay Shale<\/a>.<\/p>\n<p><span id=\"result_box\" class=\"\" lang=\"fr\">Suite \u00e0 la publication d&#8217;un article de Daley, Antcliffe, Drage &amp; Pates dans PNAS en 2018, Allison a \u00e9t\u00e9 interview\u00e9 au CQFD,Radio T\u00e9l\u00e9vision Suisse. <span class=\"\">\u00c9coutez l&#8217;interview en fran\u00e7ais ici:<\/span><\/span><\/p>\n<audio class=\"wp-audio-shortcode\" id=\"audio-46-1\" preload=\"none\" style=\"width: 100%;\" controls=\"controls\"><source type=\"audio\/mpeg\" src=\"https:\/\/wp.unil.ch\/paleo\/files\/2018\/05\/CQFD.mp3?_=1\" \/><a href=\"https:\/\/wp.unil.ch\/paleo\/files\/2018\/05\/CQFD.mp3\">https:\/\/wp.unil.ch\/paleo\/files\/2018\/05\/CQFD.mp3<\/a><\/audio>\n<h4>\u00a0<\/h4>\n<h4>Written articles:<\/h4>\n<p>Jonathan Antcliffe discusses the fossil record of the earliest stages of animal evolution in Palaeontology[Online] Volume 2 Article 8:\u00a0 <a href=\"https:\/\/www.palaeontologyonline.com\/articles\/2012\/the-cambrian-explosion-paradoxes-and-possible-worlds\/\" target=\"_blank\" rel=\"noopener noreferrer\">The Cambrian explosion &#8211; Paradoxes and possible worlds.<\/a><\/p>\n<p>Luk\u00e1\u0161 Laibl explains the development of trilobites and ecology of tiny trilobite larvae in Palaeontology[Online] Volume 7 Article 10:\u00a0<a href=\"https:\/\/www.palaeontologyonline.com\/articles\/2017\/patterns-palaeontology-development-trilobites\/\" target=\"_blank\" rel=\"noopener noreferrer\">The development of trilobites.<\/a><\/p>\n<p>Luk\u00e1\u0161 Laibl answers questions related to his research in Fossil Realm Magazine:\u00a0<a href=\"https:\/\/www.fossilrealm.com\/blogs\/news\/q-a-with-trilobite-specialist-dr-lukas-laibl-1\" target=\"_blank\" rel=\"noopener noreferrer\">Q&amp;A with trilobite specialist Dr. Luk\u00e1\u0161 Laibl.<\/a><\/p>\n<p>Harriet Drage explains the importance of arthropod moulting, and describes the fossil record of this process in Palaeontology[Online] Volume 6 Article 7: <a href=\"https:\/\/www.palaeontologyonline.com\/articles\/2016\/arthropod-moulting\/\" target=\"_blank\" rel=\"noopener noreferrer\">How and why did the arthropod shed its skin? Moulting in living and fossil arthropods.<\/a><\/p>\n<p>Allison Daley describes the fossil record, ecology, and evolutionary significance of Radiodonta in this Current Biology Quick Guide: <a href=\"https:\/\/www.cell.com\/current-biology\/fulltext\/S0960-9822(13)00831-2\" target=\"_blank\" rel=\"noopener noreferrer\">Anomalocaridids<\/a>.<\/p>\n\n\n<figure class=\"wp-block-gallery has-nested-images columns-default is-cropped wp-block-gallery-1 is-layout-flex wp-block-gallery-is-layout-flex\">\n<figure class=\"wp-block-image size-large\"><img alt=\"\" loading=\"lazy\" decoding=\"async\" width=\"768\" height=\"1024\" data-id=\"1578\" src=\"https:\/\/wp.unil.ch\/paleo\/files\/2025\/02\/Entrance-panels-and-case-1-768x1024.jpg\" alt=\"\" class=\"wp-image-1578\" srcset=\"https:\/\/wp.unil.ch\/paleo\/files\/2025\/02\/Entrance-panels-and-case-1-768x1024.jpg 768w, https:\/\/wp.unil.ch\/paleo\/files\/2025\/02\/Entrance-panels-and-case-1-225x300.jpg 225w, https:\/\/wp.unil.ch\/paleo\/files\/2025\/02\/Entrance-panels-and-case-1.jpg 900w\" sizes=\"auto, (max-width: 768px) 100vw, 768px\" \/><figcaption class=\"wp-element-caption\">La Mer Avant Les Poissons exhibit<\/figcaption><\/figure>\n\n\n\n<figure class=\"wp-block-image size-large\"><img alt=\"\" loading=\"lazy\" decoding=\"async\" width=\"1024\" height=\"768\" data-id=\"1579\" src=\"https:\/\/wp.unil.ch\/paleo\/files\/2025\/02\/Large-fossil-images-1024x768.jpg\" alt=\"\" class=\"wp-image-1579\" srcset=\"https:\/\/wp.unil.ch\/paleo\/files\/2025\/02\/Large-fossil-images-1024x768.jpg 1024w, https:\/\/wp.unil.ch\/paleo\/files\/2025\/02\/Large-fossil-images-300x225.jpg 300w, https:\/\/wp.unil.ch\/paleo\/files\/2025\/02\/Large-fossil-images-768x576.jpg 768w, https:\/\/wp.unil.ch\/paleo\/files\/2025\/02\/Large-fossil-images-1536x1152.jpg 1536w, https:\/\/wp.unil.ch\/paleo\/files\/2025\/02\/Large-fossil-images.jpg 1600w\" sizes=\"auto, (max-width: 1024px) 100vw, 1024px\" \/><figcaption class=\"wp-element-caption\">La Mer Avant Les Poissons exhibit<\/figcaption><\/figure>\n\n\n\n<figure class=\"wp-block-image size-large\"><img alt=\"\" loading=\"lazy\" decoding=\"async\" width=\"1024\" height=\"768\" data-id=\"1575\" src=\"https:\/\/wp.unil.ch\/paleo\/files\/2025\/02\/Small-cases-1024x768.jpg\" alt=\"\" class=\"wp-image-1575\" srcset=\"https:\/\/wp.unil.ch\/paleo\/files\/2025\/02\/Small-cases-1024x768.jpg 1024w, https:\/\/wp.unil.ch\/paleo\/files\/2025\/02\/Small-cases-300x225.jpg 300w, https:\/\/wp.unil.ch\/paleo\/files\/2025\/02\/Small-cases-768x576.jpg 768w, https:\/\/wp.unil.ch\/paleo\/files\/2025\/02\/Small-cases-1536x1152.jpg 1536w, https:\/\/wp.unil.ch\/paleo\/files\/2025\/02\/Small-cases.jpg 1600w\" sizes=\"auto, (max-width: 1024px) 100vw, 1024px\" \/><figcaption class=\"wp-element-caption\">La Mer Avant Les Poissons exhibit<\/figcaption><\/figure>\n\n\n\n<figure class=\"wp-block-image size-large\"><img alt=\"\" loading=\"lazy\" decoding=\"async\" width=\"768\" height=\"1024\" data-id=\"1577\" src=\"https:\/\/wp.unil.ch\/paleo\/files\/2025\/02\/Microscope-station-1-768x1024.jpg\" alt=\"\" class=\"wp-image-1577\" srcset=\"https:\/\/wp.unil.ch\/paleo\/files\/2025\/02\/Microscope-station-1-768x1024.jpg 768w, https:\/\/wp.unil.ch\/paleo\/files\/2025\/02\/Microscope-station-1-225x300.jpg 225w, https:\/\/wp.unil.ch\/paleo\/files\/2025\/02\/Microscope-station-1.jpg 900w\" sizes=\"auto, (max-width: 768px) 100vw, 768px\" \/><figcaption class=\"wp-element-caption\">La Mer Avant Les Poissons exhibit<\/figcaption><\/figure>\n\n\n\n<figure class=\"wp-block-image size-large\"><img alt=\"\" loading=\"lazy\" decoding=\"async\" width=\"1024\" height=\"768\" data-id=\"1574\" src=\"https:\/\/wp.unil.ch\/paleo\/files\/2025\/02\/Large-radiodont-exhibit-1024x768.jpg\" alt=\"\" class=\"wp-image-1574\" srcset=\"https:\/\/wp.unil.ch\/paleo\/files\/2025\/02\/Large-radiodont-exhibit-1024x768.jpg 1024w, https:\/\/wp.unil.ch\/paleo\/files\/2025\/02\/Large-radiodont-exhibit-300x225.jpg 300w, https:\/\/wp.unil.ch\/paleo\/files\/2025\/02\/Large-radiodont-exhibit-768x576.jpg 768w, https:\/\/wp.unil.ch\/paleo\/files\/2025\/02\/Large-radiodont-exhibit-1536x1152.jpg 1536w, https:\/\/wp.unil.ch\/paleo\/files\/2025\/02\/Large-radiodont-exhibit.jpg 1600w\" sizes=\"auto, (max-width: 1024px) 100vw, 1024px\" \/><figcaption class=\"wp-element-caption\">La Mer Avant Les Poissons exhibit<\/figcaption><\/figure>\n\n\n\n<figure class=\"wp-block-image size-large\"><img alt=\"\" loading=\"lazy\" decoding=\"async\" width=\"1024\" height=\"768\" data-id=\"1576\" src=\"https:\/\/wp.unil.ch\/paleo\/files\/2025\/02\/Large-cases-of-main-exhibit-1024x768.jpg\" alt=\"\" class=\"wp-image-1576\" srcset=\"https:\/\/wp.unil.ch\/paleo\/files\/2025\/02\/Large-cases-of-main-exhibit-1024x768.jpg 1024w, https:\/\/wp.unil.ch\/paleo\/files\/2025\/02\/Large-cases-of-main-exhibit-300x225.jpg 300w, https:\/\/wp.unil.ch\/paleo\/files\/2025\/02\/Large-cases-of-main-exhibit-768x576.jpg 768w, https:\/\/wp.unil.ch\/paleo\/files\/2025\/02\/Large-cases-of-main-exhibit-1536x1152.jpg 1536w, https:\/\/wp.unil.ch\/paleo\/files\/2025\/02\/Large-cases-of-main-exhibit.jpg 1600w\" sizes=\"auto, (max-width: 1024px) 100vw, 1024px\" \/><figcaption class=\"wp-element-caption\">La Mer Avant Les Poissons exhibit<\/figcaption><\/figure>\n<\/figure>\n\n\n\n<p><\/p>\n","protected":false},"excerpt":{"rendered":"<p>Science Communication and Museum Activities The ANOM Lab actively contributes to science communication and outreach activities to disseminate our research widely. We have published articles in magazines and online, and have had our research featured in podcasts and videos. At<\/p>\n","protected":false},"author":1001753,"featured_media":0,"parent":0,"menu_order":0,"comment_status":"closed","ping_status":"closed","template":"","meta":{"_seopress_robots_primary_cat":"","_seopress_titles_title":"","_seopress_titles_desc":"","_seopress_robots_index":"","footnotes":""},"class_list":["post-46","page","type-page","status-publish"],"_links":{"self":[{"href":"https:\/\/wp.unil.ch\/paleo\/wp-json\/wp\/v2\/pages\/46","targetHints":{"allow":["GET"]}}],"collection":[{"href":"https:\/\/wp.unil.ch\/paleo\/wp-json\/wp\/v2\/pages"}],"about":[{"href":"https:\/\/wp.unil.ch\/paleo\/wp-json\/wp\/v2\/types\/page"}],"author":[{"embeddable":true,"href":"https:\/\/wp.unil.ch\/paleo\/wp-json\/wp\/v2\/users\/1001753"}],"replies":[{"embeddable":true,"href":"https:\/\/wp.unil.ch\/paleo\/wp-json\/wp\/v2\/comments?post=46"}],"version-history":[{"count":3,"href":"https:\/\/wp.unil.ch\/paleo\/wp-json\/wp\/v2\/pages\/46\/revisions"}],"predecessor-version":[{"id":1582,"href":"https:\/\/wp.unil.ch\/paleo\/wp-json\/wp\/v2\/pages\/46\/revisions\/1582"}],"wp:attachment":[{"href":"https:\/\/wp.unil.ch\/paleo\/wp-json\/wp\/v2\/media?parent=46"}],"curies":[{"name":"wp","href":"https:\/\/api.w.org\/{rel}","templated":true}]}}