{"id":1491,"date":"2024-11-18T12:33:58","date_gmt":"2024-11-18T11:33:58","guid":{"rendered":"https:\/\/wp.unil.ch\/paleo\/?page_id=1491"},"modified":"2024-12-05T16:42:17","modified_gmt":"2024-12-05T15:42:17","slug":"francais","status":"publish","type":"page","link":"https:\/\/wp.unil.ch\/paleo\/francais\/","title":{"rendered":"FRAN\u00c7AIS"},"content":{"rendered":"\n<div style=\"height:30px\" aria-hidden=\"true\" class=\"wp-block-spacer\"><\/div>\n\n\n\n<h3 class=\"wp-block-heading has-text-align-center\"><strong>La mer avant les poissons<\/strong><\/h3>\n\n\n\n<p>Il y a plus de 500 millions d\u2019ann\u00e9es, pendant la p\u00e9riode g\u00e9ologique du Cambrien, une rapide pouss\u00e9e \u00e9volutive appel\u00e9e l\u2019Explosion cambrienne a donn\u00e9 naissance aux premiers animaux connus dans les&nbsp;oc\u00e9ans. Ces derniers sont deux fois plus anciens que les premiers dinosaures connus et 50 millions d&#8217;ann\u00e9es plus anciens que les premiers&nbsp;poissons osseux! Bien que les poissons osseux modernes (ost\u00e9ichthyens) soient aujourd&#8217;hui nombreux et diversifi\u00e9s dans les oc\u00e9ans, ils n&#8217;ont donc pas \u00e9t\u00e9 parmi les premiers animaux \u00e0 appara\u00eetre.&nbsp;Avant eux, les oc\u00e9ans \u00e9taient ainsi uniquement habit\u00e9s par des animaux&nbsp;invert\u00e9br\u00e9s dont certains poss\u00e9daient des coquilles ou des carapaces&nbsp;au lieu d&#8217;os, comme les hu\u00eetres ou les crabes tandis que d\u2019autres&nbsp;comme les vers \u00e9taient d\u00e9pourvus de toute partie dure. Les premiers&nbsp;animaux cambriens, d\u2019apparence souvent \u00e9trange et difficiles \u00e0 interpr\u00e9ter, sont en r\u00e9alit\u00e9 les anc\u00eatres de nombreux groupes d&#8217;animaux&nbsp;modernes encore vivants aujourd&#8217;hui.<\/p>\n\n\n\n<p>\u00c0 la suite de l\u2019Explosion cambrienne, une seconde grande pouss\u00e9e \u00e9volutive a eu lieu durant la p\u00e9riode g\u00e9ologique de l\u2019Ordovicien, il y a 480&nbsp;millions d\u2019ann\u00e9es, qualifi\u00e9e de Grande Biodiversification ordovicienne. C\u2019est \u00e0 cette p\u00e9riode que les animaux qui peuplent les oc\u00e9ans ont pris&nbsp;des formes qui nous sont aujourd\u2019hui famili\u00e8res, tandis que les cr\u00e9atures aux caract\u00e9ristiques surprenantes commen\u00e7aient \u00e0 s\u2019\u00e9teindre.<\/p>\n\n\n\n<p>Les fossiles pr\u00e9sent\u00e9s proviennent d\u2019une \u00e9poque situ\u00e9e entre ces deux&nbsp;pouss\u00e9es \u00e9volutives et t\u00e9moignent d&#8217;une transition \u00e9cologique fascinante. Ils ont \u00e9t\u00e9 s\u00e9lectionn\u00e9s dans une collection de plus de 3000 sp\u00e9cimens et ont \u00e9t\u00e9 acquis par le Mus\u00e9e cantonal de g\u00e9ologie et l\u2019Universit\u00e9 de Lausanne en 2017, o\u00f9 ils font depuis l\u2019objet d\u2019importantes recherches scientifiques. Nous vous invitons \u00e0 explorer ces magnifiques&nbsp;fossiles et remarquables d\u00e9couvertes qui offrent un aper\u00e7u fascinant de&nbsp;la vie dans les oc\u00e9ans, il y a pr\u00e8s d\u2019un demi-milliard d\u2019ann\u00e9es.<\/p>\n\n\n\n<p>Illustration : &nbsp;\u00c9volution de la diversit\u00e9 au cours des temps g\u00e9ologiques.<\/p>\n\n\n\n<div style=\"height:100px\" aria-hidden=\"true\" class=\"wp-block-spacer\"><\/div>\n\n\n\n<h3 class=\"wp-block-heading has-text-align-center\"><strong>Les fossiles des Fezouata<\/strong><\/h3>\n\n\n\n<p>Les sp\u00e9cimens expos\u00e9s proviennent des collines planes du d\u00e9sert qui&nbsp;se trouvent au pied d\u2019une s\u00e9rie d\u2019escarpements dans la r\u00e9gion de&nbsp;l\u2019Anti-Atlas au Maroc. Situ\u00e9 \u00e0 environ 300 kilom\u00e8tres au sud-est de Marrakech, ce lieu offre un paysage saisissant de roches stratifi\u00e9es.&nbsp;Ces roches appartiennent \u00e0 la Formation des argiles des Fezouata et se&nbsp;sont form\u00e9es durant le d\u00e9but de l&#8217;Ordovicien, il y a 480 millions d&#8217;ann\u00e9es. Elles sont compos\u00e9es de fines particules de boue qui se sont d\u00e9pos\u00e9es dans un oc\u00e9an \u00e0 une profondeur d&#8217;environ 100 m\u00e8tres, au large&nbsp;d&#8217;un ancien continent situ\u00e9 pr\u00e8s du p\u00f4le Sud.<\/p>\n\n\n\n<p>Pi\u00e9g\u00e9s dans ces boues, ces fossiles aux teintes jaunes, oranges et&nbsp;rouges \u00e9clatantes, b\u00e9n\u00e9ficient d\u2019une pr\u00e9servation particuli\u00e8rement exceptionnelle. De nombreux organismes ont ainsi \u00e9t\u00e9 retrouv\u00e9s complets, non d\u00e9sarticul\u00e9s. Certains contiennent encore des parties molles&nbsp;de leurs corps qui sont habituellement d\u00e9compos\u00e9es trop rapidement&nbsp;pour \u00eatre fossilis\u00e9es. Les restes coquill\u00e9s extraits des roches de cette&nbsp;r\u00e9gion sont connus depuis les ann\u00e9es 1950. Ce n\u2019est que 50 ans plus&nbsp;tard, d\u00e8s le d\u00e9but des ann\u00e9es 2000 que les sp\u00e9cimens remarquablement bien conserv\u00e9s des Fezouata ont \u00e9t\u00e9 d\u00e9couverts par Mohamed&nbsp;&#8216;Ou Said&#8217; Ben Moula, chasseur de fossiles, vivant \u00e0 Taichoute, pr\u00e8s&nbsp;d&#8217;Alnif. La s\u00e9lection pr\u00e9sent\u00e9e dans cette exposition a \u00e9t\u00e9 mis au jour&nbsp;par Ben Moula et ses fils dans les ann\u00e9es qui ont suivi la d\u00e9couverte de&nbsp;l&#8217;importante localit\u00e9 des Fezouata.<\/p>\n\n\n\n<p>Illustrations : (En haut \u00e0 gauche) Reconstitution pal\u00e9og\u00e9ographique avec la disposition des plaques tectoniques pendant l&#8217;Ordovicien, il y a 480 millions d&#8217;ann\u00e9es. (En haut \u00e0 droite) Mohammed &#8216;Ou Said&#8217; Ben Moula \u00e0 c\u00f4t\u00e9 du panneau sur le terrain, annon\u00e7ant Fezouata comme l&#8217;un des 100 premiers sites du patrimoine g\u00e9ologique mondial. (En bas) Un des sites de fouille de la r\u00e9gion ds Fezouata.<\/p>\n\n\n\n<div style=\"height:100px\" aria-hidden=\"true\" class=\"wp-block-spacer\"><\/div>\n\n\n\n<h3 class=\"wp-block-heading has-text-align-center\"><strong>Un tr\u00e9sor de fossiles aux couleurs flamboyantes<\/strong><\/h3>\n\n\n\n<p>Au d\u00e9but de l\u2019Ordovicien, les continents&nbsp;\u00e9taient rassembl\u00e9s dans l\u2019h\u00e9misph\u00e8re Sud, et&nbsp;le fond marin des Fezouata se trouvait pr\u00e8s du&nbsp;P\u00f4le Sud. N\u00e9anmoins la temp\u00e9rature de l\u2019eau&nbsp;des oc\u00e9ans n\u2019y \u00e9tait pas glaciale comme aujourd&#8217;hui, mais plus cl\u00e9mente, dans un&nbsp;contexte mondial bien plus chaud pendant lequel l\u2019eau des oc\u00e9ans a pu atteindre jusqu\u2019\u00e0&nbsp;40\u00b0C en zone tropicale. Le fond marin des Fezouata se trouvait \u00e0 une profondeur de 50 \u00e0&nbsp;150 m\u00e8tres, et \u00e9tait p\u00e9riodiquement recouvert&nbsp;par des apports de sables fins&nbsp;soulev\u00e9s par des temp\u00eates dans les eaux c\u00f4ti\u00e8res moins profondes.<\/p>\n\n\n\n<p>Chaque couche fossilif\u00e8re constitue donc un&nbsp;aper\u00e7u des animaux qui vivaient ou venaient&nbsp;r\u00e9cemment de mourir \u00e0 cet endroit sur le fond&nbsp;marin. Lors de l\u2019enfouissement des carcasses,&nbsp;leurs corps se sont aplatis, et leurs coquilles,&nbsp;carapaces et certains de leurs organes internes&nbsp;ont \u00e9t\u00e9 remplac\u00e9s par des min\u00e9raux riches en&nbsp;fer au cours du processus de formation des&nbsp;roches.<\/p>\n\n\n\n<p>Des centaines de millions d&#8217;ann\u00e9es plus tard, la&nbsp;formation de l\u2019Atlas et l\u2019\u00e9rosion ont rapproch\u00e9&nbsp;les fossiles de la surface et la circulation des&nbsp;eaux de pluie a provoqu\u00e9 l\u2019oxydation des min\u00e9raux riches en fer, donnant aux fossiles leurs&nbsp;vives teintes rouge, orange et jaune.<\/p>\n\n\n\n<p>Illustration : Les fossiles aux couleurs vives des Fezouata&nbsp;.<\/p>\n\n\n\n<div style=\"height:100px\" aria-hidden=\"true\" class=\"wp-block-spacer\"><\/div>\n\n\n\n<h3 class=\"wp-block-heading has-text-align-center\"><strong>Un \u00e9trange arthropode qui a tant \u00e0 nous raconter<\/strong><\/h3>\n\n\n\n<p>L&#8217;un des fossiles les plus remarquables des&nbsp;Fezouata est cet arthropode marrellid\u00e9, qui&nbsp;est un lointain parent des trilobites et des&nbsp;crustac\u00e9s. Sa caract\u00e9ristique la plus distinctive&nbsp;r\u00e9side dans sa grande carapace orn\u00e9e de trois&nbsp;longues paires d\u2019\u00e9pines. Quelle pouvait bien \u00eatre leur fonction ?&nbsp;Offraient-elles une protection contre les&nbsp;pr\u00e9dateurs, ou servaient-elles \u00e0 stabiliser ses&nbsp;d\u00e9placements sur le s\u00e9diment mou ? Ce qui est certain, c&#8217;est que les fossiles de&nbsp;cette carapace nous fournissent des&nbsp;informations sur la mue, un processus essentiel&nbsp;de renouvellement du squelette externe chez&nbsp;les arthropodes afin de grandir.<\/p>\n\n\n\n<p>Plusieurs fossiles des Fezouata pr\u00e9sentent en&nbsp;effet des lignes de d\u00e9chirure marquant les&nbsp;endroits o\u00f9 la carapace de ce marrellid\u00e9&nbsp;pouvait s\u2019ouvrir, s\u00e9parant les deux premi\u00e8res&nbsp;paires d&#8217;\u00e9pines de la troisi\u00e8me paire&nbsp;post\u00e9rieure. Des individus de tailles tr\u00e8s&nbsp;diff\u00e9rentes allant de seulement quelques&nbsp;millim\u00e8tres pour les plus petits \u00e0 environ 8 cm&nbsp;pour les plus grands, ont \u00e9galement \u00e9t\u00e9&nbsp;d\u00e9couverts, offrant ainsi un aper\u00e7u de la&nbsp;croissance de cet animal.<\/p>\n\n\n\n<p>Pour \u00e9tudier le plus petit individu, l\u2019\u00e9quipe de&nbsp;l\u2019UNIL a d\u2019ailleurs eu recourt \u00e0 l\u2019imagerie 3D&nbsp;de rayons X, similaire \u00e0 un scanner m\u00e9dical,&nbsp;afin de r\u00e9v\u00e9ler les minuscules d\u00e9tails de ses&nbsp;pattes et \u00e9pines qui \u00e9taient encore enfouies&nbsp;dans la roche.&nbsp;<\/p>\n\n\n\n<p>Illustration : Reconstitution d\u2019un marrellid\u00e9 ordovicien du Canada, tr\u00e8s similaire au marrelid\u00e9 des Fezouta. Artiste : Christian McCall, d\u2019apr\u00e8s Moysiuk et al. 2022.<\/p>\n\n\n\n<div style=\"height:100px\" aria-hidden=\"true\" class=\"wp-block-spacer\"><\/div>\n\n\n\n<h3 class=\"wp-block-heading has-text-align-center\"><strong>Les rampants des fonds marins<\/strong><\/h3>\n\n\n\n<p>Groupe animal le plus abondant et diversifi\u00e9 actuellement, comprenant les insectes, les araign\u00e9es, les mille-pattes, ou encore les crabes, les arthropodes ont toujours \u00e9t\u00e9 des composants importants des \u00e9cosyst\u00e8mes par le pass\u00e9. Il en \u00e9tait de m\u00eame aux&nbsp;Fezouata, o\u00f9 de nombreux arthropodes se&nbsp;d\u00e9pla\u00e7aient en marchant ou rampant sur le&nbsp;fond marin.<\/p>\n\n\n\n<p>Les trilobites y \u00e9taient particuli\u00e8rement&nbsp;abondants et diversifi\u00e9s, pr\u00e9sentant diff\u00e9rents&nbsp;stades de vie, allant des juv\u00e9niles aux adultes,&nbsp;ainsi qu\u2019une grande vari\u00e9t\u00e9 d&#8217;\u00e9cologies.&nbsp;Certains ont m\u00eame \u00e9t\u00e9 fossilis\u00e9s avec leurs&nbsp;antennes et leurs pattes, en plus de leur&nbsp;squelette externe \u00e9pais, particuli\u00e8rement&nbsp;r\u00e9sistant \u00e0 la d\u00e9composition.<\/p>\n\n\n\n<p>Le plus ancien repr\u00e9sentant des limules a&nbsp;par ailleurs \u00e9t\u00e9 mis au jour dans les Fezouata o\u00f9 des&nbsp;fossiles de cet animal sont parfois trouv\u00e9s par&nbsp;dizaine sur un m\u00eame bloc de roche. Les jeunes&nbsp;sp\u00e9cimens sont quant \u00e0 eux g\u00e9n\u00e9ralement&nbsp;trouv\u00e9s dans des couches rocheuses qui ont&nbsp;\u00e9t\u00e9 form\u00e9es \u00e0 une plus faible profondeur d\u2019eau&nbsp;que celles qui renferment les adultes. Cela&nbsp;sugg\u00e8re que, tout comme les limules actuels,&nbsp;ces individus migraient vers des eaux plus&nbsp;profondes \u00e0 mesure qu&#8217;ils grandissaient,&nbsp;r\u00e9v\u00e9lant ainsi la persistance de ce&nbsp;comportement sur 480 millions d\u2019ann\u00e9es !<\/p>\n\n\n\n<p>Illustration : Reconstitution de plusieurs trilobites des Fezouata, pr\u00e9sentant une vari\u00e9t\u00e9 de tailles, stades de vie et \u00e9cologies.&nbsp;Artiste : Ji\u0159\u00ed Svoboda, d&#8217;apr\u00e8s Laibl et al. 2023.<\/p>\n\n\n\n<div style=\"height:100px\" aria-hidden=\"true\" class=\"wp-block-spacer\"><\/div>\n\n\n\n<h3 class=\"wp-block-heading has-text-align-center\"><strong>Les  \u00ab g\u00e9ants \u00bb de l&#8217;Ordovicien<\/strong><\/h3>\n\n\n\n<p>Des arthropodes \u00e9tranges, appel\u00e9s&nbsp;radiodontes, \u00e9taient les plus grands animaux&nbsp;nageurs dans les oc\u00e9ans avant l\u2019apparition des&nbsp;poissons, des baleines et des requins.&nbsp;Dans les Fezouata, ils occupaient un r\u00f4le&nbsp;\u00e9cologique similaire \u00e0 celui des baleines et des&nbsp;requins-baleines actuels, en tant que g\u00e9ants&nbsp;planctophages, c\u2019est-\u00e0-dire des filtreurs d\u2019animaux et de v\u00e9g\u00e9taux microscopiques&nbsp;qu\u2019on appelle le placton.<\/p>\n\n\n\n<p>Le corps large et arrondi de ces radiodontes&nbsp;\u00e9tait dot\u00e9 d&#8217;une s\u00e9rie de palettes natatoires&nbsp;lat\u00e9rales qui leur permettaient de nager \u00e0 la&nbsp;fa\u00e7on d&#8217;une raie manta. Leur t\u00eate \u00e9tait&nbsp;recouverte d\u2019une carapace et portait deux appendices&nbsp;frontaux arborant des structures tr\u00e8s fines qui&nbsp;permettaient de pi\u00e9ger de petites proies&nbsp;planctoniques, de la m\u00eame mani\u00e8re que les&nbsp;fanons des baleines.<\/p>\n\n\n\n<p>Ces animaux pouvaient atteindre une taille&nbsp;estim\u00e9e \u00e0 deux m\u00e8tres de longueur. Ils sont&nbsp;fossilis\u00e9s par centaines dans les Fezouata. Ces \u00ab g\u00e9ants \u00bb sont le r\u00e9sultat de l\u2019\u00e9volution&nbsp;des superpr\u00e9dateurs du Cambrien, qui&nbsp;poss\u00e9daient deux grands yeux compos\u00e9s, des&nbsp;appendices frontaux adapt\u00e9s \u00e0 la saisie et au&nbsp;d\u00e9coupage de grosses proies avec une&nbsp;m\u00e2choire circulaire. Quelques unes de ces&nbsp;structures ont \u00e9t\u00e9 retrouv\u00e9es fossilis\u00e9es dans les&nbsp;Fezouata. Elles d\u00e9montrent ainsi que certains&nbsp;de ces radiodontes pr\u00e9dateurs demeuraient&nbsp;encore tapis dans l&#8217;ombre pendant&nbsp;l&#8217;Ordovicien.<\/p>\n\n\n\n<p>Illustration : Reconstitution d\u2019un radiotonte g\u00e9ant de l&#8217;Ordovicien. Artiste : Jonathan Pople<\/p>\n\n\n\n<div style=\"height:100px\" aria-hidden=\"true\" class=\"wp-block-spacer\"><\/div>\n\n\n\n<h3 class=\"wp-block-heading has-text-align-center\"><strong>De l&#8217;important d&#8217;\u00eatre grand<\/strong><\/h3>\n\n\n\n<p>Le radiodonte g\u00e9ant&nbsp;<em>Aegirocassis<\/em>, plus grand&nbsp;animal de l\u2019\u00e9cosyst\u00e8me des Fezouata, r\u00e9v\u00e8le \u00e0&nbsp;travers ses fossiles des interactions \u00e9cologiques importantes de mani\u00e8re innattendue.&nbsp;Les grandes carapaces recouvrant leur t\u00eate&nbsp;sont parfois trouv\u00e9es par\u00e9es de petites coquilles rondes de brachiopodes, et une \u00e9tude&nbsp;men\u00e9e \u00e0 l&#8217;Universit\u00e9 de Lausanne a sugg\u00e9r\u00e9&nbsp;que ces coquilles \u00e9taient attach\u00e9es au radiodonte de son vivant. Ces brachiopodes, normalement s\u00e9dentaires, se nourrissaient comme&nbsp;<em>Aegirocassis<\/em>&nbsp;en filtrant le plancton, et s&#8217;y accrochaient afin d&#8217;avoir toujours acc\u00e8s aux&nbsp;sources de plancton les plus riches.<\/p>\n\n\n\n<p>Apr\u00e8s leur mort, les carcasses d\u2019<em>Aegirocassis<\/em>&nbsp;constituaient une importante source de&nbsp;nourriture pour les charognards vivant sur le&nbsp;fond marin, \u00e0 l&#8217;instar de celles des baleines&nbsp;dans les oc\u00e9ans modernes. Leurs carapaces&nbsp;sont ainsi parfois recouvertes de traces, de&nbsp;tra\u00een\u00e9es et de terriers d&#8217;animaux en ayant&nbsp;probablement ing\u00e9r\u00e9 la composante&nbsp;organique.<\/p>\n\n\n\n<p>Comme on peut le voir ici, de nombreuses&nbsp;grandes carapaces d\u2019<em>Aegirocassis<\/em>&nbsp;sont parfois&nbsp;retrouv\u00e9es ensemble, couvrant une vaste&nbsp;surface. La mani\u00e8re exacte dont ces&nbsp;accumulations de grandes carapaces se sont&nbsp;form\u00e9es reste un myst\u00e8re pour les&nbsp;pal\u00e9ontologues.<\/p>\n\n\n\n<p>Illustration : Reconstitution du fond marin des Fezouata, la carcasse d&#8217;<em>Aegirocassis<\/em> fournissant une importante source&nbsp;de nourriture \u00e0 de nombreux animaux de l&#8217;\u00e9cosyst\u00e8me. Artiste : Madmeg, d&#8217;apr\u00e8s Lefebvre et al. 2016.<\/p>\n\n\n\n<div style=\"height:100px\" aria-hidden=\"true\" class=\"wp-block-spacer\"><\/div>\n\n\n\n<h3 class=\"wp-block-heading has-text-align-center\"><strong>Un des premiers anc\u00eatres des scorpions, des araign\u00e9es et des limules<\/strong><\/h3>\n\n\n\n<p>Les scorpions, les araign\u00e9es et les limules&nbsp;modernes appartiennent \u00e0 un groupe&nbsp;d&#8217;arthropodes connu sous le nom de&nbsp;ch\u00e9lic\u00e9rates, qui sont \u00e9quip\u00e9s de pinces&nbsp;utilis\u00e9es pour mordre, saisir des proies ou&nbsp;injecter du venin \u2014 les ch\u00e9lic\u00e8res. <\/p>\n\n\n\n<p>L&#8217;origine de ce groupe a longtemps d\u00e9rout\u00e9&nbsp;les pal\u00e9ontologues car il \u00e9tait impossible&nbsp;d\u2019identifier avec certitude, parmi les&nbsp;arthropodes primitifs, des animaux poss\u00e9dant&nbsp;suffisamment de caract\u00e9ristiques communes&nbsp;avec les esp\u00e8ces modernes pour \u00eatre&nbsp;consid\u00e9r\u00e9es comme des anc\u00eatres. Des recherches men\u00e9es \u00e0 l&#8217;Universit\u00e9 de&nbsp;Lausanne ont pu identifier un animal des&nbsp;Fezouata qui, pour la premi\u00e8re fois, permet de&nbsp;retracer toute la lign\u00e9e des ch\u00e9lic\u00e9rates, et ce&nbsp;depuis l&#8217;apparition des premiers arthropodes&nbsp;jusqu&#8217;aux araign\u00e9es, scorpions et limules&nbsp;modernes. Repr\u00e9sent\u00e9 par des centaines de&nbsp;fossiles, cet animal nomm\u00e9&nbsp;<em>Setapedites&nbsp;abundantis<\/em>&nbsp;et mesurant entre 5 et 10&nbsp;millim\u00e8tres n\u00e9cessite l\u2019utilisation d\u2019un&nbsp;microscope pour \u00eatre \u00e9tudi\u00e9.<\/p>\n\n\n\n<p>Comme les scientifiques, utilisez le microscope&nbsp;pour observer son anatomie magnifiquement&nbsp;pr\u00e9serv\u00e9e, avec notamment des restes de&nbsp;pattes au niveau de la t\u00eate !<\/p>\n\n\n\n<p>Illustration : Reconstitution de&nbsp;S<em>etapedites abundantis<\/em>, et photographies de deux sp\u00e9cimens.&nbsp;Reconstitution : Elissa Sorojsrisom ; photographies : Lorenzo Lustri (UNIL)<\/p>\n\n\n\n<div style=\"height:100px\" aria-hidden=\"true\" class=\"wp-block-spacer\"><\/div>\n\n\n\n<h3 class=\"wp-block-heading has-text-align-center\"><strong>La diversit\u00e9 des fossiles des Fezouata<\/strong><\/h3>\n\n\n\n<p>Ces derni\u00e8res ann\u00e9es, les fossiles d&#8217;arthropodes des Fezouata ont \u00e9t\u00e9 le principal objet\u00a0de recherche du laboratoire de la Professeure\u00a0Allison Daley \u00e0 l&#8217;Universit\u00e9 de Lausanne. Leurs\u00a0histoires sont pr\u00e9sent\u00e9es dans les quatre\u00a0grandes vitrines de l&#8217;exposition.\u00a0Ces dix petites vitrines mettent en valeur les\u00a0autres animaux, tout aussi remarquables, mis\u00a0au jour dans les argiles des Fezouata.<\/p>\n\n\n\n<p>Certains des fossiles pr\u00e9sent\u00e9s sont de lointains parents de certains fruits de mer pris\u00e9s,&nbsp;comme les gastropodes ou les c\u00e9phalopodes&nbsp;orthocones, apparent\u00e9s respectivement aux&nbsp;bulots et aux calamars. Les \u00e9chinodermes sont&nbsp;\u00e9galement abondants et tr\u00e8s diversifi\u00e9s, avec&nbsp;notamment des proches parents des \u00e9toiles de&nbsp;mer et des lys de mer.<\/p>\n\n\n\n<p>Parmi les autres animaux d\u00e9couverts dans les Fezouata, figure une vari\u00e9t\u00e9 d&#8217;\u00e9ponges, de&nbsp;vers, un \u00e9trange fossile en forme de pyramide,&nbsp;ainsi que des organismes filamenteux ou arborescents. Ces derniers sont des colonies flottantes de minuscules animaux, nomm\u00e9s graptolites, qui permettent de d\u00e9terminer&nbsp;pr\u00e9cis\u00e9ment l\u2019\u00e2ge des roches des Fezouata.&nbsp;Une esp\u00e8ce particuli\u00e8rement importante est&nbsp;<em>Sagenograptus murrayi<\/em>&nbsp;qui est typique de&nbsp;l&#8217;\u00e2ge g\u00e9ologique Tr\u00e9madocien, correspondant&nbsp;au tout d\u00e9but de l\u2019Ordovicien il y a 480 millions d&#8217;ann\u00e9es.<\/p>\n\n\n\n<p>Illustration : Reconstitution de la faune des Fezouata. Artiste : Christian McCall.<\/p>\n","protected":false},"excerpt":{"rendered":"<p>La mer avant les poissons Il y a plus de 500 millions d\u2019ann\u00e9es, pendant la p\u00e9riode g\u00e9ologique du Cambrien, une rapide pouss\u00e9e \u00e9volutive appel\u00e9e l\u2019Explosion cambrienne a donn\u00e9 naissance aux premiers animaux connus dans les&nbsp;oc\u00e9ans. Ces derniers sont deux fois<\/p>\n","protected":false},"author":1002590,"featured_media":0,"parent":0,"menu_order":0,"comment_status":"closed","ping_status":"closed","template":"","meta":{"_seopress_robots_primary_cat":"","_seopress_titles_title":"","_seopress_titles_desc":"","_seopress_robots_index":"","footnotes":""},"class_list":["post-1491","page","type-page","status-publish"],"_links":{"self":[{"href":"https:\/\/wp.unil.ch\/paleo\/wp-json\/wp\/v2\/pages\/1491","targetHints":{"allow":["GET"]}}],"collection":[{"href":"https:\/\/wp.unil.ch\/paleo\/wp-json\/wp\/v2\/pages"}],"about":[{"href":"https:\/\/wp.unil.ch\/paleo\/wp-json\/wp\/v2\/types\/page"}],"author":[{"embeddable":true,"href":"https:\/\/wp.unil.ch\/paleo\/wp-json\/wp\/v2\/users\/1002590"}],"replies":[{"embeddable":true,"href":"https:\/\/wp.unil.ch\/paleo\/wp-json\/wp\/v2\/comments?post=1491"}],"version-history":[{"count":5,"href":"https:\/\/wp.unil.ch\/paleo\/wp-json\/wp\/v2\/pages\/1491\/revisions"}],"predecessor-version":[{"id":1524,"href":"https:\/\/wp.unil.ch\/paleo\/wp-json\/wp\/v2\/pages\/1491\/revisions\/1524"}],"wp:attachment":[{"href":"https:\/\/wp.unil.ch\/paleo\/wp-json\/wp\/v2\/media?parent=1491"}],"curies":[{"name":"wp","href":"https:\/\/api.w.org\/{rel}","templated":true}]}}